{"id":918,"date":"2021-04-28T15:06:39","date_gmt":"2021-04-28T12:06:39","guid":{"rendered":"https:\/\/tyyala.utu.fi\/pappagallo\/?page_id=918"},"modified":"2025-04-28T17:13:50","modified_gmt":"2025-04-28T14:13:50","slug":"kunniajasenet","status":"publish","type":"page","link":"https:\/\/tyyala.utu.fi\/pappagallo\/kunniajasenet\/","title":{"rendered":"Kunniaj\u00e4senet"},"content":{"rendered":"\n<p>Luigi de Anna<\/p>\n\n\n\n<p>Pauliina de Anna<\/p>\n\n\n\n<p>Paula Viljanen-Belkasseh<\/p>\n\n\n\n<p>Hanna Helle<\/p>\n\n\n\n<p>Inkeri Alho<\/p>\n\n\n\n<p>Laura Ivaska<\/p>\n\n\n\n<p>Johanna Sepp\u00e4l\u00e4<\/p>\n\n\n\n<p>Tiia Rautanen<\/p>\n\n\n\n<p>Hanna Aho<\/p>\n\n\n\n<p>Mirumaru Mets\u00e4j\u00e4tti<\/p>\n\n\n\n<p>Pekka Toivonen<\/p>\n\n\n\n<p>Ilmari Tapola<\/p>\n\n\n\n<p>Carita Isoaho<\/p>\n\n\n\n<p>Tiina Peuhkuri<\/p>\n","protected":false},"excerpt":{"rendered":"<p>Luigi de Anna Pauliina de Anna Paula Viljanen-Belkasseh Hanna Helle Inkeri Alho Laura Ivaska Johanna Sepp\u00e4l\u00e4 Tiia Rautanen Hanna Aho Mirumaru Mets\u00e4j\u00e4tti Pekka Toivonen Ilmari Tapola Carita Isoaho Tiina Peuhkuri<\/p>\n","protected":false},"author":367,"featured_media":0,"parent":0,"menu_order":0,"comment_status":"closed","ping_status":"closed","template":"","meta":{"ngg_post_thumbnail":0,"footnotes":""},"class_list":["post-918","page","type-page","status-publish","hentry","column","twocol"],"_links":{"self":[{"href":"https:\/\/tyyala.utu.fi\/pappagallo\/wp-json\/wp\/v2\/pages\/918","targetHints":{"allow":["GET"]}}],"collection":[{"href":"https:\/\/tyyala.utu.fi\/pappagallo\/wp-json\/wp\/v2\/pages"}],"about":[{"href":"https:\/\/tyyala.utu.fi\/pappagallo\/wp-json\/wp\/v2\/types\/page"}],"author":[{"embeddable":true,"href":"https:\/\/tyyala.utu.fi\/pappagallo\/wp-json\/wp\/v2\/users\/367"}],"replies":[{"embeddable":true,"href":"https:\/\/tyyala.utu.fi\/pappagallo\/wp-json\/wp\/v2\/comments?post=918"}],"version-history":[{"count":3,"href":"https:\/\/tyyala.utu.fi\/pappagallo\/wp-json\/wp\/v2\/pages\/918\/revisions"}],"predecessor-version":[{"id":1015,"href":"https:\/\/tyyala.utu.fi\/pappagallo\/wp-json\/wp\/v2\/pages\/918\/revisions\/1015"}],"wp:attachment":[{"href":"https:\/\/tyyala.utu.fi\/pappagallo\/wp-json\/wp\/v2\/media?parent=918"}],"curies":[{"name":"wp","href":"https:\/\/api.w.org\/{rel}","templated":true}]}}