{"id":906,"date":"2021-04-28T15:00:05","date_gmt":"2021-04-28T12:00:05","guid":{"rendered":"https:\/\/tyyala.utu.fi\/pappagallo\/?page_id=906"},"modified":"2026-02-11T14:43:42","modified_gmt":"2026-02-11T12:43:42","slug":"anonyymipalaute","status":"publish","type":"page","link":"https:\/\/tyyala.utu.fi\/pappagallo\/opiskelu\/anonyymipalaute\/","title":{"rendered":"Anonyymipalaute"},"content":{"rendered":"\n<p>Pappagallo ry:lle ja oppiaineelle voi antaa palautetta anonyymisti palauteboksin muodossa! \u00c4l\u00e4 siis j\u00e4\u00e4 yksin tunteittesi kanssa vaan jaa ne Pappagallo ry:lle, jotta voimme yhdess\u00e4 parantaa opiskelua ja opiskelija-arkea.<\/p>\n\n\n\n<p>Linkin kautta p\u00e4\u00e4set l\u00e4hett\u00e4m\u00e4\u00e4n anonyymi\u00e4 palautetta.<\/p>\n\n\n\n<p><a href=\"https:\/\/docs.google.com\/forms\/d\/e\/1FAIpQLSehqzqRxEdVJ3tKo9G_LfQKnEW9-QKjVTUjL1GB-Ct4HGUMRg\/viewform\" target=\"_blank\" rel=\"noreferrer noopener\">https:\/\/docs.google.com\/forms\/d\/e\/1FAIpQLSehqzqRxEdVJ3tKo9G_LfQKnEW9-QKjVTUjL1GB-Ct4HGUMRg\/viewform<\/a><\/p>\n","protected":false},"excerpt":{"rendered":"<p>Pappagallo ry:lle ja oppiaineelle voi antaa palautetta anonyymisti palauteboksin muodossa! \u00c4l\u00e4 siis j\u00e4\u00e4 yksin tunteittesi kanssa vaan jaa ne Pappagallo ry:lle, jotta voimme yhdess\u00e4 parantaa opiskelua ja opiskelija-arkea. Linkin kautta p\u00e4\u00e4set l\u00e4hett\u00e4m\u00e4\u00e4n anonyymi\u00e4 palautetta. https:\/\/docs.google.com\/forms\/d\/e\/1FAIpQLSehqzqRxEdVJ3tKo9G_LfQKnEW9-QKjVTUjL1GB-Ct4HGUMRg\/viewform<\/p>\n","protected":false},"author":367,"featured_media":0,"parent":6,"menu_order":0,"comment_status":"closed","ping_status":"closed","template":"","meta":{"ngg_post_thumbnail":0,"footnotes":""},"class_list":["post-906","page","type-page","status-publish","hentry","column","twocol"],"_links":{"self":[{"href":"https:\/\/tyyala.utu.fi\/pappagallo\/wp-json\/wp\/v2\/pages\/906","targetHints":{"allow":["GET"]}}],"collection":[{"href":"https:\/\/tyyala.utu.fi\/pappagallo\/wp-json\/wp\/v2\/pages"}],"about":[{"href":"https:\/\/tyyala.utu.fi\/pappagallo\/wp-json\/wp\/v2\/types\/page"}],"author":[{"embeddable":true,"href":"https:\/\/tyyala.utu.fi\/pappagallo\/wp-json\/wp\/v2\/users\/367"}],"replies":[{"embeddable":true,"href":"https:\/\/tyyala.utu.fi\/pappagallo\/wp-json\/wp\/v2\/comments?post=906"}],"version-history":[{"count":3,"href":"https:\/\/tyyala.utu.fi\/pappagallo\/wp-json\/wp\/v2\/pages\/906\/revisions"}],"predecessor-version":[{"id":1026,"href":"https:\/\/tyyala.utu.fi\/pappagallo\/wp-json\/wp\/v2\/pages\/906\/revisions\/1026"}],"up":[{"embeddable":true,"href":"https:\/\/tyyala.utu.fi\/pappagallo\/wp-json\/wp\/v2\/pages\/6"}],"wp:attachment":[{"href":"https:\/\/tyyala.utu.fi\/pappagallo\/wp-json\/wp\/v2\/media?parent=906"}],"curies":[{"name":"wp","href":"https:\/\/api.w.org\/{rel}","templated":true}]}}