{"id":8,"date":"2013-01-21T16:04:37","date_gmt":"2013-01-21T14:04:37","guid":{"rendered":"http:\/\/tyyala.utu.fi\/pappagallo\/?page_id=8"},"modified":"2026-02-11T14:38:37","modified_gmt":"2026-02-11T12:38:37","slug":"hallitus","status":"publish","type":"page","link":"https:\/\/tyyala.utu.fi\/pappagallo\/hallitus\/","title":{"rendered":"Hallitus 2026"},"content":{"rendered":"<p><strong>PAPPAGALLO RY:N HALLITUS 2026<\/strong><\/p>\n<p>&nbsp;<\/p>\n<table style=\"height: 332px\" border=\"0\" width=\"529\">\n<tbody>\n<tr>\n<td width=\"60%\">Jenni Savolainen<br \/>\n<em style=\"font-size: revert;font-family: inherit;font-weight: inherit;color: initial\">puheenjohtaja, tuutorivastaava<br \/>\n<\/em>jmsavo@utu.fi<\/p>\n<p>Fanni S\u00e4ikk\u00e4l\u00e4<br \/>\n<em>varapuheenjohtaja<br \/>\n<\/em>fhsaik@utu.fi<\/p>\n<p>Alvar Toivonen<br \/>\n<em>rahastonhoitaja, ymp\u00e4rist\u00f6vastaava<br \/>\n<\/em>alktoi@utu.fi<\/p>\n<p>Anna V\u00e4is\u00e4nen<br \/>\n<em>sihteeri, tapahtumavastaava<br \/>\n<\/em>amvais@utu.fi<\/p>\n<p>Silja Viertola<br \/>\n<em>tapahtumavastaava, h\u00e4irint\u00e4yhdyshenkil\u00f6<br \/>\n<\/em>sevier@utu.fi<\/p>\n<p>Olivia Saraj\u00e4rvi<br \/>\n<em>koulutus- ja sosiaalipoliittinen vastaava, tiedottaja<br \/>\n<\/em>iiosar@utu.fi<\/td>\n<\/tr>\n<\/tbody>\n<\/table>\n","protected":false},"excerpt":{"rendered":"<p>PAPPAGALLO RY:N HALLITUS 2026 &nbsp; Jenni Savolainen puheenjohtaja, tuutorivastaava jmsavo@utu.fi Fanni S\u00e4ikk\u00e4l\u00e4 varapuheenjohtaja fhsaik@utu.fi Alvar Toivonen rahastonhoitaja, ymp\u00e4rist\u00f6vastaava alktoi@utu.fi Anna V\u00e4is\u00e4nen sihteeri, tapahtumavastaava amvais@utu.fi Silja Viertola tapahtumavastaava, h\u00e4irint\u00e4yhdyshenkil\u00f6 sevier@utu.fi Olivia Saraj\u00e4rvi koulutus- ja sosiaalipoliittinen vastaava, tiedottaja iiosar@utu.fi<\/p>\n","protected":false},"author":367,"featured_media":0,"parent":0,"menu_order":0,"comment_status":"open","ping_status":"closed","template":"","meta":{"ngg_post_thumbnail":0,"footnotes":""},"class_list":["post-8","page","type-page","status-publish","hentry","column","twocol"],"_links":{"self":[{"href":"https:\/\/tyyala.utu.fi\/pappagallo\/wp-json\/wp\/v2\/pages\/8","targetHints":{"allow":["GET"]}}],"collection":[{"href":"https:\/\/tyyala.utu.fi\/pappagallo\/wp-json\/wp\/v2\/pages"}],"about":[{"href":"https:\/\/tyyala.utu.fi\/pappagallo\/wp-json\/wp\/v2\/types\/page"}],"author":[{"embeddable":true,"href":"https:\/\/tyyala.utu.fi\/pappagallo\/wp-json\/wp\/v2\/users\/367"}],"replies":[{"embeddable":true,"href":"https:\/\/tyyala.utu.fi\/pappagallo\/wp-json\/wp\/v2\/comments?post=8"}],"version-history":[{"count":53,"href":"https:\/\/tyyala.utu.fi\/pappagallo\/wp-json\/wp\/v2\/pages\/8\/revisions"}],"predecessor-version":[{"id":1023,"href":"https:\/\/tyyala.utu.fi\/pappagallo\/wp-json\/wp\/v2\/pages\/8\/revisions\/1023"}],"wp:attachment":[{"href":"https:\/\/tyyala.utu.fi\/pappagallo\/wp-json\/wp\/v2\/media?parent=8"}],"curies":[{"name":"wp","href":"https:\/\/api.w.org\/{rel}","templated":true}]}}