{"id":6,"date":"2013-01-21T16:03:59","date_gmt":"2013-01-21T14:03:59","guid":{"rendered":"http:\/\/tyyala.utu.fi\/pappagallo\/?page_id=6"},"modified":"2025-02-19T14:06:00","modified_gmt":"2025-02-19T12:06:00","slug":"opiskelu","status":"publish","type":"page","link":"https:\/\/tyyala.utu.fi\/pappagallo\/opiskelu\/","title":{"rendered":"Opiskelu"},"content":{"rendered":"<div align=\"justify\">\n<p align=\"justify\">Italian kielt\u00e4 opiskellaan Turun yliopiston humanistisessa tiedekunnassa kieli- ja k\u00e4\u00e4nn\u00f6stieteiden laitoksella. Italiaa voi opiskella sek\u00e4 p\u00e4\u00e4- ett\u00e4 sivuaineena. Aloituskiinti\u00f6 on vuosittain kahdeksan opiskelijaa, jotka ovat l\u00e4p\u00e4isseet kev\u00e4\u00e4n valintakokeen tai tulleet hyv\u00e4ksytyksi todistusvalinnalla. Sivuaineoikeutta voi hakea syksyisin j\u00e4rjestett\u00e4v\u00e4ss\u00e4, erillisess\u00e4 sivuainekokeessa.<\/p>\n<p>Italian opintoihin kuuluu kandidaatin tutkinto ja maisterin tutkinto, jotka toteutetaan nopeimmillaan viidess\u00e4 vuodessa. Kaikki italian opiskelijat suorittavat kandidaatin tutkinnon yhdess\u00e4, jonka j\u00e4lkeen opiskelijat valitsevat maisteriin tutkinto-ohjelman.&nbsp; Suuntautumisvaihtoehtoja on kolme: kieliasiantuntijuus, kielen oppiminen ja opettaminen sek\u00e4 monikielinen k\u00e4\u00e4nn\u00f6sviestint\u00e4. Tarkempaa tietoa opiskelusta l\u00f6ytyy humanistisen tiedekunnan <a href=\"https:\/\/opas.peppi.utu.fi\/fi\/humanistinen-tiedekunta\/kieli-ja-kaannostieteiden-laitos\/14002\/13363\" target=\"_blank\" rel=\"noopener noreferrer\">opinto-oppaasta<\/a> ja oppiaineemme <a href=\"https:\/\/www.utu.fi\/fi\/yliopisto\/humanistinen-tiedekunta\/italia\" target=\"_blank\" rel=\"noopener noreferrer\">nettisivuilta<\/a>.<\/p>\n<\/div>\n","protected":false},"excerpt":{"rendered":"<p>Italian kielt\u00e4 opiskellaan Turun yliopiston humanistisessa tiedekunnassa kieli- ja k\u00e4\u00e4nn\u00f6stieteiden laitoksella. Italiaa voi opiskella sek\u00e4 p\u00e4\u00e4- ett\u00e4 sivuaineena. Aloituskiinti\u00f6 on vuosittain kahdeksan opiskelijaa, jotka ovat l\u00e4p\u00e4isseet kev\u00e4\u00e4n valintakokeen tai tulleet hyv\u00e4ksytyksi todistusvalinnalla. Sivuaineoikeutta voi hakea syksyisin j\u00e4rjestett\u00e4v\u00e4ss\u00e4, erillisess\u00e4 sivuainekokeessa. Italian opintoihin kuuluu kandidaatin tutkinto ja maisterin tutkinto, jotka toteutetaan nopeimmillaan &#8230;<\/p>\n","protected":false},"author":367,"featured_media":0,"parent":0,"menu_order":0,"comment_status":"open","ping_status":"closed","template":"","meta":{"ngg_post_thumbnail":0,"footnotes":""},"class_list":["post-6","page","type-page","status-publish","hentry","column","twocol"],"_links":{"self":[{"href":"https:\/\/tyyala.utu.fi\/pappagallo\/wp-json\/wp\/v2\/pages\/6","targetHints":{"allow":["GET"]}}],"collection":[{"href":"https:\/\/tyyala.utu.fi\/pappagallo\/wp-json\/wp\/v2\/pages"}],"about":[{"href":"https:\/\/tyyala.utu.fi\/pappagallo\/wp-json\/wp\/v2\/types\/page"}],"author":[{"embeddable":true,"href":"https:\/\/tyyala.utu.fi\/pappagallo\/wp-json\/wp\/v2\/users\/367"}],"replies":[{"embeddable":true,"href":"https:\/\/tyyala.utu.fi\/pappagallo\/wp-json\/wp\/v2\/comments?post=6"}],"version-history":[{"count":7,"href":"https:\/\/tyyala.utu.fi\/pappagallo\/wp-json\/wp\/v2\/pages\/6\/revisions"}],"predecessor-version":[{"id":993,"href":"https:\/\/tyyala.utu.fi\/pappagallo\/wp-json\/wp\/v2\/pages\/6\/revisions\/993"}],"wp:attachment":[{"href":"https:\/\/tyyala.utu.fi\/pappagallo\/wp-json\/wp\/v2\/media?parent=6"}],"curies":[{"name":"wp","href":"https:\/\/api.w.org\/{rel}","templated":true}]}}