{"id":596,"date":"2017-10-05T21:12:49","date_gmt":"2017-10-05T18:12:49","guid":{"rendered":"http:\/\/tyyala.utu.fi\/pappagallo\/?page_id=596"},"modified":"2020-01-28T23:47:40","modified_gmt":"2020-01-28T21:47:40","slug":"instagram","status":"publish","type":"page","link":"https:\/\/tyyala.utu.fi\/pappagallo\/instagram\/","title":{"rendered":"Instagram"},"content":{"rendered":"<p>Pappagallon Instagramista pystyt seuraamaan Pappagallon menoa ja meininki\u00e4 kaikista parhaiten. L\u00f6yd\u00e4t kuvia ja p\u00e4ivityksi\u00e4 uusimmista tapahtumista, ja pystyt seuraamaan hallituksen j\u00e4seni\u00e4 toiminnassa. Kaiken t\u00e4m\u00e4n lis\u00e4ksi Pappagallon instagramista saa yleist\u00e4 informaatiota kaikkeen italian opiskeluun liittyen suoraan italian opiskelijoilta.<\/p>\n<p>Seuraa meit\u00e4 siis Instagramissa <a href=\"https:\/\/www.instagram.com\/pappagallo_utu\/\" target=\"_blank\" rel=\"noopener noreferrer\">@pappagallo_utu<\/a><\/p>\n\n\n<p><\/p>\n","protected":false},"excerpt":{"rendered":"<p>Pappagallon Instagramista pystyt seuraamaan Pappagallon menoa ja meininki\u00e4 kaikista parhaiten. L\u00f6yd\u00e4t kuvia ja p\u00e4ivityksi\u00e4 uusimmista tapahtumista, ja pystyt seuraamaan hallituksen j\u00e4seni\u00e4 toiminnassa. Kaiken t\u00e4m\u00e4n lis\u00e4ksi Pappagallon instagramista saa yleist\u00e4 informaatiota kaikkeen italian opiskeluun liittyen suoraan italian opiskelijoilta. Seuraa meit\u00e4 siis Instagramissa @pappagallo_utu<\/p>\n","protected":false},"author":367,"featured_media":0,"parent":0,"menu_order":0,"comment_status":"closed","ping_status":"closed","template":"","meta":{"ngg_post_thumbnail":0,"footnotes":""},"class_list":["post-596","page","type-page","status-publish","hentry","column","twocol"],"_links":{"self":[{"href":"https:\/\/tyyala.utu.fi\/pappagallo\/wp-json\/wp\/v2\/pages\/596","targetHints":{"allow":["GET"]}}],"collection":[{"href":"https:\/\/tyyala.utu.fi\/pappagallo\/wp-json\/wp\/v2\/pages"}],"about":[{"href":"https:\/\/tyyala.utu.fi\/pappagallo\/wp-json\/wp\/v2\/types\/page"}],"author":[{"embeddable":true,"href":"https:\/\/tyyala.utu.fi\/pappagallo\/wp-json\/wp\/v2\/users\/367"}],"replies":[{"embeddable":true,"href":"https:\/\/tyyala.utu.fi\/pappagallo\/wp-json\/wp\/v2\/comments?post=596"}],"version-history":[{"count":4,"href":"https:\/\/tyyala.utu.fi\/pappagallo\/wp-json\/wp\/v2\/pages\/596\/revisions"}],"predecessor-version":[{"id":762,"href":"https:\/\/tyyala.utu.fi\/pappagallo\/wp-json\/wp\/v2\/pages\/596\/revisions\/762"}],"wp:attachment":[{"href":"https:\/\/tyyala.utu.fi\/pappagallo\/wp-json\/wp\/v2\/media?parent=596"}],"curies":[{"name":"wp","href":"https:\/\/api.w.org\/{rel}","templated":true}]}}