{"id":19,"date":"2013-01-21T16:08:49","date_gmt":"2013-01-21T14:08:49","guid":{"rendered":"http:\/\/tyyala.utu.fi\/pappagallo\/?page_id=19"},"modified":"2026-02-11T14:40:44","modified_gmt":"2026-02-11T12:40:44","slug":"yhteystiedot","status":"publish","type":"page","link":"https:\/\/tyyala.utu.fi\/pappagallo\/yhteystiedot\/","title":{"rendered":"Yhteystiedot"},"content":{"rendered":"<p><strong>Pappagallon hallitus<\/strong><br \/>\n<em>pappagallo-hallitus@lists.utu.fi<\/em><\/p>\n<p><strong>S\u00e4hk\u00f6postilistalle liittyminen (mailing list)<br \/>\n<\/strong><a href=\"https:\/\/lists.utu.fi\/mailman\/listinfo\/pappagallo\"><em>https:\/\/lists.utu.fi\/mailman\/listinfo\/pappagallo<\/em><\/a><\/p>\n<p><strong>Pappagallon WhatsApp-ryhm\u00e4<br \/>\n<\/strong>Jos haluat liitty\u00e4 Pappagallon WhatsApp-ryhm\u00e4\u00e4n, ota yhteytt\u00e4 Pappagallon puheenjohtajaan Jenni Savolaiseen (jmsavo@utu.fi).<\/p>\n<p>If you wish to join Pappagallo&#8217;s WhatsApp group, contact our Chair Jenni Savolainen (jmsavo@utu.fi).<\/p>\n<p>Se vuoi unirti al gruppo WhatsApp di Pappagallo, contatta la presidente Jenni Savolainen (jmsavo@utu.fi).<\/p>\n<p><strong>Pappagallo ry.<br \/>\n<\/strong><em>Italia<\/em><\/p>\n<p>Arcanuminkuja 1, 20500 Turku<\/p>\n<p><a href=\"https:\/\/www.instagram.com\/pappagallo_utu\/\" target=\"_blank\" rel=\"noopener noreferrer\"><img loading=\"lazy\" decoding=\"async\" class=\"alignleft  wp-image-777\" src=\"https:\/\/tyyala.utu.fi\/pappagallo\/wp-content\/uploads\/sites\/70\/instagram-logo-e1580249011438-298x300.jpg\" alt=\"\" width=\"33\" height=\"33\" srcset=\"https:\/\/tyyala.utu.fi\/pappagallo\/wp-content\/uploads\/sites\/70\/instagram-logo-e1580249011438-298x300.jpg 298w, https:\/\/tyyala.utu.fi\/pappagallo\/wp-content\/uploads\/sites\/70\/instagram-logo-e1580249011438-332x334.jpg 332w, https:\/\/tyyala.utu.fi\/pappagallo\/wp-content\/uploads\/sites\/70\/instagram-logo-e1580249011438-432x432.jpg 432w, https:\/\/tyyala.utu.fi\/pappagallo\/wp-content\/uploads\/sites\/70\/instagram-logo-e1580249011438-268x268.jpg 268w, https:\/\/tyyala.utu.fi\/pappagallo\/wp-content\/uploads\/sites\/70\/instagram-logo-e1580249011438.jpg 540w\" sizes=\"auto, (max-width: 33px) 100vw, 33px\" \/><\/a><\/p>\n<p>Pappagallo Instagramissa. Seuraa <a href=\"https:\/\/www.instagram.com\/pappagallo_utu\/\" target=\"_blank\" rel=\"noopener noreferrer\">@pappagallo_utu<\/a>!<\/p>\n<p>&nbsp;<\/p>\n","protected":false},"excerpt":{"rendered":"<p>Pappagallon hallitus pappagallo-hallitus@lists.utu.fi S\u00e4hk\u00f6postilistalle liittyminen (mailing list) https:\/\/lists.utu.fi\/mailman\/listinfo\/pappagallo Pappagallon WhatsApp-ryhm\u00e4 Jos haluat liitty\u00e4 Pappagallon WhatsApp-ryhm\u00e4\u00e4n, ota yhteytt\u00e4 Pappagallon puheenjohtajaan Jenni Savolaiseen (jmsavo@utu.fi). If you wish to join Pappagallo&#8217;s WhatsApp group, contact our Chair Jenni Savolainen (jmsavo@utu.fi). Se vuoi unirti al gruppo WhatsApp di Pappagallo, contatta la presidente Jenni Savolainen (jmsavo@utu.fi). &#8230;<\/p>\n","protected":false},"author":367,"featured_media":0,"parent":0,"menu_order":0,"comment_status":"open","ping_status":"closed","template":"","meta":{"ngg_post_thumbnail":0,"footnotes":""},"class_list":["post-19","page","type-page","status-publish","hentry","column","twocol"],"_links":{"self":[{"href":"https:\/\/tyyala.utu.fi\/pappagallo\/wp-json\/wp\/v2\/pages\/19","targetHints":{"allow":["GET"]}}],"collection":[{"href":"https:\/\/tyyala.utu.fi\/pappagallo\/wp-json\/wp\/v2\/pages"}],"about":[{"href":"https:\/\/tyyala.utu.fi\/pappagallo\/wp-json\/wp\/v2\/types\/page"}],"author":[{"embeddable":true,"href":"https:\/\/tyyala.utu.fi\/pappagallo\/wp-json\/wp\/v2\/users\/367"}],"replies":[{"embeddable":true,"href":"https:\/\/tyyala.utu.fi\/pappagallo\/wp-json\/wp\/v2\/comments?post=19"}],"version-history":[{"count":14,"href":"https:\/\/tyyala.utu.fi\/pappagallo\/wp-json\/wp\/v2\/pages\/19\/revisions"}],"predecessor-version":[{"id":1024,"href":"https:\/\/tyyala.utu.fi\/pappagallo\/wp-json\/wp\/v2\/pages\/19\/revisions\/1024"}],"wp:attachment":[{"href":"https:\/\/tyyala.utu.fi\/pappagallo\/wp-json\/wp\/v2\/media?parent=19"}],"curies":[{"name":"wp","href":"https:\/\/api.w.org\/{rel}","templated":true}]}}