{"id":17,"date":"2013-01-21T16:08:20","date_gmt":"2013-01-21T14:08:20","guid":{"rendered":"http:\/\/tyyala.utu.fi\/pappagallo\/?page_id=17"},"modified":"2026-03-15T09:56:05","modified_gmt":"2026-03-15T07:56:05","slug":"liity-jaseneksi","status":"publish","type":"page","link":"https:\/\/tyyala.utu.fi\/pappagallo\/liity-jaseneksi\/","title":{"rendered":"Liity j\u00e4seneksi"},"content":{"rendered":"<p>Pappagalloon on helppo liitty\u00e4 maksamalla j\u00e4senmaksu joko myyj\u00e4isiss\u00e4 tai suoraan Pappagallon tilille.&nbsp; Pappagallon vuosittainen j\u00e4senmaksu on 5 euroa ja sen maksamiseen on kaksi tapaa.<\/p>\n<p>Liity Pappagallon j\u00e4seneksi maksamalla j\u00e4senmaksu<\/p>\n<p>1) Pappagallon tilille FI94 5711 1320 1234 14. Kirjoita maksun viestiin: j\u00e4senmaksu, koko nimi, kotipaikkakunta sek\u00e4 tieto siit\u00e4 ett\u00e4 oletko TYY:n j\u00e4sen vai et.<\/p>\n<p>TAI<\/p>\n<p>2) Pappagallon myyj\u00e4isiss\u00e4 Pappagallon myyjille. Muista kertoa maksun yhteydess\u00e4 koko nimi, kotipaikkakunta ja ett\u00e4 oletko TYY:n j\u00e4sen vai et.<\/p>\n<p>J\u00e4senmaksuilla mahdollistetaan Pappagallon toimintaa ja n\u00e4in voimme esimerkiksi j\u00e4rjest\u00e4\u00e4 jatkossakin kaikille avoimia tapahtumia, kuten leffa- ja peli-iltoja. J\u00e4senen\u00e4 saat my\u00f6s myyj\u00e4isist\u00e4 kahvin tai teen edullisempaan j\u00e4senhintaan.<\/p>\n<p>Tervetuloa Pappagallon j\u00e4seneksi!<\/p>\n\n\n<p><\/p>\n\n\n\n<p><\/p>\n\n\n\n<p><strong>Unisciti a Pappagallo!<\/strong><\/p>\n\n\n\n<p>La quota \u00e8 5\u20ac all&#8217;anno. Ci sono due modi per unirsi a Pappagallo:<\/p>\n\n\n\n<p>1) Paga la quota direttamente sul conto di Pappagallo. Il numero di conto \u00e8 FI94 5711 1320 1234 14. Paga con il messaggio \u201cmembro, il tuo nome, la tua citt\u00e0 attuale (o il paese di origine per gli studenti di scambio) e se sei membro dell&#8217;Unione degli Studenti dell&#8217;Universit\u00e0 di Turku (TYY) o no (membro\/non membro)\u201d.<\/p>\n\n\n\n<p>OPPURE<\/p>\n\n\n\n<p>2) Durante le vendite di dolci di Pappagallo (contante o carta). Si prega di fornire informazioni riguardo al tuo nome completo, la tua citt\u00e0 attuale (o il paese di origine per gli studenti di scambio) e se sei membro dell&#8217;Unione degli Studenti dell&#8217;Universit\u00e0 di Turku (TYY) o no.<\/p>\n\n\n\n<p>Le quote consentono a Pappagallo di continuare a svolgere le sue attivit\u00e0 (ad esempio, organizzare eventi gratuiti, come serate film e giochi). Come socio, puoi anche acquistare caff\u00e8 o t\u00e8 dalle vendite di dolci a un prezzo scontato.<\/p>\n\n\n\n<p>Benvenuti!<\/p>\n\n\n\n<p><\/p>\n\n\n\n<p><strong>Join Pappagallo!<\/strong><\/p>\n\n\n\n<p>The membership fee is 5\u20ac \/ year. There are two ways to join Pappagallo:<\/p>\n\n\n\n<p>1) Pay the membership fee directly into Pappagallo&#8217;s bank account. The account number is FI94 5711 1320 1234 14. Pay with the message \u201cmembership, your full name, your current hometown (or country of origin for exchange students) and if you are a member of The Student Union of the University of Turku (TYY) or not (member\/not member)\u201d. <\/p>\n\n\n\n<p>OR<\/p>\n\n\n\n<p>2) During Pappagallo\u2019s bake sales (cash or card). Please provide information regarding your full name, your current hometown (or country of origin for exchange students) and if you are a member of The Student Union of the University of Turku (TYY) or not\u201d.<\/p>\n\n\n\n<p>The membership fees allow Pappagallo to continue its activities (for example, organizing free events, such as movie and game nights). As a member, you can also purchase coffee or tea from bake sales at a discounted price.<\/p>\n\n\n\n<p>Welcome!<\/p>\n","protected":false},"excerpt":{"rendered":"<p>Pappagalloon on helppo liitty\u00e4 maksamalla j\u00e4senmaksu joko myyj\u00e4isiss\u00e4 tai suoraan Pappagallon tilille.&nbsp; Pappagallon vuosittainen j\u00e4senmaksu on 5 euroa ja sen maksamiseen on kaksi tapaa. Liity Pappagallon j\u00e4seneksi maksamalla j\u00e4senmaksu 1) Pappagallon tilille FI94 5711 1320 1234 14. Kirjoita maksun viestiin: j\u00e4senmaksu, koko nimi, kotipaikkakunta sek\u00e4 tieto siit\u00e4 ett\u00e4 oletko TYY:n &#8230;<\/p>\n","protected":false},"author":367,"featured_media":0,"parent":0,"menu_order":0,"comment_status":"open","ping_status":"closed","template":"","meta":{"ngg_post_thumbnail":0,"footnotes":""},"class_list":["post-17","page","type-page","status-publish","hentry","column","twocol"],"_links":{"self":[{"href":"https:\/\/tyyala.utu.fi\/pappagallo\/wp-json\/wp\/v2\/pages\/17","targetHints":{"allow":["GET"]}}],"collection":[{"href":"https:\/\/tyyala.utu.fi\/pappagallo\/wp-json\/wp\/v2\/pages"}],"about":[{"href":"https:\/\/tyyala.utu.fi\/pappagallo\/wp-json\/wp\/v2\/types\/page"}],"author":[{"embeddable":true,"href":"https:\/\/tyyala.utu.fi\/pappagallo\/wp-json\/wp\/v2\/users\/367"}],"replies":[{"embeddable":true,"href":"https:\/\/tyyala.utu.fi\/pappagallo\/wp-json\/wp\/v2\/comments?post=17"}],"version-history":[{"count":13,"href":"https:\/\/tyyala.utu.fi\/pappagallo\/wp-json\/wp\/v2\/pages\/17\/revisions"}],"predecessor-version":[{"id":1045,"href":"https:\/\/tyyala.utu.fi\/pappagallo\/wp-json\/wp\/v2\/pages\/17\/revisions\/1045"}],"wp:attachment":[{"href":"https:\/\/tyyala.utu.fi\/pappagallo\/wp-json\/wp\/v2\/media?parent=17"}],"curies":[{"name":"wp","href":"https:\/\/api.w.org\/{rel}","templated":true}]}}