{"id":11,"date":"2013-01-21T16:05:49","date_gmt":"2013-01-21T14:05:49","guid":{"rendered":"http:\/\/tyyala.utu.fi\/pappagallo\/?page_id=11"},"modified":"2024-04-14T17:08:11","modified_gmt":"2024-04-14T14:08:11","slug":"haalarimerkit","status":"publish","type":"page","link":"https:\/\/tyyala.utu.fi\/pappagallo\/haalarimerkit\/","title":{"rendered":"Haalarimerkit"},"content":{"rendered":"\n<p>Pappagallon haalarimerkkej\u00e4 pystyy ostamaan myyj\u00e4isten yhteydess\u00e4.<\/p>\n\n\n<p>&nbsp;<\/p>\n<p><strong>Pappagallon haalarimerkki<\/strong><\/p>\n<p>3 euroa \/ kpl<\/p>\n<p>Pappagallon virallinen logo haalarimerkkin\u00e4.<\/p>\n<p>&nbsp;<\/p>\n<p><strong>Pizza -haalarimerkki<\/strong><\/p>\n<p>3 euroa \/ kpl<\/p>\n<p>Pappagallon herkullinen pizza -haalarimerkki.<\/p>\n<p>&nbsp;<\/p>\n<p><strong>Speak Italian -haalarimerkki<\/strong><\/p>\n<p>3 euroa \/ kpl<\/p>\n<p>Pappagallon Speak Italian -merkist\u00e4 l\u00f6ytyy varsinkin italialaisille tuttu k\u00e4simerkki.<\/p>\n<p>&nbsp;<\/p>\n<p><strong>Jos yksi birra viel\u00e4 -haalarimerkki<\/strong><\/p>\n<p>3 euroa \/ kpl<\/p>\n<p>Haalarimerkist\u00e4 l\u00f6ytyy entisen Italian p\u00e4\u00e4ministerin kuva yksi sormi pystyss\u00e4<\/p>\n<p>&nbsp;<\/p>\n<p><img loading=\"lazy\" decoding=\"async\" class=\"alignnone size-medium wp-image-954\" src=\"https:\/\/tyyala.utu.fi\/pappagallo\/wp-content\/uploads\/sites\/70\/image0-3-300x300.jpeg\" alt=\"\" width=\"300\" height=\"300\" srcset=\"https:\/\/tyyala.utu.fi\/pappagallo\/wp-content\/uploads\/sites\/70\/\/image0-3-300x300.jpeg 300w, https:\/\/tyyala.utu.fi\/pappagallo\/wp-content\/uploads\/sites\/70\/\/image0-3-1024x1024.jpeg 1024w, https:\/\/tyyala.utu.fi\/pappagallo\/wp-content\/uploads\/sites\/70\/\/image0-3-800x800.jpeg 800w, https:\/\/tyyala.utu.fi\/pappagallo\/wp-content\/uploads\/sites\/70\/\/image0-3-768x768.jpeg 768w, https:\/\/tyyala.utu.fi\/pappagallo\/wp-content\/uploads\/sites\/70\/\/image0-3-1536x1536.jpeg 1536w, https:\/\/tyyala.utu.fi\/pappagallo\/wp-content\/uploads\/sites\/70\/\/image0-3-2048x2048.jpeg 2048w, https:\/\/tyyala.utu.fi\/pappagallo\/wp-content\/uploads\/sites\/70\/\/image0-3-700x700.jpeg 700w, https:\/\/tyyala.utu.fi\/pappagallo\/wp-content\/uploads\/sites\/70\/\/image0-3-332x332.jpeg 332w, https:\/\/tyyala.utu.fi\/pappagallo\/wp-content\/uploads\/sites\/70\/\/image0-3-432x432.jpeg 432w, https:\/\/tyyala.utu.fi\/pappagallo\/wp-content\/uploads\/sites\/70\/\/image0-3-268x268.jpeg 268w\" sizes=\"auto, (max-width: 300px) 100vw, 300px\" \/><\/p>\n<p>&nbsp;<\/p>\n<p><strong>Kunniahaalarimerkki<\/strong><\/p>\n<p>Design by Andrea Garatti<\/p>\n<p>Aktiivisille Pappagallon toiminnassa mukana olleille henkil\u00f6ille toteutettu haalarimerkki.<\/p>\n<p><img loading=\"lazy\" decoding=\"async\" class=\"size-medium wp-image-657 alignleft\" src=\"https:\/\/tyyala.utu.fi\/pappagallo\/wp-content\/uploads\/sites\/70\/20200128_214902-scaled-e1580241356231-262x300.jpg\" alt=\"\" width=\"262\" height=\"300\" srcset=\"https:\/\/tyyala.utu.fi\/pappagallo\/wp-content\/uploads\/sites\/70\/20200128_214902-scaled-e1580241356231-262x300.jpg 262w, https:\/\/tyyala.utu.fi\/pappagallo\/wp-content\/uploads\/sites\/70\/20200128_214902-scaled-e1580241356231-895x1024.jpg 895w, https:\/\/tyyala.utu.fi\/pappagallo\/wp-content\/uploads\/sites\/70\/20200128_214902-scaled-e1580241356231-768x879.jpg 768w, https:\/\/tyyala.utu.fi\/pappagallo\/wp-content\/uploads\/sites\/70\/20200128_214902-scaled-e1580241356231-1343x1536.jpg 1343w, https:\/\/tyyala.utu.fi\/pappagallo\/wp-content\/uploads\/sites\/70\/20200128_214902-scaled-e1580241356231-676x773.jpg 676w, https:\/\/tyyala.utu.fi\/pappagallo\/wp-content\/uploads\/sites\/70\/20200128_214902-scaled-e1580241356231.jpg 1465w\" sizes=\"auto, (max-width: 262px) 100vw, 262px\" \/><\/p>","protected":false},"excerpt":{"rendered":"<p>Pappagallon haalarimerkkej\u00e4 pystyy ostamaan myyj\u00e4isten yhteydess\u00e4. &nbsp; Pappagallon haalarimerkki 3 euroa \/ kpl Pappagallon virallinen logo haalarimerkkin\u00e4. &nbsp; Pizza -haalarimerkki 3 euroa \/ kpl Pappagallon herkullinen pizza -haalarimerkki. &nbsp; Speak Italian -haalarimerkki 3 euroa \/ kpl Pappagallon Speak Italian -merkist\u00e4 l\u00f6ytyy varsinkin italialaisille tuttu k\u00e4simerkki. &nbsp; Jos yksi birra viel\u00e4 &#8230;<\/p>\n","protected":false},"author":367,"featured_media":0,"parent":0,"menu_order":0,"comment_status":"open","ping_status":"closed","template":"","meta":{"ngg_post_thumbnail":0,"footnotes":""},"class_list":["post-11","page","type-page","status-publish","hentry","column","twocol"],"_links":{"self":[{"href":"https:\/\/tyyala.utu.fi\/pappagallo\/wp-json\/wp\/v2\/pages\/11","targetHints":{"allow":["GET"]}}],"collection":[{"href":"https:\/\/tyyala.utu.fi\/pappagallo\/wp-json\/wp\/v2\/pages"}],"about":[{"href":"https:\/\/tyyala.utu.fi\/pappagallo\/wp-json\/wp\/v2\/types\/page"}],"author":[{"embeddable":true,"href":"https:\/\/tyyala.utu.fi\/pappagallo\/wp-json\/wp\/v2\/users\/367"}],"replies":[{"embeddable":true,"href":"https:\/\/tyyala.utu.fi\/pappagallo\/wp-json\/wp\/v2\/comments?post=11"}],"version-history":[{"count":12,"href":"https:\/\/tyyala.utu.fi\/pappagallo\/wp-json\/wp\/v2\/pages\/11\/revisions"}],"predecessor-version":[{"id":955,"href":"https:\/\/tyyala.utu.fi\/pappagallo\/wp-json\/wp\/v2\/pages\/11\/revisions\/955"}],"wp:attachment":[{"href":"https:\/\/tyyala.utu.fi\/pappagallo\/wp-json\/wp\/v2\/media?parent=11"}],"curies":[{"name":"wp","href":"https:\/\/api.w.org\/{rel}","templated":true}]}}