{"id":109,"date":"2014-07-07T12:47:58","date_gmt":"2014-07-07T09:47:58","guid":{"rendered":"http:\/\/tyyala.utu.fi\/pappagallo\/?page_id=109"},"modified":"2026-02-11T14:31:10","modified_gmt":"2026-02-11T12:31:10","slug":"toimintasuunnitelma","status":"publish","type":"page","link":"https:\/\/tyyala.utu.fi\/pappagallo\/toimintasuunnitelma\/","title":{"rendered":"Toimintasuunnitelma vuodelle 2026"},"content":{"rendered":"\n<p><\/p>\n\n\n\n<h1 class=\"wp-block-heading has-medium-font-size\">1. Yhdistyksen hallitus<\/h1>\n\n\n\n<p>Pappagallo ry:n hallitus koostuu v\u00e4hint\u00e4\u00e4n puheenjohtajasta, varapuheenjohtajasta, sihteerist\u00e4 ja rahastonhoitajasta. Lis\u00e4ksi, kun mahdollista, yhdistykseen nimet\u00e4\u00e4n henkil\u00f6(it\u00e4) vastaamaan muun muassa seuraavista osa-alueista: koulutuspolitiikka, sosiaalipolitiikka, ymp\u00e4rist\u00f6asiat, tuutorointi, kansainv\u00e4lisyys, yhdenvertaisuus ja tiedotus. Hallitus kokoontuu s\u00e4\u00e4nn\u00f6llisin v\u00e4liajoin noin kerran kuukaudessa. Hallituslaiset t\u00e4ydent\u00e4v\u00e4t osaamistaan osallistumalla TYY:n ja Humanitaksen j\u00e4rjest\u00e4miin alayhdistyskoulutuksiin sek\u00e4 tapaamisiin.<\/p>\n\n\n\n<h1 class=\"wp-block-heading has-medium-font-size\">2. Yhdistyksen vuosittainen toiminta<\/h1>\n\n\n\n<p>Pappagallo ry pyrkii pit\u00e4m\u00e4\u00e4n kiinni vuotuisista perinteist\u00e4 ohjelmaa suunniteltaessa. Uusi hallituskausi alkaa hallituksenvaihtoillalla, jossa uusille hallituslaisille luovutetaan edelt\u00e4jiens\u00e4 testamentit ja siirret\u00e4\u00e4n my\u00f6s hy\u00f6dyllist\u00e4 tietoa luottamusteht\u00e4v\u00e4n hoitamisesta. Lis\u00e4ksi uusia hallituslaisia ohjataan TYY:n koulutuksiin ja liitet\u00e4\u00e4n muun muassa TYY:n erin\u00e4isiin viestiryhmiin jo hallituskauden alussa. Pappagallo ry j\u00e4rjest\u00e4\u00e4 tapahtumia, esimerkiksi leffa- tai peli-iltoja, noin kahden kuukauden v\u00e4lein. T\u00e4m\u00e4n lis\u00e4ksi yhdistys j\u00e4rjest\u00e4\u00e4 vuosittain syyskuussa uusien illan, jossa uudet ja vanhat p\u00e4\u00e4- ja sivuaineopiskelijat voivat tutustua toisiinsa sek\u00e4 Pappagallo ry:n toimintaan. Yhdistyksen muita jokavuotisia tapahtumia ovat muun muassa vappuboolitus ja -piknik, pikkujoulut ja myyj\u00e4iset sek\u00e4 erilaiset yhteisty\u00f6tapahtumat muiden j\u00e4rjest\u00f6jen kanssa. Lis\u00e4ksi hallitus osallistuu mahdollisuuksien mukaan elo-syyskuussa j\u00e4rjestett\u00e4viin TYY:n Welcome Fairiin ja Avajaiskarnevaaleihin, sek\u00e4 j\u00e4rjest\u00e4\u00e4 orientaatioviikoilla yhdess\u00e4 tuutorien kanssa toimintaa uusille opiskelijoille.<\/p>\n\n\n\n<h1 class=\"wp-block-heading has-medium-font-size\">3. L\u00e4hestytt\u00e4vyys ja alkoholipolitiikka<\/h1>\n\n\n\n<p>Pappagallo ry pyrkii olemaan helposti l\u00e4hestytt\u00e4v\u00e4 yhdistys, jonka toimintaan kaikkien on helppo tulla mukaan. Yhdistys esittelee toimintaansa esimerkiksi uusien illassa sek\u00e4 vaihto-opiskelijoille suunnatussa Welcome Fair -tapahtumassa. Lis\u00e4ksi Pappagallo ry k\u00e4y kertomassa toiminnastaan uusille opiskelijoille my\u00f6s joka syksy oppiaineen esittelyluennon yhteydess\u00e4. T\u00e4m\u00e4n tarkoituksena on tehd\u00e4 yhdistyksest\u00e4 helpommin l\u00e4hestytt\u00e4v\u00e4 sek\u00e4 innostaa uusia opiskelijoita osallistumaan aktiivisesti Pappagallo ry:n toimintaan.<\/p>\n\n\n\n<p>L\u00e4hestytt\u00e4vyydest\u00e4 huolehditaan my\u00f6s monikielisell\u00e4 (suomi, italia, englanti) viestinn\u00e4ll\u00e4 useamman eri kanavan kautta (WhatsApp, Instagram, s\u00e4hk\u00f6postilista), jotta mahdollisimman monella olisi mahdollisuus osallistua yhdistyksen tapahtumiin. Yhdistyksen tavoitteena on, ett\u00e4 kenenk\u00e4\u00e4n ei tarvitse j\u00e4tt\u00e4\u00e4 osallistumatta tapahtumiin siksi, ett\u00e4 ei halua k\u00e4ytt\u00e4\u00e4 alkoholia. Tapahtumissa on aina oltava mahdollisuus olla juomatta alkoholia, ja Pappagallo ry:n omat tapahtumat ovatkin usein t\u00e4ysin alkoholittomia.<\/p>\n\n\n\n<p>Pappagallo ry pyyt\u00e4\u00e4 kahdesti vuodessa j\u00e4rjest\u00f6n j\u00e4senilt\u00e4 palautetta yhdistyksen toiminnasta kurssipalautelomakkeen yhteydess\u00e4. Yhdistyksen hallitus k\u00e4y palautteet l\u00e4pi kahdesti lukuvuodessa, syys- ja kev\u00e4tlukukauden lopussa. Lis\u00e4ksi Pappagallo ry pyrkii auttamaan opiskelijoita sosiaalipoliittisissa ongelmissa muun muassa yhdistyksen nettisivuilta l\u00f6ytyv\u00e4ll\u00e4 anonyymilla palautelomakkeella, jota hallituksen sosiaalipoliittinen vastaava seuraa aktiivisesti. Anonyymin palautelomakkeen kautta tulleet palautteet k\u00e4sitell\u00e4\u00e4n hallituksen kokouksessa mahdollisimman pian palautteen saapumisen j\u00e4lkeen.<\/p>\n\n\n\n<h1 class=\"wp-block-heading has-medium-font-size\">4. Opintoasiat<\/h1>\n\n\n\n<p>Koulutuspoliittinen vastaava pit\u00e4\u00e4 yhdess\u00e4 muun hallituksen kanssa huolen siit\u00e4, ett\u00e4 mutkattomat ja l\u00e4mpim\u00e4t v\u00e4lit oppiaineen henkil\u00f6kuntaan s\u00e4ilyv\u00e4t jatkossakin. Pappagallo ry ker\u00e4\u00e4 yhteisty\u00f6ss\u00e4 oppiaineen kanssa palautetta lukuvuoden aikana j\u00e4rjestetyist\u00e4 kursseista. Palautteet k\u00e4yd\u00e4\u00e4n l\u00e4pi palautekeskustelussa oppiaineen henkil\u00f6kunnan kanssa kaksi kertaa lukuvuodessa, syys- ja kev\u00e4tlukukauden lopussa.<\/p>\n\n\n\n<h1 class=\"wp-block-heading has-medium-font-size\">5. Yhteisty\u00f6 muiden tahojen kanssa<\/h1>\n\n\n\n<p>Pappagallo ry j\u00e4rjest\u00e4\u00e4 tapahtumia yhteisty\u00f6ss\u00e4 muiden TYY:n alayhdistysten kanssa, mink\u00e4 lis\u00e4ksi yhdistys pyrkii yll\u00e4pit\u00e4m\u00e4\u00e4n suhteita my\u00f6s Helsingin yliopiston italian opiskelijoiden ainej\u00e4rjest\u00f6\u00f6n Divina Compagnia ry:hyn. Lis\u00e4ksi voidaan harkita yhteisty\u00f6t\u00e4 esimerkiksi Italian kulttuuri-instituutin, Suomen italianopettajien liiton, K\u00e4\u00e4nn\u00f6salan Asiantuntijat KAJ ry:n, Italian Helsingin suurl\u00e4hetyst\u00f6n, Suomalais-Italialaisen Kauppakamarin ja Turun Dante Alighieri -seuran kanssa, mik\u00e4li sopivia projekteja tulee vastaan. Yhdistys on avoin kaikkia uusia yhteisty\u00f6mahdollisuuksia kohtaan.<\/p>\n\n\n\n<h1 class=\"wp-block-heading has-medium-font-size\">6. Kansainv\u00e4lisyys<\/h1>\n\n\n\n<p>Pappagallo ry pyrkii edist\u00e4m\u00e4\u00e4n kansainv\u00e4list\u00e4 ilmapiiri\u00e4 tapahtumissaan, ja Turussa opiskelevia vaihto-opiskelijoita yritet\u00e4\u00e4n saada mukaan yhdistyksen toimintaan lukuvuosittain. Kansainv\u00e4lisyys otetaan huomioon my\u00f6s yhdistyksen viestinn\u00e4ss\u00e4 kirjoittamalla esimerkiksi tapahtumatekstit suomen lis\u00e4ksi my\u00f6s italiaksi ja englanniksi. Vuonna 2026 yhdistys pyrkii osallistumaan erilaisiin kansainv\u00e4lisyytt\u00e4 ja monikielisyytt\u00e4 edist\u00e4viin tapahtumiin yhdess\u00e4 italian oppiaineen kanssa. T\u00e4h\u00e4n voidaan hy\u00f6dynt\u00e4\u00e4 muun muassa TYY:n International Councilia sek\u00e4 syksyisin j\u00e4rjestett\u00e4v\u00e4\u00e4 Welcome Fair -tapahtumaa.<\/p>\n\n\n\n<h1 class=\"wp-block-heading has-medium-font-size\">7. Ymp\u00e4rist\u00f6asiat<\/h1>\n\n\n\n<p>Pappagallo ry on sitoutunut k\u00e4ytt\u00e4m\u00e4\u00e4n Reilun kaupan kahvia ja teet\u00e4. Yhdistys pyrkii vuonna 2026\u00a0suosimaan my\u00f6s muita luomu- ja Reilun kaupan tuotteita sek\u00e4 kotimaisia tuotteita. Tapahtumiin, joissa tarjotaan viini\u00e4, pyrit\u00e4\u00e4n aina ostamaan luomuviini\u00e4. Yhdistys jatkaa j\u00e4tteiden lajittelua ja kierr\u00e4tyst\u00e4 tapahtumien yhteydess\u00e4 sek\u00e4 kannustaa j\u00e4senist\u00f6\u00e4\u00e4n kimppakyyteihin tai joukkoliikenteen k\u00e4ytt\u00f6\u00f6n saapuessaan Pappagallo ry:n j\u00e4rjest\u00e4miin tapahtumiin. Mahdollisuuksien mukaan Pappagallo ry pyrkii my\u00f6s suosimaan tapahtumissaan esimerkiksi TYY:lt\u00e4 vuokrattavaa astiastoa kertak\u00e4ytt\u00f6isten astioiden sijaan. Pappagallo ry:ll\u00e4 on omat viinilasit, joita j\u00e4senist\u00f6 saa k\u00e4ytt\u00e4\u00e4, sek\u00e4 tarjoiluastioita esimerkiksi myyj\u00e4isi\u00e4 varten. Myyj\u00e4isiss\u00e4 tarjotaan halvempaan hintaan kahvi\/tee, jos asiakas ottaa sen omaan mukiinsa.<\/p>\n\n\n\n<h1 class=\"wp-block-heading has-medium-font-size\">8. Kulttuuri<\/h1>\n\n\n\n<p>Pappagallo ry pyrkii osallistumaan vuosittain Italian kulttuuriin liittyviin tapahtumiin. Lis\u00e4ksi Pappagallo ry j\u00e4rjest\u00e4\u00e4 j\u00e4senilleen mahdollisuuksien mukaan kulttuuritapahtumia ja -retki\u00e4 sek\u00e4 pyrkii edist\u00e4m\u00e4\u00e4n italialaisen kulttuurin tuntemusta. J\u00e4senist\u00f6lle voidaan my\u00f6s tiedottaa erilaisista Turussa j\u00e4rjestett\u00e4vist\u00e4 kulttuuritapahtumista.<\/p>\n\n\n\n<h1 class=\"wp-block-heading has-medium-font-size\">9. Varainkeruu<\/h1>\n\n\n\n<p>Pappagallo ry:n toiminta rahoitetaan p\u00e4\u00e4s\u00e4\u00e4nt\u00f6isesti TYY:n toiminta-avustuksella, jonka lis\u00e4ksi j\u00e4senet maksavat pient\u00e4 vuosittaista j\u00e4senmaksua. Pappagallo ry:n omat tapahtumat ovat yleens\u00e4 maksuttomia, mutta niist\u00e4 voidaan tarvittaessa pyyt\u00e4\u00e4 pieni sis\u00e4\u00e4np\u00e4\u00e4symaksu. Myyj\u00e4isi\u00e4 pidet\u00e4\u00e4n noin nelj\u00e4 kertaa vuodessa, kahdesti kev\u00e4\u00e4ll\u00e4 ja kahdesti syksyll\u00e4. T\u00e4m\u00e4n lis\u00e4ksi j\u00e4rjest\u00f6 myy haalarimerkkej\u00e4 ja muita kannatustuotteita kysynn\u00e4n mukaan.<\/p>\n\n\n\n<h1 class=\"wp-block-heading has-medium-font-size\">10. Viestint\u00e4<\/h1>\n\n\n\n<p>Pappagallo ry:n viestint\u00e4 toimii mutkattomasti, tehokkaasti ja ajankohtaisesti. Yhdistys tiedottaa kaikista vapaa-aikaan, opiskeluun ja yliopistoon liittyvist\u00e4 asioista WhatsApp-ryhm\u00e4n, Instagram-tilin sek\u00e4 s\u00e4hk\u00f6postilistan kautta. Pappagallo ry:n nettisivujen p\u00e4ivityksest\u00e4 huolehtii se, joka on kulloinkin p\u00e4tev\u00e4 hoitamaan asiaa. S\u00e4hk\u00f6postilistaa hallinnoi tiedottaja, mutta s\u00e4hk\u00f6postiviestej\u00e4 voi kuitenkin l\u00e4hett\u00e4\u00e4 j\u00e4senist\u00f6lle kuka tahansa hallituslainen, jolla on tiedotettavaa. Pappagallo ry aikoo pit\u00e4\u00e4 huolta viestinn\u00e4n m\u00e4\u00e4r\u00e4st\u00e4 ja laadusta jatkossakin sek\u00e4 pysy\u00e4 tiiviisti verkostoituneena ainej\u00e4rjest\u00f6n\u00e4. Tavoitteena on pit\u00e4\u00e4 kaikki viestint\u00e4kanavat sellaisina, joiden kautta j\u00e4senist\u00f6 pystyy huoletta ottamaan yhteytt\u00e4 yhdistyksen hallitukseen tai muihin j\u00e4seniin.<\/p>\n","protected":false},"excerpt":{"rendered":"<p>1. Yhdistyksen hallitus Pappagallo ry:n hallitus koostuu v\u00e4hint\u00e4\u00e4n puheenjohtajasta, varapuheenjohtajasta, sihteerist\u00e4 ja rahastonhoitajasta. Lis\u00e4ksi, kun mahdollista, yhdistykseen nimet\u00e4\u00e4n henkil\u00f6(it\u00e4) vastaamaan muun muassa seuraavista osa-alueista: koulutuspolitiikka, sosiaalipolitiikka, ymp\u00e4rist\u00f6asiat, tuutorointi, kansainv\u00e4lisyys, yhdenvertaisuus ja tiedotus. Hallitus kokoontuu s\u00e4\u00e4nn\u00f6llisin v\u00e4liajoin noin kerran kuukaudessa. Hallituslaiset t\u00e4ydent\u00e4v\u00e4t osaamistaan osallistumalla TYY:n ja Humanitaksen j\u00e4rjest\u00e4miin alayhdistyskoulutuksiin sek\u00e4 tapaamisiin. &#8230;<\/p>\n","protected":false},"author":367,"featured_media":0,"parent":0,"menu_order":0,"comment_status":"closed","ping_status":"closed","template":"","meta":{"ngg_post_thumbnail":0,"footnotes":""},"class_list":["post-109","page","type-page","status-publish","hentry","column","twocol"],"_links":{"self":[{"href":"https:\/\/tyyala.utu.fi\/pappagallo\/wp-json\/wp\/v2\/pages\/109","targetHints":{"allow":["GET"]}}],"collection":[{"href":"https:\/\/tyyala.utu.fi\/pappagallo\/wp-json\/wp\/v2\/pages"}],"about":[{"href":"https:\/\/tyyala.utu.fi\/pappagallo\/wp-json\/wp\/v2\/types\/page"}],"author":[{"embeddable":true,"href":"https:\/\/tyyala.utu.fi\/pappagallo\/wp-json\/wp\/v2\/users\/367"}],"replies":[{"embeddable":true,"href":"https:\/\/tyyala.utu.fi\/pappagallo\/wp-json\/wp\/v2\/comments?post=109"}],"version-history":[{"count":13,"href":"https:\/\/tyyala.utu.fi\/pappagallo\/wp-json\/wp\/v2\/pages\/109\/revisions"}],"predecessor-version":[{"id":1018,"href":"https:\/\/tyyala.utu.fi\/pappagallo\/wp-json\/wp\/v2\/pages\/109\/revisions\/1018"}],"wp:attachment":[{"href":"https:\/\/tyyala.utu.fi\/pappagallo\/wp-json\/wp\/v2\/media?parent=109"}],"curies":[{"name":"wp","href":"https:\/\/api.w.org\/{rel}","templated":true}]}}