{"id":94,"date":"2023-04-07T18:30:48","date_gmt":"2023-04-07T15:30:48","guid":{"rendered":"https:\/\/tyyala.utu.fi\/palladion\/?page_id=94"},"modified":"2023-06-19T14:29:15","modified_gmt":"2023-06-19T11:29:15","slug":"yhdenvertaisuus","status":"publish","type":"page","link":"https:\/\/tyyala.utu.fi\/palladion\/yhdenvertaisuus\/","title":{"rendered":"Yhdenvertaisuus"},"content":{"rendered":"\n<p> <\/p>\n\n\n\n<p><strong>Tasa-arvo- ja yhdenvertaisuussuunnitelma<\/strong><\/p>\n\n\n\n<p>Palladion ry<\/p>\n\n\n\n<p>5.4.2023<\/p>\n\n\n\n<p>T\u00e4m\u00e4 Palladion ry:n tasa-arvo- ja yhdenvertaisuussuunnitelma on koostettu TYYn ohjeiden pohjalta. Ainej\u00e4rjest\u00f6ss\u00e4mme kaikilla opiskelijoilla tulee olla yht\u00e4l\u00e4iset oikeudet ja mahdollisuudet opiskeluun, tukipalveluihin ja opiskeluel\u00e4m\u00e4\u00e4n. Tarkoituksenamme on j\u00e4rjest\u00e4\u00e4 matalan kynnyksen toimintaa kaikille j\u00e4senillemme. Ket\u00e4\u00e4n ei saa syrji\u00e4 sukupuolen, seksuaalisen suuntautumisen, etnisen taustan, alkuper\u00e4n, kansalaisuuden, kielen, i\u00e4n, vamman, uskonnon, vakaumuksen, terveydentilan, opiskelualan, perhesuhteiden, poliittisen toiminnan, mielipiteen tai muun henkil\u00f6\u00f6n liittyv\u00e4n syyn perusteella. <\/p>\n\n\n\n<p>HUOM! Kokemus ei-toivotusta k\u00e4ytt\u00e4ytymisest\u00e4 voi synty\u00e4 ilman, ett\u00e4 kiusaajan asemassa oleva itse tiedostaa k\u00e4yt\u00f6ksens\u00e4 aiheuttamaa haittaa. Kielteisen k\u00e4ytt\u00e4ytymisen kohteeksi joutunut voi kokea olevansa puolustuskyvyt\u00f6n tai ei voi itse hallita tilannetta.<\/p>\n\n\n\n<p>Olemme poliittisesti sitoutumaton j\u00e4rjest\u00f6 ja pyrimme siihen, ett\u00e4 toimintamme on l\u00e4pin\u00e4kyv\u00e4\u00e4 ja helposti l\u00e4hestytt\u00e4v\u00e4\u00e4. Palladion ry pyrkii tarvittaessa ohjaamaan j\u00e4senist\u00f6\u00e4 tahojen suuntaan, jotka vastaavat yhdenvertaisuuden toteutumisesta, mm. yliopiston yhdenvertaisuusvastaava, TYY:n sopo-, kopo- ja h\u00e4irint\u00e4yhdyshenkil\u00f6t, opintopsykologit, jne. Lis\u00e4ksi j\u00e4rjest\u00f6ll\u00e4mme on my\u00f6s omat h\u00e4irint\u00e4yhdyshenkil\u00f6t. Sitoudumme TYY:n laatimaan yhdenvertaisuusohjelmaan <a href=\"https:\/\/www.tyy.fi\/sites\/default\/files\/migrated\/tyye_marraskuu_2020_liite_3_tyyn_yhdenvertaisuusohjelma_2021-2024.pdf\">https:\/\/www.tyy.fi\/sites\/default\/files\/migrated\/tyye_marraskuu_2020_liite_3_tyyn_yhdenvertaisuusohjelma_2021-2024.pdf<\/a><\/p>\n","protected":false},"excerpt":{"rendered":"<p>Tasa-arvo- ja yhdenvertaisuussuunnitelma Palladion ry 5.4.2023 T\u00e4m\u00e4 Palladion ry:n tasa-arvo- ja yhdenvertaisuussuunnitelma on koostettu TYYn ohjeiden pohjalta. Ainej\u00e4rjest\u00f6ss\u00e4mme kaikilla opiskelijoilla tulee olla yht\u00e4l\u00e4iset oikeudet ja mahdollisuudet opiskeluun, tukipalveluihin ja opiskeluel\u00e4m\u00e4\u00e4n. Tarkoituksenamme on j\u00e4rjest\u00e4\u00e4 matalan kynnyksen toimintaa kaikille j\u00e4senillemme. Ket\u00e4\u00e4n ei saa syrji\u00e4 sukupuolen, seksuaalisen suuntautumisen, etnisen taustan, alkuper\u00e4n, kansalaisuuden, kielen, i\u00e4n, vamman, uskonnon, vakaumuksen, terveydentilan, [&hellip;]<\/p>\n","protected":false},"author":3072,"featured_media":0,"parent":0,"menu_order":0,"comment_status":"closed","ping_status":"closed","template":"","meta":{"footnotes":""},"class_list":["post-94","page","type-page","status-publish","czr-hentry"],"_links":{"self":[{"href":"https:\/\/tyyala.utu.fi\/palladion\/wp-json\/wp\/v2\/pages\/94","targetHints":{"allow":["GET"]}}],"collection":[{"href":"https:\/\/tyyala.utu.fi\/palladion\/wp-json\/wp\/v2\/pages"}],"about":[{"href":"https:\/\/tyyala.utu.fi\/palladion\/wp-json\/wp\/v2\/types\/page"}],"author":[{"embeddable":true,"href":"https:\/\/tyyala.utu.fi\/palladion\/wp-json\/wp\/v2\/users\/3072"}],"replies":[{"embeddable":true,"href":"https:\/\/tyyala.utu.fi\/palladion\/wp-json\/wp\/v2\/comments?post=94"}],"version-history":[{"count":4,"href":"https:\/\/tyyala.utu.fi\/palladion\/wp-json\/wp\/v2\/pages\/94\/revisions"}],"predecessor-version":[{"id":351,"href":"https:\/\/tyyala.utu.fi\/palladion\/wp-json\/wp\/v2\/pages\/94\/revisions\/351"}],"wp:attachment":[{"href":"https:\/\/tyyala.utu.fi\/palladion\/wp-json\/wp\/v2\/media?parent=94"}],"curies":[{"name":"wp","href":"https:\/\/api.w.org\/{rel}","templated":true}]}}