{"id":246,"date":"2023-09-05T14:46:37","date_gmt":"2023-09-05T11:46:37","guid":{"rendered":"https:\/\/tyyala.utu.fi\/palladion\/?page_id=246"},"modified":"2023-09-05T19:32:24","modified_gmt":"2023-09-05T16:32:24","slug":"rekisteriseloste","status":"publish","type":"page","link":"https:\/\/tyyala.utu.fi\/palladion\/rekisteriseloste\/","title":{"rendered":"Rekisteriseloste"},"content":{"rendered":"\n<p> <\/p>\n\n\n\n<p>Rekisterinpit\u00e4j\u00e4 on Palladion ry. Rekisterinpit\u00e4j\u00e4n postiosoite on Palladion ry, Arcanuminkuja 1 20500 Turku.<\/p>\n\n\n\n<p>Rekisterin nimi on Palladion ry, j\u00e4senrekisteri. Rekisterin tarkoitus on hallinnoida ja s\u00e4ilytt\u00e4\u00e4 yhdistyksen j\u00e4senten henkil\u00f6tietoja.<\/p>\n\n\n\n<p>J\u00e4senilt\u00e4 ker\u00e4tt\u00e4v\u00e4t tiedot ovat:\u00a0<em>etunimi<\/em>,\u00a0<em>sukunimi<\/em>,\u00a0<em>kotipaikka<\/em>,\u00a0<em>s\u00e4hk\u00f6postiosoite<\/em>. Tietoja s\u00e4ilytet\u00e4\u00e4n s\u00e4hk\u00f6isesti ja suojatussa muodossa. Tietoja ei luovuteta eteenp\u00e4in.\u00a0<\/p>\n\n\n\n<p>Rekisteriin liittyviss\u00e4 kysymyksiss\u00e4 ota yhteytt\u00e4 Palladionin hallitukseen. Yhteystiedot l\u00f6ytyv\u00e4t\u00a0<a href=\"https:\/\/tyyala.utu.fi\/palladion\/yhteystiedot\/\" data-type=\"URL\" data-id=\"https:\/\/tyyala.utu.fi\/palladion\/yhteystiedot\/\" target=\"_blank\" rel=\"noreferrer noopener\">t\u00e4\u00e4lt\u00e4<\/a>.<\/p>\n","protected":false},"excerpt":{"rendered":"<p>Rekisterinpit\u00e4j\u00e4 on Palladion ry. Rekisterinpit\u00e4j\u00e4n postiosoite on Palladion ry, Arcanuminkuja 1 20500 Turku. Rekisterin nimi on Palladion ry, j\u00e4senrekisteri. Rekisterin tarkoitus on hallinnoida ja s\u00e4ilytt\u00e4\u00e4 yhdistyksen j\u00e4senten henkil\u00f6tietoja. J\u00e4senilt\u00e4 ker\u00e4tt\u00e4v\u00e4t tiedot ovat:\u00a0etunimi,\u00a0sukunimi,\u00a0kotipaikka,\u00a0s\u00e4hk\u00f6postiosoite. Tietoja s\u00e4ilytet\u00e4\u00e4n s\u00e4hk\u00f6isesti ja suojatussa muodossa. Tietoja ei luovuteta eteenp\u00e4in.\u00a0 Rekisteriin liittyviss\u00e4 kysymyksiss\u00e4 ota yhteytt\u00e4 Palladionin hallitukseen. Yhteystiedot l\u00f6ytyv\u00e4t\u00a0t\u00e4\u00e4lt\u00e4.<\/p>\n","protected":false},"author":3072,"featured_media":0,"parent":0,"menu_order":0,"comment_status":"closed","ping_status":"closed","template":"","meta":{"footnotes":""},"class_list":["post-246","page","type-page","status-publish","czr-hentry"],"_links":{"self":[{"href":"https:\/\/tyyala.utu.fi\/palladion\/wp-json\/wp\/v2\/pages\/246","targetHints":{"allow":["GET"]}}],"collection":[{"href":"https:\/\/tyyala.utu.fi\/palladion\/wp-json\/wp\/v2\/pages"}],"about":[{"href":"https:\/\/tyyala.utu.fi\/palladion\/wp-json\/wp\/v2\/types\/page"}],"author":[{"embeddable":true,"href":"https:\/\/tyyala.utu.fi\/palladion\/wp-json\/wp\/v2\/users\/3072"}],"replies":[{"embeddable":true,"href":"https:\/\/tyyala.utu.fi\/palladion\/wp-json\/wp\/v2\/comments?post=246"}],"version-history":[{"count":3,"href":"https:\/\/tyyala.utu.fi\/palladion\/wp-json\/wp\/v2\/pages\/246\/revisions"}],"predecessor-version":[{"id":253,"href":"https:\/\/tyyala.utu.fi\/palladion\/wp-json\/wp\/v2\/pages\/246\/revisions\/253"}],"wp:attachment":[{"href":"https:\/\/tyyala.utu.fi\/palladion\/wp-json\/wp\/v2\/media?parent=246"}],"curies":[{"name":"wp","href":"https:\/\/api.w.org\/{rel}","templated":true}]}}