{"id":206,"date":"2023-07-22T17:20:50","date_gmt":"2023-07-22T14:20:50","guid":{"rendered":"https:\/\/tyyala.utu.fi\/palladion\/?page_id=206"},"modified":"2024-11-27T00:02:48","modified_gmt":"2024-11-26T21:02:48","slug":"tervetuloa-palladion-ryn-uusille-kotisivuille","status":"publish","type":"page","link":"https:\/\/tyyala.utu.fi\/palladion\/","title":{"rendered":"Tervetuloa Palladion ry:n kotisivuille!"},"content":{"rendered":"\n<p class=\"has-large-font-size\">Tervetuloa Palladion ry:n kotisivuille<\/p>\n\n\n\n<p class=\"has-medium-font-size\">Olemme Turun yliopiston klassillisten kielten ja antiikin kulttuurin<br>oppiaineryhm\u00e4n pienehk\u00f6 mutta sitke\u00e4 ainej\u00e4rjest\u00f6.&nbsp;\ufeff<\/p>\n\n\n\n<p class=\"has-medium-font-size\">N\u00e4ilt\u00e4 sivuilta l\u00f6yd\u00e4t tietoa meist\u00e4 ja toiminnastamme.<\/p>\n\n\n\n<p><\/p>\n","protected":false},"excerpt":{"rendered":"<p>Tervetuloa Palladion ry:n kotisivuille Olemme Turun yliopiston klassillisten kielten ja antiikin kulttuurinoppiaineryhm\u00e4n pienehk\u00f6 mutta sitke\u00e4 ainej\u00e4rjest\u00f6.&nbsp;\ufeff N\u00e4ilt\u00e4 sivuilta l\u00f6yd\u00e4t tietoa meist\u00e4 ja toiminnastamme.<\/p>\n","protected":false},"author":3072,"featured_media":0,"parent":0,"menu_order":0,"comment_status":"closed","ping_status":"closed","template":"","meta":{"footnotes":""},"class_list":["post-206","page","type-page","status-publish","czr-hentry"],"_links":{"self":[{"href":"https:\/\/tyyala.utu.fi\/palladion\/wp-json\/wp\/v2\/pages\/206","targetHints":{"allow":["GET"]}}],"collection":[{"href":"https:\/\/tyyala.utu.fi\/palladion\/wp-json\/wp\/v2\/pages"}],"about":[{"href":"https:\/\/tyyala.utu.fi\/palladion\/wp-json\/wp\/v2\/types\/page"}],"author":[{"embeddable":true,"href":"https:\/\/tyyala.utu.fi\/palladion\/wp-json\/wp\/v2\/users\/3072"}],"replies":[{"embeddable":true,"href":"https:\/\/tyyala.utu.fi\/palladion\/wp-json\/wp\/v2\/comments?post=206"}],"version-history":[{"count":3,"href":"https:\/\/tyyala.utu.fi\/palladion\/wp-json\/wp\/v2\/pages\/206\/revisions"}],"predecessor-version":[{"id":326,"href":"https:\/\/tyyala.utu.fi\/palladion\/wp-json\/wp\/v2\/pages\/206\/revisions\/326"}],"wp:attachment":[{"href":"https:\/\/tyyala.utu.fi\/palladion\/wp-json\/wp\/v2\/media?parent=206"}],"curies":[{"name":"wp","href":"https:\/\/api.w.org\/{rel}","templated":true}]}}