{"id":17,"date":"2023-04-05T13:51:23","date_gmt":"2023-04-05T10:51:23","guid":{"rendered":"https:\/\/tyyala.utu.fi\/palladion\/?page_id=17"},"modified":"2023-09-05T11:03:16","modified_gmt":"2023-09-05T08:03:16","slug":"yhteystiedot","status":"publish","type":"page","link":"https:\/\/tyyala.utu.fi\/palladion\/yhteystiedot\/","title":{"rendered":"Yhteystiedot"},"content":{"rendered":"\n<div class=\"wp-block-group\"><div class=\"wp-block-group__inner-container is-layout-flow wp-block-group-is-layout-flow\">\n<p class=\"has-regular-font-size\">Palladion ry<\/p>\n\n\n\n<p>Y-tunnus 3046941-6<\/p>\n\n\n\n<p class=\"has-regular-font-size\">Arcanuminkuja 1<\/p>\n\n\n\n<p class=\"has-regular-font-size\">20500 Turku<\/p>\n\n\n\n<p class=\"has-regular-font-size\"><em>palladion-hallitus@utu.fi<\/em><\/p>\n<\/div><\/div>\n\n\n\n<hr class=\"wp-block-separator has-alpha-channel-opacity\" \/>\n\n\n\n<p>Puheenjohtaja<\/p>\n\n\n\n<p>Tapahtumavastaava<\/p>\n\n\n\n<p>Tiedotusvastaava<\/p>\n\n\n\n<hr class=\"wp-block-separator has-alpha-channel-opacity\" \/>\n\n\n\n<p><\/p>\n\n\n\n<p><\/p>\n\n\n\n<p><\/p>\n\n\n\n<p>Liity Palladionin viralliselle tiedotuslistalle <em>palladion@lists.utu.fi<\/em> <a rel=\"noreferrer noopener\" href=\"https:\/\/lists.utu.fi\/mailman\/listinfo\/palladion\" data-type=\"URL\" data-id=\"https:\/\/lists.utu.fi\/mailman\/listinfo\/palladion\" target=\"_blank\">t\u00e4st\u00e4<\/a>!<\/p>\n\n\n\n<p>Tilaa Palladionin viikkotiedote <a href=\"https:\/\/palladion-ry-26804853.hubspotpagebuilder.eu\/uutiskirjeen-tilaus\" data-type=\"URL\" data-id=\"https:\/\/palladion-ry-26804853.hubspotpagebuilder.eu\/uutiskirjeen-tilaus\" target=\"_blank\" rel=\"noreferrer noopener\">t\u00e4\u00e4lt\u00e4<\/a>!<\/p>\n","protected":false},"excerpt":{"rendered":"<p>Palladion ry Y-tunnus 3046941-6 Arcanuminkuja 1 20500 Turku palladion-hallitus@utu.fi Puheenjohtaja Tapahtumavastaava Tiedotusvastaava Liity Palladionin viralliselle tiedotuslistalle palladion@lists.utu.fi t\u00e4st\u00e4! Tilaa Palladionin viikkotiedote t\u00e4\u00e4lt\u00e4!<\/p>\n","protected":false},"author":3072,"featured_media":0,"parent":0,"menu_order":0,"comment_status":"closed","ping_status":"closed","template":"","meta":{"footnotes":""},"class_list":["post-17","page","type-page","status-publish","czr-hentry"],"_links":{"self":[{"href":"https:\/\/tyyala.utu.fi\/palladion\/wp-json\/wp\/v2\/pages\/17","targetHints":{"allow":["GET"]}}],"collection":[{"href":"https:\/\/tyyala.utu.fi\/palladion\/wp-json\/wp\/v2\/pages"}],"about":[{"href":"https:\/\/tyyala.utu.fi\/palladion\/wp-json\/wp\/v2\/types\/page"}],"author":[{"embeddable":true,"href":"https:\/\/tyyala.utu.fi\/palladion\/wp-json\/wp\/v2\/users\/3072"}],"replies":[{"embeddable":true,"href":"https:\/\/tyyala.utu.fi\/palladion\/wp-json\/wp\/v2\/comments?post=17"}],"version-history":[{"count":8,"href":"https:\/\/tyyala.utu.fi\/palladion\/wp-json\/wp\/v2\/pages\/17\/revisions"}],"predecessor-version":[{"id":245,"href":"https:\/\/tyyala.utu.fi\/palladion\/wp-json\/wp\/v2\/pages\/17\/revisions\/245"}],"wp:attachment":[{"href":"https:\/\/tyyala.utu.fi\/palladion\/wp-json\/wp\/v2\/media?parent=17"}],"curies":[{"name":"wp","href":"https:\/\/api.w.org\/{rel}","templated":true}]}}