{"id":164,"date":"2023-06-29T23:20:46","date_gmt":"2023-06-29T20:20:46","guid":{"rendered":"https:\/\/tyyala.utu.fi\/palladion\/?page_id=164"},"modified":"2026-03-13T18:22:12","modified_gmt":"2026-03-13T15:22:12","slug":"caligula","status":"publish","type":"page","link":"https:\/\/tyyala.utu.fi\/palladion\/caligula\/","title":{"rendered":"Caligula"},"content":{"rendered":"\n<p><\/p>\n\n\n\n<p>Caligula on vuonna 1986 perustettu Palladionin ainej\u00e4rjest\u00f6lehti. Kaikki lehdet ensimm\u00e4isest\u00e4 numerosta alkaen l\u00f6ytyv\u00e4t Palladionin omasta kirjastosta, ja lehden numeroita on arkistoitu my\u00f6s yliopiston p\u00e4\u00e4kirjastolle, josta niit\u00e4 voi kirjastolta pyydett\u00e4ess\u00e4 saada luettaviksi. Paperiversiot kunkin vuoden lehdist\u00e4 jaetaan vuosittain my\u00f6s j\u00e4senmaksun maksaneille palladiineille. Alta voit kuitenkin maksutta lukea uusimpien numeroiden digiversioita!<\/p>\n\n\n\n<p>Caligulan sis\u00e4lt\u00f6 liittyy p\u00e4\u00e4asiallisesti antiikkiin ja klassillisen filologian opintoihin, mutta juttuja on tehty laajalla skaalalla antiikin- ja opiskeluaihepiirien ulkopuoleltakin. Jutuissa tutustutaan opiskelijoihin ja opetushenkil\u00f6kuntaan, ainej\u00e4rjest\u00f6n toimintaan, vaihto- ja ekskursiokokemuksiin, toimittajien omaan tutkimukseen, sek\u00e4 opiskelijoiden eri mielenkiinnonkohteisiin. Kaikki sis\u00e4lt\u00f6 ei ole my\u00f6sk\u00e4\u00e4n pelkki\u00e4 artikkeleita, vaan lehti tarjoaa lis\u00e4ksi vuosittain vaihtuvalla kattauksella muun muassa sarjakuvia, ristikoita ja runoja!<\/p>\n\n\n\n<p>Caligula ilmestyy nykyisin kerran vuodessa ja uusi numero julkaistaan vappuna. Lehden p\u00e4\u00e4toimittaja valitaan vuosittain syyskokouksessa ja osaksi lehden toimitusta p\u00e4\u00e4see p\u00e4\u00e4toimittajaan yhteytt\u00e4 ottamalla. Uuden numeron julkaisuaikataulusta tiedotetaan Palladionin s\u00e4hk\u00f6postilistalla sen ollessa ajankohtaista.<br><\/p>\n\n\n\n<p>P\u00e4\u00e4toimittajina vuonna 2024-2025 toimivat Aino Tuhkanen (aituhk@utu.fi) sek\u00e4 Sohvi Lehmuskoski (sslehm@utu.fi)<\/p>\n\n\n\n<p>Nautinnollisia lukuhetki\u00e4!<\/p>\n\n\n\n<p><\/p>\n\n\n\n<p><strong><a href=\"https:\/\/tyyala.utu.fi\/palladion\/wp-content\/uploads\/sites\/100\/2026\/03\/caligula-2_2025-WEB-compressed.pdf\" data-type=\"link\" data-id=\"https:\/\/tyyala.utu.fi\/palladion\/wp-content\/uploads\/sites\/100\/2026\/03\/caligula-2_2025-WEB-compressed.pdf\">Caligula 2\/2025<\/a><\/strong><\/p>\n\n\n\n<p><strong><a href=\"https:\/\/tyyala.utu.fi\/palladion\/wp-content\/uploads\/sites\/100\/2025\/05\/Caligula-2025.pdf\" data-type=\"link\" data-id=\"https:\/\/tyyala.utu.fi\/palladion\/wp-content\/uploads\/sites\/100\/2025\/05\/Caligula-2025.pdf\">Caligula 1\/2025<\/a><\/strong><\/p>\n\n\n\n<p><strong><a href=\"https:\/\/tyyala.utu.fi\/palladion\/wp-content\/uploads\/sites\/100\/2025\/01\/Caligula-2024.pdf\" data-type=\"link\" data-id=\"https:\/\/tyyala.utu.fi\/palladion\/wp-content\/uploads\/sites\/100\/2025\/01\/Caligula-2024.pdf\">Caligula 1\/2024<\/a><\/strong><\/p>\n\n\n\n<p><strong><a href=\"https:\/\/tyyala.utu.fi\/palladion\/wp-content\/uploads\/sites\/100\/2023\/06\/Caligula-2023.9.pdf\" data-type=\"attachment\" data-id=\"187\">Caligula 1\/2023<\/a><\/strong><\/p>\n\n\n\n<p><strong>Caligula 1\/2022<\/strong> (ei saatavilla)<\/p>\n\n\n\n<p><strong><a href=\"https:\/\/issuu.com\/v_aboensis\/docs\/caligula_2021\" target=\"_blank\" rel=\"noreferrer noopener\">Caligula 1\/2021<\/a><\/strong><\/p>\n\n\n\n<p><strong><a href=\"https:\/\/issuu.com\/v_aboensis\/docs\/cali_2020_1\" target=\"_blank\" rel=\"noreferrer noopener\">Caligula 1\/2020<\/a><\/strong><\/p>\n\n\n\n<p><a href=\"https:\/\/issuu.com\/v_aboensis\/docs\/cali_2019_1\" target=\"_blank\" rel=\"noreferrer noopener\"><strong>Caligula 1\/2019<\/strong><\/a><\/p>\n\n\n\n<p><strong><a href=\"https:\/\/issuu.com\/caligulalehti\/docs\/caligula_1.2018\" target=\"_blank\" rel=\"noreferrer noopener\">Caligula 1\/2018<\/a><\/strong><\/p>\n\n\n\n<p><strong><a href=\"https:\/\/issuu.com\/caligulalehti\/docs\/caligula_1.2017\" target=\"_blank\" rel=\"noreferrer noopener\">Caligula 1\/2017<\/a><\/strong><\/p>\n\n\n\n<p><a href=\"https:\/\/issuu.com\/caligulalehti\/docs\/caligula_1.2016\" target=\"_blank\" rel=\"noreferrer noopener\"><strong>Caligula 1\/2016<\/strong><\/a><\/p>\n\n\n\n<p><a href=\"https:\/\/issuu.com\/caligulalehti\/docs\/caligula_1.2015\" target=\"_blank\" rel=\"noreferrer noopener\"><strong>Caligula 1\/2015<\/strong><\/a><\/p>\n\n\n\n<p><a href=\"https:\/\/www.yumpu.com\/fi\/document\/view\/3905076\/caligula-1-2007-turun-yliopisto\" target=\"_blank\" rel=\"noreferrer noopener\"><strong>Arkiston aarre: Caligula 1\/2007<\/strong><\/a><\/p>\n\n\n\n<p><a href=\"https:\/\/sites.utu.fi\/hiiskuttua\/caligulan-perinteikkaasta-ja-verevasta-humanistihuudosta\/\" target=\"_blank\" rel=\"noreferrer noopener\"><strong>Caligulan historiaa koskeva kirjoitus<\/strong><\/a><\/p>\n","protected":false},"excerpt":{"rendered":"<p>Caligula on vuonna 1986 perustettu Palladionin ainej\u00e4rjest\u00f6lehti. Kaikki lehdet ensimm\u00e4isest\u00e4 numerosta alkaen l\u00f6ytyv\u00e4t Palladionin omasta kirjastosta, ja lehden numeroita on arkistoitu my\u00f6s yliopiston p\u00e4\u00e4kirjastolle, josta niit\u00e4 voi kirjastolta pyydett\u00e4ess\u00e4 saada luettaviksi. Paperiversiot kunkin vuoden lehdist\u00e4 jaetaan vuosittain my\u00f6s j\u00e4senmaksun maksaneille palladiineille. Alta voit kuitenkin maksutta lukea uusimpien numeroiden digiversioita! Caligulan sis\u00e4lt\u00f6 liittyy p\u00e4\u00e4asiallisesti antiikkiin ja [&hellip;]<\/p>\n","protected":false},"author":3072,"featured_media":0,"parent":0,"menu_order":1,"comment_status":"closed","ping_status":"closed","template":"","meta":{"footnotes":""},"class_list":["post-164","page","type-page","status-publish","czr-hentry"],"_links":{"self":[{"href":"https:\/\/tyyala.utu.fi\/palladion\/wp-json\/wp\/v2\/pages\/164","targetHints":{"allow":["GET"]}}],"collection":[{"href":"https:\/\/tyyala.utu.fi\/palladion\/wp-json\/wp\/v2\/pages"}],"about":[{"href":"https:\/\/tyyala.utu.fi\/palladion\/wp-json\/wp\/v2\/types\/page"}],"author":[{"embeddable":true,"href":"https:\/\/tyyala.utu.fi\/palladion\/wp-json\/wp\/v2\/users\/3072"}],"replies":[{"embeddable":true,"href":"https:\/\/tyyala.utu.fi\/palladion\/wp-json\/wp\/v2\/comments?post=164"}],"version-history":[{"count":17,"href":"https:\/\/tyyala.utu.fi\/palladion\/wp-json\/wp\/v2\/pages\/164\/revisions"}],"predecessor-version":[{"id":398,"href":"https:\/\/tyyala.utu.fi\/palladion\/wp-json\/wp\/v2\/pages\/164\/revisions\/398"}],"wp:attachment":[{"href":"https:\/\/tyyala.utu.fi\/palladion\/wp-json\/wp\/v2\/media?parent=164"}],"curies":[{"name":"wp","href":"https:\/\/api.w.org\/{rel}","templated":true}]}}