{"id":16,"date":"2023-04-05T13:51:23","date_gmt":"2023-04-05T10:51:23","guid":{"rendered":"https:\/\/tyyala.utu.fi\/palladion\/?page_id=16"},"modified":"2024-11-29T20:47:07","modified_gmt":"2024-11-29T17:47:07","slug":"turvallisen-tilan-periaatteet","status":"publish","type":"page","link":"https:\/\/tyyala.utu.fi\/palladion\/turvallisen-tilan-periaatteet\/","title":{"rendered":"Turvallisemman tilan periaatteet"},"content":{"rendered":"\n<p><\/p>\n\n\n\n<p class=\"has-text-align-left\"><strong>Turvallisemman tilan periaatteet<br>\u200b<\/strong>Palladion ry<br>16.3.2023<br><br>Turvallinen tila tarkoittaa, ett\u00e4 kaikilla on vapaus olla oma itsens\u00e4, ilmaista itse\u00e4\u00e4n vapaasti, asettaa omat rajansa ja olla osallinen kaikessa toiminnassa. Turvallisessa tilassa kaikki h\u00e4irint\u00e4 on ehdottomasti kielletty\u00e4. H\u00e4irint\u00e4\u00e4 on mik\u00e4 tahansa toiminta tai k\u00e4yt\u00f6s, joka on toista alistavaa, vihamielisen ja ep\u00e4miellytt\u00e4v\u00e4n ilmapiirin luomista tai ihmisen tai ihmisryhm\u00e4n uhkailua.<\/p>\n\n\n\n<p>Turvallisen tilan periaatteiden tarkoitus on lis\u00e4t\u00e4 Palladion ry:ss\u00e4 toimimisen turvallisuutta. Turvallisen tilan periaatteet ohjaavat j\u00e4seni\u00e4, tapahtumaosallistujia tai muuta rajattua ihmisryhm\u00e4\u00e4, jolle turvallisen tilan periaatteet on luotu ja tuotu k\u00e4ytt\u00f6\u00f6n.<br><br>\u25cf<strong>Kohtele&nbsp;<\/strong>toisia kunnioituksella. Huomioi, ett\u00e4 jokainen meist\u00e4 on yksil\u00f6 ja meill\u00e4 on eroja esimerkiksi henkil\u00f6kohtaisten rajojen suhteen. \u00c4l\u00e4 yleist\u00e4 omia mieltymyksi\u00e4si.<\/p>\n\n\n\n<p>\u25cf&nbsp;<strong>Hyv\u00e4ksy virheet ja erimielisyydet.<\/strong><\/p>\n\n\n\n<p>\u25cf<strong>\u00c4l\u00e4 oleta<\/strong>&nbsp;toisen identiteetti\u00e4 tai mit\u00e4\u00e4n toisen identiteetin perusteella (sukupuoli-identiteetti, seksuaalinen suuntautuminen, ulkon\u00e4k\u00f6, ihonv\u00e4ri, tausta, vamma tai muu vastaava). Et voi tiet\u00e4\u00e4 toisen kokemuksia, ajatuksia ja el\u00e4m\u00e4ntilannetta, saati itsem\u00e4\u00e4ritelty\u00e4 identiteetti\u00e4 h\u00e4nen puolestaan.&nbsp;&nbsp;Vaikka teemmekin koko ajan oletuksia toisista, yrit\u00e4 tiedostaa omat oletuksesi ja ennakkoluulosi.<\/p>\n\n\n\n<p>\u25cf<strong>\u00c4l\u00e4 toisinna puheessasi, teoissasi tai k\u00e4yt\u00f6ksess\u00e4si rasistisia ja syrjivi\u00e4 stereotypioita edes \u201cvitsill\u00e4\u201d tai \u201cironisesti\u201d.<\/strong><\/p>\n\n\n\n<p>\u25cf<strong>K\u00e4sittele arkoja aiheita kunnioittavasti ja sensitiivisesti.<\/strong>&nbsp;Muista, ett\u00e4 ne voivat olla toisille henkil\u00f6kohtaisia. K\u00e4yt\u00e4 tarvittaessa sis\u00e4lt\u00f6varoituksia.<\/p>\n\n\n\n<p>\u25cf&nbsp;&nbsp;<strong>\u00c4l\u00e4 yleist\u00e4<\/strong>&nbsp;omaa kokemustasi muita koskevaksi. Muiden kokemusta ei ole sopivaa m\u00e4\u00e4ritell\u00e4 heid\u00e4n puolestaan.<\/p>\n\n\n\n<p>\u25cf&nbsp;<strong>Ole avoin ja kuuntele<\/strong>. \u00c4l\u00e4 kyseenalaista tai tuomitse toisen erilaisuutta. Vaadi kunnioitusta my\u00f6s itsellesi.<\/p>\n\n\n\n<p>\u25cf&nbsp;<strong>Anna tilaa<\/strong>. Huolehdi, ett\u00e4 kaikki tulevat keskustelussa kuulluksi ja p\u00e4\u00e4sev\u00e4t osalliseksi.<\/p>\n\n\n\n<p>\u25cf&nbsp;<strong>K\u00e4yt\u00e4 ket\u00e4\u00e4n syrjim\u00e4t\u00f6nt\u00e4 kielt\u00e4.&nbsp;<\/strong>\u00c4l\u00e4 halvenna tai nolaa toisia. \u00c4l\u00e4 kommentoi asiattomasti toisen ulkon\u00e4k\u00f6\u00e4 tai k\u00e4yt\u00e4 vamman tai terveydentilan perusteella halventavia termej\u00e4.<\/p>\n\n\n\n<p>\u25cf&nbsp;<strong>\u00c4l\u00e4 k\u00e4yt\u00e4<\/strong>&nbsp;hy\u00f6kk\u00e4\u00e4vi\u00e4 puheenvuoroja tai eleit\u00e4 toisia ihmisi\u00e4 kohtaan.<\/p>\n\n\n\n<p>\u25cf<strong>\u00c4l\u00e4 h\u00e4iritse<\/strong>&nbsp;ket\u00e4\u00e4n sanallisesti, koskemalla tai tuijottamalla.&nbsp;<strong><u>Ei tarkoittaa ei<\/u><\/strong>. Lopeta ja muuta k\u00e4yt\u00f6st\u00e4si, kun toinen sit\u00e4 pyyt\u00e4\u00e4. Se mik\u00e4 tuntuu sinusta hyv\u00e4lt\u00e4, ei v\u00e4ltt\u00e4m\u00e4tt\u00e4 toisen mielest\u00e4 tunnu samalta. Pyri tulkitsemaan tilannetta ja kuuntele toista osapuolta. Varmin toimintatapa on kysy\u00e4, kuunnella ja kunnioittaa.<\/p>\n\n\n\n<p>\u25cf<strong>Asiattomasta kohtelusta&nbsp;<\/strong>saa antaa asiallista ja rakentavaa palautetta. Jos joku antaa sinulle palautetta toiminnastasi, kuuntele palautteen antajaa. Suhtaudu avoimesti saamaasi palautteeseen ja huomioi palaute jatkossa.<\/p>\n\n\n\n<p>\u25cf&nbsp;<strong>Tunnista muiden voimavarat<\/strong>. \u00c4l\u00e4 oleta kaikkien pystyv\u00e4n siihen, mihin itse pystyt.&nbsp;Kunnioita jokaisen oikeutta ottaa taukoja, poistua tai olla osallistumatta tiettyihin toimintoihin, \u00e4l\u00e4k\u00e4 kyseenalaista syit\u00e4 t\u00e4h\u00e4n.<\/p>\n\n\n\n<p>\u25cf<strong>Jos kaipaat ongelmatilanteisiin apua tai tukea, \u00e4l\u00e4 ep\u00e4r\u00f6i pyyt\u00e4\u00e4 sit\u00e4.&nbsp;<\/strong>Palladion ry:ll\u00e4 on omat sosiaalipoliittiset- ja h\u00e4irint\u00e4vastaavat, ja tarvittaessa asia voidaan v\u00e4litt\u00e4\u00e4 eteenp\u00e4in TYYn vastuuhenkil\u00f6ille.&nbsp;<\/p>\n\n\n\n<p><br><em>Palladion ry h\u00e4irint\u00e4yhdyshenkil\u00f6t 2024-2025:<\/em><\/p>\n\n\n\n<p>Leila Karjalainen, lekarj@utu.fi<br>Aino Tuhkanen, aituhk@utu.fi<\/p>\n","protected":false},"excerpt":{"rendered":"<p>Turvallisemman tilan periaatteet\u200bPalladion ry16.3.2023 Turvallinen tila tarkoittaa, ett\u00e4 kaikilla on vapaus olla oma itsens\u00e4, ilmaista itse\u00e4\u00e4n vapaasti, asettaa omat rajansa ja olla osallinen kaikessa toiminnassa. Turvallisessa tilassa kaikki h\u00e4irint\u00e4 on ehdottomasti kielletty\u00e4. H\u00e4irint\u00e4\u00e4 on mik\u00e4 tahansa toiminta tai k\u00e4yt\u00f6s, joka on toista alistavaa, vihamielisen ja ep\u00e4miellytt\u00e4v\u00e4n ilmapiirin luomista tai ihmisen tai ihmisryhm\u00e4n uhkailua. Turvallisen tilan [&hellip;]<\/p>\n","protected":false},"author":3072,"featured_media":0,"parent":0,"menu_order":0,"comment_status":"closed","ping_status":"closed","template":"","meta":{"footnotes":""},"class_list":["post-16","page","type-page","status-publish","czr-hentry"],"_links":{"self":[{"href":"https:\/\/tyyala.utu.fi\/palladion\/wp-json\/wp\/v2\/pages\/16","targetHints":{"allow":["GET"]}}],"collection":[{"href":"https:\/\/tyyala.utu.fi\/palladion\/wp-json\/wp\/v2\/pages"}],"about":[{"href":"https:\/\/tyyala.utu.fi\/palladion\/wp-json\/wp\/v2\/types\/page"}],"author":[{"embeddable":true,"href":"https:\/\/tyyala.utu.fi\/palladion\/wp-json\/wp\/v2\/users\/3072"}],"replies":[{"embeddable":true,"href":"https:\/\/tyyala.utu.fi\/palladion\/wp-json\/wp\/v2\/comments?post=16"}],"version-history":[{"count":5,"href":"https:\/\/tyyala.utu.fi\/palladion\/wp-json\/wp\/v2\/pages\/16\/revisions"}],"predecessor-version":[{"id":350,"href":"https:\/\/tyyala.utu.fi\/palladion\/wp-json\/wp\/v2\/pages\/16\/revisions\/350"}],"wp:attachment":[{"href":"https:\/\/tyyala.utu.fi\/palladion\/wp-json\/wp\/v2\/media?parent=16"}],"curies":[{"name":"wp","href":"https:\/\/api.w.org\/{rel}","templated":true}]}}