{"id":148,"date":"2023-06-29T22:56:59","date_gmt":"2023-06-29T19:56:59","guid":{"rendered":"https:\/\/tyyala.utu.fi\/palladion\/?page_id=148"},"modified":"2023-07-22T22:58:49","modified_gmt":"2023-07-22T19:58:49","slug":"oppiaine-2","status":"publish","type":"page","link":"https:\/\/tyyala.utu.fi\/palladion\/oppiaine-2\/","title":{"rendered":"Oppiaine"},"content":{"rendered":"\n<blockquote class=\"wp-block-quote has-text-align-center is-style-default has-white-background-color has-text-color has-background has-medium-font-size is-layout-flow wp-block-quote-is-layout-flow\" style=\"color:#bf9002;font-style:normal;font-weight:400\">\n<p><\/p>\n<cite><mark style=\"background-color:#ffffff;color:#bf9002\" class=\"has-inline-color\">Klassillisten kielten ja antiikin kulttuurin oppiaineryhm\u00e4 yll\u00e4pit\u00e4\u00e4 <br>antiikin kielten ja kulttuurin tuntemusta,<br> joka on sek\u00e4 yliopistolaitoksen ett\u00e4 koko l\u00e4nsimaisen sivistyksen perusta.<\/mark><\/cite><\/blockquote>\n\n\n\n<p>Klassillisten kielten ja antiikin kulttuurin oppiaineryhm\u00e4n p\u00e4\u00e4ainevaihtoehdot ovat kreikkalainen filologia ja latinalainen filologia, mink\u00e4 lis\u00e4ksi sivuaineena voi lukea klassillista arkeologiaa. P\u00e4\u00e4aineopiskelijoiden kiinti\u00f6 on 8, mit\u00e4 ei etuk\u00e4teen jaeta kreikkalaisen filologian ja latinalaisen filologian kiinti\u00f6ihin. Kaikki kolme ainettamme ovat vapaita sivuaineita eli sivuaineopiskelijaksi p\u00e4\u00e4see ilmoittautumalla ilman sivuainekoetta. Aiempaa kokemusta kreikan ja latinan opiskelusta ei valintakokeessa tarvita, mutta jos n\u00e4it\u00e4 kieltenopintoja l\u00f6ytyy, on niill\u00e4 mahdollista hyv\u00e4ksilukea&nbsp;yliopiston kursseja.<\/p>\n\n\n\n<p><\/p>\n\n\n\n<p><\/p>\n\n\n\n<div class=\"wp-block-group\"><div class=\"wp-block-group__inner-container is-layout-constrained wp-block-group-is-layout-constrained\">\n<p>Oppiaineen virallisille verkkosivuille p\u00e4\u00e4set <a rel=\"noreferrer noopener\" href=\"https:\/\/www.utu.fi\/fi\/yliopisto\/humanistinen-tiedekunta\/klassilliset-kielet-ja-antiikin-kulttuuri\" data-type=\"URL\" data-id=\"https:\/\/www.utu.fi\/fi\/yliopisto\/humanistinen-tiedekunta\/klassilliset-kielet-ja-antiikin-kulttuuri\" target=\"_blank\">t\u00e4st\u00e4<\/a> ja intran sivuille <a href=\"https:\/\/intranet.utu.fi\/fi\/yksikot\/hum\/yksikot\/kkl\/oppiaineet\/klassilliset\/Sivut\/home.aspx\" data-type=\"URL\" data-id=\"https:\/\/intranet.utu.fi\/fi\/yksikot\/hum\/yksikot\/kkl\/oppiaineet\/klassilliset\/Sivut\/home.aspx\" target=\"_blank\" rel=\"noreferrer noopener\">t\u00e4st\u00e4<\/a>! Lis\u00e4ksi voit seurata oppiaineen arkea Instagramissa <a rel=\"noreferrer noopener\" href=\"https:\/\/www.instagram.com\/antiikinmaailmaty\/\" data-type=\"URL\" data-id=\"https:\/\/www.instagram.com\/antiikinmaailmaty\/\" target=\"_blank\">@antiikinmaailmaty<\/a>.<\/p>\n\n\n\n<p>Kattavat tiedot tutkinto-ohjelmasta l\u00f6yd\u00e4t <a rel=\"noreferrer noopener\" href=\"https:\/\/opintopolku.fi\/konfo\/fi\/toteutus\/1.2.246.562.17.00000000000000003484\" data-type=\"URL\" data-id=\"https:\/\/opintopolku.fi\/konfo\/fi\/toteutus\/1.2.246.562.17.00000000000000003484\" target=\"_blank\">Opintopolusta<\/a> ja yleisesti tietoa Turun yliopistoon hakemisesta&nbsp;<a rel=\"noreferrer noopener\" href=\"https:\/\/www.utu.fi\/fi\/opiskelijaksi\/hakeminen\" target=\"_blank\">t\u00e4\u00e4lt\u00e4<\/a>.<\/p>\n\n\n\n<p><\/p>\n<\/div><\/div>\n\n\n\n<p><\/p>\n\n\n\n<p><\/p>\n","protected":false},"excerpt":{"rendered":"<p>Klassillisten kielten ja antiikin kulttuurin oppiaineryhm\u00e4 yll\u00e4pit\u00e4\u00e4 antiikin kielten ja kulttuurin tuntemusta, joka on sek\u00e4 yliopistolaitoksen ett\u00e4 koko l\u00e4nsimaisen sivistyksen perusta. Klassillisten kielten ja antiikin kulttuurin oppiaineryhm\u00e4n p\u00e4\u00e4ainevaihtoehdot ovat kreikkalainen filologia ja latinalainen filologia, mink\u00e4 lis\u00e4ksi sivuaineena voi lukea klassillista arkeologiaa. P\u00e4\u00e4aineopiskelijoiden kiinti\u00f6 on 8, mit\u00e4 ei etuk\u00e4teen jaeta kreikkalaisen filologian ja latinalaisen filologian kiinti\u00f6ihin. [&hellip;]<\/p>\n","protected":false},"author":3072,"featured_media":0,"parent":0,"menu_order":0,"comment_status":"closed","ping_status":"closed","template":"","meta":{"footnotes":""},"class_list":["post-148","page","type-page","status-publish","czr-hentry"],"_links":{"self":[{"href":"https:\/\/tyyala.utu.fi\/palladion\/wp-json\/wp\/v2\/pages\/148","targetHints":{"allow":["GET"]}}],"collection":[{"href":"https:\/\/tyyala.utu.fi\/palladion\/wp-json\/wp\/v2\/pages"}],"about":[{"href":"https:\/\/tyyala.utu.fi\/palladion\/wp-json\/wp\/v2\/types\/page"}],"author":[{"embeddable":true,"href":"https:\/\/tyyala.utu.fi\/palladion\/wp-json\/wp\/v2\/users\/3072"}],"replies":[{"embeddable":true,"href":"https:\/\/tyyala.utu.fi\/palladion\/wp-json\/wp\/v2\/comments?post=148"}],"version-history":[{"count":12,"href":"https:\/\/tyyala.utu.fi\/palladion\/wp-json\/wp\/v2\/pages\/148\/revisions"}],"predecessor-version":[{"id":225,"href":"https:\/\/tyyala.utu.fi\/palladion\/wp-json\/wp\/v2\/pages\/148\/revisions\/225"}],"wp:attachment":[{"href":"https:\/\/tyyala.utu.fi\/palladion\/wp-json\/wp\/v2\/media?parent=148"}],"curies":[{"name":"wp","href":"https:\/\/api.w.org\/{rel}","templated":true}]}}