{"id":12,"date":"2023-04-05T13:51:23","date_gmt":"2023-04-05T10:51:23","guid":{"rendered":"https:\/\/tyyala.utu.fi\/palladion\/?page_id=12"},"modified":"2024-11-29T21:29:00","modified_gmt":"2024-11-29T18:29:00","slug":"toiminta","status":"publish","type":"page","link":"https:\/\/tyyala.utu.fi\/palladion\/toiminta\/","title":{"rendered":"Toiminta"},"content":{"rendered":"\n<p><\/p>\n\n\n\n<p>Palladionin tapahtumakalenteri t\u00e4yttyy joka vuosi monipuolisesta toiminnasta ja uusia ideoita otetaan aina avosylin vastaan.&nbsp;Kaikista tapahtumista tiedotetaan Palladionin s\u00e4hk\u00f6postilistalla ja viikkotiedotteessa,&nbsp;joista&nbsp;saat lis\u00e4\u00e4 tietoa kohdasta <a rel=\"noreferrer noopener\" href=\"https:\/\/tyyala.utu.fi\/palladion\/yhteystiedot\/\" data-type=\"URL\" data-id=\"https:\/\/tyyala.utu.fi\/palladion\/yhteystiedot\/\" target=\"_blank\">yhteystiedot<\/a>.<\/p>\n\n\n\n<p><strong>Caligula-lehti:&nbsp;<\/strong>Ainej\u00e4rjest\u00f6ll\u00e4mme on poliittisesti sitoutumaton&nbsp;<a href=\"https:\/\/tyyala.utu.fi\/palladion\/caligula\/\" data-type=\"URL\" data-id=\"https:\/\/tyyala.utu.fi\/palladion\/caligula\/\" target=\"_blank\" rel=\"noreferrer noopener\">lehti<\/a>, joka ilmestyy kerran lukuvuodessa. Kuka tahansa j\u00e4sen voi kirjoittaa lehteen oppiainetta, antiikkia tai muuta sopivaa aihetta k\u00e4sittelev\u00e4n jutun, oli kyseess\u00e4 sitten artikkeli, pakina, matkakertomus tms. Jutut l\u00e4hetet\u00e4\u00e4n toimitukselle, joka oikolukee ne ja taittaa lehden.<\/p>\n\n\n\n<p><strong>K\u00e4rsimyspiiri:<\/strong> Kokoonnumme s\u00e4\u00e4nn\u00f6llisen ep\u00e4s\u00e4\u00e4nn\u00f6llisesti leikkimielisesti nimettyyn k\u00e4rsimyspiiriin, jossa opiskelemme rennossa ilmapiiriss\u00e4 yleens\u00e4 pienen purtavan kera. Toisinaan k\u00e4ymme yhteisesti l\u00e4pi esimerkiksi kielioppia.<\/p>\n\n\n\n<p><strong>Latina-\/Kreikkakerho:&nbsp;<\/strong>Palladionin alainen vapaamuotoinen kerran viikossa kokoontuva kerho, jossa yrit\u00e4mme eri tavoin pit\u00e4\u00e4 latinan- ja kreikanopiskelua yll\u00e4 ja tehd\u00e4 kaikkea sellaista, mit\u00e4 muilla kursseilla ei ole aikaa tai resursseja tehd\u00e4. Joka toinen viikko kokoonnumme latinan ja joka toinen kreikan merkeiss\u00e4. T\u00e4h\u00e4n asti ohjelmanumeroita ovat olleet mm. sanelut, sanaristikot, tietokilpailut, yhdistelyteht\u00e4v\u00e4t sek\u00e4 toisinaan latinankielisi\u00e4 (ja v\u00e4hemm\u00e4ss\u00e4 m\u00e4\u00e4rin my\u00f6s kreikan-) lauluja YouTubesta tai muualta.&nbsp; Latina-\/Kreikkakerhon puheenjohtaja on&nbsp;<strong>Matti Virtanen&nbsp;<\/strong>(&lt;matti.a.virtanen89@gmail.com&gt;).&nbsp;<a href=\"https:\/\/www.facebook.com\/groups\/434224520116336\/?__fns&amp;hash=Ac1Nxz7B4PHq5kPK\" target=\"_blank\" rel=\"noreferrer noopener\">Linkki&nbsp;<\/a>kerhon FB-sivulle.<\/p>\n\n\n\n<p><strong>Leffaillat:<\/strong>&nbsp;Useamman kerran lukuvuoden aikana j\u00e4rjest\u00e4mme leffailtoja, joissa katsomme erilaisia antiikkiaiheisia elokuvia. Ilta j\u00e4rjestet\u00e4\u00e4n yleens\u00e4 jonkun j\u00e4senemme kotona, jonne kaikki tuovat jotain naposteltavaa. Kuka tahansa j\u00e4senist\u00e4mme voi ehdottaa elokuvia leffailtaa varten.<\/p>\n\n\n\n<p><strong>Muut juhlat:&nbsp;<\/strong>Palladion juhlii&nbsp;my\u00f6s sellaisia vuosittaisia tapahtumia kuin vappu, Halloween&nbsp;ja pikkujoulut&nbsp;&#8211; teeman mukaisesti&nbsp;tietenkin! Lis\u00e4ksi kev\u00e4\u00e4n lopuksi j\u00e4rjestet\u00e4\u00e4n kev\u00e4tjuhla. Joka syksy fukseille j\u00e4rjestet\u00e4\u00e4n tutustumisilta ja kastajaiset.<\/p>\n\n\n\n<p><strong>Myyj\u00e4iset:&nbsp;<\/strong>Muutaman kerran&nbsp;vuodessa&nbsp;pidet\u00e4\u00e4n yliopiston tiloissa&nbsp;myyj\u00e4iset,&nbsp;joihin Palladion kaipaa j\u00e4senist\u00f6\u00e4\u00e4n myyjiksi ja&nbsp;myyt\u00e4vien valmistajiksi.&nbsp;<\/p>\n\n\n\n<p><\/p>\n","protected":false},"excerpt":{"rendered":"<p>Palladionin tapahtumakalenteri t\u00e4yttyy joka vuosi monipuolisesta toiminnasta ja uusia ideoita otetaan aina avosylin vastaan.&nbsp;Kaikista tapahtumista tiedotetaan Palladionin s\u00e4hk\u00f6postilistalla ja viikkotiedotteessa,&nbsp;joista&nbsp;saat lis\u00e4\u00e4 tietoa kohdasta yhteystiedot. Caligula-lehti:&nbsp;Ainej\u00e4rjest\u00f6ll\u00e4mme on poliittisesti sitoutumaton&nbsp;lehti, joka ilmestyy kerran lukuvuodessa. Kuka tahansa j\u00e4sen voi kirjoittaa lehteen oppiainetta, antiikkia tai muuta sopivaa aihetta k\u00e4sittelev\u00e4n jutun, oli kyseess\u00e4 sitten artikkeli, pakina, matkakertomus tms. Jutut l\u00e4hetet\u00e4\u00e4n [&hellip;]<\/p>\n","protected":false},"author":3072,"featured_media":0,"parent":0,"menu_order":0,"comment_status":"closed","ping_status":"closed","template":"","meta":{"footnotes":""},"class_list":["post-12","page","type-page","status-publish","czr-hentry"],"_links":{"self":[{"href":"https:\/\/tyyala.utu.fi\/palladion\/wp-json\/wp\/v2\/pages\/12","targetHints":{"allow":["GET"]}}],"collection":[{"href":"https:\/\/tyyala.utu.fi\/palladion\/wp-json\/wp\/v2\/pages"}],"about":[{"href":"https:\/\/tyyala.utu.fi\/palladion\/wp-json\/wp\/v2\/types\/page"}],"author":[{"embeddable":true,"href":"https:\/\/tyyala.utu.fi\/palladion\/wp-json\/wp\/v2\/users\/3072"}],"replies":[{"embeddable":true,"href":"https:\/\/tyyala.utu.fi\/palladion\/wp-json\/wp\/v2\/comments?post=12"}],"version-history":[{"count":4,"href":"https:\/\/tyyala.utu.fi\/palladion\/wp-json\/wp\/v2\/pages\/12\/revisions"}],"predecessor-version":[{"id":364,"href":"https:\/\/tyyala.utu.fi\/palladion\/wp-json\/wp\/v2\/pages\/12\/revisions\/364"}],"wp:attachment":[{"href":"https:\/\/tyyala.utu.fi\/palladion\/wp-json\/wp\/v2\/media?parent=12"}],"curies":[{"name":"wp","href":"https:\/\/api.w.org\/{rel}","templated":true}]}}