{"id":7,"date":"2007-02-12T23:59:32","date_gmt":"2007-02-12T21:59:32","guid":{"rendered":"http:\/\/org.utu.fi:80\/tyyala\/muusa\/?page_id=7"},"modified":"2020-01-22T13:17:05","modified_gmt":"2020-01-22T11:17:05","slug":"hallitus","status":"publish","type":"page","link":"https:\/\/tyyala.utu.fi\/muusa\/hallitus\/","title":{"rendered":"Hallitus ja yhteystiedot"},"content":{"rendered":"<header class=\"entry-header\">\n<p class=\"entry-content\">Ainej\u00e4rjest\u00f6mme hallituksessa on kymmenisen j\u00e4sent\u00e4 ja kynnys liittymiseen on matala: hyv\u00e4n kokoisessa ja tutussa porukassa on helppo p\u00e4\u00e4st\u00e4 vaikuttamaan. Kokouksia Muusa pit\u00e4\u00e4 pitkin vuotta, ja kokouskutsut (eli miss\u00e4 ja milloin) tulevat Muusa-s\u00e4hk\u00f6postilistalle. Tule mukaan!<\/p>\n<\/header>\n<div class=\"entry-content\">\n<p align=\"LEFT\">Muusaan<b> saat yhteyden<\/b> hallituksen s\u00e4hk\u00f6postilistan kautta: <i>muusahallitus [ @ ] utu.fi<\/i> tai ottamalla yhteytt\u00e4 hallituksen j\u00e4seniin henkil\u00f6kohtaisesti, kts. osoitteet alla.<\/p>\n<p align=\"LEFT\">S\u00e4hk\u00f6postilistojen <b>liittymis- ja poistumispyynn\u00f6t<\/b> verkkovastaava Karoliinalle <em>kamaleh\u00a0[@] utu.fi.<\/em><\/p>\n<p align=\"LEFT\">Muusan <b>postiosoite <\/b>on sama kuin oppiaineellammekin<\/p>\n<p align=\"LEFT\"><i>Muusa c\/o Kotimainen kirjallisuus<\/i><\/p>\n<p align=\"LEFT\"><i><\/i><i>Kaivokatu 12 <\/i><i>20014\u00a0<\/i><i>Turun yliopisto<\/i><\/p>\n<h3 align=\"LEFT\"><b>Muusan hallitus vuonna 2020:<\/b><\/h3>\n<p align=\"LEFT\">Puheenjohtaja: Juuli Lappalainen, <em>jklapp\u00a0[@] utu.fi<\/em><\/p>\n<p align=\"LEFT\">Varapuheenjohtaja: Ida Salonen, <em>idmsal\u00a0[@] utu.fi<\/em><\/p>\n<p align=\"LEFT\">Rahastonhoitaja: Kati Surakka,\u00a0<em>kahasu [@] utu.fi<\/em><\/p>\n<p align=\"LEFT\">Sihteeri: Ennu Leiwo, <em>enleiw\u00a0[@] utu.fi<\/em><\/p>\n<p align=\"LEFT\">Tiedottaja: Joel Suontama, <em>josuon [@] utu.fi<\/em><\/p>\n<p align=\"LEFT\">Juhlavastaava: Ruusa Auvinen, <em>vpauvi\u00a0[@] utu.fi<\/em><\/p>\n<p align=\"LEFT\">Juhlavastaava: Joel Suontama, <em>josuon [@] utu.fi<\/em><\/p>\n<p align=\"LEFT\">Koulutuspoliittinen vastaava: Emma Isaksson, <em>eoisak [@] utu.fi<\/em><\/p>\n<p align=\"LEFT\">Koulutuspoliittinen vastaava: Karoliina Lehtinen, <em>kamaleh [@] utu.fi<\/em><\/p>\n<p align=\"LEFT\">Kulttuurivastaava: Emma Isaksson, <em>eoisak<\/em> <em>[@] utu.fi<\/em><\/p>\n<p align=\"LEFT\">Liikuntavastaava: Joel Suontama, <em>josuon [@] utu.fi<\/em><\/p>\n<p align=\"LEFT\">Myyj\u00e4isvastaava: Ruusa Auvinen, <em>vpauvi\u00a0[@] utu.fi<\/em><\/p>\n<p align=\"LEFT\">Sosiaalipoliittinen vastaava: Ida Salonen, <em>idmsal [@] utu.fi<\/em><\/p>\n<p align=\"LEFT\">Verkkovastaava: Karoliina Lehtinen, <em>kamaleh [@] utu.fi<\/em><\/p>\n<h3 align=\"LEFT\"><strong>Hallituksen ulkopuoliset virat:<\/strong><\/h3>\n<p>Kirjamessuseminaarivastaava: Juuli Lappalainen, <em>jklapp [@] utu.fi<\/em><\/p>\n<p align=\"LEFT\">Kirjamessuyhteisty\u00f6vastaava: Ennu Leiwo, <em>enleiw [@] utu.fi<\/em><\/p>\n<p align=\"LEFT\">Oheisen p\u00e4\u00e4toimittajat: Joel Suontama, <em>josuon\u00a0[@] utu.fi <\/em>ja Emma Isaksson, <em>eoisak\u00a0[@] utu.fi<\/em><\/p>\n<p>Lukupiirivastaava: Liisa Merivuori, <em>liisa.a.merivuori [a] utu.fi<\/em><\/p>\n<p align=\"LEFT\">TAKU-vastaava: Karoliina Lehtinen, <em>kamaleh\u00a0[@] utu.fi<\/em><\/p>\n<p align=\"LEFT\">Talovastaava: Ida Salonen, <em>idmsal [@] utu.fi<\/em><\/p>\n<p align=\"LEFT\">Yhdenvertaisuusvastaava: Ruusa Auvinen, <em>vpauvi\u00a0[@] utu.fi<\/em><\/p>\n<p align=\"LEFT\">Ymp\u00e4rist\u00f6vastaava: Juuli Lappalainen, <em>jklapp\u00a0[@] utu.fi<\/em><\/p>\n<p align=\"LEFT\">Tuutorivastaava: Emma Isaksson, <em>eoisak [@] utu.fi<\/em><\/p>\n<p align=\"LEFT\">Jalkapallomanageri: Juha V\u00e4is\u00e4nen,<em> juha.e.vaisanen [@] utu.fi<\/em><\/p>\n<p align=\"LEFT\">\n<\/div>\n","protected":false},"excerpt":{"rendered":"<p>Ainej\u00e4rjest\u00f6mme hallituksessa on kymmenisen j\u00e4sent\u00e4 ja kynnys liittymiseen on matala: hyv\u00e4n kokoisessa ja tutussa porukassa on helppo p\u00e4\u00e4st\u00e4 vaikuttamaan. Kokouksia Muusa pit\u00e4\u00e4 pitkin vuotta, ja kokouskutsut (eli miss\u00e4 ja milloin) tulevat Muusa-s\u00e4hk\u00f6postilistalle. Tule mukaan! Muusaan saat yhteyden hallituksen s\u00e4hk\u00f6postilistan kautta: muusahallitus [ @ ] utu.fi tai ottamalla yhteytt\u00e4 hallituksen j\u00e4seniin henkil\u00f6kohtaisesti, kts. osoitteet alla. S\u00e4hk\u00f6postilistojen [&hellip;]<\/p>\n","protected":false},"author":259,"featured_media":0,"parent":0,"menu_order":0,"comment_status":"open","ping_status":"closed","template":"","meta":{"footnotes":""},"class_list":["post-7","page","type-page","status-publish","hentry","post-preview"],"_links":{"self":[{"href":"https:\/\/tyyala.utu.fi\/muusa\/wp-json\/wp\/v2\/pages\/7","targetHints":{"allow":["GET"]}}],"collection":[{"href":"https:\/\/tyyala.utu.fi\/muusa\/wp-json\/wp\/v2\/pages"}],"about":[{"href":"https:\/\/tyyala.utu.fi\/muusa\/wp-json\/wp\/v2\/types\/page"}],"author":[{"embeddable":true,"href":"https:\/\/tyyala.utu.fi\/muusa\/wp-json\/wp\/v2\/users\/259"}],"replies":[{"embeddable":true,"href":"https:\/\/tyyala.utu.fi\/muusa\/wp-json\/wp\/v2\/comments?post=7"}],"version-history":[{"count":41,"href":"https:\/\/tyyala.utu.fi\/muusa\/wp-json\/wp\/v2\/pages\/7\/revisions"}],"predecessor-version":[{"id":675,"href":"https:\/\/tyyala.utu.fi\/muusa\/wp-json\/wp\/v2\/pages\/7\/revisions\/675"}],"wp:attachment":[{"href":"https:\/\/tyyala.utu.fi\/muusa\/wp-json\/wp\/v2\/media?parent=7"}],"curies":[{"name":"wp","href":"https:\/\/api.w.org\/{rel}","templated":true}]}}