{"id":696,"date":"2020-01-22T16:44:28","date_gmt":"2020-01-22T14:44:28","guid":{"rendered":"http:\/\/tyyala.utu.fi\/muusa\/?page_id=696"},"modified":"2020-01-29T12:30:16","modified_gmt":"2020-01-29T10:30:16","slug":"muusa-ryn-turvallisemman-tilan-periaatteet","status":"publish","type":"page","link":"https:\/\/tyyala.utu.fi\/muusa\/tapahtumakalenteri\/muusa-ryn-turvallisemman-tilan-periaatteet\/","title":{"rendered":"Muusa ry:n turvallisemman tilan periaatteet"},"content":{"rendered":"\n<p><\/p>\n\n\n\n<p>Haluamme, ett\u00e4 kaikki voivat tuntea olonsa turvalliseksi ja hyv\u00e4ksytyksi Muusa ry:n tapahtumissa, joten noudatamme niiss\u00e4 seuraavia periaatteita.<\/p>\n\n\n\n<p><br>1. Muusa ry:n j\u00e4rjest\u00e4miss\u00e4 tapahtumissa ei suvaita rasismia, homofobiaa, transfobiaa, ableismia tai mit\u00e4\u00e4n muuta ihmisyytt\u00e4 loukkaavaa toimintaa.&nbsp;<\/p>\n\n\n\n<p>2. \u00c4l\u00e4 oleta kenenk\u00e4\u00e4n sukupuolta, kansallisuutta, seksuaalista suuntautumista, kulttuuria, kielt\u00e4, uskontoa, arvoja tai toimintakyky\u00e4.&nbsp;<\/p>\n\n\n\n<p>3. Kunnioita toisten koskemattomuutta ja omaa tilaa. Ei tarkoittaa ei. Jokaisella on my\u00f6s oikeus poistua ep\u00e4mukavaksi koetusta tilanteesta tai keskustelusta.&nbsp;<\/p>\n\n\n\n<p>4. Jokaisella ihmisell\u00e4 on oikeus olla oma itsens\u00e4 ja tulla kunnioitetuksi. \u00c4l\u00e4 siis kommentoi kenenk\u00e4\u00e4n ulkon\u00e4k\u00f6\u00e4, olemusta tai tapoja toimia.&nbsp;<\/p>\n\n\n\n<p>5. Mik\u00e4li havaitset ep\u00e4asiallista k\u00e4yt\u00f6st\u00e4, \u00e4l\u00e4 ep\u00e4r\u00f6i puuttua k\u00e4yt\u00f6kseen tai ilmoittaa siit\u00e4 eteenp\u00e4in.&nbsp;<\/p>\n\n\n\n<p>6. Mik\u00e4li kohtaat ep\u00e4asiallista k\u00e4yt\u00f6st\u00e4 tai koet olosi uhatuksi, \u00e4l\u00e4 ep\u00e4r\u00f6i pyyt\u00e4\u00e4 apua heti.&nbsp;<\/p>\n\n\n\n<p>7. Jos vahingossa loukkaat toista, pyyd\u00e4 anteeksi.&nbsp;<\/p>\n\n\n\n<p>8. \u00c4l\u00e4 k\u00e4yt\u00e4 puhuessasi halventavaa tai toiseuttavaa kielt\u00e4.&nbsp;<\/p>\n\n\n\n<p>9. V\u00e4lt\u00e4 juoruilua ja spekulointia.&nbsp;<\/p>\n\n\n\n<p>10. Ole avoin muiden mielipiteille, vaikka ne poikkeaisivatkin omistasi. Asioista on mahdollista keskustella rakentavasti loukkaamatta toista. <\/p>\n","protected":false},"excerpt":{"rendered":"<p>Haluamme, ett\u00e4 kaikki voivat tuntea olonsa turvalliseksi ja hyv\u00e4ksytyksi Muusa ry:n tapahtumissa, joten noudatamme niiss\u00e4 seuraavia periaatteita. 1. Muusa ry:n j\u00e4rjest\u00e4miss\u00e4 tapahtumissa ei suvaita rasismia, homofobiaa, transfobiaa, ableismia tai mit\u00e4\u00e4n muuta ihmisyytt\u00e4 loukkaavaa toimintaa.&nbsp; 2. \u00c4l\u00e4 oleta kenenk\u00e4\u00e4n sukupuolta, kansallisuutta, seksuaalista suuntautumista, kulttuuria, kielt\u00e4, uskontoa, arvoja tai toimintakyky\u00e4.&nbsp; 3. Kunnioita toisten koskemattomuutta ja omaa tilaa. [&hellip;]<\/p>\n","protected":false},"author":259,"featured_media":0,"parent":46,"menu_order":0,"comment_status":"closed","ping_status":"closed","template":"","meta":{"footnotes":""},"class_list":["post-696","page","type-page","status-publish","hentry","post-preview"],"_links":{"self":[{"href":"https:\/\/tyyala.utu.fi\/muusa\/wp-json\/wp\/v2\/pages\/696","targetHints":{"allow":["GET"]}}],"collection":[{"href":"https:\/\/tyyala.utu.fi\/muusa\/wp-json\/wp\/v2\/pages"}],"about":[{"href":"https:\/\/tyyala.utu.fi\/muusa\/wp-json\/wp\/v2\/types\/page"}],"author":[{"embeddable":true,"href":"https:\/\/tyyala.utu.fi\/muusa\/wp-json\/wp\/v2\/users\/259"}],"replies":[{"embeddable":true,"href":"https:\/\/tyyala.utu.fi\/muusa\/wp-json\/wp\/v2\/comments?post=696"}],"version-history":[{"count":2,"href":"https:\/\/tyyala.utu.fi\/muusa\/wp-json\/wp\/v2\/pages\/696\/revisions"}],"predecessor-version":[{"id":702,"href":"https:\/\/tyyala.utu.fi\/muusa\/wp-json\/wp\/v2\/pages\/696\/revisions\/702"}],"up":[{"embeddable":true,"href":"https:\/\/tyyala.utu.fi\/muusa\/wp-json\/wp\/v2\/pages\/46"}],"wp:attachment":[{"href":"https:\/\/tyyala.utu.fi\/muusa\/wp-json\/wp\/v2\/media?parent=696"}],"curies":[{"name":"wp","href":"https:\/\/api.w.org\/{rel}","templated":true}]}}