{"id":66,"date":"2010-10-10T09:41:18","date_gmt":"2010-10-10T07:41:18","guid":{"rendered":"http:\/\/org.utu.fi\/tyyala\/muusa\/?page_id=66"},"modified":"2018-04-23T10:41:50","modified_gmt":"2018-04-23T08:41:50","slug":"saannot","status":"publish","type":"page","link":"https:\/\/tyyala.utu.fi\/muusa\/saannot\/","title":{"rendered":"S\u00e4\u00e4nn\u00f6t"},"content":{"rendered":"<p><strong>Muusa ry:n voimassaolevat s\u00e4\u00e4nn\u00f6t<\/strong><\/p>\n<p>1\u00a7 Yhdistyksen nimi<\/p>\n<p>Yhdistyksen nimi on Muusa ry ja sen kotipaikka on Turku. Se on kotimaisen kirjallisuuden opiskelijoiden yhdistys, ja toimii Turun yliopiston ylioppilaskunnan alayhdistyksen\u00e4.<\/p>\n<p>2\u00a7 Yhdistyksen tarkoitus<\/p>\n<p>Yhdistyksen tarkoituksena on toimia edunvalvonta- ja virkistysj\u00e4rjest\u00f6n\u00e4. Se pyrkii toiminnallaan edist\u00e4m\u00e4\u00e4n ja valvomaan j\u00e4sentens\u00e4 opintoihin liittyvi\u00e4 yleisi\u00e4 ja yhteisi\u00e4 etuja, tukemaan j\u00e4sentens\u00e4 opintoja ja luomaan sosiaalisia kontakteja opiskelijoiden v\u00e4lille. Tarkoituksen toteuttamiseksi yhdistys j\u00e4rjest\u00e4\u00e4<\/p>\n<ul>\n<li>kokoustoimintaa<\/li>\n<li>julkaisu- ja tiedotustoimintaa<\/li>\n<li>kulttuuritoimintaa<\/li>\n<li>seminaareja<\/li>\n<li>matkoja<\/li>\n<li>yhteydenpitoa koti- ja ulkomaisiin j\u00e4rjest\u00f6ihin<\/li>\n<li>opintopolitiikan suunnittelua<\/li>\n<\/ul>\n<p>Toimintansa tukemiseksi yhdistys ker\u00e4\u00e4 j\u00e4senmaksuja, ottaa vastaan avustuksia sek\u00e4 lahjoituksia ja hankkii varallisuutta myyj\u00e4isill\u00e4 ja hihamerkkien myynnill\u00e4, sek\u00e4 muulla vastaavanlaisella toiminnalla. Yhdistys voi hankkia ja hallita kiinte\u00e4\u00e4 ja irtainta omaisuutta.<\/p>\n<p>3\u00a7 Yhdistyksen varsinainen j\u00e4senyys<\/p>\n<p>Yhdistykseen voi liitty\u00e4 varsinaiseksi j\u00e4seneksi jokainen Turun yliopistossa kotimaista kirjallisuutta opiskeleva tai opiskellut henkil\u00f6. Yhdistyksen kokous voi hyv\u00e4ksy\u00e4 varsinaiseksi j\u00e4seneksi my\u00f6s jokaisen, joka haluaa toimia yhdistyksen tarkoituksen toteuttamiseksi. Varsinainen j\u00e4sen voi erota yhdistyksest\u00e4 ilmoittamalla siit\u00e4 kirjallisesti hallitukselle tai sen puheenjohtajalle tai ilmoittamalla eroamisesta yhdistyksen kokouksessa, jolloin ero kirjataan p\u00f6yt\u00e4kirjaan. Hallitus voi erottaa yhdistyksen varsinaisesta j\u00e4senyydest\u00e4 henkil\u00f6n, joka ei ole maksanut j\u00e4senmaksuaan toimikauden aikana. Yhdistyksen varsinaiseksi j\u00e4seneksi voi liitty\u00e4 henkil\u00f6, joka maksaa j\u00e4senmaksun joko yhdeksi (1) tai viideksi (5) vuodeksi. Viiden (5) vuoden j\u00e4senmaksun suuruuden p\u00e4\u00e4tt\u00e4\u00e4 yhdistyksen syyskokous. Yhden (1) vuoden j\u00e4senmaksu on yksi viidesosa (1\/5) yhdistyksen syyskokouksen p\u00e4\u00e4tt\u00e4m\u00e4st\u00e4 viiden (5) vuoden j\u00e4senmaksusta.<\/p>\n<p>4\u00a7 Yhdistyksen kannatusj\u00e4senyys<\/p>\n<p>Yhdistyksen kannatusj\u00e4seneksi voidaan hyv\u00e4ksy\u00e4 yksityishenkil\u00f6, joka haluaa tukea yhdistyksen tarkoitusta. Kannatusj\u00e4senet hyv\u00e4ksyy hakemuksesta yhdistyksen hallitus. Tullakseen hyv\u00e4ksytyksi yhdistyksen kannatusj\u00e4seneksi, on j\u00e4senehdokkaan saatava v\u00e4hint\u00e4\u00e4n kahden kolmasosan (2\/3) \u00e4\u00e4ntenenemmist\u00f6 annetuista \u00e4\u00e4nist\u00e4 puoltamaan j\u00e4senyytt\u00e4\u00e4n. Kannatusj\u00e4senell\u00e4 on l\u00e4sn\u00e4olo-oikeus ja puheoikeus yhdistyksen kokouksessa. Kannatusj\u00e4senilt\u00e4 peritt\u00e4v\u00e4n vuosittaisen j\u00e4senmaksun suuruuden p\u00e4\u00e4tt\u00e4\u00e4 vuosittain yhdistyksen syyskokous.<\/p>\n<p>5\u00a7 Yhdistyksen kunniaj\u00e4senyys<\/p>\n<p>Yhdistyksen kunniaj\u00e4seneksi hallituksen kokous voi yksimielisell\u00e4 p\u00e4\u00e4t\u00f6ksell\u00e4\u00e4n kutsua henkil\u00f6n, jolle yhdistys haluaa osoittaa tunnustusta yhdistyksen tarkoituksen hyv\u00e4ksi suoritetusta toiminnasta. Kunniaj\u00e4senell\u00e4 on l\u00e4sn\u00e4olo-oikeus ja puheoikeus yhdistyksen kokouksessa. Yhdistyksen kunniaj\u00e4senelt\u00e4 ei perit\u00e4 j\u00e4senmaksua.<\/p>\n<p>6\u00a7 Yhdistyksen tili- ja toimikausi<\/p>\n<p>Yhdistyksen tili- ja toimikausi alkaa 1.1. ja p\u00e4\u00e4ttyy 31.12. Tilit, vuosikertomus ja muut tarpeelliset asiakirjat on annettava viimeist\u00e4\u00e4n kolme viikkoa ennen kev\u00e4tkokousta toiminnantarkastajille hallinnon ja tilien tarkastusta varten. Toiminnantarkastajien tulee antaa kirjallinen lausunto hallitukselle viimeist\u00e4\u00e4n kaksi viikkoa ennen kev\u00e4tkokousta.<\/p>\n<p>7\u00a7Yhdistyksen hallitus<\/p>\n<p>Yhdistyksen asioita ja omaisuutta hoitaa syyskokouksessa kalenterivuodeksi valittu hallitus, johon kuuluu puheenjohtaja, varapuheenjohtaja, sihteeri, rahastonhoitaja ja 4 &#8211; 7 muuta j\u00e4sent\u00e4 sek\u00e4 0-2 varaj\u00e4sent\u00e4. Hallitus on p\u00e4\u00e4t\u00f6svaltainen, jos puheenjohtajan tai h\u00e4nen estyneen\u00e4 ollessaan varapuheenjohtajan lis\u00e4ksi v\u00e4hint\u00e4\u00e4n kolme hallituksen j\u00e4sent\u00e4 on l\u00e4sn\u00e4. Hallituksen tai yhdistyksen kokous voi asettaa toimikuntia suunnittelemaan ja suorittamaan erityisi\u00e4 teht\u00e4vi\u00e4 ja valita toimihenkil\u00f6it\u00e4, kuten tiedotussihteeri, kulttuurisihteeri, ulkoasiainhoitaja, julkaisujen toimittaja tai matkailusihteeri, jotka toimivat hallituksen alaisina ja valvonnassa.<\/p>\n<p>8\u00a7 Yhdistyksen nimenkirjoittajat<\/p>\n<p>Yhdistyksen nimen kirjoittavat hallituksen puheenjohtaja, varapuheenjohtaja, sihteeri tai rahastonhoitaja kaksi yhdess\u00e4 tai rahastonhoitaja tai puheenjohtaja yksin. Kaikki hallituksen j\u00e4senet ovat oikeutetut saamaan pankkitilien saldot.<\/p>\n<p>9\u00a7Yhdistyksen kokouksen koollekutsuminen<\/p>\n<p>Hallitus kutsuu yhdistyksen kokouksen koolle v\u00e4hint\u00e4\u00e4n seitsem\u00e4n (7) p\u00e4iv\u00e4\u00e4 ennen kokousta j\u00e4rjest\u00f6n s\u00e4hk\u00f6postilistan kautta ja mahdollisesti sosiaalista mediaa hyv\u00e4ksi k\u00e4ytt\u00e4en. Yhdistys on kutsuttava koolle, mik\u00e4li kymmenesosa (1\/10) yhdistyksen \u00e4\u00e4nioikeutetuista j\u00e4senist\u00e4 sit\u00e4 kirjallisesti hallitukselta pyyt\u00e4\u00e4. Hallituksen on kutsuttava kokous koolle v\u00e4hint\u00e4\u00e4n kuukauden kuluessa siit\u00e4, kun pyynt\u00f6 on saapunut.<\/p>\n<p>10\u00a7 Yhdistyksen s\u00e4\u00e4nt\u00f6m\u00e4\u00e4r\u00e4iset kokoukset<\/p>\n<p>Yhdistyksen syyskokouksessa, joka pidet\u00e4\u00e4n marras-joulukuussa, k\u00e4sitell\u00e4\u00e4n seuraavat asiat:<\/p>\n<ol>\n<li>Valtiaan kokouksen puheenjohtaja, sihteeri ja p\u00f6yt\u00e4kirjantarkastajat.<\/li>\n<li>Todetaan kokouksen laillisuus.<\/li>\n<li>Vahvistetaan toimintasuunnitelma, j\u00e4senmaksun suuruus ja talousarvio seuraavaksi toimikaudeksi.<\/li>\n<li>Valitaan hallituksen puheenjohtaja, muut hallituksen j\u00e4senet, hallituksen mahdolliset varaj\u00e4senet ja hallituksen ulkopuolisien virkojen edustajat sek\u00e4 kaksi toiminnantarkastajaa ja n\u00e4iden varahenkil\u00f6t.<\/li>\n<li>K\u00e4sitell\u00e4\u00e4n muut hallituksen ehdottamat asiat.<\/li>\n<\/ol>\n<p>Yhdistyksen kev\u00e4tkokouksessa, joka pidet\u00e4\u00e4n helmi-maaliskuussa, k\u00e4sitell\u00e4\u00e4n seuraavat asiat:<\/p>\n<ol>\n<li>Valitaan kokouksen puheenjohtaja, sihteeri ja p\u00f6yt\u00e4kirjantarkastajat.<\/li>\n<li>Todetaan kokouksen laillisuus.<\/li>\n<li>Esitet\u00e4\u00e4n vuosikertomus, tilinp\u00e4\u00e4t\u00f6s ja toiminnantarkastajien lausunto.<\/li>\n<li>Vahvistetaan tilinp\u00e4\u00e4t\u00f6s.<\/li>\n<li>P\u00e4\u00e4tet\u00e4\u00e4n tili ja vastuuvapauden my\u00f6nt\u00e4misest\u00e4 hallitukselle.<\/li>\n<li>K\u00e4sitell\u00e4\u00e4n muut hallituksen esitt\u00e4m\u00e4t asiat.<\/li>\n<\/ol>\n<p>11\u00a7 \u00c4\u00e4nioikeus yhdistyksen kokouksessa<\/p>\n<p>Kokouksessa jokaisella l\u00e4sn\u00e4 olevalla varsinaisella j\u00e4senell\u00e4 on yksi \u00e4\u00e4ni. Valtakirjaa k\u00e4ytt\u00e4en ei saa \u00e4\u00e4nest\u00e4\u00e4. P\u00e4\u00e4t\u00f6kset tehd\u00e4\u00e4n yksinkertaisella \u00e4\u00e4ntenenemmist\u00f6ll\u00e4, ellei n\u00e4iss\u00e4 s\u00e4\u00e4nn\u00f6iss\u00e4 toisin m\u00e4\u00e4r\u00e4t\u00e4. \u00c4\u00e4nten menness\u00e4 tasan puheenjohtajan \u00e4\u00e4ni ratkaisee, vaaleissa ratkaiseva tekij\u00e4 on arpa.<\/p>\n<p>12\u00a7 Yhdistyksen s\u00e4\u00e4nt\u00f6jen muuttaminen<\/p>\n<p>Jos ehdotus koskee yhdistyksen s\u00e4\u00e4nt\u00f6jen muuttamista, vaaditaan p\u00e4\u00e4t\u00f6ksen hyv\u00e4ksymiseksi v\u00e4hint\u00e4\u00e4n kaksi kolmasosaa (2\/3) kaikista yhdistyksen kokouksessa annetuista \u00e4\u00e4nist\u00e4.<\/p>\n<p>13\u00a7 Yhteis\u00f6ihin liittyminen<\/p>\n<p>Yhdistys voi liitty\u00e4 yhteis\u00f6\u00f6n, jonka tarkoitus tukee yhdistyksen tarkoitusta. P\u00e4\u00e4t\u00f6s t\u00e4llaiseen yhteis\u00f6\u00f6n liittymisest\u00e4 tai siit\u00e4 eroamisesta on teht\u00e4v\u00e4 yhdistyksen kokouksessa.<\/p>\n<p>14\u00a7 Yhdistyksen lopettaminen<\/p>\n<p>Yhdistys voidaan lopettaa, mik\u00e4li kaksi kolmasosaa (2\/3) annetuista \u00e4\u00e4nist\u00e4 kahdessa per\u00e4tt\u00e4isess\u00e4 kokouksessa kannattaa purkautumisehdotusta. Mik\u00e4li yhdistys purkautuu tai lakkautetaan, k\u00e4ytet\u00e4\u00e4n yhdistyksen varat yhdistyksen edist\u00e4miseen purkautumisesta p\u00e4\u00e4tt\u00e4v\u00e4n kokouksen m\u00e4\u00e4r\u00e4\u00e4m\u00e4ll\u00e4 tavalla.<\/p>\n<p>N\u00e4m\u00e4 s\u00e4\u00e4nn\u00f6t ovat voimassa 20.9.2017 eteenp\u00e4in.<\/p>\n","protected":false},"excerpt":{"rendered":"<p>Muusa ry:n voimassaolevat s\u00e4\u00e4nn\u00f6t 1\u00a7 Yhdistyksen nimi Yhdistyksen nimi on Muusa ry ja sen kotipaikka on Turku. Se on kotimaisen kirjallisuuden opiskelijoiden yhdistys, ja toimii Turun yliopiston ylioppilaskunnan alayhdistyksen\u00e4. 2\u00a7 Yhdistyksen tarkoitus Yhdistyksen tarkoituksena on toimia edunvalvonta- ja virkistysj\u00e4rjest\u00f6n\u00e4. Se pyrkii toiminnallaan edist\u00e4m\u00e4\u00e4n ja valvomaan j\u00e4sentens\u00e4 opintoihin liittyvi\u00e4 yleisi\u00e4 ja yhteisi\u00e4 etuja, tukemaan j\u00e4sentens\u00e4 opintoja [&hellip;]<\/p>\n","protected":false},"author":259,"featured_media":0,"parent":0,"menu_order":0,"comment_status":"open","ping_status":"closed","template":"","meta":{"footnotes":""},"class_list":["post-66","page","type-page","status-publish","hentry","post-preview"],"_links":{"self":[{"href":"https:\/\/tyyala.utu.fi\/muusa\/wp-json\/wp\/v2\/pages\/66","targetHints":{"allow":["GET"]}}],"collection":[{"href":"https:\/\/tyyala.utu.fi\/muusa\/wp-json\/wp\/v2\/pages"}],"about":[{"href":"https:\/\/tyyala.utu.fi\/muusa\/wp-json\/wp\/v2\/types\/page"}],"author":[{"embeddable":true,"href":"https:\/\/tyyala.utu.fi\/muusa\/wp-json\/wp\/v2\/users\/259"}],"replies":[{"embeddable":true,"href":"https:\/\/tyyala.utu.fi\/muusa\/wp-json\/wp\/v2\/comments?post=66"}],"version-history":[{"count":3,"href":"https:\/\/tyyala.utu.fi\/muusa\/wp-json\/wp\/v2\/pages\/66\/revisions"}],"predecessor-version":[{"id":402,"href":"https:\/\/tyyala.utu.fi\/muusa\/wp-json\/wp\/v2\/pages\/66\/revisions\/402"}],"wp:attachment":[{"href":"https:\/\/tyyala.utu.fi\/muusa\/wp-json\/wp\/v2\/media?parent=66"}],"curies":[{"name":"wp","href":"https:\/\/api.w.org\/{rel}","templated":true}]}}