{"id":587,"date":"2019-04-02T12:39:16","date_gmt":"2019-04-02T10:39:16","guid":{"rendered":"http:\/\/tyyala.utu.fi\/muusa\/?page_id=587"},"modified":"2020-01-22T16:15:54","modified_gmt":"2020-01-22T14:15:54","slug":"muusan-tiedotuskanavat","status":"publish","type":"page","link":"https:\/\/tyyala.utu.fi\/muusa\/muusan-tiedotuskanavat\/","title":{"rendered":"Muusan tiedotuskanavat"},"content":{"rendered":"\n<p>Vaikka kaikki t\u00e4rke\u00e4 tieto l\u00f6ytyy my\u00f6s nettisivuilta, Muusalla on my\u00f6s muita tiedotuskanavia. <\/p>\n\n\n\n<p><strong>S\u00e4hk\u00f6postilista<\/strong>: <\/p>\n\n\n\n<p>Muusa ry:n j\u00e4senet voivat liitty\u00e4 j\u00e4rjest\u00f6n s\u00e4hk\u00f6postilistalle laittamalla viesti\u00e4 verkkovastaava Karoliinalle osoitteeseen  <em>kamaleh [@] utu.fi. <\/em>S\u00e4hk\u00f6postilistalle liittym\u00e4ll\u00e4 saat viikoittain Muusan viikkoviestin, jossa on tietoa ajankohtaisista tapahtumista. S\u00e4hk\u00f6postilistalle kilahtavat my\u00f6s kokouskutsut ja muu tiedotus. <\/p>\n\n\n\n<p><strong>Facebook:<\/strong><\/p>\n\n\n\n<p>Muusalla on sek\u00e4 <a href=\"https:\/\/www.facebook.com\/Muusa-ry-2152044761735736\/?modal=admin_todo_tour\">Facebook-sivu <\/a>(kaikille) ett\u00e4 <a href=\"https:\/\/www.facebook.com\/groups\/7145825777\/\">Facebook-ryhm\u00e4<\/a> (j\u00e4senille). Tapahtumista tiedotetaan suurimmaksi osaksi j\u00e4senist\u00f6n Facebook-ryhm\u00e4n kautta. <\/p>\n\n\n\n<p><strong>Instagram:<\/strong><\/p>\n\n\n\n<p>Muusan <a href=\"https:\/\/www.instagram.com\/muusary\/?hl=fi\">Instagramissa<\/a> voit seurata tiedotusta sek\u00e4 Muusan kuulumisia. <\/p>\n","protected":false},"excerpt":{"rendered":"<p>Vaikka kaikki t\u00e4rke\u00e4 tieto l\u00f6ytyy my\u00f6s nettisivuilta, Muusalla on my\u00f6s muita tiedotuskanavia. S\u00e4hk\u00f6postilista: Muusa ry:n j\u00e4senet voivat liitty\u00e4 j\u00e4rjest\u00f6n s\u00e4hk\u00f6postilistalle laittamalla viesti\u00e4 verkkovastaava Karoliinalle osoitteeseen kamaleh [@] utu.fi. S\u00e4hk\u00f6postilistalle liittym\u00e4ll\u00e4 saat viikoittain Muusan viikkoviestin, jossa on tietoa ajankohtaisista tapahtumista. S\u00e4hk\u00f6postilistalle kilahtavat my\u00f6s kokouskutsut ja muu tiedotus. Facebook: Muusalla on sek\u00e4 Facebook-sivu (kaikille) ett\u00e4 Facebook-ryhm\u00e4 (j\u00e4senille). [&hellip;]<\/p>\n","protected":false},"author":259,"featured_media":0,"parent":0,"menu_order":0,"comment_status":"closed","ping_status":"closed","template":"","meta":{"footnotes":""},"class_list":["post-587","page","type-page","status-publish","hentry","post-preview"],"_links":{"self":[{"href":"https:\/\/tyyala.utu.fi\/muusa\/wp-json\/wp\/v2\/pages\/587","targetHints":{"allow":["GET"]}}],"collection":[{"href":"https:\/\/tyyala.utu.fi\/muusa\/wp-json\/wp\/v2\/pages"}],"about":[{"href":"https:\/\/tyyala.utu.fi\/muusa\/wp-json\/wp\/v2\/types\/page"}],"author":[{"embeddable":true,"href":"https:\/\/tyyala.utu.fi\/muusa\/wp-json\/wp\/v2\/users\/259"}],"replies":[{"embeddable":true,"href":"https:\/\/tyyala.utu.fi\/muusa\/wp-json\/wp\/v2\/comments?post=587"}],"version-history":[{"count":3,"href":"https:\/\/tyyala.utu.fi\/muusa\/wp-json\/wp\/v2\/pages\/587\/revisions"}],"predecessor-version":[{"id":687,"href":"https:\/\/tyyala.utu.fi\/muusa\/wp-json\/wp\/v2\/pages\/587\/revisions\/687"}],"wp:attachment":[{"href":"https:\/\/tyyala.utu.fi\/muusa\/wp-json\/wp\/v2\/media?parent=587"}],"curies":[{"name":"wp","href":"https:\/\/api.w.org\/{rel}","templated":true}]}}