{"id":51,"date":"2010-04-19T10:51:57","date_gmt":"2010-04-19T08:51:57","guid":{"rendered":"http:\/\/org.utu.fi\/tyyala\/muusa\/?page_id=51"},"modified":"2020-01-22T17:33:34","modified_gmt":"2020-01-22T15:33:34","slug":"ainejarjestolehti-oheinen","status":"publish","type":"page","link":"https:\/\/tyyala.utu.fi\/muusa\/ainejarjestolehti-oheinen\/","title":{"rendered":"Kulttuurilehti Oheinen"},"content":{"rendered":"<p>Muusan ainej\u00e4rjest\u00f6lehti Oheinen on saanut nimens\u00e4 entiselt\u00e4 professoriltamme Pirkko Alhoniemelt\u00e4. Oheista on julkaistu vuodesta 1997 alkaen tekij\u00f6idens\u00e4 innokkuuden mukaan, kerran tai kaksi vuodessa. Kulttuurilehten\u00e4 Oheinen pit\u00e4\u00e4 sis\u00e4ll\u00e4\u00e4n kulttuuria tavalla tai toisella sivuavia artikkeleita, kaunokirjallisuutta, kirja-arvosteluja ja sarjakuvia. Ainej\u00e4rjest\u00f6lehten\u00e4 Oheinen esittelee Muusan toimintaa eri tavoin. Oheisen toimitus ottaa mielell\u00e4\u00e4n vastaan materiaalia kaikilta muusalaisilta. Vuonna 2020 Oheista luotsaavat p\u00e4\u00e4toimittajat Joel Suontama, <em>josuon\u00a0[@] utu.fi <\/em>ja Emma Isaksson, <em>eoisak [@] utu.fi<\/em>, joihin kaikki kirjoitushalukkaat voivat ottaa yhteytt\u00e4 s\u00e4hk\u00f6postitse.<\/p>\n<p>Alla olevista linkeist\u00e4 p\u00e4\u00e4set lukemaan viimeisimpi\u00e4 Oheisia:<\/p>\n<p><a href=\"https:\/\/issuu.com\/muusary\/docs\/oheinen_syksy_2015_verkko\" target=\"_blank\" rel=\"noopener noreferrer\">Oheinen 2\/2015<\/a><\/p>\n<p><a href=\"http:\/\/issuu.com\/muusary\/docs\/oheinen_kev__t_2015\" target=\"_blank\" rel=\"noopener noreferrer\">Oheinen 1\/2015<\/a><\/p>\n<p><a href=\"http:\/\/issuu.com\/oheinen\/docs\/valmeinoheinen\" target=\"_blank\" rel=\"noopener noreferrer\">Oheinen 2\/2014<\/a><\/p>\n<p><a href=\"http:\/\/issuu.com\/oheinen\/docs\/viel__valmiimpioheinen\" target=\"_blank\" rel=\"noopener noreferrer\">Oheinen 1\/2014<\/a><\/p>\n","protected":false},"excerpt":{"rendered":"<p>Muusan ainej\u00e4rjest\u00f6lehti Oheinen on saanut nimens\u00e4 entiselt\u00e4 professoriltamme Pirkko Alhoniemelt\u00e4. Oheista on julkaistu vuodesta 1997 alkaen tekij\u00f6idens\u00e4 innokkuuden mukaan, kerran tai kaksi vuodessa. Kulttuurilehten\u00e4 Oheinen pit\u00e4\u00e4 sis\u00e4ll\u00e4\u00e4n kulttuuria tavalla tai toisella sivuavia artikkeleita, kaunokirjallisuutta, kirja-arvosteluja ja sarjakuvia. Ainej\u00e4rjest\u00f6lehten\u00e4 Oheinen esittelee Muusan toimintaa eri tavoin. Oheisen toimitus ottaa mielell\u00e4\u00e4n vastaan materiaalia kaikilta muusalaisilta. Vuonna 2020 Oheista [&hellip;]<\/p>\n","protected":false},"author":259,"featured_media":0,"parent":0,"menu_order":0,"comment_status":"open","ping_status":"closed","template":"","meta":{"footnotes":""},"class_list":["post-51","page","type-page","status-publish","hentry","post-preview"],"_links":{"self":[{"href":"https:\/\/tyyala.utu.fi\/muusa\/wp-json\/wp\/v2\/pages\/51","targetHints":{"allow":["GET"]}}],"collection":[{"href":"https:\/\/tyyala.utu.fi\/muusa\/wp-json\/wp\/v2\/pages"}],"about":[{"href":"https:\/\/tyyala.utu.fi\/muusa\/wp-json\/wp\/v2\/types\/page"}],"author":[{"embeddable":true,"href":"https:\/\/tyyala.utu.fi\/muusa\/wp-json\/wp\/v2\/users\/259"}],"replies":[{"embeddable":true,"href":"https:\/\/tyyala.utu.fi\/muusa\/wp-json\/wp\/v2\/comments?post=51"}],"version-history":[{"count":14,"href":"https:\/\/tyyala.utu.fi\/muusa\/wp-json\/wp\/v2\/pages\/51\/revisions"}],"predecessor-version":[{"id":774,"href":"https:\/\/tyyala.utu.fi\/muusa\/wp-json\/wp\/v2\/pages\/51\/revisions\/774"}],"wp:attachment":[{"href":"https:\/\/tyyala.utu.fi\/muusa\/wp-json\/wp\/v2\/media?parent=51"}],"curies":[{"name":"wp","href":"https:\/\/api.w.org\/{rel}","templated":true}]}}