{"id":500,"date":"2019-04-02T11:38:29","date_gmt":"2019-04-02T09:38:29","guid":{"rendered":"http:\/\/tyyala.utu.fi\/muusa\/?page_id=500"},"modified":"2020-01-22T17:42:14","modified_gmt":"2020-01-22T15:42:14","slug":"hakijalle","status":"publish","type":"page","link":"https:\/\/tyyala.utu.fi\/muusa\/hakijalle\/","title":{"rendered":"Hakijalle"},"content":{"rendered":"\n<p>Opiskelijaksi haetaan kotimaisen kirjallisuuden ja yleisen kirjallisuustieteen muodostamaan yhteiseen hakukohteeseen Kirjallisuustieteet. Vuonna 2020 valintakoe j\u00e4rjestet\u00e4\u00e4n <strong>25.5.2020 klo 10.00\u201314.00 (Yliopistonm\u00e4ki, ls. Natura IX<\/strong>) Lis\u00e4tietoa hakemisesta ja valintakokeesta <a href=\"https:\/\/opintopolku.fi\/app\/#!\/korkeakoulu\/1.2.246.562.17.77342391271\">t\u00e4\u00e4ll\u00e4.<\/a><\/p>\n\n\n\n<p><strong>Valintakoekysymyksi\u00e4<\/strong><\/p>\n\n\n\n<p>Ohessa valintakoekysymyksi\u00e4 viime vuosilta sek\u00e4 Muusan vinkkej\u00e4 valintakokeeseen valmistautuvalle. <\/p>\n\n\n\n<p>Teoreettinen esseekysymys (Taide, kokemus ja maailma -teoksen pohjalta)<\/p>\n\n\n\n<p>2018 Tyyli kaunokirjallisuuden ominaispiirteen\u00e4<\/p>\n\n\n\n<p>2017 Kirjallisuuden kieli<\/p>\n\n\n\n<p>2016 Kieli taiteen tutkimuksessa <\/p>\n\n\n\n<p>2015 Tekijyys taiteen tutkimuksessa<\/p>\n\n\n\n<p>2014 Miten aistit vaikuttavat taiteen kokemiseen?<\/p>\n\n\n\n<p>Kirjallisuustieteen analyysiosion aineisto jaetaan koetilanteessa. Analyysiteht\u00e4v\u00e4ss\u00e4 olennaista on oma tekstianalyysi, jossa tulee hy\u00f6dynt\u00e4\u00e4 kirjallisuustieteellist\u00e4 k\u00e4sitteist\u00f6\u00e4 Johdatus kirjallisuus analyysiin -teoksen pohjalta. Joinain vuosina teht\u00e4v\u00e4nannossa on ohjattu painottumaan analyysissa esimerkiksi teemoihin tai motiiveihin. Aina tarkkaa rajausta ei ole ollut. <\/p>\n\n\n\n<p><strong>Muusan vinkit valintakokeeseen valmistuvalle:<\/strong><\/p>\n\n\n\n<p>Keskity lukiessasi isoihin linjoihin, valintakokeen esseekysymys tuskin painottuu nippelitietoon.  <\/p>\n\n\n\n<p>Muista hy\u00f6dynt\u00e4\u00e4 vastauksessasi lukemaasi valintakoekirjallisuutta!<\/p>\n\n\n\n<p>Vastauksen pituus ei yksin ole ansio \u2013 tiivis ja selke\u00e4sti rajattu vastaus on parempi kuin joka suuntaan r\u00f6nsyilev\u00e4. Vastaa siihen, mit\u00e4 kysyt\u00e4\u00e4n.<\/p>\n\n\n\n<p>Panosta vastauksesi rakenteeseen ja tekstin sujuvuuteen, nekin ovat esseekysymyksess\u00e4 ansioita. <\/p>\n\n\n\n<p>Valintakokeessa ota rennosti ja keskity tekem\u00e4\u00e4n parhaasi. Muusa ry sek\u00e4 yleisen kirjallisuustieteen ainej\u00e4rjest\u00f6 Prometheus ry ovat valintakokeessa kahvittamassa. Tule siis ennen koetta ja kokeen j\u00e4lkeen rentoutumaan sek\u00e4 hakemaan ilmaista tarjottavaa. <\/p>\n\n\n\n<figure class=\"wp-block-image\"><img loading=\"lazy\" decoding=\"async\" width=\"1024\" height=\"767\" src=\"https:\/\/tyyala.utu.fi\/muusa\/wp-content\/uploads\/sites\/61\/nettisivut2-1024x767.jpeg\" alt=\"\" class=\"wp-image-611\" srcset=\"https:\/\/tyyala.utu.fi\/muusa\/wp-content\/uploads\/sites\/61\/nettisivut2-1024x767.jpeg 1024w, https:\/\/tyyala.utu.fi\/muusa\/wp-content\/uploads\/sites\/61\/nettisivut2-300x225.jpeg 300w, https:\/\/tyyala.utu.fi\/muusa\/wp-content\/uploads\/sites\/61\/nettisivut2-768x575.jpeg 768w, https:\/\/tyyala.utu.fi\/muusa\/wp-content\/uploads\/sites\/61\/nettisivut2-676x506.jpeg 676w, https:\/\/tyyala.utu.fi\/muusa\/wp-content\/uploads\/sites\/61\/nettisivut2.jpeg 1200w\" sizes=\"auto, (max-width: 1024px) 100vw, 1024px\" \/><figcaption>Vuoden 2018 fuksit ja tuutorit. <\/figcaption><\/figure>\n","protected":false},"excerpt":{"rendered":"<p>Opiskelijaksi haetaan kotimaisen kirjallisuuden ja yleisen kirjallisuustieteen muodostamaan yhteiseen hakukohteeseen Kirjallisuustieteet. Vuonna 2020 valintakoe j\u00e4rjestet\u00e4\u00e4n 25.5.2020 klo 10.00\u201314.00 (Yliopistonm\u00e4ki, ls. Natura IX) Lis\u00e4tietoa hakemisesta ja valintakokeesta t\u00e4\u00e4ll\u00e4. Valintakoekysymyksi\u00e4 Ohessa valintakoekysymyksi\u00e4 viime vuosilta sek\u00e4 Muusan vinkkej\u00e4 valintakokeeseen valmistautuvalle. Teoreettinen esseekysymys (Taide, kokemus ja maailma -teoksen pohjalta) 2018 Tyyli kaunokirjallisuuden ominaispiirteen\u00e4 2017 Kirjallisuuden kieli 2016 Kieli taiteen [&hellip;]<\/p>\n","protected":false},"author":259,"featured_media":0,"parent":0,"menu_order":0,"comment_status":"closed","ping_status":"closed","template":"","meta":{"footnotes":""},"class_list":["post-500","page","type-page","status-publish","hentry","post-preview"],"_links":{"self":[{"href":"https:\/\/tyyala.utu.fi\/muusa\/wp-json\/wp\/v2\/pages\/500","targetHints":{"allow":["GET"]}}],"collection":[{"href":"https:\/\/tyyala.utu.fi\/muusa\/wp-json\/wp\/v2\/pages"}],"about":[{"href":"https:\/\/tyyala.utu.fi\/muusa\/wp-json\/wp\/v2\/types\/page"}],"author":[{"embeddable":true,"href":"https:\/\/tyyala.utu.fi\/muusa\/wp-json\/wp\/v2\/users\/259"}],"replies":[{"embeddable":true,"href":"https:\/\/tyyala.utu.fi\/muusa\/wp-json\/wp\/v2\/comments?post=500"}],"version-history":[{"count":6,"href":"https:\/\/tyyala.utu.fi\/muusa\/wp-json\/wp\/v2\/pages\/500\/revisions"}],"predecessor-version":[{"id":780,"href":"https:\/\/tyyala.utu.fi\/muusa\/wp-json\/wp\/v2\/pages\/500\/revisions\/780"}],"wp:attachment":[{"href":"https:\/\/tyyala.utu.fi\/muusa\/wp-json\/wp\/v2\/media?parent=500"}],"curies":[{"name":"wp","href":"https:\/\/api.w.org\/{rel}","templated":true}]}}