{"id":497,"date":"2019-04-02T11:37:13","date_gmt":"2019-04-02T09:37:13","guid":{"rendered":"http:\/\/tyyala.utu.fi\/muusa\/?page_id=497"},"modified":"2019-04-02T11:37:13","modified_gmt":"2019-04-02T09:37:13","slug":"oppiaine","status":"publish","type":"page","link":"https:\/\/tyyala.utu.fi\/muusa\/oppiaine\/","title":{"rendered":"Oppiaine"},"content":{"rendered":"\n<p><strong>Kotimaisen kirjallisuuden oppiaine<\/strong><\/p>\n\n\n\n<p>Kotimaisen kirjallisuuden oppiaine kouluttaa opiskelijoistaan suomalaisen kirjallisuuden ja kirjallisuusinstituution asiantuntijoita sek\u00e4 \u00e4idinkielen ja kirjallisuuden opettajia. Oppiaineessa opetetaan ja tutkitaan niin suomalaisen kirjallisuuden historiaa kuin nykyhetken kirjallista el\u00e4m\u00e4\u00e4.<\/p>\n\n\n\n<p>Painopistealueitamme ovat feministinen kirjallisuudentutkimus, kirjallisuuden ylirajaisuus, kirjallisuuden ja luonnon v\u00e4liset suhteet, digitaalinen kulttuuri, lyriikan tutkimus sek\u00e4 lasten- ja nuortenkirjallisuuden tutkimus. Kotimainen kirjallisuus kuuluu historian, kulttuurin ja taiteiden tutkimuksen laitokseen, ja teemme yhteisty\u00f6t\u00e4 muiden taiteidentutkimuksen oppiaineiden kanssa.<\/p>\n\n\n\n<p>Lis\u00e4tietoa oppiaineesta l\u00f6yd\u00e4t Turun yliopiston <a href=\"https:\/\/www.utu.fi\/fi\/yliopisto\/humanistinen-tiedekunta\/kotimainen-kirjallisuus\">nettisivuilta<\/a>. <\/p>\n","protected":false},"excerpt":{"rendered":"<p>Kotimaisen kirjallisuuden oppiaine Kotimaisen kirjallisuuden oppiaine kouluttaa opiskelijoistaan suomalaisen kirjallisuuden ja kirjallisuusinstituution asiantuntijoita sek\u00e4 \u00e4idinkielen ja kirjallisuuden opettajia. Oppiaineessa opetetaan ja tutkitaan niin suomalaisen kirjallisuuden historiaa kuin nykyhetken kirjallista el\u00e4m\u00e4\u00e4. Painopistealueitamme ovat feministinen kirjallisuudentutkimus, kirjallisuuden ylirajaisuus, kirjallisuuden ja luonnon v\u00e4liset suhteet, digitaalinen kulttuuri, lyriikan tutkimus sek\u00e4 lasten- ja nuortenkirjallisuuden tutkimus. Kotimainen kirjallisuus kuuluu historian, kulttuurin [&hellip;]<\/p>\n","protected":false},"author":259,"featured_media":0,"parent":0,"menu_order":0,"comment_status":"closed","ping_status":"closed","template":"","meta":{"footnotes":""},"class_list":["post-497","page","type-page","status-publish","hentry","post-preview"],"_links":{"self":[{"href":"https:\/\/tyyala.utu.fi\/muusa\/wp-json\/wp\/v2\/pages\/497","targetHints":{"allow":["GET"]}}],"collection":[{"href":"https:\/\/tyyala.utu.fi\/muusa\/wp-json\/wp\/v2\/pages"}],"about":[{"href":"https:\/\/tyyala.utu.fi\/muusa\/wp-json\/wp\/v2\/types\/page"}],"author":[{"embeddable":true,"href":"https:\/\/tyyala.utu.fi\/muusa\/wp-json\/wp\/v2\/users\/259"}],"replies":[{"embeddable":true,"href":"https:\/\/tyyala.utu.fi\/muusa\/wp-json\/wp\/v2\/comments?post=497"}],"version-history":[{"count":1,"href":"https:\/\/tyyala.utu.fi\/muusa\/wp-json\/wp\/v2\/pages\/497\/revisions"}],"predecessor-version":[{"id":506,"href":"https:\/\/tyyala.utu.fi\/muusa\/wp-json\/wp\/v2\/pages\/497\/revisions\/506"}],"wp:attachment":[{"href":"https:\/\/tyyala.utu.fi\/muusa\/wp-json\/wp\/v2\/media?parent=497"}],"curies":[{"name":"wp","href":"https:\/\/api.w.org\/{rel}","templated":true}]}}