{"id":417,"date":"2018-09-18T12:27:21","date_gmt":"2018-09-18T10:27:21","guid":{"rendered":"http:\/\/tyyala.utu.fi\/muusa\/?page_id=417"},"modified":"2020-01-22T16:15:06","modified_gmt":"2020-01-22T14:15:06","slug":"jaseneksi","status":"publish","type":"page","link":"https:\/\/tyyala.utu.fi\/muusa\/esittely\/jaseneksi\/","title":{"rendered":"J\u00e4seneksi?"},"content":{"rendered":"<p>Muusa ry:n varsinaiseksi j\u00e4seneksi voi liitty\u00e4 kuka vain. Olet tervetullut, olit sitten kotimaisen kirjallisuuden p\u00e4\u00e4- tai sivuaineopiskelija tai muuten vain toiminnastamme kiinnostunut. Liittyminen tapahtuu t\u00e4yt\u00e4m\u00e4ll\u00e4 oheinen j\u00e4sentietolomake sek\u00e4 maksamalla j\u00e4senmaksu.<\/p>\n<p>J\u00e4senmaksun suuruus vuonna 2020:<\/p>\n<p>Yhden vuoden j\u00e4senyys 5\u20ac\u00a0 tai viiden vuoden j\u00e4senyys 25\u20ac. Maksuohjeet l\u00f6yd\u00e4t j\u00e4sentietolomakkeesta.<\/p>\n<p>Lis\u00e4ksi on mahdollista liitty\u00e4 Muusa ry:n kannatusj\u00e4seneksi. Kannatusj\u00e4senen\u00e4 sinulla on l\u00e4sn\u00e4olo- ja puheoikeus yhdistyksen kokouksissa. Kannatusj\u00e4senmaksun suuruus vuonna 2020 on 10\u20ac \/ yksi vuosi.<\/p>\n<p>Vanhoille aktiiveille tarjoamme kunniaj\u00e4senyyden mahdollisuutta. Kunniaj\u00e4senen\u00e4 olet tervetullut tapahtumiimme, ja sinulla on l\u00e4sn\u00e4olo- sek\u00e4 puheoikeus yhdistyksen kokouksissa. Hallitus kutsuu kunniaj\u00e4senet kokouksissaan.<\/p>\n<p>Liity j\u00e4seneksi t\u00e4ytt\u00e4m\u00e4ll\u00e4 lomake\u00a0<a href=\"https:\/\/docs.google.com\/forms\/d\/e\/1FAIpQLSdkbGPEzdXUtNxx-jh0ozxpxMbGdUZ_J77mZTEt99LZ26-U6Q\/viewform\">t\u00e4st\u00e4<\/a>.<\/p>\n","protected":false},"excerpt":{"rendered":"<p>Muusa ry:n varsinaiseksi j\u00e4seneksi voi liitty\u00e4 kuka vain. Olet tervetullut, olit sitten kotimaisen kirjallisuuden p\u00e4\u00e4- tai sivuaineopiskelija tai muuten vain toiminnastamme kiinnostunut. Liittyminen tapahtuu t\u00e4yt\u00e4m\u00e4ll\u00e4 oheinen j\u00e4sentietolomake sek\u00e4 maksamalla j\u00e4senmaksu. J\u00e4senmaksun suuruus vuonna 2020: Yhden vuoden j\u00e4senyys 5\u20ac\u00a0 tai viiden vuoden j\u00e4senyys 25\u20ac. Maksuohjeet l\u00f6yd\u00e4t j\u00e4sentietolomakkeesta. Lis\u00e4ksi on mahdollista liitty\u00e4 Muusa ry:n kannatusj\u00e4seneksi. Kannatusj\u00e4senen\u00e4 sinulla [&hellip;]<\/p>\n","protected":false},"author":259,"featured_media":0,"parent":4,"menu_order":0,"comment_status":"closed","ping_status":"closed","template":"","meta":{"footnotes":""},"class_list":["post-417","page","type-page","status-publish","hentry","post-preview"],"_links":{"self":[{"href":"https:\/\/tyyala.utu.fi\/muusa\/wp-json\/wp\/v2\/pages\/417","targetHints":{"allow":["GET"]}}],"collection":[{"href":"https:\/\/tyyala.utu.fi\/muusa\/wp-json\/wp\/v2\/pages"}],"about":[{"href":"https:\/\/tyyala.utu.fi\/muusa\/wp-json\/wp\/v2\/types\/page"}],"author":[{"embeddable":true,"href":"https:\/\/tyyala.utu.fi\/muusa\/wp-json\/wp\/v2\/users\/259"}],"replies":[{"embeddable":true,"href":"https:\/\/tyyala.utu.fi\/muusa\/wp-json\/wp\/v2\/comments?post=417"}],"version-history":[{"count":6,"href":"https:\/\/tyyala.utu.fi\/muusa\/wp-json\/wp\/v2\/pages\/417\/revisions"}],"predecessor-version":[{"id":681,"href":"https:\/\/tyyala.utu.fi\/muusa\/wp-json\/wp\/v2\/pages\/417\/revisions\/681"}],"up":[{"embeddable":true,"href":"https:\/\/tyyala.utu.fi\/muusa\/wp-json\/wp\/v2\/pages\/4"}],"wp:attachment":[{"href":"https:\/\/tyyala.utu.fi\/muusa\/wp-json\/wp\/v2\/media?parent=417"}],"curies":[{"name":"wp","href":"https:\/\/api.w.org\/{rel}","templated":true}]}}