{"id":403,"date":"2018-04-23T10:45:11","date_gmt":"2018-04-23T08:45:11","guid":{"rendered":"http:\/\/tyyala.utu.fi\/muusa\/?page_id=403"},"modified":"2020-01-22T16:59:42","modified_gmt":"2020-01-22T14:59:42","slug":"rekisteriseloste","status":"publish","type":"page","link":"https:\/\/tyyala.utu.fi\/muusa\/rekisteriseloste\/","title":{"rendered":"Rekisteriseloste"},"content":{"rendered":"<p><strong>REKISTERISELOSTE<\/strong><\/p>\n<p><strong>Henkil\u00f6tietolain (523\/1999) 10 \u00a7 ja EU:n tietosuoja-asetuksen mukainen rekisteriseloste <\/strong><\/p>\n<ul>\n<li><strong>Rekisterin nimi<\/strong><\/li>\n<\/ul>\n<p>Muusa ry:n j\u00e4senrekisteri<\/p>\n<ul>\n<li><strong>Rekisterinpit\u00e4j\u00e4<\/strong><\/li>\n<\/ul>\n<p>Nimi:\u00a0\u00a0\u00a0\u00a0\u00a0\u00a0\u00a0\u00a0\u00a0\u00a0\u00a0\u00a0\u00a0\u00a0\u00a0\u00a0\u00a0\u00a0\u00a0\u00a0\u00a0\u00a0\u00a0 Muusa ry<br \/>Verkkosivut:\u00a0 \u00a0 \u00a0 \u00a0 \u00a0 \u00a0 https:\/\/tyyala.utu.fi\/muusa\/<br \/>Osoite:\u00a0 \u00a0 \u00a0 \u00a0 \u00a0 \u00a0 \u00a0 \u00a0 \u00a0 \u00a0 \u00a0Kotimainen kirjallisuus 20014 Turun yliopisto\u00a0 \u00a0 \u00a0 \u00a0 \u00a0 \u00a0 \u00a0 \u00a0 \u00a0 \u00a0 \u00a0 \u00a0 \u00a0 \u00a0 \u00a0 \u00a0 \u00a0 \u00a0 \u00a0 \u00a0 \u00a0 \u00a0 \u00a0 \u00a0 \u00a0 \u00a0 \u00a0 \u00a0 \u00a0 \u00a0 \u00a0 \u00a0 \u00a0 \u00a0 \u00a0 \u00a0 \u00a0 \u00a0 \u00a0 \u00a0 \u00a0 \u00a0 \u00a0 \u00a0 \u00a0 \u00a0 Sirkkalankatu 1 b, 2. kerros<br \/>Puh.\u00a0 \u00a0 \u00a0 \u00a0 \u00a0 \u00a0 \u00a0 \u00a0 \u00a0 \u00a0 \u00a0 \u00a0puheenjohtaja Juuli Lappalaisen nro: +358449800390,\u00a0 taloudenhoitaja Kati Surakan numero: +358504671667<br \/>S\u00e4hk\u00f6posti:\u00a0 \u00a0 \u00a0 \u00a0 \u00a0 \u00a0 \u00a0muusahallitus@utu.fi<\/p>\n<ul>\n<li><strong>Rekisteriasioista vastaava henkil\u00f6<\/strong><\/li>\n<\/ul>\n<p>T\u00e4h\u00e4n tarvittaessa henkil\u00f6, joka hoitaa rekisteriasiat ja johon voi ottaa yhteytt\u00e4.<\/p>\n<p>Nimi:\u00a0\u00a0\u00a0\u00a0\u00a0\u00a0\u00a0\u00a0\u00a0\u00a0\u00a0\u00a0\u00a0\u00a0\u00a0\u00a0\u00a0\u00a0\u00a0\u00a0\u00a0\u00a0\u00a0 Kati Hannele Surakka<br \/>Puh.\u00a0\u00a0\u00a0\u00a0\u00a0\u00a0\u00a0\u00a0\u00a0\u00a0\u00a0\u00a0\u00a0\u00a0\u00a0\u00a0\u00a0\u00a0\u00a0\u00a0\u00a0\u00a0\u00a0\u00a0\u00a0 +358504671667<br \/>S\u00e4hk\u00f6posti:\u00a0 \u00a0 \u00a0 \u00a0 \u00a0 \u00a0 \u00a0kahasu@utu.fi<\/p>\n<ul>\n<li><strong>Henkil\u00f6tietojen k\u00e4sittelyn tarkoitus ja rekisterin k\u00e4ytt\u00f6tarkoitus<\/strong><\/li>\n<\/ul>\n<p>Rekisterin tarkoituksena on ker\u00e4t\u00e4 yhdistyksen j\u00e4senist\u00e4 yhdistyslain (503\/1989) 11 \u00a7:n vaatimat henkil\u00f6tiedot ja muut yhdistyksen toimintaa varten tarpeelliset tiedot. Henkil\u00f6tietoja vastaanottavat ja k\u00e4sittelev\u00e4t Muusa ry:n hallituksen j\u00e4senet. Yhteys- ja j\u00e4senyystietoja ker\u00e4t\u00e4\u00e4n j\u00e4senasioiden hoitamista, tiedotusta ja laskutusta varten. Tietojen keruu on k\u00e4ytt\u00f6tarkoitussidonnaista. Tiedoista voidaan koota tilastoja, joista yksitt\u00e4ist\u00e4 j\u00e4sent\u00e4 ei ole mahdollista tunnistaa. Rekisterin tietoja ei luovuteta ulkopuolisille.<\/p>\n<ul>\n<li><strong>Rekisterin tietosis\u00e4lt\u00f6<\/strong><\/li>\n<\/ul>\n<p>Rekisteriin ker\u00e4t\u00e4\u00e4n pakollisina tietoina yhdistyslain (503\/1989) 11 \u00a7:n vaatimat henkil\u00f6tiedot, eli j\u00e4senen t\u00e4ydellinen nimi ja kotipaikka. Lis\u00e4ksi j\u00e4senten suostumuksella voidaan ker\u00e4t\u00e4 esimerkiksi seuraavat tiedot:<\/p>\n<ul>\n<li>J\u00e4senten yhteystiedot (s\u00e4hk\u00f6postiosoite)<\/li>\n<li>J\u00e4senyystiedot (j\u00e4sentyyppi, j\u00e4senyyden alkamisajankohta)<\/li>\n<li>J\u00e4senmaksutiedot (laskutukset ja maksusuoritukset)<\/li>\n<li>Mahdolliset lis\u00e4tiedot<\/li>\n<\/ul>\n<p>Yksil\u00f6n henkil\u00f6tiedot h\u00e4vitet\u00e4\u00e4n rekisterist\u00e4, jos henkil\u00f6 ei en\u00e4\u00e4 kuulu yhdistykseen tai jos tiettyjen tietojen s\u00e4ilytt\u00e4misest\u00e4 on muuten tullut perusteetonta.<\/p>\n<ul>\n<li><strong>Rekisterin tietol\u00e4hteet<\/strong><\/li>\n<\/ul>\n<p>J\u00e4senrekisteriin kirjattavat tiedot saadaan j\u00e4senen omalla ilmoituksella tai j\u00e4senyytt\u00e4 hakevan henkil\u00f6n ilmoituksella j\u00e4senhakemuslomakkeen kautta.<\/p>\n<ul>\n<li><strong>Tietojen luovuttaminen ja tietojen siirto EU:n tai ETA:n ulkopuolelle<\/strong><\/li>\n<\/ul>\n<p>Rekisteriin tallennettuja tietoja ei s\u00e4\u00e4nn\u00f6nmukaisesti luovuteta yhdistyksen ulkopuolelle, ei my\u00f6sk\u00e4\u00e4n EU-alueen tai ETA:n ulkopuolelle. Tietoja luovutetaan virkavallalle lain niin vaatiessa. Yhdistyksen j\u00e4senill\u00e4 on pyydett\u00e4ess\u00e4 oikeus saada tietoonsa muiden yhdistyksen j\u00e4senten nimet ja asuinkunnat.<\/p>\n<ul>\n<li><strong>Rekisterin suojauksen periaatteet<\/strong><\/li>\n<\/ul>\n<p>1) Henkil\u00f6tiedot s\u00e4ilytet\u00e4\u00e4n luottamuksellisina. Paperilla olevat tiedot s\u00e4ilytt\u00e4\u00e4 yhdistyksen hallituksen j\u00e4sen paikassa, jonne on p\u00e4\u00e4sy vain asianmukaisilla henkil\u00f6ill\u00e4.<\/p>\n<p>2) S\u00e4hk\u00f6inen j\u00e4senrekisteri sijaitsee yhdistyksen hallituksen j\u00e4senen omistamalla tietokoneella. Tietokonetta s\u00e4ilytet\u00e4\u00e4n turvallisessa tilassa. Muusa ry huolehtii tietoturvan s\u00e4ilymisest\u00e4 parhaan kykyns\u00e4 mukaan.<\/p>\n<ul>\n<li><strong>Tarkastusoikeus<\/strong><\/li>\n<\/ul>\n<p>Rekisteriin merkityll\u00e4 j\u00e4senell\u00e4 on oikeus milloin vain tarkastaa henkil\u00f6rekisteriin talletetut tietonsa sek\u00e4 pyyt\u00e4\u00e4 rekisterinpit\u00e4j\u00e4\u00e4 korjaamaan virheelliset tietonsa. Tarkastuspyynt\u00f6 on pyydett\u00e4v\u00e4 kirjallisesti tai suullisesti asianomaiselta rekisterinpit\u00e4j\u00e4lt\u00e4.<\/p>\n<ul>\n<li><strong>Rekisteritietojen korjaaminen<\/strong><\/li>\n<\/ul>\n<p>Rekisterinpit\u00e4j\u00e4n on ilman aiheetonta viivytyst\u00e4 oma-aloitteisesti tai rekister\u00f6idyn henkil\u00f6n vaatimuksesta oikaistava, poistettava tai t\u00e4ydennett\u00e4v\u00e4 rekisteriss\u00e4 oleva, k\u00e4sittelyn tarkoituksen kannalta virheellinen, tarpeeton, puutteellinen tai vanhentunut henkil\u00f6tieto. Rekisteriss\u00e4 ei s\u00e4ilytet\u00e4 yhdistystoiminnan kannalta ep\u00e4olennaisia tietoja (esimerkiksi sitsi-ilmoittautumisen yhteydess\u00e4 ker\u00e4tyt henkil\u00f6tiedot), vaan t\u00e4llaiset henkil\u00f6tiedot poistetaan viiv\u00e4styksett\u00e4 niiden t\u00e4ytetty\u00e4 tarkoituksena.<\/p>\n<p>\u00a0<\/p>\n\n\n<p><\/p>\n","protected":false},"excerpt":{"rendered":"<p>REKISTERISELOSTE Henkil\u00f6tietolain (523\/1999) 10 \u00a7 ja EU:n tietosuoja-asetuksen mukainen rekisteriseloste Rekisterin nimi Muusa ry:n j\u00e4senrekisteri Rekisterinpit\u00e4j\u00e4 Nimi:\u00a0\u00a0\u00a0\u00a0\u00a0\u00a0\u00a0\u00a0\u00a0\u00a0\u00a0\u00a0\u00a0\u00a0\u00a0\u00a0\u00a0\u00a0\u00a0\u00a0\u00a0\u00a0\u00a0 Muusa ryVerkkosivut:\u00a0 \u00a0 \u00a0 \u00a0 \u00a0 \u00a0 https:\/\/tyyala.utu.fi\/muusa\/Osoite:\u00a0 \u00a0 \u00a0 \u00a0 \u00a0 \u00a0 \u00a0 \u00a0 \u00a0 \u00a0 \u00a0Kotimainen kirjallisuus 20014 Turun yliopisto\u00a0 \u00a0 \u00a0 \u00a0 \u00a0 \u00a0 \u00a0 \u00a0 \u00a0 \u00a0 \u00a0 \u00a0 \u00a0 \u00a0 \u00a0 \u00a0 \u00a0 [&hellip;]<\/p>\n","protected":false},"author":259,"featured_media":0,"parent":0,"menu_order":0,"comment_status":"closed","ping_status":"closed","template":"","meta":{"footnotes":""},"class_list":["post-403","page","type-page","status-publish","hentry","post-preview"],"_links":{"self":[{"href":"https:\/\/tyyala.utu.fi\/muusa\/wp-json\/wp\/v2\/pages\/403","targetHints":{"allow":["GET"]}}],"collection":[{"href":"https:\/\/tyyala.utu.fi\/muusa\/wp-json\/wp\/v2\/pages"}],"about":[{"href":"https:\/\/tyyala.utu.fi\/muusa\/wp-json\/wp\/v2\/types\/page"}],"author":[{"embeddable":true,"href":"https:\/\/tyyala.utu.fi\/muusa\/wp-json\/wp\/v2\/users\/259"}],"replies":[{"embeddable":true,"href":"https:\/\/tyyala.utu.fi\/muusa\/wp-json\/wp\/v2\/comments?post=403"}],"version-history":[{"count":4,"href":"https:\/\/tyyala.utu.fi\/muusa\/wp-json\/wp\/v2\/pages\/403\/revisions"}],"predecessor-version":[{"id":714,"href":"https:\/\/tyyala.utu.fi\/muusa\/wp-json\/wp\/v2\/pages\/403\/revisions\/714"}],"wp:attachment":[{"href":"https:\/\/tyyala.utu.fi\/muusa\/wp-json\/wp\/v2\/media?parent=403"}],"curies":[{"name":"wp","href":"https:\/\/api.w.org\/{rel}","templated":true}]}}