{"id":4,"date":"2007-02-13T13:45:31","date_gmt":"2007-02-13T11:45:31","guid":{"rendered":"http:\/\/org.utu.fi:80\/tyyala\/muusa\/?page_id=13"},"modified":"2020-01-22T19:01:19","modified_gmt":"2020-01-22T17:01:19","slug":"esittely","status":"publish","type":"page","link":"https:\/\/tyyala.utu.fi\/muusa\/esittely\/","title":{"rendered":"Mik\u00e4 on Muusa ry?"},"content":{"rendered":"<p>Muusa on Turun yliopiston kotimaisen kirjallisuuden opiskelijoiden oma ainej\u00e4rjest\u00f6 ja keskustelufoorumi. Se on kameleontti, kirjanmerkki ja l\u00f6h\u00f6sohva. Muusa on j\u00e4seniens\u00e4 edunvalvoja ja vapaa-ajan vauhdittaja.<\/p>\n<p>Muusa on rekister\u00f6ity yhdistys ja Turun yliopiston ylioppilaskunta TYY:n alayhdistys.<\/p>\n<div id=\"attachment_518\" style=\"width: 1610px\" class=\"wp-caption aligncenter\"><a href=\"https:\/\/tyyala.utu.fi\/muusa\/wp-content\/uploads\/sites\/61\/nettisivut1.jpeg\"><img loading=\"lazy\" decoding=\"async\" aria-describedby=\"caption-attachment-518\" class=\"wp-image-518 size-full\" src=\"https:\/\/tyyala.utu.fi\/muusa\/wp-content\/uploads\/sites\/61\/nettisivut1.jpeg\" alt=\"\" width=\"1600\" height=\"899\" srcset=\"https:\/\/tyyala.utu.fi\/muusa\/wp-content\/uploads\/sites\/61\/nettisivut1.jpeg 1600w, https:\/\/tyyala.utu.fi\/muusa\/wp-content\/uploads\/sites\/61\/nettisivut1-300x169.jpeg 300w, https:\/\/tyyala.utu.fi\/muusa\/wp-content\/uploads\/sites\/61\/nettisivut1-768x432.jpeg 768w, https:\/\/tyyala.utu.fi\/muusa\/wp-content\/uploads\/sites\/61\/nettisivut1-1024x575.jpeg 1024w, https:\/\/tyyala.utu.fi\/muusa\/wp-content\/uploads\/sites\/61\/nettisivut1-700x393.jpeg 700w, https:\/\/tyyala.utu.fi\/muusa\/wp-content\/uploads\/sites\/61\/nettisivut1-332x187.jpeg 332w\" sizes=\"auto, (max-width: 1600px) 100vw, 1600px\" \/><\/a><p id=\"caption-attachment-518\" class=\"wp-caption-text\"><em>Muusia syksyn 2018 upealla Loimaa-ekskursiolla.<\/em><\/p><\/div>\n<h3>Aktiivista toimintaa<\/h3>\n<p>Kuten humanisteille sopiikin, Muusan j\u00e4rjest\u00e4m\u00e4 toiminta on varsin kulttuuripainotteista. Muusa j\u00e4rjest\u00e4\u00e4 matkoja, seminaareja, bileit\u00e4, kirjailijavierailuja, teatterireissuja ja myyj\u00e4isi\u00e4. Vuosittainen voimann\u00e4yte on Turun kansainv\u00e4lisill\u00e4 kirjamessuilla j\u00e4rjestett\u00e4v\u00e4 seminaari, joka on j\u00e4rjestetty vuodesta 2004 alkaen l\u00e4hes joka vuosi. Lis\u00e4ksi Muusa julkaisee omaa lehte\u00e4, <a href=\"https:\/\/tyyala.utu.fi\/muusa\/?page_id=51\">Oheista<\/a>, jossa on j\u00e4senien omaa teksti\u00e4, faktaa ja fiktiota. Vuonna 2012 k\u00e4ynnistyi taiteiden- ja kulttuuritutkijoiden yhteisty\u00f6, joka on poikinut upeita isompia bileit\u00e4, joissa tapaamme opiskeilijoita yli oppiainerajojen. Virallisemman touhun lis\u00e4ksi kokoonnutaan ihan vain huvin vuoksi yhteen, vaikka joululauluja laulamaan tai keilaamaan, katsomaan elokuvia tai heitt\u00e4m\u00e4\u00e4n frisbeet\u00e4. Mik\u00e4\u00e4n inhimillinen ei ole humanistille vierasta.<\/p>\n<h3>Muusan traditiot<\/h3>\n<p>Muusan virallinen ja arvokas juhlap\u00e4iv\u00e4 on Aleksis Kiven p\u00e4iv\u00e4 10.10. Silloin tempaistaan Jukolan veljesten henkeen. Ammoisina vuosina luimme Kalevalaa \u00e4\u00e4neen yliopistonm\u00e4ell\u00e4 ihmisten iloksi, mutta reksvisiittasaunamme palamisen j\u00e4lkeen t\u00e4m\u00e4 perinne hiipui. Kalevalan p\u00e4iv\u00e4n\u00e4 28.2. kahvittelemme yhdess\u00e4 oppiaineen kanssa. Alkusyksyst\u00e4 j\u00e4rjest\u00e4mme uusille opiskelijoille tietysti kastajaiset sek\u00e4 tutustumisbileet.<\/p>\n<h3>Edunvalvontaa<\/h3>\n<p>Muusa ry valvoo kotimaisen kirjallisuuden opiskelijoiden etuja yliopistomaailmassa. Muusa k\u00e4y s\u00e4\u00e4nn\u00f6llist\u00e4 vuoropuhelua oppiaineen kanssa ja mm. osallistuu opetuksen suunnitteluun ja kehitt\u00e4miseen. Suomen yliopistoissa toteutetaan ns. kolmikantaj\u00e4rjestelm\u00e4\u00e4n perustuvaa hallintoa, joka tarkoittaa, ett\u00e4 kunkin hallintoelimen j\u00e4senet valitaan professorien, muun henkil\u00f6kunnan ja opiskelijoiden keskuudesta. Muusa ottaa osaa laitosneuvoston ja tiedekuntaneuvoston toimintaan ja pit\u00e4\u00e4 yhteytt\u00e4 esimerkiksi Humanitaahan ja TYYhyn. Lis\u00e4ksi Muusalla on edustajia laitoksen ja oppiaineen erillisiss\u00e4 ty\u00f6ryhmiss\u00e4, kuten tilaty\u00f6ryhm\u00e4ss\u00e4. Voit vaikuttaa omaan edunvalvontaasi TYY:n koulutuspoliittisen sihteerin ja ainej\u00e4rjest\u00f6n kautta. Muusalla on edustus jokakev\u00e4isiss\u00e4 oppiainekokouksissa, joissa p\u00e4\u00e4tet\u00e4\u00e4n mm. seuraavan lukuvuoden opetuksesta. Muusan vuoden 2020 koulutuspoliittiset vastaavat ovat Emma Isaksson ja Karoliina Lehtinen, jotka nimikkeens\u00e4 mukaisesti huolehtivat edunvalvonnallisista asioista.<\/p>\n<p>T\u00e4rkeit\u00e4 linkkej\u00e4:<\/p>\n<p><a title=\"Humanitas\" href=\"http:\/\/humanitas.fi\/wordpress\/?page_id=102\" target=\"_blank\" rel=\"noopener noreferrer\"><span style=\"text-decoration: underline\">H<\/span>umanitas<\/a><\/p>\n<p><a title=\"TYY\" href=\"http:\/\/www.tyy.fi\/\" target=\"_blank\" rel=\"noopener noreferrer\">TYY<\/a> <a href=\"http:\/\/www.tyy.fi\/\"><br \/>\n<\/a><\/p>\n<p><a title=\"SuHol\" href=\"http:\/\/www.suhol.fi\/\" target=\"_blank\" rel=\"noopener noreferrer\">Suomen Humanistiopiskelijoiden liitto <\/a><a href=\"http:\/\/www.suhol.fi\/\"><br \/>\n<\/a><\/p>\n<p><a title=\"SYL\" href=\"http:\/\/www.syl.fi\/\" target=\"_blank\" rel=\"noopener noreferrer\">Suomen ylioppilaskuntien liitto <\/a><a href=\"http:\/\/www.syl.fi\/\"><br \/>\n<\/a><\/p>\n<h4><\/h4>\n","protected":false},"excerpt":{"rendered":"<p>Muusa on Turun yliopiston kotimaisen kirjallisuuden opiskelijoiden oma ainej\u00e4rjest\u00f6 ja keskustelufoorumi. Se on kameleontti, kirjanmerkki ja l\u00f6h\u00f6sohva. Muusa on j\u00e4seniens\u00e4 edunvalvoja ja vapaa-ajan vauhdittaja. Muusa on rekister\u00f6ity yhdistys ja Turun yliopiston ylioppilaskunta TYY:n alayhdistys. Aktiivista toimintaa Kuten humanisteille sopiikin, Muusan j\u00e4rjest\u00e4m\u00e4 toiminta on varsin kulttuuripainotteista. Muusa j\u00e4rjest\u00e4\u00e4 matkoja, seminaareja, bileit\u00e4, kirjailijavierailuja, teatterireissuja ja myyj\u00e4isi\u00e4. Vuosittainen [&hellip;]<\/p>\n","protected":false},"author":259,"featured_media":0,"parent":0,"menu_order":0,"comment_status":"open","ping_status":"closed","template":"","meta":{"footnotes":""},"class_list":["post-4","page","type-page","status-publish","hentry","post-preview"],"_links":{"self":[{"href":"https:\/\/tyyala.utu.fi\/muusa\/wp-json\/wp\/v2\/pages\/4","targetHints":{"allow":["GET"]}}],"collection":[{"href":"https:\/\/tyyala.utu.fi\/muusa\/wp-json\/wp\/v2\/pages"}],"about":[{"href":"https:\/\/tyyala.utu.fi\/muusa\/wp-json\/wp\/v2\/types\/page"}],"author":[{"embeddable":true,"href":"https:\/\/tyyala.utu.fi\/muusa\/wp-json\/wp\/v2\/users\/259"}],"replies":[{"embeddable":true,"href":"https:\/\/tyyala.utu.fi\/muusa\/wp-json\/wp\/v2\/comments?post=4"}],"version-history":[{"count":13,"href":"https:\/\/tyyala.utu.fi\/muusa\/wp-json\/wp\/v2\/pages\/4\/revisions"}],"predecessor-version":[{"id":786,"href":"https:\/\/tyyala.utu.fi\/muusa\/wp-json\/wp\/v2\/pages\/4\/revisions\/786"}],"wp:attachment":[{"href":"https:\/\/tyyala.utu.fi\/muusa\/wp-json\/wp\/v2\/media?parent=4"}],"curies":[{"name":"wp","href":"https:\/\/api.w.org\/{rel}","templated":true}]}}