{"id":17,"date":"2007-02-14T12:11:44","date_gmt":"2007-02-14T10:11:44","guid":{"rendered":"http:\/\/org.utu.fi:80\/tyyala\/muusa\/?page_id=17"},"modified":"2015-02-10T13:34:52","modified_gmt":"2015-02-10T11:34:52","slug":"kurssipalaute","status":"publish","type":"page","link":"https:\/\/tyyala.utu.fi\/muusa\/kurssipalaute\/","title":{"rendered":"Palaute"},"content":{"rendered":"<p>Kotimaisessa kirjallisuudessa palautetta ker\u00e4t\u00e4\u00e4n monella tavalla: kurssien lopuksi opettajat saattavat ker\u00e4t\u00e4 palautetta omaan k\u00e4ytt\u00f6\u00f6ns\u00e4, oppiaineelle tai laitokselle. Muusa ry ker\u00e4\u00e4 palautetta kahdesti vuodessa laitos- ja tiedekuntatenteiss\u00e4, ja palaute v\u00e4litet\u00e4\u00e4n nimett\u00f6m\u00e4n\u00e4 oppiaineelle.<\/p>\n<p>Antamasi palaute on aina t\u00e4rke\u00e4\u00e4, sill\u00e4 kaksivuotisia opetussuunnitelmia muokataan monesti opiskelijoiden antaman palautteen perusteella. Koulutuspoliittiset vastaavat viev\u00e4t palautetta my\u00f6s oppiainekokouksiin, joihin osallistumme useita kertoja vuodessa. Risut, ruusut, kehut ja moitteet ovat kaikki tervetulleita. Palautteen antaminen on jokaisen opiskelijan oikeus!<\/p>\n<p>Tulevaisuudessa voit antaa nopeasti palautetta my\u00f6s Muusan oman webropol-kyselyn kautta. Kyselyss\u00e4 on avoin osio, johon voit kertoa mink\u00e4 tahansa huolesi anonyymisti &#8211; koulutuspoliittiset vastaavat pyrkiv\u00e4t aina auttamaan!<\/p>\n","protected":false},"excerpt":{"rendered":"<p>Kotimaisessa kirjallisuudessa palautetta ker\u00e4t\u00e4\u00e4n monella tavalla: kurssien lopuksi opettajat saattavat ker\u00e4t\u00e4 palautetta omaan k\u00e4ytt\u00f6\u00f6ns\u00e4, oppiaineelle tai laitokselle. Muusa ry ker\u00e4\u00e4 palautetta kahdesti vuodessa laitos- ja tiedekuntatenteiss\u00e4, ja palaute v\u00e4litet\u00e4\u00e4n nimett\u00f6m\u00e4n\u00e4 oppiaineelle. Antamasi palaute on aina t\u00e4rke\u00e4\u00e4, sill\u00e4 kaksivuotisia opetussuunnitelmia muokataan monesti opiskelijoiden antaman palautteen perusteella. Koulutuspoliittiset vastaavat viev\u00e4t palautetta my\u00f6s oppiainekokouksiin, joihin osallistumme useita kertoja [&hellip;]<\/p>\n","protected":false},"author":259,"featured_media":0,"parent":0,"menu_order":0,"comment_status":"open","ping_status":"closed","template":"","meta":{"footnotes":""},"class_list":["post-17","page","type-page","status-publish","hentry","post-preview"],"_links":{"self":[{"href":"https:\/\/tyyala.utu.fi\/muusa\/wp-json\/wp\/v2\/pages\/17","targetHints":{"allow":["GET"]}}],"collection":[{"href":"https:\/\/tyyala.utu.fi\/muusa\/wp-json\/wp\/v2\/pages"}],"about":[{"href":"https:\/\/tyyala.utu.fi\/muusa\/wp-json\/wp\/v2\/types\/page"}],"author":[{"embeddable":true,"href":"https:\/\/tyyala.utu.fi\/muusa\/wp-json\/wp\/v2\/users\/259"}],"replies":[{"embeddable":true,"href":"https:\/\/tyyala.utu.fi\/muusa\/wp-json\/wp\/v2\/comments?post=17"}],"version-history":[{"count":3,"href":"https:\/\/tyyala.utu.fi\/muusa\/wp-json\/wp\/v2\/pages\/17\/revisions"}],"predecessor-version":[{"id":232,"href":"https:\/\/tyyala.utu.fi\/muusa\/wp-json\/wp\/v2\/pages\/17\/revisions\/232"}],"wp:attachment":[{"href":"https:\/\/tyyala.utu.fi\/muusa\/wp-json\/wp\/v2\/media?parent=17"}],"curies":[{"name":"wp","href":"https:\/\/api.w.org\/{rel}","templated":true}]}}