{"id":84,"date":"2023-05-06T16:51:26","date_gmt":"2023-05-06T13:51:26","guid":{"rendered":"https:\/\/tyyala.utu.fi\/mingbai\/?page_id=84"},"modified":"2023-05-06T16:54:06","modified_gmt":"2023-05-06T13:54:06","slug":"takaisinmaksu","status":"publish","type":"page","link":"https:\/\/tyyala.utu.fi\/mingbai\/hallitus\/takaisinmaksu\/","title":{"rendered":"TAKAISINMAKSU"},"content":{"rendered":"\n<div data-wp-interactive=\"core\/file\" class=\"wp-block-file\"><a href=\"https:\/\/tyyala.utu.fi\/mingbai\/wp-content\/uploads\/sites\/99\/2023\/05\/takaisinmaksu_mingbai.pdf\">takaisinmaksu_mingbai<\/a><a href=\"https:\/\/tyyala.utu.fi\/mingbai\/wp-content\/uploads\/sites\/99\/2023\/05\/takaisinmaksu_mingbai.pdf\" class=\"wp-block-file__button\" download>Lataa<\/a><\/div>\n\n\n\n<p>Mik\u00e4li olet maksanut asioita Mingbaita varten, t\u00e4yt\u00e4th\u00e4n ylt\u00e4 ladattavan lomakkeen ja l\u00e4het\u00e4t tiedot kuittien kera s\u00e4hk\u00f6postitse <strong>mingbai@utu.fi<\/strong>. <\/p>\n","protected":false},"excerpt":{"rendered":"<p>Mik\u00e4li olet maksanut asioita Mingbaita varten, t\u00e4yt\u00e4th\u00e4n ylt\u00e4 ladattavan lomakkeen ja l\u00e4het\u00e4t tiedot kuittien kera s\u00e4hk\u00f6postitse mingbai@utu.fi.<\/p>\n","protected":false},"author":3377,"featured_media":0,"parent":23,"menu_order":0,"comment_status":"closed","ping_status":"closed","template":"","meta":{"footnotes":""},"class_list":["post-84","page","type-page","status-publish","hentry"],"_links":{"self":[{"href":"https:\/\/tyyala.utu.fi\/mingbai\/wp-json\/wp\/v2\/pages\/84","targetHints":{"allow":["GET"]}}],"collection":[{"href":"https:\/\/tyyala.utu.fi\/mingbai\/wp-json\/wp\/v2\/pages"}],"about":[{"href":"https:\/\/tyyala.utu.fi\/mingbai\/wp-json\/wp\/v2\/types\/page"}],"author":[{"embeddable":true,"href":"https:\/\/tyyala.utu.fi\/mingbai\/wp-json\/wp\/v2\/users\/3377"}],"replies":[{"embeddable":true,"href":"https:\/\/tyyala.utu.fi\/mingbai\/wp-json\/wp\/v2\/comments?post=84"}],"version-history":[{"count":3,"href":"https:\/\/tyyala.utu.fi\/mingbai\/wp-json\/wp\/v2\/pages\/84\/revisions"}],"predecessor-version":[{"id":89,"href":"https:\/\/tyyala.utu.fi\/mingbai\/wp-json\/wp\/v2\/pages\/84\/revisions\/89"}],"up":[{"embeddable":true,"href":"https:\/\/tyyala.utu.fi\/mingbai\/wp-json\/wp\/v2\/pages\/23"}],"wp:attachment":[{"href":"https:\/\/tyyala.utu.fi\/mingbai\/wp-json\/wp\/v2\/media?parent=84"}],"curies":[{"name":"wp","href":"https:\/\/api.w.org\/{rel}","templated":true}]}}