{"id":82,"date":"2023-03-28T20:15:29","date_gmt":"2023-03-28T17:15:29","guid":{"rendered":"https:\/\/tyyala.utu.fi\/mingbai\/?page_id=82"},"modified":"2026-01-28T15:14:13","modified_gmt":"2026-01-28T13:14:13","slug":"palaute","status":"publish","type":"page","link":"https:\/\/tyyala.utu.fi\/mingbai\/palaute\/","title":{"rendered":"PALAUTE"},"content":{"rendered":"\n<p>Voit kertoa palautteesta tai toiveista suoraan Mingbain hallitukselle: mingbai@utu.fi<\/p>\n\n\n\n<p>tai anonyymisti voit j\u00e4tt\u00e4\u00e4 palautetta lomakkeen kautta: <a href=\"https:\/\/docs.google.com\/forms\/d\/e\/1FAIpQLSdmr0Yz0sfNzMsp4C90hJBzuMG6ca0dH7SppkNy0T2LXqryEA\/viewform?usp=header\">YLEINEN AVOIN PALAUTE<\/a><\/p>\n\n\n\n<p>Tapahtumista voit j\u00e4tt\u00e4\u00e4 palautetta t\u00e4m\u00e4n lomakkeen kautta: <a href=\"https:\/\/docs.google.com\/forms\/d\/e\/1FAIpQLSeNas2CDM6bDoXxt5xHuQRlW80t1_iemcp6C_fAOVdDTWpvnw\/viewform?usp=header\">TAPAHTUMAPALAUTE<\/a><\/p>\n\n\n\n<p>Jos haluat kertoa h\u00e4irint\u00e4tilanteesta anonyymisti, kerro tilanteesta t\u00e4\u00e4ll\u00e4: <a href=\"https:\/\/forms.gle\/FDirAxep9sRkAbxr7\" data-type=\"link\" data-id=\"https:\/\/forms.gle\/FDirAxep9sRkAbxr7\">H\u00c4IRINT\u00c4YHDYSHENKIL\u00d6N ANONYYMILOMAKE<\/a><\/p>\n\n\n\n<p><\/p>\n","protected":false},"excerpt":{"rendered":"<p>Voit kertoa palautteesta tai toiveista suoraan Mingbain hallitukselle: mingbai@utu.fi tai anonyymisti voit j\u00e4tt\u00e4\u00e4 palautetta lomakkeen kautta: YLEINEN AVOIN PALAUTE Tapahtumista voit j\u00e4tt\u00e4\u00e4 palautetta t\u00e4m\u00e4n lomakkeen kautta: TAPAHTUMAPALAUTE Jos haluat kertoa h\u00e4irint\u00e4tilanteesta anonyymisti, kerro tilanteesta t\u00e4\u00e4ll\u00e4: H\u00c4IRINT\u00c4YHDYSHENKIL\u00d6N ANONYYMILOMAKE<\/p>\n","protected":false},"author":3377,"featured_media":0,"parent":0,"menu_order":0,"comment_status":"closed","ping_status":"closed","template":"","meta":{"footnotes":""},"class_list":["post-82","page","type-page","status-publish","hentry"],"_links":{"self":[{"href":"https:\/\/tyyala.utu.fi\/mingbai\/wp-json\/wp\/v2\/pages\/82","targetHints":{"allow":["GET"]}}],"collection":[{"href":"https:\/\/tyyala.utu.fi\/mingbai\/wp-json\/wp\/v2\/pages"}],"about":[{"href":"https:\/\/tyyala.utu.fi\/mingbai\/wp-json\/wp\/v2\/types\/page"}],"author":[{"embeddable":true,"href":"https:\/\/tyyala.utu.fi\/mingbai\/wp-json\/wp\/v2\/users\/3377"}],"replies":[{"embeddable":true,"href":"https:\/\/tyyala.utu.fi\/mingbai\/wp-json\/wp\/v2\/comments?post=82"}],"version-history":[{"count":3,"href":"https:\/\/tyyala.utu.fi\/mingbai\/wp-json\/wp\/v2\/pages\/82\/revisions"}],"predecessor-version":[{"id":114,"href":"https:\/\/tyyala.utu.fi\/mingbai\/wp-json\/wp\/v2\/pages\/82\/revisions\/114"}],"wp:attachment":[{"href":"https:\/\/tyyala.utu.fi\/mingbai\/wp-json\/wp\/v2\/media?parent=82"}],"curies":[{"name":"wp","href":"https:\/\/api.w.org\/{rel}","templated":true}]}}