{"id":36,"date":"2023-01-18T19:46:57","date_gmt":"2023-01-18T17:46:57","guid":{"rendered":"https:\/\/tyyala.utu.fi\/mingbai\/?page_id=36"},"modified":"2026-01-28T16:04:13","modified_gmt":"2026-01-28T14:04:13","slug":"jaseneksi","status":"publish","type":"page","link":"https:\/\/tyyala.utu.fi\/mingbai\/jaseneksi\/","title":{"rendered":"J\u00c4SENEKSI"},"content":{"rendered":"\n<p>Mingbai ry:n j\u00e4senmaksu vuodelle 2026 on 10\u20ac.<\/p>\n\n\n\n<p>Voit ostaa j\u00e4senyyden suoraan kide.appista (0,30 \u20ac palvelumaksu kide.appille lis\u00e4tty hintaan): <a href=\"https:\/\/kide.app\/memberships\/470caca3-8b51-4136-aa10-5350664eab0b\">kide.app<\/a><\/p>\n\n\n\n<p>Jos et k\u00e4yt\u00e4 kide.appia, voit hakea j\u00e4senyytt\u00e4 l\u00e4hett\u00e4m\u00e4ll\u00e4 s\u00e4hk\u00f6postia hallitukselle (mingbai@utu.fi) otsikolla <em>J\u00c4SENHAKEMUS MINGBAI<\/em>.<\/p>\n\n\n\n<p><strong>T\u00e4yt\u00e4 seuraava tiedot s\u00e4hk\u00f6postihakemukseen:<\/strong><\/p>\n\n\n\n<ol class=\"wp-block-list\">\n<li>Koko nimi<\/li>\n\n\n\n<li>Asuinpaikkakunta<\/li>\n\n\n\n<li>Syy hakea Mingbain j\u00e4seneksi<\/li>\n\n\n\n<li>Oletko TYY:n j\u00e4sen?<\/li>\n\n\n\n<li>S\u00e4hk\u00f6postiosoite (@utu.fi)<\/li>\n<\/ol>\n\n\n\n<p>J\u00e4senhakemukset pyrit\u00e4\u00e4n k\u00e4sittelem\u00e4\u00e4n noin kuukauden sis\u00e4ll\u00e4 hakemuksesta.<\/p>\n\n\n\n<figure class=\"wp-block-image size-full\"><img loading=\"lazy\" decoding=\"async\" width=\"940\" height=\"997\" src=\"https:\/\/tyyala.utu.fi\/mingbai\/wp-content\/uploads\/sites\/99\/2023\/01\/cropped-mingbai_varillinen-lohikaarme.png\" alt=\"\" class=\"wp-image-18\" srcset=\"https:\/\/tyyala.utu.fi\/mingbai\/wp-content\/uploads\/sites\/99\/2023\/01\/cropped-mingbai_varillinen-lohikaarme.png 940w, https:\/\/tyyala.utu.fi\/mingbai\/wp-content\/uploads\/sites\/99\/2023\/01\/cropped-mingbai_varillinen-lohikaarme-283x300.png 283w, https:\/\/tyyala.utu.fi\/mingbai\/wp-content\/uploads\/sites\/99\/2023\/01\/cropped-mingbai_varillinen-lohikaarme-768x815.png 768w\" sizes=\"auto, (max-width: 940px) 100vw, 940px\" \/><\/figure>\n","protected":false},"excerpt":{"rendered":"<p>Mingbai ry:n j\u00e4senmaksu vuodelle 2026 on 10\u20ac. Voit ostaa j\u00e4senyyden suoraan kide.appista (0,30 \u20ac palvelumaksu kide.appille lis\u00e4tty hintaan): kide.app Jos et k\u00e4yt\u00e4 kide.appia, voit hakea j\u00e4senyytt\u00e4 l\u00e4hett\u00e4m\u00e4ll\u00e4 s\u00e4hk\u00f6postia hallitukselle (mingbai@utu.fi) otsikolla J\u00c4SENHAKEMUS MINGBAI. T\u00e4yt\u00e4 seuraava tiedot s\u00e4hk\u00f6postihakemukseen: J\u00e4senhakemukset pyrit\u00e4\u00e4n k\u00e4sittelem\u00e4\u00e4n &hellip; <a href=\"https:\/\/tyyala.utu.fi\/mingbai\/jaseneksi\/\">Lue loppuun <span class=\"meta-nav\">&rarr;<\/span><\/a><\/p>\n","protected":false},"author":3377,"featured_media":0,"parent":0,"menu_order":0,"comment_status":"closed","ping_status":"closed","template":"","meta":{"footnotes":""},"class_list":["post-36","page","type-page","status-publish","hentry"],"_links":{"self":[{"href":"https:\/\/tyyala.utu.fi\/mingbai\/wp-json\/wp\/v2\/pages\/36","targetHints":{"allow":["GET"]}}],"collection":[{"href":"https:\/\/tyyala.utu.fi\/mingbai\/wp-json\/wp\/v2\/pages"}],"about":[{"href":"https:\/\/tyyala.utu.fi\/mingbai\/wp-json\/wp\/v2\/types\/page"}],"author":[{"embeddable":true,"href":"https:\/\/tyyala.utu.fi\/mingbai\/wp-json\/wp\/v2\/users\/3377"}],"replies":[{"embeddable":true,"href":"https:\/\/tyyala.utu.fi\/mingbai\/wp-json\/wp\/v2\/comments?post=36"}],"version-history":[{"count":13,"href":"https:\/\/tyyala.utu.fi\/mingbai\/wp-json\/wp\/v2\/pages\/36\/revisions"}],"predecessor-version":[{"id":130,"href":"https:\/\/tyyala.utu.fi\/mingbai\/wp-json\/wp\/v2\/pages\/36\/revisions\/130"}],"wp:attachment":[{"href":"https:\/\/tyyala.utu.fi\/mingbai\/wp-json\/wp\/v2\/media?parent=36"}],"curies":[{"name":"wp","href":"https:\/\/api.w.org\/{rel}","templated":true}]}}