{"id":23,"date":"2023-01-18T19:29:20","date_gmt":"2023-01-18T17:29:20","guid":{"rendered":"https:\/\/tyyala.utu.fi\/mingbai\/?page_id=23"},"modified":"2026-01-28T16:02:39","modified_gmt":"2026-01-28T14:02:39","slug":"hallitus","status":"publish","type":"page","link":"https:\/\/tyyala.utu.fi\/mingbai\/hallitus\/","title":{"rendered":"HALLITUS"},"content":{"rendered":"\n<p> Ota yhteytt\u00e4: <strong>mingbai@utu.fi <\/strong><\/p>\n\n\n\n<p><strong>Mingbain vuoden 2026 hallitus<\/strong><\/p>\n\n\n\n<p>Puheenjohtaja ja somevastaava<em> Noora Huukkala<\/em><\/p>\n\n\n\n<p>Varapuheenjohtaja ja somevastaava<em> Ida Alho<\/em><\/p>\n\n\n\n<p>Rahastonhoitaja ja kansainv\u00e4lisen viestinn\u00e4n vastaava<em> Melek Erdem<\/em><\/p>\n\n\n\n<p>KOPO-vastaava <em>Viivi Kaikkonen<\/em><\/p>\n\n\n\n<p>Sihteeri ja tiedottaja <em>Utu Talonen<\/em><\/p>\n\n\n\n<p>Tapahtumavastaava <em>Jonna Muukkonen<\/em><\/p>\n\n\n\n<p>Muut j\u00e4senet:<\/p>\n\n\n\n<p><em>Viggo Vesa<\/em><\/p>\n\n\n\n<p><em>Niina Kiviaura<\/em><\/p>\n\n\n\n<p><em>Tiia Tuononen<\/em><\/p>\n\n\n\n<p><\/p>\n\n\n\n<p class=\"has-text-align-left\">H\u00e4irint\u00e4yhteyshenkil\u00f6n\u00e4 toimii <em>Jonna Muukkonen<\/em>, h\u00e4net saa kiinni s\u00e4hk\u00f6postista <strong>jemuuk@utu.fi<\/strong><\/p>\n","protected":false},"excerpt":{"rendered":"<p>Ota yhteytt\u00e4: mingbai@utu.fi Mingbain vuoden 2026 hallitus Puheenjohtaja ja somevastaava Noora Huukkala Varapuheenjohtaja ja somevastaava Ida Alho Rahastonhoitaja ja kansainv\u00e4lisen viestinn\u00e4n vastaava Melek Erdem KOPO-vastaava Viivi Kaikkonen Sihteeri ja tiedottaja Utu Talonen Tapahtumavastaava Jonna Muukkonen Muut j\u00e4senet: Viggo Vesa Niina &hellip; <a href=\"https:\/\/tyyala.utu.fi\/mingbai\/hallitus\/\">Lue loppuun <span class=\"meta-nav\">&rarr;<\/span><\/a><\/p>\n","protected":false},"author":3377,"featured_media":0,"parent":0,"menu_order":0,"comment_status":"closed","ping_status":"closed","template":"","meta":{"footnotes":""},"class_list":["post-23","page","type-page","status-publish","hentry"],"_links":{"self":[{"href":"https:\/\/tyyala.utu.fi\/mingbai\/wp-json\/wp\/v2\/pages\/23","targetHints":{"allow":["GET"]}}],"collection":[{"href":"https:\/\/tyyala.utu.fi\/mingbai\/wp-json\/wp\/v2\/pages"}],"about":[{"href":"https:\/\/tyyala.utu.fi\/mingbai\/wp-json\/wp\/v2\/types\/page"}],"author":[{"embeddable":true,"href":"https:\/\/tyyala.utu.fi\/mingbai\/wp-json\/wp\/v2\/users\/3377"}],"replies":[{"embeddable":true,"href":"https:\/\/tyyala.utu.fi\/mingbai\/wp-json\/wp\/v2\/comments?post=23"}],"version-history":[{"count":8,"href":"https:\/\/tyyala.utu.fi\/mingbai\/wp-json\/wp\/v2\/pages\/23\/revisions"}],"predecessor-version":[{"id":129,"href":"https:\/\/tyyala.utu.fi\/mingbai\/wp-json\/wp\/v2\/pages\/23\/revisions\/129"}],"wp:attachment":[{"href":"https:\/\/tyyala.utu.fi\/mingbai\/wp-json\/wp\/v2\/media?parent=23"}],"curies":[{"name":"wp","href":"https:\/\/api.w.org\/{rel}","templated":true}]}}