{"id":96,"date":"2020-09-15T15:22:29","date_gmt":"2020-09-15T15:22:29","guid":{"rendered":"https:\/\/tyyala.utu.fi\/mimesis\/?page_id=96"},"modified":"2025-11-04T14:14:27","modified_gmt":"2025-11-04T14:14:27","slug":"tapahtumakalenteri","status":"publish","type":"page","link":"https:\/\/tyyala.utu.fi\/mimesis\/?page_id=96","title":{"rendered":"Tapahtumakalenteri"},"content":{"rendered":"\n<p><em>Tarkemmat tiedot tapahtumista l\u00e4hetet\u00e4\u00e4n aina yhdistyksen s\u00e4hk\u00f6postilistalle, <a href=\"https:\/\/lists.utu.fi\/mailman\/listinfo\/mimesis\">liity siis sinne<\/a>!<\/em><\/p>\n\n\n\n<p><em>Kaikissa tapahtumissamme ovat k\u00e4yt\u00f6ss\u00e4 seuraavat <\/em><a href=\"https:\/\/tyyala.utu.fi\/mimesis\/wp-content\/uploads\/sites\/96\/2024\/07\/TurvallisempiTila2024.pdf\" data-type=\"URL\" data-id=\"https:\/\/tyyala.utu.fi\/mimesis\/wp-content\/uploads\/sites\/96\/2022\/03\/Turvallisen-tilan-periaatteet.pdf\" target=\"_blank\" rel=\"noreferrer noopener\"><em>turvallisemman tilan periaatteet<\/em><\/a>!<\/p>\n\n\n\n<p><em>p\u00e4ivitetty: 4.11.202<\/em>5<\/p>\n\n\n\n<p><strong>SYKSY 2025<\/strong><\/p>\n\n\n\n<p><em>Elokuu<\/em><br>Fuksit saapuvat!!<br>26.8. Indexin sivuainemessut \/ Mimesis t\u00e4\u00e4ll\u00e4!<br>Lukuvuosi- ja l\u00e4sn\u00e4oloilmoittautuminen teht\u00e4v\u00e4 viim. 31.8. <br><br><em>Syyskuu<\/em><br>2.9. Avajaiskarnevaalit \/ Tule moikkaamaan! &lt;3 @ Educariumin ja Publicumin sis\u00e4piha klo 12-14<br>2.9. TYYlik\u00e4s avaus klo 21 @Marilyn, Vegas &amp; Forte klo 21 alkaen<br><br><em>Lokakuu<\/em><br><br><br><em>Marraskuu<\/em><br>4.11. Kirjarant<br>5.11. Vujup\u00e4ivystys<br>6.11. baarihengailu\/-kierros<br>11.11. Syyskokous<br>22.11. VUOSIJUHLAT @ K\u00e5ren<br>24.11. Opinn\u00e4ytety\u00f6konferenssi &#8211; lis\u00e4\u00e4 infoa ajankohtaista-osiossa<br><br><em>Joulukuu<\/em><br>xx.12. Joulujuhla henkil\u00f6kunnan kanssa<br><\/p>\n\n\n\n<p><br><strong>KEV\u00c4T 2025<\/strong><br><br><em>Tammikuu<\/em><br>Ti 28.1. Kirjarant klo 18 @ Vuoksi\/Luode (Arcanum)<br>Ke 29.1. Vuoden ekat bileet @ Proffan kellarin pieni kabinetti<br>Utopian suunnittelukokous<br><br><em>Helmikuu<\/em><br>Yst\u00e4v\u00e4np\u00e4iv\u00e4bileet<br>Ma 24.2. Periodirentoutus klo 11.30-14 @ Arcanumin opiskelijatilojen keitti\u00f6<br>To 27.2. Utopian kirjoitusilta klo 16-20 @ Arcanumin Suisto<br><br><em>Maaliskuu<\/em><br>Ma 3.3. Kalevalanp\u00e4iv\u00e4n aamukahvit klo 9.15 @ Arcanumin opiskelijatilojen keitti\u00f6<br>To 20.3. Martan k\u00e4sity\u00f6kerho @ Kampuskappeli ja mannusjatkot @ Proffan kellari<br>ke 26.3. vujumyyj\u00e4iset @ Arcanum<br><br><em>Huhtikuu<\/em><br>ti 1.4. kev\u00e4tkokous<br>pe 4.4. kirjamessutoimikunnan kokous<br>Periodirentoutus<br>VAPPU:<br>&#8211; To 24.4. Mimesiksen vappuetkot<br>&#8211; Ma 28.4. Humanistinen rastikierros<br>&#8211; Ti 29.4. Sip &amp; Paint<br>&#8211; Ke 30.4. TYYn vappuboolit ja Humanitaan vappuv\u00e4tk\u00f6t<br><br><em>Toukokuu<\/em><br>1.5. TYYn vappupiknik Vartiovuorella<br>20.5. Kev\u00e4tjuhla henkil\u00f6kunnan kanssa<\/p>\n\n\n\n<p><strong>SYKSY 2024<\/strong><br><br><em>Elokuu<\/em><br><br>x.8. Vanhojen piknik<br>26.8. First Rodeo -rastikierros<br>26.8. First Rodeo -bileet<br>27.8. Indexin sivuainemessut klo 12-16 Educariumin ja Publicumin aukiolla<br>28.8. Welcome Fair kv-opiskelijoille ja vaihtareille klo 12-14 Yliopistonm\u00e4ell\u00e4 (tule moikkaamaan mimesisl\u00e4isi\u00e4!)<\/p>\n\n\n\n<p><em>Syyskuu<\/em><\/p>\n\n\n\n<p>3.9. Avajaiskarnevaalit yliopistolla (Mimesiksell\u00e4 oma p\u00f6yt\u00e4) klo 12-14 Educariumin ja Publicumin aukiolla<br>3.9. TYYlik\u00e4s Avaus poikkitieteelliset bileet Marilyn, Vegas ja Forte -y\u00f6kerhoissa<br>15.9. Turun p\u00e4iv\u00e4n appro<br>30.9. Kirjarant<\/p>\n\n\n\n<p><em>Lokakuu<\/em><br><br>4.10. Humanistiristeilyn jatkot @ Dynamo<br>4.-6.10. <a href=\"https:\/\/www.kirjamessut.fi\/\">Turun Kirjamessut<\/a> <br>Mimesiksen kirjamessupaneeli la 5.10. klo 15.30 @ Jukola <a href=\"https:\/\/www.kirjamessut.fi\/esiintyja\/mimemis-ry-566\/\">LIS\u00c4\u00c4 INFOA<\/a><br>9.10. Utopian suunnittelukokous klo 16 @ Anniskeluliike Portti<br>x.10. Aleksis Kiven p\u00e4iv\u00e4n illallinen klo 18 @ Kortteliravintola Kerttu<br>31.10. Oppiainekahvit klo 13.30, Arcanumin 3. kerroksen kahvihuone<\/p>\n\n\n\n<p><em>Marraskuu<\/em><br><br>1.11. Opinn\u00e4ytety\u00f6konferenssi LIS\u00c4\u00c4 INFOA AJANKOHTAISTA -OSIOSSA<br>28.11. Oppiainekahvit klo 13.30, Arcanumin 3. kerroksen kahvihuone<\/p>\n\n\n\n<p><em>Joulukuu<\/em><\/p>\n\n\n\n<p><\/p>\n\n\n\n<p><strong>KEV\u00c4T 2024<\/strong><\/p>\n\n\n\n<div class=\"wp-block-group\"><div class=\"wp-block-group__inner-container is-layout-constrained wp-block-group-is-layout-constrained\">\n<p><em>Maaliskuu<\/em><\/p>\n\n\n\n<p>6.3. Hallituksen kokous <br>12.3. Kev\u00e4tkokous<br>13.3. Utopian kirjoitusilta<br>18.3. Palestiina-k\u00e4\u00e4nn\u00f6sty\u00f6paja<br>19.3. Kirjarant<br>21.3. Yhteinen opiskeluhetki <br>22.3. Hallituksen kokous<br>22.3. Utopian deadline<br>26.3. Mannusjuhlat<\/p>\n\n\n\n<p><em>Huhtikuu<\/em><\/p>\n\n\n\n<p>3.4. Sikatotta -teatteriekskursio<br>11.4. Tku\u00d6penMic @bar \u00f6 klo 19-22<br>17.4. periodirentoutus\/vohvelip\u00e4ivystys<br>17.4. 2010-luvun sitsit ja bileet Kannan kanssa<br>19.4. humanistinen rastikierros<br>24.4. sip &amp; paint<br>25.4. Kolmen t\u00e4hden bileet<br>26.4. perjantaisimahdus<br>29.4. Pre-vappu: haalarimerkkien ompelua<br>30.4. VAPPUAATTO<br>&#8211; klo 11 -&gt; vappuboolit yliopistolla<br>&#8211; n. klo 16.45 TYYn vappukulkue starttaa<br>&#8211; klo 17.30 lakitustilaisuus Taidemuseonm\u00e4ell\u00e4 ja TYYn puheenjohtajan puhe<br>&#8211; klo 18 lakit p\u00e4\u00e4h\u00e4n<\/p>\n\n\n\n<p><em>Toukokuu<\/em><\/p>\n\n\n\n<p>1.5. Vappup\u00e4iv\u00e4<br>&#8211; TYYlik\u00e4s vappupiknik Vartiovuorenm\u00e4ell\u00e4 klo 12-16<br>alumni-ilta (p\u00e4iv\u00e4m\u00e4\u00e4r\u00e4 tulossa)<br>15.5. kev\u00e4tjuhla oppiaineen kanssa<\/p>\n<\/div><\/div>\n\n\n\n<p><\/p>\n\n\n\n<p><strong>KEV\u00c4T 2023<\/strong><\/p>\n\n\n\n<p><em>Tammikuu<\/em><\/p>\n\n\n\n<p>26.1. Vuoden ensimm\u00e4iset bileet! <\/p>\n\n\n\n<p><em>Helmikuu<\/em><\/p>\n\n\n\n<p>9.2. Yst\u00e4v\u00e4np\u00e4iv\u00e4bileet<br>17.2. Laskiaispulla-tapahtuma<br>28.2. Kalevalanp\u00e4iv\u00e4n kahvit<\/p>\n\n\n\n<p><em>Maaliskuu<\/em><\/p>\n\n\n\n<p>2.3. Periodirentoutus &#8211;&gt; Leffailta<br>15.3. Camp x Drag bileet<br>16.3. Mimesis ry:n s\u00e4\u00e4nt\u00f6m\u00e4\u00e4r\u00e4inen kev\u00e4tkokous<br>23.3. Mannusjuhlat<br>30.3. Mimesiksen lukupiiri kokoontuu (Sanni Purhosen runoteos &#8221;Jos vain muuttuisin toiseksi&#8221;) <\/p>\n\n\n\n<p><em>Huhtikuu<\/em><\/p>\n\n\n\n<p>12.4. Mimesiksen myyj\u00e4iset<br>13.4. Kulttuuritapahtuma &#8211;&gt; Valokuvausk\u00e4vely luonnossa<br>20.4. Liikuntatapahtuma &#8211;&gt; Keilaus<br>27.4. Humanistinen rastikierros<br>28.4. Mimesiksen pre-vappu<br>29.4. Sip &amp; Paint<\/p>\n\n\n\n<p><em>Toukokuu<\/em><\/p>\n\n\n\n<p>9.5. Mimesiksen lukupiiri kokoontuu (Haruki Murakami &#8221;Miehi\u00e4 ilman naisia&#8221;)<br>20.5. Mimesiksen vuosijuhlat! &lt;3 <\/p>\n\n\n\n<p>&#8212;<\/p>\n\n\n\n<p><strong>SYKSY 2022<\/strong><\/p>\n\n\n\n<p><em>Syyskuu<\/em><\/p>\n\n\n\n<p>21.9. Tutustumisbileet<br>23.9. P\u00e4ivin l\u00e4ksi\u00e4isjuhlat<br>26.9. Kulttuurik\u00e4vely<br>29.9. OpenMic ja Mimesiksen&nbsp;Zinejulkkarit<br>30.9. Mimesiksen kirjamessupaneeli<\/p>\n\n\n\n<p><em>Lokakuu<\/em><\/p>\n\n\n\n<p>3.10. Mimesiksen ty\u00f6el\u00e4m\u00e4ilta &#8211;&gt; TAKU ry<br>5.10. Utopia 2\/2022 suunnittelukokous<br>6.10. Fuksien kastajaiset<br>11.10. Aleksis Kiven p\u00e4iv\u00e4n illallinen<br>13.10. Periodirentoutus &#8211;&gt; Pannarip\u00f6tk\u00f6tys<br>25.10. Halloweenbileet x Affekti ry<br>27.-28.10 Aurinkolahden m\u00f6kkireissu<\/p>\n\n\n\n<p><em>Marraskuu<\/em><\/p>\n\n\n\n<p>2.11. Baarikierros\/hallitushaalinta<br>10.11. Mimesis ry:n s\u00e4\u00e4nt\u00f6m\u00e4\u00e4r\u00e4inen syyskokous<br>11.11. Mimesiksen lukupiiri kokoontuu (Enna Airikin lastenkirja &#8221;Korppip\u00e4inen mies&#8221;) <br>15.11. Liikuntatapahtuma &#8211;&gt; Kiipeily<br>16.-18.11. Pikkujouluristeily yhdess\u00e4 Tampereen yliopiston Teema ry:n kanssa<br>21.11. Liikuntatapahtuma &#8211;&gt; Keilaaminen<br>24.11. Marrasbileet<br>25.11. Kirjallisuustieteiden yhteinen syysretki Tampereelle<\/p>\n\n\n\n<p><em>Joulukuu<\/em><\/p>\n\n\n\n<p>1.12. Kulttuuritapahtuma &#8211;&gt; Elokuviin Kino Dianaan: Orlando<br>5.12. Kulttuuritapahtuma &#8211;&gt; Joulukorttien askartelua <br>8.12. Pikkujoulubileet Dynamossa<br>12.12. Periodirentoutus &#8211;&gt; Jouluelokuvailta<br>14.14. Pikkujoulut kirjallisuusaineiden henkil\u00f6kunnan kanssa<br>15.12. Mimesiksen lukupiiri kokoontuu (HC Andersenin sadut &#8221;Pieni merenneito&#8221; ja &#8221;Pieni tulitikkutytt\u00f6&#8221;)<\/p>\n\n\n\n<p>&#8212;<\/p>\n\n\n\n<p><strong>KEV\u00c4T 2022<\/strong><\/p>\n\n\n\n<p><em>Helmikuu<\/em><\/p>\n\n\n\n<p>4.2. Kello kolmen kaljat \/ kahvit -hengailu zoomissa<br>9.2. Luisteluilta Kupittaan luistelumadolla<br>18.2. Yst\u00e4v\u00e4np\u00e4iv\u00e4tapahtuma<br>24.2. Mimesiksen lukupiiri kokoontuu (\u00c9douard Louisin &#8221;Ei en\u00e4\u00e4 Eddy&#8221;)<\/p>\n\n\n\n<p><em>Maaliskuu<\/em><\/p>\n\n\n\n<p>1.3. Laskiaispullien tekoa<br>3.3. Utopia 1\/2022 suunnittelukokous<br>14.3.  Periodirentoutus &#8211;&gt; Haalarimerkkien ompelua<br>17.3. Valkoisten haalarien sitsit<br>22.3. Mimesis ry:n s\u00e4\u00e4nt\u00f6m\u00e4\u00e4r\u00e4inen kev\u00e4tkokous<br>24.3. Mannusjuhlat \/ Tutustumisbileet \/ (kirjallisuusteemaiset) naamiaiset<br>30.3. Kulttuuritapahtuma &#8211;&gt; Omar Victor Diopin n\u00e4yttely<\/p>\n\n\n\n<p><em>Huhtikuu<\/em><\/p>\n\n\n\n<p>5.4. Yhteinen opiskeluhetki<br>7.4. Mimesiksen lukupiiri kokoontuu<br>11.4. Kulttuuritapahtuma &#8211;&gt; Millenium-leffailta<br>13.4. Mimesiksen p\u00e4iv\u00e4risteily<br>20.4. Yhteinen opiskeluhetki<br>20.4. Liikuntatapahtuma &#8211;&gt; Rento ohjattu tanssitapahtuma<br>22.4. Varasl\u00e4ht\u00f6 Vabbuun &#8211; Humanistinen rastikierros <br>25.4. Sip &amp; Paint -ilta <br>29.4. Mimesiksen pre-vappu <\/p>\n\n\n\n<p><em>Toukokuu<\/em><\/p>\n\n\n\n<p>3.5. Kotimaisen kirjallisuuden ja yleisen kirjallisuuden opiskelijoiden minikonferenssi<br>3.5. Kev\u00e4tjuhla<br>12.-13.5. Aurinkolahden m\u00f6kkireissu<\/p>\n\n\n\n<p>&#8212;<\/p>\n\n\n\n<p><strong>SYKSY 2021<\/strong><\/p>\n\n\n\n<p><em>Elokuu<\/em><\/p>\n\n\n\n<p>17.8. Vanhojen piknik<br>27.8. Tutustumispiknik<\/p>\n\n\n\n<p><em>Syyskuu<\/em><\/p>\n\n\n\n<p>3.9. Tutustumisbileet<br>26.9. Teatteriretki ilmoittautuneille<br>28.9. Lavarunoilta @ Bar \u00d6<br>30.9. Kastajaiset<\/p>\n\n\n\n<p><em>Lokakuu<\/em><\/p>\n\n\n\n<p>3.10. Mimesis ry kirjamessuilla (messupiste ja -keskustelu, ks. Turun kirjamessujen ohjelma)<br>3.10. Kirjamessubileet<br>6.10. Kulttuurik\u00e4vely<br>21.-22.10. Aurinkolahden m\u00f6kkiretki ilmoittautuneille<br>27.10. Halloweenbileet Affekti ry:n kanssa<\/p>\n\n\n\n<p><em>Marraskuu<\/em><\/p>\n\n\n\n<p>11.11. Baarikierros ja hallitushaalinta<br>16.11. Vohvelip\u00e4ivystys<br>18.11. Fuksien haalarisovitus<br>19.11. Yhdistyksen s\u00e4\u00e4nt\u00f6m\u00e4\u00e4r\u00e4inen syyskokous<br>25.11. Marrasbileet<\/p>\n\n\n\n<p><em>Joulukuu<\/em><\/p>\n\n\n\n<p>1.12. Pikkujoulut kirjallisuusaineiden henkil\u00f6kunnan kanssa<br>15.12. Periodirentoutus: joululeffailta<\/p>\n\n\n\n<p><strong>&#8212;<\/strong><br><\/p>\n","protected":false},"excerpt":{"rendered":"<p>Tarkemmat tiedot tapahtumista l\u00e4hetet\u00e4\u00e4n aina yhdistyksen s\u00e4hk\u00f6postilistalle, liity siis sinne! Kaikissa tapahtumissamme ovat k\u00e4yt\u00f6ss\u00e4 seuraavat turvallisemman tilan periaatteet! p\u00e4ivitetty: 4.11.2025 SYKSY 2025 ElokuuFuksit saapuvat!!26.8. Indexin sivuainemessut \/ Mimesis t\u00e4\u00e4ll\u00e4!Lukuvuosi- ja l\u00e4sn\u00e4oloilmoittautuminen teht\u00e4v\u00e4 viim. 31.8. Syyskuu2.9. Avajaiskarnevaalit \/ Tule moikkaamaan! &lt;3 @ Educariumin ja Publicumin sis\u00e4piha klo 12-142.9. TYYlik\u00e4s avaus klo 21 @Marilyn, Vegas &amp; Forte [&hellip;]<\/p>\n","protected":false},"author":3251,"featured_media":657,"parent":0,"menu_order":0,"comment_status":"closed","ping_status":"closed","template":"","meta":{"_kad_blocks_custom_css":"","_kad_blocks_head_custom_js":"","_kad_blocks_body_custom_js":"","_kad_blocks_footer_custom_js":"","footnotes":""},"class_list":["post-96","page","type-page","status-publish","has-post-thumbnail","hentry","post-preview"],"taxonomy_info":[],"featured_image_src_large":["https:\/\/tyyala.utu.fi\/mimesis\/wp-content\/uploads\/sites\/96\/2020\/09\/1-1-1024x457.png",676,302,true],"author_info":{"display_name":"senjarantala","author_link":"https:\/\/tyyala.utu.fi\/mimesis\/?author=3251"},"comment_info":0,"_links":{"self":[{"href":"https:\/\/tyyala.utu.fi\/mimesis\/index.php?rest_route=\/wp\/v2\/pages\/96","targetHints":{"allow":["GET"]}}],"collection":[{"href":"https:\/\/tyyala.utu.fi\/mimesis\/index.php?rest_route=\/wp\/v2\/pages"}],"about":[{"href":"https:\/\/tyyala.utu.fi\/mimesis\/index.php?rest_route=\/wp\/v2\/types\/page"}],"author":[{"embeddable":true,"href":"https:\/\/tyyala.utu.fi\/mimesis\/index.php?rest_route=\/wp\/v2\/users\/3251"}],"replies":[{"embeddable":true,"href":"https:\/\/tyyala.utu.fi\/mimesis\/index.php?rest_route=%2Fwp%2Fv2%2Fcomments&post=96"}],"version-history":[{"count":56,"href":"https:\/\/tyyala.utu.fi\/mimesis\/index.php?rest_route=\/wp\/v2\/pages\/96\/revisions"}],"predecessor-version":[{"id":1552,"href":"https:\/\/tyyala.utu.fi\/mimesis\/index.php?rest_route=\/wp\/v2\/pages\/96\/revisions\/1552"}],"wp:featuredmedia":[{"embeddable":true,"href":"https:\/\/tyyala.utu.fi\/mimesis\/index.php?rest_route=\/wp\/v2\/media\/657"}],"wp:attachment":[{"href":"https:\/\/tyyala.utu.fi\/mimesis\/index.php?rest_route=%2Fwp%2Fv2%2Fmedia&parent=96"}],"curies":[{"name":"wp","href":"https:\/\/api.w.org\/{rel}","templated":true}]}}