{"id":918,"date":"2020-12-10T12:41:15","date_gmt":"2020-12-10T12:41:15","guid":{"rendered":"https:\/\/tyyala.utu.fi\/mimesis\/?page_id=918"},"modified":"2025-02-21T14:39:23","modified_gmt":"2025-02-21T14:39:23","slug":"utopia","status":"publish","type":"page","link":"https:\/\/tyyala.utu.fi\/mimesis\/?page_id=918","title":{"rendered":"Utopia"},"content":{"rendered":"\n<p>Mimesis julkaisee taide- ja kulttuurilehti <em>Utopiaa<\/em>,<em> <\/em> joka tarjoaa j\u00e4senist\u00f6lle mahdollisuuden julkaista tekstej\u00e4\u00e4n ja muuta materiaalia. <em>Utopia <\/em>hakee parhaillaan muotoaan ja tyyli\u00e4\u00e4n, eli jokainen kirjoittaja voi osaltaan rakentaa k\u00e4sityst\u00e4 <em>Utopiasta<\/em>. Lehti ilmestyy kahdesti vuodessa, touko- ja joulukuussa.<\/p>\n\n\n\n<p>Lehden p\u00e4\u00e4toimittaja(t) ja muu toimituskunta valitaan vuosittain yhdistyksen syyskokouksessa. Toimittaminen ei vaadi aiempaa kokemusta, mutta taittotaidosta tai valmiudesta sen opetteluun on toki apua.<\/p>\n\n\n\n<p>Vuonna 2025 lehden p\u00e4\u00e4toimittajana toimii Martta Puromies ja Iiris Rautio.<\/p>\n\n\n\n<p><\/p>\n\n\n\n<p><strong>Lehden 1\/2025 kirjoituskutsu:<\/strong><\/p>\n\n\n\n<p>Nyt on aika kutsua mimesisl\u00e4iset kirjoittamaan, kuvittamaan, raapustamaan ja tuhertamaan ainej\u00e4rjest\u00f6lehti&nbsp;Utopiaan. Seuraavan numeron (1\/2025) teemaksi valikoitui VESI. Moninaiset tekstilajit, kirjoitukset, kuvitukset ja muut sis\u00e4ll\u00f6t otetaan avosylin vastaan!<\/p>\n\n\n\n<p>My\u00f6s t\u00e4ll\u00e4 kertaa lehden teemaa voi l\u00e4hesty\u00e4 vapaasti. Voit kirjoittaa mist\u00e4 vaan, mit\u00e4 teema sinussa her\u00e4tt\u00e4\u00e4. Mit\u00e4 olomuotoja vesi saa? Voiko vedess\u00e4 olla vaaroja? Mit\u00e4 muistoja vesi kantaa? Millaisia ajatuksia elementeist\u00e4 voi ammentaa? Juothan tarpeeksi vett\u00e4? Lis\u00e4ksi ideoimme viime torstain suunnittelukokouksessa lehdelle uutta palstaa, joka koostuisi pienist\u00e4 kirjakriitiikeist\u00e4. Jos sinulla on sanottavaa jostakin teoksesta, l\u00e4het\u00e4 siit\u00e4 korkeintaan 1000 merkin mittainen pienkritiikki.<\/p>\n\n\n\n<p>Vappuna julkaistavan numeron sis\u00e4lt\u00f6jen palautusp\u00e4iv\u00e4 on maanantaina 10.3. Tekstit ja kuvitukset voi l\u00e4hett\u00e4\u00e4 toimituksen gmail-osoitteeseen&nbsp;utopiatoimitus@gmail.com. L\u00e4het\u00e4th\u00e4n tekstin Word-muodossa. Paperisen lehden lis\u00e4ksi&nbsp;Utopia&nbsp;l\u00e4hetet\u00e4\u00e4n Mimesiksen s\u00e4hk\u00f6postilistalle sek\u00e4 julkaistaan s\u00e4hk\u00f6isen\u00e4 versiona j\u00e4rjest\u00f6n nettisivuilla. Jos et halua, ett\u00e4 tekstisi julkaistaan s\u00e4hk\u00f6isess\u00e4 julkaisussa, mainitsethan sen erikseen. My\u00f6s anonyymisti tai nimimerkill\u00e4 julkaiseminen on mahdollista. Lis\u00e4ksi kutsumme sinut yhteiseen kirjoitusiltaan torstaina 27.2. kello 16 alkaen. Asiasta tulee tarkempaa infoa my\u00f6hemmin.<\/p>\n\n\n\n<p><\/p>\n","protected":false},"excerpt":{"rendered":"<p>Mimesis julkaisee taide- ja kulttuurilehti Utopiaa, joka tarjoaa j\u00e4senist\u00f6lle mahdollisuuden julkaista tekstej\u00e4\u00e4n ja muuta materiaalia. Utopia hakee parhaillaan muotoaan ja tyyli\u00e4\u00e4n, eli jokainen kirjoittaja voi osaltaan rakentaa k\u00e4sityst\u00e4 Utopiasta. Lehti ilmestyy kahdesti vuodessa, touko- ja joulukuussa. Lehden p\u00e4\u00e4toimittaja(t) ja muu toimituskunta valitaan vuosittain yhdistyksen syyskokouksessa. Toimittaminen ei vaadi aiempaa kokemusta, mutta taittotaidosta tai valmiudesta sen [&hellip;]<\/p>\n","protected":false},"author":1373,"featured_media":0,"parent":0,"menu_order":0,"comment_status":"closed","ping_status":"closed","template":"","meta":{"_kad_blocks_custom_css":"","_kad_blocks_head_custom_js":"","_kad_blocks_body_custom_js":"","_kad_blocks_footer_custom_js":"","footnotes":""},"class_list":["post-918","page","type-page","status-publish","hentry","post-preview"],"taxonomy_info":[],"featured_image_src_large":false,"author_info":{"display_name":"lianme","author_link":"https:\/\/tyyala.utu.fi\/mimesis\/?author=1373"},"comment_info":0,"_links":{"self":[{"href":"https:\/\/tyyala.utu.fi\/mimesis\/index.php?rest_route=\/wp\/v2\/pages\/918","targetHints":{"allow":["GET"]}}],"collection":[{"href":"https:\/\/tyyala.utu.fi\/mimesis\/index.php?rest_route=\/wp\/v2\/pages"}],"about":[{"href":"https:\/\/tyyala.utu.fi\/mimesis\/index.php?rest_route=\/wp\/v2\/types\/page"}],"author":[{"embeddable":true,"href":"https:\/\/tyyala.utu.fi\/mimesis\/index.php?rest_route=\/wp\/v2\/users\/1373"}],"replies":[{"embeddable":true,"href":"https:\/\/tyyala.utu.fi\/mimesis\/index.php?rest_route=%2Fwp%2Fv2%2Fcomments&post=918"}],"version-history":[{"count":9,"href":"https:\/\/tyyala.utu.fi\/mimesis\/index.php?rest_route=\/wp\/v2\/pages\/918\/revisions"}],"predecessor-version":[{"id":1486,"href":"https:\/\/tyyala.utu.fi\/mimesis\/index.php?rest_route=\/wp\/v2\/pages\/918\/revisions\/1486"}],"wp:attachment":[{"href":"https:\/\/tyyala.utu.fi\/mimesis\/index.php?rest_route=%2Fwp%2Fv2%2Fmedia&parent=918"}],"curies":[{"name":"wp","href":"https:\/\/api.w.org\/{rel}","templated":true}]}}