{"id":453,"date":"2020-09-16T15:23:39","date_gmt":"2020-09-16T15:23:39","guid":{"rendered":"https:\/\/tyyala.utu.fi\/mimesis\/?page_id=453"},"modified":"2025-02-21T15:35:24","modified_gmt":"2025-02-21T15:35:24","slug":"muut-yhdistykset","status":"publish","type":"page","link":"https:\/\/tyyala.utu.fi\/mimesis\/?page_id=453","title":{"rendered":"Muut yhdistykset"},"content":{"rendered":"\n<p>Mimesis ry on Turun yliopiston ylioppilaskunnan (TYY) alayhdistys ja Humanistisen tiedekunnan edunvalvontaj\u00e4rjest\u00f6 Humanitas ry:n j\u00e4senj\u00e4rjest\u00f6. Yleisimpi\u00e4 yhteisty\u00f6kumppaneitamme ovat muut taiteen tutkimuksen yksik\u00f6n ainej\u00e4rjest\u00f6t eli mediatutkimuksen, musiikkitieteen ja taidehistorian <a rel=\"noreferrer noopener\" href=\"https:\/\/affekti.utu.fi\/\" target=\"_blank\">Affekti ry<\/a>, sukupuolentutkimuksen <a rel=\"noreferrer noopener\" href=\"https:\/\/tyyala.utu.fi\/f-piste\/\" target=\"_blank\">F-piste ry<\/a> ja luovan kirjoittamisen <a rel=\"noreferrer noopener\" href=\"https:\/\/kammio.wordpress.com\/\" target=\"_blank\">Kammio ry<\/a> sek\u00e4 KKL:n puolelta suomen kielen ainej\u00e4rjest\u00f6 <a rel=\"noreferrer noopener\" href=\"https:\/\/tyyala.utu.fi\/kanta\/\" target=\"_blank\">Kanta ry<\/a>.<\/p>\n\n\n\n<h2 class=\"wp-block-heading\"><a rel=\"noreferrer noopener\" href=\"http:\/\/tyy.fi\" target=\"_blank\">TYY<\/a><\/h2>\n\n\n\n<figure class=\"wp-block-image size-full\"><img loading=\"lazy\" decoding=\"async\" width=\"484\" height=\"483\" src=\"https:\/\/tyyala.utu.fi\/mimesis\/wp-content\/uploads\/sites\/96\/2025\/02\/tyy.png\" alt=\"\" class=\"wp-image-1493\" srcset=\"https:\/\/tyyala.utu.fi\/mimesis\/wp-content\/uploads\/sites\/96\/2025\/02\/tyy.png 484w, https:\/\/tyyala.utu.fi\/mimesis\/wp-content\/uploads\/sites\/96\/2025\/02\/tyy-300x300.png 300w, https:\/\/tyyala.utu.fi\/mimesis\/wp-content\/uploads\/sites\/96\/2025\/02\/tyy-150x150.png 150w\" sizes=\"auto, (max-width: 484px) 100vw, 484px\" \/><\/figure>\n\n\n\n<p>&#8221;<strong>Turun yliopiston ylioppilaskunta (TYY)<\/strong>&nbsp;on vuonna 1922 perustettu Turun yliopiston opiskelijoiden etu- ja palveluj\u00e4rjest\u00f6, johon jokainen Turun yliopiston perustutkinto-opiskelija automaattisesti kuuluu. J\u00e4seni\u00e4 TYYss\u00e4 on yhteens\u00e4 noin 15 000.&nbsp;Toimintaa on Turussa, Raumalla&nbsp;ja Porissa.<\/p>\n\n\n\n<p>Ylioppilaskunta on yliopistolaissa m\u00e4\u00e4ritelty julkisoikeudellinen yhteis\u00f6 ja lakis\u00e4\u00e4teisten teht\u00e4viens\u00e4 lis\u00e4ksi TYY toteuttaa edunvalvontaa koulutus-, sosiaalipoliittisissa ja kansainv\u00e4lisiss\u00e4 asioissa sek\u00e4 yliopistolla, kaupungissa ett\u00e4 valtakunnallisella tasolla. TYY tarjoaa my\u00f6s j\u00e4senilleen opiskelija-, kulttuuri- ja liikuntapalveluita sek\u00e4 j\u00e4rjest\u00f6illeen&nbsp;j\u00e4rjest\u00f6- ja tukipalveluita.<\/p>\n\n\n\n<p>Turun yliopiston ylioppilaskunnan teht\u00e4v\u00e4 on&nbsp;strategian&nbsp;mukaan:<\/p>\n\n\n\n<p><em>Valvomme, edist\u00e4mme ja vahvistamme opiskelijoiden asemaa, jotta opiskelu Turun yliopistossa olisi laadukasta, sujuvaa ja hauskaa \u2013 eli parasta mahdollista.<\/em>&#8221;<\/p>\n\n\n\n<p>L\u00e4hde: <a href=\"https:\/\/www.tyy.fi\/fi\/ylioppilaskunta\" target=\"_blank\" rel=\"noreferrer noopener\">https:\/\/www.tyy.fi\/fi\/ylioppilaskunta<\/a><\/p>\n\n\n\n<h2 class=\"wp-block-heading\"><a href=\"https:\/\/humanitas.fi\/\" target=\"_blank\" rel=\"noreferrer noopener\">Humanitas<\/a><\/h2>\n\n\n<div class=\"wp-block-image\">\n<figure class=\"aligncenter\"><a href=\"http:\/\/humanitas.fi\/wp-content\/uploads\/\/Humanitaslogo-kulta5.jpg\"><img decoding=\"async\" src=\"http:\/\/humanitas.fi\/wp-content\/uploads\/\/Humanitaslogo-kulta5-300x173.jpg\" alt=\"Humanitaslogo kulta\" class=\"wp-image-229\" title=\"Humanitaslogo kulta\" \/><\/a><\/figure><\/div>\n\n\n<p>&#8221;Humanitas ry on vuoden 2006 kev\u00e4tlukukaudella perustettu Turun yliopiston humanistisen tiedekunnan opiskelijoiden edunvalvontaj\u00e4rjest\u00f6. Yhdistys on&nbsp;<a rel=\"noreferrer noopener\" href=\"http:\/\/tyy.fi\/\" target=\"_blank\">Turun yliopiston ylioppilaskunnan<\/a>&nbsp;alayhdistys.<\/p>\n\n\n\n<p>Humanitas ry toimii&nbsp;<a href=\"http:\/\/www.hum.utu.fi\/\" target=\"_blank\" rel=\"noreferrer noopener\">humanistisen tiedekunnan<\/a>&nbsp;opiskelijoiden koulutuspoliittisena edunvalvontaj\u00e4rjest\u00f6n\u00e4. Yhdistyksen tarkoitus on toimia siltana tiedekunnan eri tahojen \u2013 tiedekunnan hallintoelinten (<a href=\"http:\/\/www.hum.utu.fi\/hallinto\/johtokunta\/\" target=\"_blank\" rel=\"noreferrer noopener\">tiedekunnan johtokunta<\/a>&nbsp;&amp;&nbsp;<a href=\"http:\/\/www.hum.utu.fi\/hallinto\/tyoryhmat\/\" target=\"_blank\" rel=\"noreferrer noopener\">tiedekunnan ty\u00f6ryhm\u00e4t<\/a>,&nbsp;<a href=\"http:\/\/www.hum.utu.fi\/hallinto\/laitokset\/\" target=\"_blank\" rel=\"noreferrer noopener\">laitosneuvostot &amp; laitosten ty\u00f6ryhm\u00e4t<\/a>), hallinnon opiskelijaedustajien, ainej\u00e4rjest\u00f6jen sek\u00e4 riviopiskelijoiden \u2013 v\u00e4lill\u00e4.<\/p>\n\n\n\n<p>Humanitas ry:n j\u00e4senist\u00f6 koostuu Turun yliopiston humanistisen tiedekunnan oppiaineiden ainej\u00e4rjest\u00f6ist\u00e4. Yhdistykseen kuuluvat kaikki tiedekunnan 24 ainej\u00e4rjest\u00f6\u00e4 ja Turkulainen humanistispeksi ry.<\/p>\n\n\n\n<p>[&#8230;]<\/p>\n\n\n\n<p>Humanitas ry j\u00e4rjest\u00e4\u00e4 keskustelu- ja koulutustilaisuuksia hallinnon opiskelijaedustajille sek\u00e4 ainej\u00e4rjest\u00f6jen edustajille. N\u00e4iss\u00e4 tilaisuuksissa esille nostettujen teemojen pohjalta yhdistyksen hallitus laatii esityksi\u00e4 ja kannanottoja joko yksitt\u00e4isille oppiaineille tai tiedekunnan hallinnolle. Tapaamisten t\u00e4rkein anti lienee kuitenkin tiedonkulku, sill\u00e4 ne jotka p\u00e4\u00e4tt\u00e4v\u00e4t, p\u00e4\u00e4tt\u00e4v\u00e4t monen puolesta.<\/p>\n\n\n\n<p>Humanitas ry j\u00e4rjest\u00e4\u00e4 my\u00f6s vapaa-ajan toimintaa. Perinteeksi vakiintuneet Humanistisitsit ja erilaiset vapaamuotoiset kokoontumiset toimivat vastapainona koulutuspolitiikan raskaalle arjelle.<\/p>\n\n\n\n<p>Kaikki humanistisen tiedekunnan opiskelijat ovat tervetulleita osallistumaan Humanitas ry:n toimintaan. Uusien ihmisten avulla yhdistys pyrkii l\u00f6yt\u00e4m\u00e4\u00e4n uusia yhteisty\u00f6mahdollisuuksia ja rikastuttamaan toimintaansa.&#8221;<\/p>\n\n\n\n<p>L\u00e4hde: <a href=\"https:\/\/humanitas.fi\/yhdistys\/\" target=\"_blank\" rel=\"noreferrer noopener\">https:\/\/humanitas.fi\/yhdistys\/<\/a><\/p>\n","protected":false},"excerpt":{"rendered":"<p>Mimesis ry on Turun yliopiston ylioppilaskunnan (TYY) alayhdistys ja Humanistisen tiedekunnan edunvalvontaj\u00e4rjest\u00f6 Humanitas ry:n j\u00e4senj\u00e4rjest\u00f6. Yleisimpi\u00e4 yhteisty\u00f6kumppaneitamme ovat muut taiteen tutkimuksen yksik\u00f6n ainej\u00e4rjest\u00f6t eli mediatutkimuksen, musiikkitieteen ja taidehistorian Affekti ry, sukupuolentutkimuksen F-piste ry ja luovan kirjoittamisen Kammio ry sek\u00e4 KKL:n puolelta suomen kielen ainej\u00e4rjest\u00f6 Kanta ry. TYY &#8221;Turun yliopiston ylioppilaskunta (TYY)&nbsp;on vuonna 1922 perustettu Turun [&hellip;]<\/p>\n","protected":false},"author":1373,"featured_media":675,"parent":0,"menu_order":0,"comment_status":"closed","ping_status":"closed","template":"","meta":{"_kad_blocks_custom_css":"","_kad_blocks_head_custom_js":"","_kad_blocks_body_custom_js":"","_kad_blocks_footer_custom_js":"","footnotes":""},"class_list":["post-453","page","type-page","status-publish","has-post-thumbnail","hentry","post-preview"],"taxonomy_info":[],"featured_image_src_large":["https:\/\/tyyala.utu.fi\/mimesis\/wp-content\/uploads\/sites\/96\/2020\/09\/7-1024x457.png",676,302,true],"author_info":{"display_name":"lianme","author_link":"https:\/\/tyyala.utu.fi\/mimesis\/?author=1373"},"comment_info":0,"_links":{"self":[{"href":"https:\/\/tyyala.utu.fi\/mimesis\/index.php?rest_route=\/wp\/v2\/pages\/453","targetHints":{"allow":["GET"]}}],"collection":[{"href":"https:\/\/tyyala.utu.fi\/mimesis\/index.php?rest_route=\/wp\/v2\/pages"}],"about":[{"href":"https:\/\/tyyala.utu.fi\/mimesis\/index.php?rest_route=\/wp\/v2\/types\/page"}],"author":[{"embeddable":true,"href":"https:\/\/tyyala.utu.fi\/mimesis\/index.php?rest_route=\/wp\/v2\/users\/1373"}],"replies":[{"embeddable":true,"href":"https:\/\/tyyala.utu.fi\/mimesis\/index.php?rest_route=%2Fwp%2Fv2%2Fcomments&post=453"}],"version-history":[{"count":5,"href":"https:\/\/tyyala.utu.fi\/mimesis\/index.php?rest_route=\/wp\/v2\/pages\/453\/revisions"}],"predecessor-version":[{"id":1494,"href":"https:\/\/tyyala.utu.fi\/mimesis\/index.php?rest_route=\/wp\/v2\/pages\/453\/revisions\/1494"}],"wp:featuredmedia":[{"embeddable":true,"href":"https:\/\/tyyala.utu.fi\/mimesis\/index.php?rest_route=\/wp\/v2\/media\/675"}],"wp:attachment":[{"href":"https:\/\/tyyala.utu.fi\/mimesis\/index.php?rest_route=%2Fwp%2Fv2%2Fmedia&parent=453"}],"curies":[{"name":"wp","href":"https:\/\/api.w.org\/{rel}","templated":true}]}}