{"id":414,"date":"2020-09-16T12:10:46","date_gmt":"2020-09-16T12:10:46","guid":{"rendered":"https:\/\/tyyala.utu.fi\/mimesis\/?page_id=414"},"modified":"2024-09-09T12:38:02","modified_gmt":"2024-09-09T12:38:02","slug":"linkkeja","status":"publish","type":"page","link":"https:\/\/tyyala.utu.fi\/mimesis\/?page_id=414","title":{"rendered":"Linkkej\u00e4"},"content":{"rendered":"\n<h2 class=\"wp-block-heading\">Yleist\u00e4<\/h2>\n\n\n\n<p>Intranet: <a rel=\"noreferrer noopener\" href=\"https:\/\/intranet.utu.fi\/fi\/yksikot\/hum\/yksikot\/hkt\/oppiaineet\/kotimainenkirjallisuus\/Sivut\/home.aspx\" target=\"_blank\">Kotimainen kirjallisuus<\/a> \/ <a rel=\"noreferrer noopener\" href=\"https:\/\/intranet.utu.fi\/fi\/yksikot\/hum\/yksikot\/hkt\/oppiaineet\/yleinenkirjallisuustiede\/Sivut\/home.aspx\" target=\"_blank\">Yleinen kirjallisuustiede<\/a><\/p>\n\n\n\n<p><a href=\"https:\/\/tyyala.utu.fi\/mimesis\/wp-content\/uploads\/sites\/96\/2022\/03\/Juoni-2021.pdf\">Juoni 2021<\/a> ja <a href=\"https:\/\/moodle.utu.fi\/course\/view.php?id=28712\" data-type=\"link\" data-id=\"https:\/\/moodle.utu.fi\/course\/view.php?id=28712\">Juoni Moodlessa<\/a>, opas kotimaisen kirjallisuuden ja yleisen kirjallisuustieteen opintoihin<\/p>\n\n\n\n<p>Luentopassi: <a rel=\"noreferrer noopener\" href=\"https:\/\/intranet.utu.fi\/fi\/yksikot\/hum\/yksikot\/hkt\/oppiaineet\/kotimainenkirjallisuus\/opiskelu\/ohjeita-opiskeluun\/Sivut\/luentopassi.aspx\" target=\"_blank\">Kotimainen kirjallisuus<\/a> \/ <a rel=\"noreferrer noopener\" href=\"https:\/\/intranet.utu.fi\/fi\/yksikot\/hum\/yksikot\/hkt\/oppiaineet\/yleinenkirjallisuustiede\/opiskelu\/ohjeita-opiskeluun\/luentopassi\/Sivut\/home.aspx\" target=\"_blank\">Yleinen kirjallisuustiede<\/a><\/p>\n\n\n\n<p>Opinto-opas, <a href=\"https:\/\/opas.peppi.utu.fi\/fi\/ohjelma\/96776?period=2024-2027\" target=\"_blank\" rel=\"noreferrer noopener\">HuK 2024-2027<\/a><\/p>\n\n\n\n<p>Opinto-opas, <a href=\"https:\/\/opas.peppi.utu.fi\/fi\/ohjelma\/96800?period=2024-2027\" data-type=\"link\" data-id=\"https:\/\/opas.peppi.utu.fi\/fi\/ohjelma\/96800?period=2024-2027\" target=\"_blank\" rel=\"noreferrer noopener\">FM 2024-2027<\/a><\/p>\n\n\n\n<p>Turun yliopiston kirjasto: <a href=\"http:\/\/utuvolter.fi\" data-type=\"link\" data-id=\"utuvolter.fi\">utuvolter.fi<\/a><\/p>\n\n\n\n<p>Opetusaikataulut ja tilavaraukset <a href=\"https:\/\/lukkarit.utu.fi\">lukkarit.utu.fi<\/a><\/p>\n\n\n\n<p>Humanistisen tiedekunnan sivuainetarjonta <a href=\"https:\/\/www.utu.fi\/fi\/yliopisto\/humanistinen-tiedekunta\/opiskelu\/muu-koulutustarjonta\/sivuaineopinnot\">https:\/\/www.utu.fi\/fi\/yliopisto\/humanistinen-tiedekunta\/opiskelu\/muu-koulutustarjonta\/sivuaineopinnot<\/a><\/p>\n\n\n\n<p>UTU-guides oppaat <a href=\"https:\/\/utuguides.fi\/suomenkielisetoppaat?b=t&amp;group_id=14279\">https:\/\/utuguides.fi\/suomenkielisetoppaat?b=t&amp;group_id=14279<\/a><\/p>\n\n\n\n<p>Turun yliopiston ylioppilaskunta: <a href=\"https:\/\/www.tyy.fi\/fi\">https:\/\/www.tyy.fi\/fi<\/a><\/p>\n\n\n\n<h2 class=\"wp-block-heading\">Mahdollisia l\u00e4hteit\u00e4 kurssilukemistoille<\/h2>\n\n\n\n<p>Project Gutenberg <a href=\"https:\/\/www.gutenberg.org\/\">https:\/\/www.gutenberg.org\/<\/a> (ilmaisia kirjoja, joiden tekij\u00e4noikeus on vanhentunut)<\/p>\n\n\n\n<p>Project Runeberg <a href=\"https:\/\/runeberg.org\/\">https:\/\/runeberg.org\/<\/a> (pohjoismaisen kulttuurin kannalta t\u00e4rkeiden, vapaasti saatavilla olevien kirjojen digitoituja versioita)<\/p>\n\n\n\n<p>Yle Areena \u00c4\u00e4nikirjat <a href=\"https:\/\/areena.yle.fi\/podcastit\/ohjelmat\/30-272\">https:\/\/areena.yle.fi\/podcastit\/ohjelmat\/30-272<\/a> (\u00e4\u00e4nikirjoja ilmaiseksi)<\/p>\n\n\n\n<p>Elisa Kirja: Ilmaiset klassikot <a href=\"https:\/\/kirja.elisa.fi\/kirjat\/ekirjat\/ilmaiset-klassikot?language=fin&amp;page=1\">https:\/\/kirja.elisa.fi\/kirjat\/ekirjat\/ilmaiset-klassikot?language=fin&amp;page=1<\/a> <\/p>\n\n\n\n<p>Internet Archive <a href=\"https:\/\/archive.org\/\">https:\/\/archive.org\/<\/a><\/p>\n\n\n\n<h2 class=\"wp-block-heading\">Opinn\u00e4ytety\u00f6t<\/h2>\n\n\n\n<p>Tutkielmaoppaat: <a href=\"https:\/\/tyyala.utu.fi\/mimesis\/wp-content\/uploads\/sites\/96\/2024\/09\/se-on-sitten-tutkielma-2024.pdf\" target=\"_blank\" rel=\"noreferrer noopener\">Kotimainen kirjallisuus<\/a> \/ <a href=\"https:\/\/www.utupub.fi\/handle\/10024\/157674\" target=\"_blank\" rel=\"noreferrer noopener\">Yleinen kirjallisuustiede<\/a><br><em>Tutkielmaoppaita voi hy\u00f6dynt\u00e4\u00e4 my\u00f6s tavallisten kurssit\u00f6iden kirjoittamisessa. Niist\u00e4 l\u00f6ytyv\u00e4t ohjeet esimerkiksi l\u00e4hdeviitteiden k\u00e4ytt\u00f6\u00f6n sek\u00e4 l\u00e4hdeluettelon tekoon. Kotimaisen opas on uudistettu 2024 ja yleisen vuonna 2021.<\/em><\/p>\n\n\n\n<p>Valmiita graduja: <a rel=\"noreferrer noopener\" href=\"https:\/\/www.utupub.fi\/handle\/10024\/143702\/browse?type=studysubject&amp;value=fi%3DKotimainen+kirjallisuus%7Cen%3DFinnish+Literature%7C\" target=\"_blank\">Kotimainen kirjallisuus<\/a> \/ <a rel=\"noreferrer noopener\" href=\"https:\/\/www.utupub.fi\/handle\/10024\/143702\/browse?rpp=20&amp;offset=0&amp;etal=-1&amp;sort_by=-1&amp;type=studysubject&amp;value=fi%3DYleinen+kirjallisuustiede%7Cen%3DComparative+Literature%7C&amp;order=ASC\" target=\"_blank\">Yleinen kirjallisuustiede<\/a><\/p>\n\n\n\n<h2 class=\"wp-block-heading\">Valmistuminen<\/h2>\n\n\n\n<p>Opintokokonaisuuksien <a rel=\"noreferrer noopener\" href=\"https:\/\/intranet.utu.fi\/fi\/yksikot\/hum\/yksikot\/hkt\/oppiaineet\/yleinenkirjallisuustiede\/opiskelu\/ohjeita-opiskeluun\/loppumerkinnat\/Sivut\/home.aspx\" target=\"_blank\">loppumerkinn\u00e4t<\/a><\/p>\n\n\n\n<p><a rel=\"noreferrer noopener\" href=\"https:\/\/intranet.utu.fi\/fi\/yksikot\/hum\/opiskelu\/perustutkinnot\/valmistuminen-\/Sivut\/default.aspx\" target=\"_blank\">Yleist\u00e4 valmistumisesta<\/a><\/p>\n\n\n\n<p><a href=\"https:\/\/link.webropolsurveys.com\/Participation\/Public\/e35107e6-a2db-4817-b9a5-a71be62666b7?displayId=Fin1623813\" target=\"_blank\" rel=\"noreferrer noopener\">Tutkintohakemus, HuK<\/a><\/p>\n\n\n\n<p><a href=\"https:\/\/link.webropolsurveys.com\/Participation\/Public\/19c67033-e579-427e-9c76-57d0e2655a3b?displayId=Fin1625221\" target=\"_blank\" rel=\"noreferrer noopener\">Tutkintohakemus, FM<\/a><\/p>\n\n\n\n<h2 class=\"wp-block-heading\">Muuta opiskeluun liittyv\u00e4\u00e4<\/h2>\n\n\n\n<p>Unica-ravintolat eli opiskelijaravintolat: <a href=\"https:\/\/www.unica.fi\/\" data-type=\"link\" data-id=\"https:\/\/www.unica.fi\/\">https:\/\/www.unica.fi\/<\/a><\/p>\n\n\n\n<p>K\u00e5rkaf\u00e9erna eli \u00c5bo Akademin opiskelijaravintolat: <a href=\"https:\/\/www.karkafeerna.fi\/\">https:\/\/www.karkafeerna.fi\/<\/a><\/p>\n\n\n\n<p>Kide.app (l\u00f6yd\u00e4 opiskelijatapahtumia ja osta lippuja): <a href=\"https:\/\/kide.app\/\">https:\/\/kide.app\/<\/a><\/p>\n\n\n\n<p>Tietoa Tuudo-sovelluksesta: <a href=\"https:\/\/intranet.utu.fi\/index\/tuudo\/Sivut\/default.aspx\">https:\/\/intranet.utu.fi\/index\/tuudo\/Sivut\/default.aspx<\/a> ja <a href=\"https:\/\/www.tyy.fi\/fi\/node\/11965\">https:\/\/www.tyy.fi\/fi\/node\/11965<\/a><\/p>\n\n\n\n<p><\/p>\n\n\n\n<p><\/p>\n\n\n\n<p><em>muokattu 16.7.2024<\/em><\/p>\n","protected":false},"excerpt":{"rendered":"<p>Yleist\u00e4 Intranet: Kotimainen kirjallisuus \/ Yleinen kirjallisuustiede Juoni 2021 ja Juoni Moodlessa, opas kotimaisen kirjallisuuden ja yleisen kirjallisuustieteen opintoihin Luentopassi: Kotimainen kirjallisuus \/ Yleinen kirjallisuustiede Opinto-opas, HuK 2024-2027 Opinto-opas, FM 2024-2027 Turun yliopiston kirjasto: utuvolter.fi Opetusaikataulut ja tilavaraukset lukkarit.utu.fi Humanistisen tiedekunnan sivuainetarjonta https:\/\/www.utu.fi\/fi\/yliopisto\/humanistinen-tiedekunta\/opiskelu\/muu-koulutustarjonta\/sivuaineopinnot UTU-guides oppaat https:\/\/utuguides.fi\/suomenkielisetoppaat?b=t&amp;group_id=14279 Turun yliopiston ylioppilaskunta: https:\/\/www.tyy.fi\/fi Mahdollisia l\u00e4hteit\u00e4 kurssilukemistoille Project Gutenberg [&hellip;]<\/p>\n","protected":false},"author":1373,"featured_media":678,"parent":0,"menu_order":0,"comment_status":"closed","ping_status":"closed","template":"","meta":{"_kad_blocks_custom_css":"","_kad_blocks_head_custom_js":"","_kad_blocks_body_custom_js":"","_kad_blocks_footer_custom_js":"","footnotes":""},"class_list":["post-414","page","type-page","status-publish","has-post-thumbnail","hentry","post-preview"],"taxonomy_info":[],"featured_image_src_large":["https:\/\/tyyala.utu.fi\/mimesis\/wp-content\/uploads\/sites\/96\/2020\/09\/8-1024x457.png",676,302,true],"author_info":{"display_name":"lianme","author_link":"https:\/\/tyyala.utu.fi\/mimesis\/?author=1373"},"comment_info":0,"_links":{"self":[{"href":"https:\/\/tyyala.utu.fi\/mimesis\/index.php?rest_route=\/wp\/v2\/pages\/414","targetHints":{"allow":["GET"]}}],"collection":[{"href":"https:\/\/tyyala.utu.fi\/mimesis\/index.php?rest_route=\/wp\/v2\/pages"}],"about":[{"href":"https:\/\/tyyala.utu.fi\/mimesis\/index.php?rest_route=\/wp\/v2\/types\/page"}],"author":[{"embeddable":true,"href":"https:\/\/tyyala.utu.fi\/mimesis\/index.php?rest_route=\/wp\/v2\/users\/1373"}],"replies":[{"embeddable":true,"href":"https:\/\/tyyala.utu.fi\/mimesis\/index.php?rest_route=%2Fwp%2Fv2%2Fcomments&post=414"}],"version-history":[{"count":22,"href":"https:\/\/tyyala.utu.fi\/mimesis\/index.php?rest_route=\/wp\/v2\/pages\/414\/revisions"}],"predecessor-version":[{"id":1410,"href":"https:\/\/tyyala.utu.fi\/mimesis\/index.php?rest_route=\/wp\/v2\/pages\/414\/revisions\/1410"}],"wp:featuredmedia":[{"embeddable":true,"href":"https:\/\/tyyala.utu.fi\/mimesis\/index.php?rest_route=\/wp\/v2\/media\/678"}],"wp:attachment":[{"href":"https:\/\/tyyala.utu.fi\/mimesis\/index.php?rest_route=%2Fwp%2Fv2%2Fmedia&parent=414"}],"curies":[{"name":"wp","href":"https:\/\/api.w.org\/{rel}","templated":true}]}}