{"id":387,"date":"2020-09-16T11:42:58","date_gmt":"2020-09-16T11:42:58","guid":{"rendered":"https:\/\/tyyala.utu.fi\/mimesis\/?page_id=387"},"modified":"2025-02-21T15:49:55","modified_gmt":"2025-02-21T15:49:55","slug":"sanakirja","status":"publish","type":"page","link":"https:\/\/tyyala.utu.fi\/mimesis\/?page_id=387","title":{"rendered":"Sanakirja"},"content":{"rendered":"\n<p>Viliseek\u00f6 opiskelijael\u00e4m\u00e4 tuntemattomia sanoja ja lyhenteit\u00e4? Ei huolta, t\u00e4st\u00e4 sanastosta l\u00f6yd\u00e4t selitykset useimmille! Tieteellisi\u00e4 k\u00e4sitteit\u00e4 kannattaa etsi\u00e4 tieteen termipankista, kaikkea muuta t\u00e4\u00e4lt\u00e4.<\/p>\n\n\n\n<h2 class=\"wp-block-heading\">A<\/h2>\n\n\n\n<p><strong>Africa <\/strong>= Toto-yhtyeen kappale vuodelta 1982, turkulaisten humanistien rakastetuin bilebiisi<br><strong>akateeminen Hese <\/strong>= H\u00e4meenkadun ja Rehtorinpellonkadun risteyksess\u00e4 oleva Hesburger<br><strong>akateeminen vartti <\/strong>= tapahtuman teoreettisen ja k\u00e4yt\u00e4nn\u00f6llisen alun v\u00e4linen aika; syy, jonka takia luennotkin alkavat l\u00e4hes aina varttia yli, ja moni opiskelija ilmestyy yleisesti kaikkialle noin vartin my\u00f6h\u00e4ss\u00e4; huom! jos kellonaika ilmoitetaan minuutilleen (10.00), akateemista varttia ei ole<br><strong>alumni <\/strong>= valmistunut opiskelija<br><strong>approt<\/strong> = opiskelijatapahtuma, jossa ker\u00e4t\u00e4\u00e4n merkint\u00f6j\u00e4 karttaan tekem\u00e4ll\u00e4 tilauksia karttaan merkityist\u00e4 baareista, lopuksi saa (mahdollisesti) merkint\u00f6jen m\u00e4\u00e4r\u00e4st\u00e4 riippuvan haalarimerkin&gt;<br><strong>Arcanum<\/strong> = Turun yliopiston humanistisen tiedekunnan k\u00e4yt\u00f6ss\u00e4 oleva rakennus alakampuksella<br><strong>Assari <\/strong>= opiskelijaravintola Assarin ullakko; usein viittaa my\u00f6s samassa tilassa toimivaan kasvisravintola Bryggeen<br><strong>ausku<\/strong> <strong>\/ auskultantti<\/strong> = opetusharjoittelija; pedagogisia opintoja suorittava opiskelija<\/p>\n\n\n\n<h2 class=\"wp-block-heading\">B<\/h2>\n\n\n\n<p><strong>bermudan neli\u00f6 <\/strong>= Lemmink\u00e4isenkadun\/Kiinanmyllynkadun, It\u00e4isen Pitk\u00e4kadun, Uudenmaankadun ja H\u00e4meenkadun rajaama alue; monien opiskelijoiden kotinaapurusto<\/p>\n\n\n\n<h2 class=\"wp-block-heading\">C<\/h2>\n\n\n\n<p><strong>CampusSport<\/strong> = <a rel=\"noreferrer noopener\" href=\"https:\/\/www.campussport.fi\/fi\/\" target=\"_blank\">yliopistoliikunta<\/a>: kuntosaleja, ryhm\u00e4liikuntaa, tekniikkakursseja<\/p>\n\n\n\n<h2 class=\"wp-block-heading\">D<\/h2>\n\n\n\n<p><strong>Dynkky, Dyny<\/strong> = y\u00f6kerho Dynamo<\/p>\n\n\n\n<h2 class=\"wp-block-heading\">E<\/h2>\n\n\n\n<p><strong>edari<\/strong> = <a href=\"https:\/\/www.tyy.fi\/fi\/ylioppilaskunta\/edustajisto\" target=\"_blank\" rel=\"noreferrer noopener\">edustajisto<\/a>; TYY:n ylint\u00e4 p\u00e4\u00e4t\u00e4nt\u00e4valtaa k\u00e4ytt\u00e4v\u00e4, vaaleilla valittava toimielin<br><strong>Ekho <\/strong>= Prometheus ry:n lehti, ks. Prome<br><strong>eksku, ekskursio <\/strong>= retki<br><strong>Exam<\/strong> = s\u00e4hk\u00f6inen tenttipalvelu, jossa voi tehd\u00e4 sek\u00e4 itsen\u00e4isi\u00e4 ett\u00e4 kursseihin kuuluvia tenttej\u00e4<\/p>\n\n\n\n<h2 class=\"wp-block-heading\">F<\/h2>\n\n\n\n<p><strong>Feeniks <\/strong>= yliopiston p\u00e4\u00e4kirjasto, yliopistonm\u00e4ell\u00e4<br><strong>fuksi <\/strong>= ensimm\u00e4isen vuoden opiskelija, tunnetaan my\u00f6s nimill\u00e4 kuten piltti, fetus, pupu ja beaani<\/p>\n\n\n\n<h2 class=\"wp-block-heading\">G<\/h2>\n\n\n\n<p><strong>gradu <\/strong>= pro gradu -tutkielma, kirjoitetaan syvent\u00e4viss\u00e4 opinnoissa, laajuus 60-80 sivua \/ 40 op<br><strong>gradutus<\/strong> = gradun kirjoittamisen aiheuttama mielentila<\/p>\n\n\n\n<h2 class=\"wp-block-heading\">H<\/h2>\n\n\n\n<p><strong>halloped<\/strong> = hallinnon opiskelijaedustaja; erilaisissa yliopiston ty\u00f6ryhmiss\u00e4 opiskelijoita edustava henkil\u00f6<br><strong>Hittiputki<\/strong> = reilut 9 minuuttia kest\u00e4v\u00e4 &nbsp;potpuri, jossa on sekoitus&nbsp;Katri Helenan,&nbsp;Lea Laveen,&nbsp;Marion Rungin&nbsp;ja&nbsp;Paula Koivuniemen kappaleita, ja joka on kasvattanut suosiotaan opiskelijoiden keskuudessa taas 2020-luvulla.<br><strong>HKTL <\/strong>= historian, kulttuurin ja taiteen tutkimuksen laitos, Turun yliopiston humanistisen tiedekunnan osa<br><strong>HOPS<\/strong> = henkil\u00f6kohtainen opintosuunnitelma<br><strong>hopsitus<\/strong> <strong>\/ hops-tapaaminen<\/strong> = henkil\u00f6kunnan j\u00e4senen kanssa sovittu tapaaminen, jossa tehd\u00e4\u00e4n henkil\u00f6kohtaista opintosuunnitelmaa<br><strong>Humanitas <\/strong>= Turun yliopiston humanistisen tiedekunnan edunvalvontaj\u00e4rjest\u00f6<\/p>\n\n\n\n<h2 class=\"wp-block-heading\">I<\/h2>\n\n\n\n<p><strong>ilmaisujuoksu <\/strong>= vappuperinne, er\u00e4\u00e4nlainen juoksukilpailu, jossa suorituksia arvioidaan ilmaisullisuuden, juoksullisuuden ja vapullisuuden perusteella<br><strong>Intranet <\/strong>= pahamaineinen, mutta eritt\u00e4in hy\u00f6dyllinen yliopiston sis\u00e4inen tiedotussivusto<\/p>\n\n\n\n<h2 class=\"wp-block-heading\">J<\/h2>\n\n\n\n<p><strong>joukkila<\/strong>, <strong>joukyl\u00e4<\/strong> = ks. yo-kyl\u00e4<\/p>\n\n\n\n<h2 class=\"wp-block-heading\">K<\/h2>\n\n\n\n<p><strong>kandi <\/strong>= kandidaatin tutkielma, laajuus n. 20 sivua, kirjoitetaan aineopintojen proseminaarissa; kandidaatin tutkinto, laajuus 180 op; kandidaatin tutkinnon suorittanut henkil\u00f6<br><strong>KKL<\/strong> = kielten ja k\u00e4\u00e4nn\u00f6stieteiden laitos, Turun yliopiston humanistisen tiedekunnan osa<br><strong>kopo<\/strong> = koulutuspolitiikka; koulutuspoliittinen vastaava<br><strong>koronafuksi <\/strong>= opiskelija, joka oli fuksi koronavuosina<\/p>\n\n\n\n<h2 class=\"wp-block-heading\">L<\/h2>\n\n\n\n<p><strong>luentopassi<\/strong> = lomake, johon ker\u00e4t\u00e4\u00e4n tietoja vierailuluennoista: kun on osallistunut luennoille 20 tunnin edest\u00e4, saa passilla 2 op<br><strong>lukkarikone <\/strong>= netiss\u00e4 oleva <a href=\"http:\/\/lukkarit.utu.fi\" target=\"_blank\" rel=\"noreferrer noopener\">lukuj\u00e4rjestysautomaatti<\/a>, johon voi merkit\u00e4 kurssinsa<br><strong>lynihelmet<\/strong> = muoviset helmet, jotka saa joidenkin tiettyjen drinkkien mukana Marilyn-y\u00f6kerhosta. Ripustetaan yleens\u00e4 haalareihin.<\/p>\n\n\n\n<h2 class=\"wp-block-heading\">M<\/h2>\n\n\n\n<p><strong>Maukka, Mauri<\/strong> = Mauri Paloheimo, Humanistisen tiedekunnan opintoneuvoja<br><strong>Mimsku, Mimesis <\/strong>= j\u00e4rjest\u00f6, jonka kotisivuilla olet; vuoteen 2020 k\u00e4yt\u00f6ss\u00e4 ollut HKTL:n opiskelijoiden juhlatila<br><strong>Moodle<\/strong> = netiss\u00e4 toimiva kurssialusta, k\u00e4yt\u00f6ss\u00e4 l\u00e4hes kaikilla kursseilla<br><strong>Moodlen huoltokatko <\/strong>= syy, jonka takia Moodle ei aina toimi tiistaisin<br><strong>mumetheus <\/strong>= vanha yhteisnimitys kirjallisuusaineiden j\u00e4rjest\u00f6ille<br><strong>Muusa<\/strong> = kotimaisen kirjallisuuden 1995-2020 toiminnassa ollut ainej\u00e4rjest\u00f6<\/p>\n\n\n\n<h2 class=\"wp-block-heading\">N<\/h2>\n\n\n\n<p><strong>n. vuoden opiskelija <\/strong>= &#8217;\u00e4nn\u00e4nnen&#8217;, yli seitsem\u00e4nnen vuoden opiskelija<br><strong>nettiopsu<\/strong> = entinen Peppi, ks. kohta Peppi<br><strong>noppa<\/strong> = opintopiste<br><strong>norssi <\/strong>= Turun normaalikoulu, jossa pedagogisten opintojen harjoittelu suoritetaan<\/p>\n\n\n\n<h2 class=\"wp-block-heading\">O<\/h2>\n\n\n\n<p><strong>Oheinen<\/strong> = Muusa ry:n lehti, ks. Muusa<br><strong>omstart<\/strong> = speksin v\u00e4lihuuto, joka tarkoittaa, ett\u00e4 edellinen repliikki tai kohtaus on esitett\u00e4v\u00e4 uudelleen<br><strong>Ono-Mato Poeettinen<\/strong> = Mimesiksen maskottimato, lukutoukka<br><strong>OPM<\/strong> = oma pullo mukaan; tapahtumassa ei ole runsasta alkoholitarjoilua<br><strong>osakunta<\/strong> = kotipaikkaan perustuva yliopiston piiriss\u00e4 toimiva yhdistys, esim. savolais-karjalainen osakunta<br><strong>osis<\/strong> = osakuntasali, ylioppilastaloissa sijaitseva osakuntien omistuksessa oleva juhlatila<\/p>\n\n\n\n<h2 class=\"wp-block-heading\">P<\/h2>\n\n\n\n<p><strong>peppi<\/strong> = <a href=\"http:\/\/opas.peppi.utu.fi\">http:\/\/opas.peppi.utu.fi<\/a> = Turun yliopiston opinto-opas<br>TAI<br><strong>peppi<\/strong> = <a href=\"http:\/\/student.peppi.utu.fi\" data-type=\"link\" data-id=\"student.peppi.utu.fi\">student.peppi.utu.fi<\/a> = nettipalvelu, jossa mm. ilmoittaudutaan kursseille, ja josta n\u00e4kee arvosanansa ja opintosuorituksensa. Entinen nettiopsu.<br><strong>pomodoro tekniikka<\/strong> = Opiskelu jaetaan ajastimen avulla aikav\u00e4leihin, joita erottavat lyhyet tauot. 25 min opiskelua, jonka j\u00e4lkeen 5 min tauko = yksi pomodoro. Nelj\u00e4n pomodoron j\u00e4lkeen on yleens\u00e4 20-30 min tauko.<br><strong>posankka <\/strong>= yo-kyl\u00e4n l\u00e4hell\u00e4 sijaitseva patsas, joka on puoliksi possu ja puoliksi ankka, toimii paremman puutteessa my\u00f6s kokoustilana!<br><strong>proffa <\/strong>= professori; ravintola Proffan kellari<br><strong>Prome, Prometheus <\/strong>= yleisen kirjallisuustieteen 1977-2020 toiminnassa ollut ainej\u00e4rjest\u00f6<br><strong>proseminaari <\/strong>= kandiseminaari, kurssi jolla tehd\u00e4\u00e4n kandidaatin tutkielma<br><strong>pyh\u00e4 kolminaisuus <\/strong>= oikiksen (oikeustieteet), l\u00e4\u00e4kiksen (l\u00e4\u00e4ketiede) ja kauppiksen (kauppakorkeakoulu) itsest\u00e4\u00e4n k\u00e4ytt\u00e4m\u00e4 yhteisnimitys<\/p>\n\n\n\n<h2 class=\"wp-block-heading\">Q<\/h2>\n\n\n\n<p><strong>Q-talo<\/strong> = TYY:n omistama juhlatila<\/p>\n\n\n\n<h2 class=\"wp-block-heading\">R<\/h2>\n\n\n\n<p><strong>rekry <\/strong>= Turun yliopiston ty\u00f6el\u00e4m\u00e4palvelut<\/p>\n\n\n\n<h2 class=\"wp-block-heading\">S<\/h2>\n\n\n\n<p><strong>Sanelma<\/strong> = Turun yliopiston kotimaisen kirjallisuuden vuosikirja -&gt; <a href=\"https:\/\/www.utu.fi\/fi\/yliopisto\/humanistinen-tiedekunta\/kotimainen-kirjallisuus\/sanelma\" target=\"_blank\" rel=\"noreferrer noopener\">Sanelmaan<\/a><br><strong>semma <\/strong>= seminaari, pienryhm\u00e4opetus, erit. <em>kandisemma <\/em>ja <em>gradusemma<\/em><br><strong>sillis <\/strong>= silliaamiainen; vuosijuhlien j\u00e4lkeisen\u00e4 aamuna j\u00e4rjestett\u00e4v\u00e4 rennompi tapahtuma, ruokalistalla muutakin kuin sillej\u00e4!<br><strong>Sirkkala<\/strong> = aiempi kirjallisuustieteiden ym. yliopistorakennusten alue, sis\u00e4lt\u00e4\u00e4 mm. rakennukset nimelt\u00e4 Artium, Historicum ja Minerva<br><strong>sitsit <\/strong>= akateeminen p\u00f6yt\u00e4juhla; paljon laulua, usein humaltumista ja v\u00e4liss\u00e4 v\u00e4h\u00e4n ruokaa<br><strong>sopo <\/strong>= sosiaalipolitiikka; sosiaalipoliittinen vastaava<br><strong>speksi<\/strong> = interaktiivista opiskelijateatteria, jossa yhdistyv\u00e4t improvisaatioteatteri, musiikki ja tanssi; <a href=\"https:\/\/turkulainenhumanistispeksi.fi\/\" target=\"_blank\" rel=\"noreferrer noopener\">turkulainen humanistispeksi<\/a><\/p>\n\n\n\n<h2 class=\"wp-block-heading\">T<\/h2>\n\n\n\n<p><strong>tanssihuikula <\/strong>= kolme inkarnaatiota kokenut, mystinen kankaankappale, joka upottaa p\u00f6yd\u00e4ll\u00e4 tanssijat hell\u00e4\u00e4n syleilyyns\u00e4<br><strong>tenttiakvaario, tenttis<\/strong> = exam-tentti; yliopiston s\u00e4hk\u00f6inen tenttitila<br><strong>tentti <\/strong>= koe,&nbsp;jossa opiskelija osoittaa osaamisensa vastaamalla kurssin luentoihin, kurssikirjallisuuteen ja mahdolliseen muuhun kurssimateriaaliin liittyviin kysymyksiin<br><strong>tiedon portaat<\/strong> = H\u00e4meenkadulta yliopistonm\u00e4elle johtavat portaat<br><strong>Tylkk\u00e4ri <\/strong>= Turun ylioppilaslehti<br><strong>TYS<\/strong> = Turun ylioppilaskyl\u00e4s\u00e4\u00e4ti\u00f6, monien opiskelijoiden vuokranantaja<br><strong>Tyt<\/strong> = Turun ylioppilasteatteri<br><strong>TYY<\/strong> = Turun yliopiston ylioppilaskunta<\/p>\n\n\n\n<h2 class=\"wp-block-heading\">U<\/h2>\n\n\n\n<p><strong>Utopia<\/strong> = Mimesis ry:n ainej\u00e4rjest\u00f6lehti, jonka tekoon voi osallistua kuka vaan j\u00e4sen<br><strong>utu <\/strong>= University of Turku; yleinen etuliite yliopistoon liittyviss\u00e4 asioissa, mm.<br><strong>utumail<\/strong> = yliopiston s\u00e4hk\u00f6postipalvelin<\/p>\n\n\n\n<h2 class=\"wp-block-heading\">V<\/h2>\n\n\n\n<p><strong>vihre\u00e4 kirja, vihre\u00e4 raamattu <\/strong>= Johdatus kirjallisuusanalyysiin, toim. Aino M\u00e4kikalli ja Liisa Steinby<br><strong>vohvelip\u00e4ivystys<\/strong> = tapahtuma, jossa Mimesis (tai aiemmin Prome ja Muusa) tarjoaa j\u00e4senilleen ilmaisia vohveleita<br><strong>Volter<\/strong> = Turun yliopiston kirjaston hakupalvelin<br><strong>vujut <\/strong>= vuosijuhlat, j\u00e4rjest\u00f6n vuosittain tai esim. viiden vuoden v\u00e4lein j\u00e4rjest\u00e4m\u00e4 akateeminen p\u00f6yt\u00e4juhla, joka juhlistaa j\u00e4rjest\u00f6n saavuttamaa ik\u00e4\u00e4; oikeasti juhlava versio sitseist\u00e4<\/p>\n\n\n\n<h2 class=\"wp-block-heading\">W<\/h2>\n\n\n\n<p><strong>wappu, wabu <\/strong>= mielentila; ikuinen; ei lobu<\/p>\n\n\n\n<h2 class=\"wp-block-heading\">X<\/h2>\n\n\n\n<h2 class=\"wp-block-heading\">Y<\/h2>\n\n\n\n<p><strong>yo-kyl\u00e4 <\/strong>= ylioppilaskyl\u00e4, TYS:n vuokraamista asunnoista koostuva kaupunginosa<br><strong>yt<\/strong> = &#8217;yytee&#8217;, ylioppilasteatteri<br><strong>YTHS<\/strong> = ylioppilaiden terveydenhuoltos\u00e4\u00e4ti\u00f6<\/p>\n\n\n\n<h2 class=\"wp-block-heading\">Z<\/h2>\n\n\n\n<p><strong>zoomahdus <\/strong>= &#8217;zuumahdus&#8217;, liiallisen Zoom-opiskelun aiheuttama uuvahdus<\/p>\n\n\n\n<h2 class=\"wp-block-heading\">\u00c5<\/h2>\n\n\n\n<p><strong>\u00c5bo Akademi<\/strong> = Turussa sijaitseva ruotsinkielinen yliopisto<\/p>\n\n\n\n<h2 class=\"wp-block-heading\">\u00c4<\/h2>\n\n\n\n<p><strong>\u00e4idinkielen opettaja <\/strong> = yksi mahdollinen kirjallisuudenopiskelijan urapolku, ei kuitenkaan yleisin tai miss\u00e4\u00e4n m\u00e4\u00e4rin pakollinen!<\/p>\n\n\n\n<h2 class=\"wp-block-heading\">\u00d6<\/h2>\n\n\n\n<p><strong>\u00f6\u00f6\u00f6\u00f6&#8230; <\/strong>= Puuttuuko t\u00e4lt\u00e4 listalta jotakin tai kaipaako jokin selitys t\u00e4ydennyst\u00e4? Laita viesti\u00e4 <a href=\"https:\/\/tyyala.utu.fi\/mimesis\/hallitus\/\">hallitukselle<\/a>!<\/p>\n","protected":false},"excerpt":{"rendered":"<p>Viliseek\u00f6 opiskelijael\u00e4m\u00e4 tuntemattomia sanoja ja lyhenteit\u00e4? Ei huolta, t\u00e4st\u00e4 sanastosta l\u00f6yd\u00e4t selitykset useimmille! Tieteellisi\u00e4 k\u00e4sitteit\u00e4 kannattaa etsi\u00e4 tieteen termipankista, kaikkea muuta t\u00e4\u00e4lt\u00e4. A Africa = Toto-yhtyeen kappale vuodelta 1982, turkulaisten humanistien rakastetuin bilebiisiakateeminen Hese = H\u00e4meenkadun ja Rehtorinpellonkadun risteyksess\u00e4 oleva Hesburgerakateeminen vartti = tapahtuman teoreettisen ja k\u00e4yt\u00e4nn\u00f6llisen alun v\u00e4linen aika; syy, jonka takia luennotkin alkavat [&hellip;]<\/p>\n","protected":false},"author":1373,"featured_media":672,"parent":0,"menu_order":0,"comment_status":"closed","ping_status":"closed","template":"","meta":{"_kad_blocks_custom_css":"","_kad_blocks_head_custom_js":"","_kad_blocks_body_custom_js":"","_kad_blocks_footer_custom_js":"","footnotes":""},"class_list":["post-387","page","type-page","status-publish","has-post-thumbnail","hentry","post-preview"],"taxonomy_info":[],"featured_image_src_large":["https:\/\/tyyala.utu.fi\/mimesis\/wp-content\/uploads\/sites\/96\/2020\/09\/6-1-1024x457.png",676,302,true],"author_info":{"display_name":"lianme","author_link":"https:\/\/tyyala.utu.fi\/mimesis\/?author=1373"},"comment_info":0,"_links":{"self":[{"href":"https:\/\/tyyala.utu.fi\/mimesis\/index.php?rest_route=\/wp\/v2\/pages\/387","targetHints":{"allow":["GET"]}}],"collection":[{"href":"https:\/\/tyyala.utu.fi\/mimesis\/index.php?rest_route=\/wp\/v2\/pages"}],"about":[{"href":"https:\/\/tyyala.utu.fi\/mimesis\/index.php?rest_route=\/wp\/v2\/types\/page"}],"author":[{"embeddable":true,"href":"https:\/\/tyyala.utu.fi\/mimesis\/index.php?rest_route=\/wp\/v2\/users\/1373"}],"replies":[{"embeddable":true,"href":"https:\/\/tyyala.utu.fi\/mimesis\/index.php?rest_route=%2Fwp%2Fv2%2Fcomments&post=387"}],"version-history":[{"count":56,"href":"https:\/\/tyyala.utu.fi\/mimesis\/index.php?rest_route=\/wp\/v2\/pages\/387\/revisions"}],"predecessor-version":[{"id":1501,"href":"https:\/\/tyyala.utu.fi\/mimesis\/index.php?rest_route=\/wp\/v2\/pages\/387\/revisions\/1501"}],"wp:featuredmedia":[{"embeddable":true,"href":"https:\/\/tyyala.utu.fi\/mimesis\/index.php?rest_route=\/wp\/v2\/media\/672"}],"wp:attachment":[{"href":"https:\/\/tyyala.utu.fi\/mimesis\/index.php?rest_route=%2Fwp%2Fv2%2Fmedia&parent=387"}],"curies":[{"name":"wp","href":"https:\/\/api.w.org\/{rel}","templated":true}]}}