{"id":267,"date":"2020-09-16T09:23:53","date_gmt":"2020-09-16T09:23:53","guid":{"rendered":"https:\/\/tyyala.utu.fi\/mimesis\/?page_id=267"},"modified":"2026-03-27T18:11:03","modified_gmt":"2026-03-27T18:11:03","slug":"asiakirjoja","status":"publish","type":"page","link":"https:\/\/tyyala.utu.fi\/mimesis\/?page_id=267","title":{"rendered":"Asiakirjoja"},"content":{"rendered":"\n<h3 class=\"wp-block-heading\">Yleist\u00e4<\/h3>\n\n\n\n<p>Yhdistyksen <a rel=\"noreferrer noopener\" href=\"https:\/\/drive.google.com\/file\/d\/1jYOZQWbrA0MylsyfZjMo3VOALeI8bOLv\/view?usp=sharing\" target=\"_blank\">s\u00e4\u00e4nn\u00f6t<\/a><\/p>\n\n\n\n<p>Yhdistyksen <a href=\"https:\/\/tyyala.utu.fi\/mimesis\/wp-content\/uploads\/sites\/96\/2026\/03\/Rekisteriseloste_Mimesis2026.pdf\">rekisteriseloste<\/a><\/p>\n\n\n\n<p>Yhdistyksen <a rel=\"noreferrer noopener\" href=\"https:\/\/tyyala.utu.fi\/mimesis\/wp-content\/uploads\/sites\/96\/2023\/04\/Ymparistosuunnitelma.pdf\" data-type=\"URL\" data-id=\"https:\/\/tyyala.utu.fi\/mimesis\/wp-content\/uploads\/sites\/96\/2023\/04\/Ymparistosuunnitelma.pdf\" target=\"_blank\">ymp\u00e4rist\u00f6suunnitelma<\/a><\/p>\n\n\n\n<p>Mimesiksen <a href=\"https:\/\/tyyala.utu.fi\/mimesis\/wp-content\/uploads\/sites\/96\/2026\/03\/TurvallisempiTila2026.pdf\">turvallisemman tilan periaatteet<\/a><\/p>\n\n\n\n<h3 class=\"wp-block-heading has-large-font-size\">2025<\/h3>\n\n\n\n<p><a href=\"https:\/\/tyyala.utu.fi\/mimesis\/wp-content\/uploads\/sites\/96\/2025\/01\/MIMESIS-RY_N-TOIMINTASUUNNITELMA-2025-1-1.pdf\">Toimintasuunnitelma vuodelle 2025<\/a><\/p>\n\n\n\n<p><a href=\"https:\/\/tyyala.utu.fi\/mimesis\/wp-content\/uploads\/sites\/96\/2025\/01\/MIMESIS-RY_N-TALOUSARVIO-2025-1.pdf\">Talousarvio vuodelle 2025<\/a><\/p>\n\n\n\n<p class=\"has-large-font-size\"><strong>2024<\/strong><\/p>\n\n\n\n<p>Yhdistyksen <a href=\"https:\/\/tyyala.utu.fi\/mimesis\/wp-content\/uploads\/sites\/96\/2023\/12\/Mimesis-ry-toimintasuunnitelma-2024-korjattu.pdf\" data-type=\"link\" data-id=\"https:\/\/tyyala.utu.fi\/mimesis\/wp-content\/uploads\/sites\/96\/2023\/12\/Mimesis-ry-toimintasuunnitelma-2024-korjattu.pdf\" target=\"_blank\" rel=\"noreferrer noopener\">toimintasuunnitelma vuodelle 2024<\/a><\/p>\n\n\n\n<p>Yhdistyksen <a href=\"https:\/\/tyyala.utu.fi\/mimesis\/wp-content\/uploads\/sites\/96\/2023\/12\/MIMESIS-2024-talousarvio-korjattu.pdf\" data-type=\"link\" data-id=\"https:\/\/tyyala.utu.fi\/mimesis\/wp-content\/uploads\/sites\/96\/2023\/12\/MIMESIS-2024-talousarvio-korjattu.pdf\" target=\"_blank\" rel=\"noreferrer noopener\">talousarvio vuodelle 2024<\/a><\/p>\n\n\n\n<p>Yhdistyksen vuoden 2023 <a href=\"https:\/\/tyyala.utu.fi\/mimesis\/wp-content\/uploads\/sites\/96\/2023\/12\/Mimesis-ry-syyskokous-2.11.2023.docx.pdf\" data-type=\"link\" data-id=\"https:\/\/tyyala.utu.fi\/mimesis\/wp-content\/uploads\/sites\/96\/2023\/12\/Utopia-1_23.netti_.pdf\" target=\"_blank\" rel=\"noreferrer noopener\">syyskokouksen p\u00f6yt\u00e4kirja<\/a><\/p>\n\n\n\n<h2 class=\"wp-block-heading\" style=\"font-size:23px\">2023<\/h2>\n\n\n\n<p>Yhdistyksen <a rel=\"noreferrer noopener\" href=\"https:\/\/tyyala.utu.fi\/mimesis\/wp-content\/uploads\/sites\/96\/2022\/12\/Mimesis-ry-Toimintasuunnitelma-2023.pdf\" data-type=\"URL\" data-id=\"https:\/\/tyyala.utu.fi\/mimesis\/wp-content\/uploads\/sites\/96\/2022\/12\/Mimesis-ry-Toimintasuunnitelma-2023.pdf\" target=\"_blank\">toimintasuunnitelma vuodelle 2023<\/a><\/p>\n\n\n\n<p>Yhdistyksen <a rel=\"noreferrer noopener\" href=\"https:\/\/tyyala.utu.fi\/mimesis\/wp-content\/uploads\/sites\/96\/2022\/12\/Mimesis-ry-Talousarvio-2023.pdf\" data-type=\"URL\" data-id=\"https:\/\/tyyala.utu.fi\/mimesis\/wp-content\/uploads\/sites\/96\/2022\/12\/Mimesis-ry-Talousarvio-2023.pdf\" target=\"_blank\">talousarvio vuodelle 2023<\/a><\/p>\n\n\n\n<p>Yhdistyksen vuoden 2022 <a rel=\"noreferrer noopener\" href=\"https:\/\/tyyala.utu.fi\/mimesis\/wp-content\/uploads\/sites\/96\/2022\/12\/Mimesis-ry-syyskokous-2022-10.11.2022-korjattu.pdf\" data-type=\"URL\" data-id=\"https:\/\/tyyala.utu.fi\/mimesis\/wp-content\/uploads\/sites\/96\/2022\/12\/Mimesis-ry-syyskokous-2022-10.11.2022-korjattu.pdf\" target=\"_blank\">syyskokouksen p\u00f6yt\u00e4kirja<\/a><\/p>\n\n\n\n<p>Yhdistyksen vuoden 2023 <a rel=\"noreferrer noopener\" href=\"https:\/\/tyyala.utu.fi\/mimesis\/wp-content\/uploads\/sites\/96\/2023\/04\/Mimesis-ry-kevatkokous-16.3.2023-korjattu.pdf\" data-type=\"URL\" data-id=\"https:\/\/tyyala.utu.fi\/mimesis\/wp-content\/uploads\/sites\/96\/2023\/04\/Mimesis-ry-kevatkokous-16.3.2023-korjattu.pdf\" target=\"_blank\">kev\u00e4tkokouksen p\u00f6yt\u00e4kirja<\/a><\/p>\n\n\n\n<h3 class=\"wp-block-heading\">2022<\/h3>\n\n\n\n<p>Yhdistyksen <a rel=\"noreferrer noopener\" href=\"https:\/\/tyyala.utu.fi\/mimesis\/wp-content\/uploads\/sites\/96\/2023\/04\/Toimintakertomus-2022-korjattu.docx.pdf\" data-type=\"URL\" data-id=\"https:\/\/tyyala.utu.fi\/mimesis\/wp-content\/uploads\/sites\/96\/2023\/04\/Toimintakertomus-2022-korjattu.docx.pdf\" target=\"_blank\">vuoden 2022 toimintakertomus<\/a><\/p>\n\n\n\n<p>Yhdistyksen <a rel=\"noreferrer noopener\" href=\"https:\/\/tyyala.utu.fi\/mimesis\/wp-content\/uploads\/sites\/96\/2022\/03\/toimintasuunnitelma_2022.pdf\" target=\"_blank\">toimintasuunnitelma vuodelle 2022<\/a><\/p>\n\n\n\n<p>Yhdistyksen <a rel=\"noreferrer noopener\" href=\"https:\/\/tyyala.utu.fi\/mimesis\/wp-content\/uploads\/sites\/96\/2022\/03\/talousarvio2022.pdf\" target=\"_blank\">talousarvio vuodelle 2022<\/a><\/p>\n\n\n\n<p>Yhdistyksen vuoden 2021 <a rel=\"noreferrer noopener\" href=\"https:\/\/tyyala.utu.fi\/mimesis\/wp-content\/uploads\/sites\/96\/2021\/12\/Mimesis-ry-syyskokous-2021.pdf\" data-type=\"URL\" data-id=\"https:\/\/tyyala.utu.fi\/mimesis\/wp-content\/uploads\/sites\/96\/2021\/12\/Mimesis-ry-syyskokous-2021.pdf\" target=\"_blank\">syyskokouksen p\u00f6yt\u00e4kirja<\/a><\/p>\n\n\n\n<p>Yhdistyksen vuoden 2022 <a rel=\"noreferrer noopener\" href=\"https:\/\/tyyala.utu.fi\/mimesis\/wp-content\/uploads\/sites\/96\/2022\/10\/Mimesis-ry-kevatkokous-2022.pdf\" target=\"_blank\">kev\u00e4tkokouksen p\u00f6yt\u00e4kirja<\/a><\/p>\n\n\n\n<h3 class=\"wp-block-heading\">2021<\/h3>\n\n\n\n<p>Yhdistyksen <a href=\"https:\/\/tyyala.utu.fi\/mimesis\/wp-content\/uploads\/sites\/96\/2020\/11\/TOIMINTASUUNNITELMA-2021_hyv\u00e4ksytty.pdf\" target=\"_blank\" rel=\"noreferrer noopener\">toimintasuunnitelma vuodelle 2021<\/a><\/p>\n\n\n\n<p>Yhdistyksen <a href=\"https:\/\/tyyala.utu.fi\/mimesis\/wp-content\/uploads\/sites\/96\/2020\/11\/TALOUSARVIO-2021_hyv\u00e4ksytty.pdf\" target=\"_blank\" rel=\"noreferrer noopener\">talousarvio vuodelle 2021<\/a><\/p>\n\n\n\n<p>Yhdistyksen vuoden 2020<a rel=\"noreferrer noopener\" href=\"https:\/\/tyyala.utu.fi\/mimesis\/wp-content\/uploads\/sites\/96\/2020\/11\/Mimesis-ry-syyskokouksen-p\u00f6yt\u00e4kirja-20.11.2020.pdf\" target=\"_blank\"> syyskokouksen p\u00f6yt\u00e4kirja<\/a><\/p>\n\n\n\n<p>Yhdistyksen vuoden 2021 <a href=\"https:\/\/tyyala.utu.fi\/mimesis\/wp-content\/uploads\/sites\/96\/2021\/05\/Mimesis-ry-kevatkokous-2021.pdf\" target=\"_blank\" rel=\"noreferrer noopener\">kev\u00e4tkokouksen p\u00f6yt\u00e4kirja<\/a><\/p>\n\n\n\n<h3 class=\"wp-block-heading\">2020<\/h3>\n\n\n\n<p>Yhdistyksen <a rel=\"noreferrer noopener\" href=\"https:\/\/drive.google.com\/file\/d\/1sDEJl0L96c1Z-BybnaiC_M2APAIRtcMa\/view?usp=sharing\" target=\"_blank\">toimintasuunnitelma vuodelle 2020<\/a><\/p>\n\n\n\n<p>Yhdistyksen <a href=\"https:\/\/drive.google.com\/file\/d\/12c0encTMULkrr3o3Ef2rjZhxQSOgqpgX\/view?usp=sharing\" target=\"_blank\" rel=\"noreferrer noopener\">talousarvio vuodelle 2020<\/a><\/p>\n\n\n\n<p><\/p>\n\n\n\n<p><\/p>\n\n\n\n<p><em>muokattu 15.7.2024<\/em><\/p>\n","protected":false},"excerpt":{"rendered":"<p>Yleist\u00e4 Yhdistyksen s\u00e4\u00e4nn\u00f6t Yhdistyksen rekisteriseloste Yhdistyksen ymp\u00e4rist\u00f6suunnitelma Mimesiksen turvallisemman tilan periaatteet 2025 Toimintasuunnitelma vuodelle 2025 Talousarvio vuodelle 2025 2024 Yhdistyksen toimintasuunnitelma vuodelle 2024 Yhdistyksen talousarvio vuodelle 2024 Yhdistyksen vuoden 2023 syyskokouksen p\u00f6yt\u00e4kirja 2023 Yhdistyksen toimintasuunnitelma vuodelle 2023 Yhdistyksen talousarvio vuodelle 2023 Yhdistyksen vuoden 2022 syyskokouksen p\u00f6yt\u00e4kirja Yhdistyksen vuoden 2023 kev\u00e4tkokouksen p\u00f6yt\u00e4kirja 2022 Yhdistyksen vuoden 2022 [&hellip;]<\/p>\n","protected":false},"author":1373,"featured_media":681,"parent":0,"menu_order":0,"comment_status":"closed","ping_status":"closed","template":"","meta":{"_kad_blocks_custom_css":"","_kad_blocks_head_custom_js":"","_kad_blocks_body_custom_js":"","_kad_blocks_footer_custom_js":"","footnotes":""},"class_list":["post-267","page","type-page","status-publish","has-post-thumbnail","hentry","post-preview"],"taxonomy_info":[],"featured_image_src_large":["https:\/\/tyyala.utu.fi\/mimesis\/wp-content\/uploads\/sites\/96\/2020\/09\/9-1024x457.png",676,302,true],"author_info":{"display_name":"lianme","author_link":"https:\/\/tyyala.utu.fi\/mimesis\/?author=1373"},"comment_info":0,"_links":{"self":[{"href":"https:\/\/tyyala.utu.fi\/mimesis\/index.php?rest_route=\/wp\/v2\/pages\/267","targetHints":{"allow":["GET"]}}],"collection":[{"href":"https:\/\/tyyala.utu.fi\/mimesis\/index.php?rest_route=\/wp\/v2\/pages"}],"about":[{"href":"https:\/\/tyyala.utu.fi\/mimesis\/index.php?rest_route=\/wp\/v2\/types\/page"}],"author":[{"embeddable":true,"href":"https:\/\/tyyala.utu.fi\/mimesis\/index.php?rest_route=\/wp\/v2\/users\/1373"}],"replies":[{"embeddable":true,"href":"https:\/\/tyyala.utu.fi\/mimesis\/index.php?rest_route=%2Fwp%2Fv2%2Fcomments&post=267"}],"version-history":[{"count":35,"href":"https:\/\/tyyala.utu.fi\/mimesis\/index.php?rest_route=\/wp\/v2\/pages\/267\/revisions"}],"predecessor-version":[{"id":1567,"href":"https:\/\/tyyala.utu.fi\/mimesis\/index.php?rest_route=\/wp\/v2\/pages\/267\/revisions\/1567"}],"wp:featuredmedia":[{"embeddable":true,"href":"https:\/\/tyyala.utu.fi\/mimesis\/index.php?rest_route=\/wp\/v2\/media\/681"}],"wp:attachment":[{"href":"https:\/\/tyyala.utu.fi\/mimesis\/index.php?rest_route=%2Fwp%2Fv2%2Fmedia&parent=267"}],"curies":[{"name":"wp","href":"https:\/\/api.w.org\/{rel}","templated":true}]}}