{"id":240,"date":"2020-09-16T09:22:27","date_gmt":"2020-09-16T09:22:27","guid":{"rendered":"https:\/\/tyyala.utu.fi\/mimesis\/?page_id=240"},"modified":"2024-07-31T15:03:21","modified_gmt":"2024-07-31T15:03:21","slug":"tenttivinkkeja","status":"publish","type":"page","link":"https:\/\/tyyala.utu.fi\/mimesis\/?page_id=240","title":{"rendered":"Tenttivinkkej\u00e4"},"content":{"rendered":"\n<p>T\u00e4m\u00e4 sivu sis\u00e4lt\u00e4\u00e4 vinkkej\u00e4 tentteihin valmistautumiseen ja tenttien tekoon.<\/p>\n\n\n\n<p><\/p>\n\n\n\n<p><strong>TENTTIIN VALMISTAUTUMINEN<\/strong><br>&#8211; Tee muistiinpanoja lukiessasi tenttiin<br>&#8211; Useimmiten jokaisen luvun\/esseen\/artikkelin viimeisiss\u00e4 kappaleissa on usein yhteenvetoasioita eli n\u00e4m\u00e4 kannattaa lukea<br>&#8211; Lue muistiinpanot\/yhteenvedot aamulla ennen tentti\u00e4<br>&#8211; Tee muistis\u00e4\u00e4nt\u00f6j\u00e4! Esimerkiksi hankalan termin muistamisesta voi keksi\u00e4 jonkun hauskan sanamuunnoksen tai lorun<br>&#8211; Termej\u00e4 voi opiskella esimerkiksi quizlet-sivuston avulla tai tehd\u00e4 konkreettisia sanaselitys kortteja (sana kortin toiselle puolelle ja selitys toiselle)<br>&#8211; Monet hy\u00f6dynt\u00e4v\u00e4t opiskelussa pomodoro-tekniikkaa, johon l\u00f6ytyy ajastimia netist\u00e4, esimerkiksi <a href=\"https:\/\/pomofocus.io\/\">https:\/\/pomofocus.io\/<\/a><br>&#8211; Kannattaa reflektoida omia opiskelutekniikoita ja -taitoja. Lukeminen, kuunteleminen, muistiinpanot, yksin, yhdess\u00e4&#8230;<br>&#8211; Muista ajanhallinta sek\u00e4 tenttiin luvussa ett\u00e4 tentiss\u00e4. Tee esim. lukusuunnitelma. Jos tentiss\u00e4 pit\u00e4\u00e4 esimerkiksi kirjoittaa 3 pient\u00e4 esseevastausta 2 tunnissa, voi jokaiseen esseeseen varata esimerkiksi 30 minuuttia ja k\u00e4ytt\u00e4\u00e4 viimeisen puolituntia vastausten tarkastamiseen ja viimeistelyyn, tai jonkin tietyn vastauksen jatkamiseen.<br><\/p>\n\n\n\n<p><strong>KIRJAPAKETTIKURSSIT<\/strong><br>&#8211; Kirjapakettikursseissa usein kysyt\u00e4\u00e4n melko yleisi\u00e4 kysymyksi\u00e4, esim analysoi kirjaa x aikakauden tyylipiirteen y avulla tai miten asia x n\u00e4kyy kirjassa y, eli harvoin pit\u00e4\u00e4 muistaa yksitt\u00e4isi\u00e4 nippeliasioita: keski\u00f6ss\u00e4 on opitun tiedon soveltaminen.<br>&#8211; Kannattaa tarkistaa pepist\u00e4 kurssien oppimistavoitteet ja lukea teoriaa sit\u00e4 silm\u00e4ll\u00e4 pit\u00e4en.<\/p>\n\n\n\n<p><br><strong>EXAM<\/strong><br>&#8211; Muista ilmoittautua tenttiin osoitteessa <a href=\"http:\/\/exam.utu.fi\" data-type=\"link\" data-id=\"exam.utu.fi\">exam.utu.fi<\/a> Sivustolle kirjaudutaan omilla utu-tunnuksilla<br>&#8211; Ohjeet tentin varaamiseen, varauksen muuttamiseen ja perumiseen l\u00f6ytyv\u00e4t sivulta: <a href=\"https:\/\/utuguides.fi\/c.php?g=669085&amp;p=4748228\">https:\/\/utuguides.fi\/c.php?g=669085&amp;p=4748228<\/a><br>&#8211; Opiskelijat voivat varata tenttiaikoja varauskalenterista 30 p\u00e4iv\u00e4\u00e4 eteenp\u00e4in sek\u00e4 muuttaa tekem\u00e4\u00e4ns\u00e4 varausta ja perua varauksen ennen tenttiajan alkua.<br>&#8211; Tenttipaikoilla on tenttij\u00f6ille tarkoitettuja tavarans\u00e4ilytyskaappeja. Jotkin toimivat pantilla ja osaan taas sellaista ei tarvita. Tarkista t\u00e4m\u00e4 etuk\u00e4teen!<br>&#8211; Ota yliopiston l\u00e4pysk\u00e4 mukaan. Tarvitset sit\u00e4 p\u00e4\u00e4st\u00e4ksesi tenttitilaan.<br>&#8211; Exam-tenttitilaan ei saa ottaa mukaan muuta kuin s\u00e4ilytyskaapin avaimen ja oman yliopiston l\u00e4pysk\u00e4n. Ei suttupaperia, eik\u00e4 vesipulloa!<br>&#8211; Tenttisaliin ei kannata menn\u00e4 kovin aikaisin, koska tentti\u00e4 saa alkaa tehd\u00e4 vasta tenttiajan alkaessa. 5 min riitt\u00e4\u00e4 ihan kirjautumiseen (ututunnuksilla).<br>&#8211; Tentist\u00e4 saa olla my\u00f6h\u00e4ss\u00e4 eli exam-saliin saa menn\u00e4 vaikka tentti olisi jo alkanut. Se kuitenkin v\u00e4hent\u00e4\u00e4 tenttiaikaasi eli et saa menetetty\u00e4 aikaa takaisin.<br><\/p>\n\n\n\n<p><strong>MOODLE-TENTTI<\/strong><br>&#8211; Moodle-tentti tehd\u00e4\u00e4n Moodle-oppimisymp\u00e4rist\u00f6ss\u00e4 tiettyn\u00e4 ajankohtana tai tietyn aikaikkunan puitteissa, yleisimmin vapaasti valitsemassasi paikassa, jossa k\u00e4yt\u00f6ss\u00e4si on verkko\/nettiyhteys.<br>&#8211; Tenttiin voi sis\u00e4lty\u00e4 kirjallisia teht\u00e4vi\u00e4, monivalintateht\u00e4vi\u00e4 tai n\u00e4iden yhdistelmi\u00e4.<br>&#8211; Vaikka kurssin aineistoa saisi k\u00e4ytt\u00e4\u00e4 tentti\u00e4 tehdess\u00e4, muista k\u00e4yd\u00e4 se aiemmin l\u00e4pi! Se kannattaa, koska tentin aikana ei v\u00e4ltt\u00e4m\u00e4tt\u00e4 ole aikaa k\u00e4yd\u00e4 etsim\u00e4ss\u00e4 vastausta koko aineistosta.<\/p>\n\n\n\n<p><\/p>\n\n\n\n<p><strong>PAPERINEN TENTTI<\/strong><br>&#8211; Muista ottaa mukaan kyn\u00e4 ja kumi<br>&#8211; Saavu paikalle ajoissa<br>&#8211; Ja kyll\u00e4, edelleen saatetaan j\u00e4rjest\u00e4\u00e4 paperisia tenttej\u00e4.<\/p>\n\n\n\n<p><\/p>\n\n\n\n<p><\/p>\n\n\n\n<p><em>Muista, ett\u00e4<\/em> <em>arvosanat eiv\u00e4t kerro kaikkea, eiv\u00e4tk\u00e4<\/em> <em>ne mittaa kaikkea osaamista! Olet silti voinut oppia paljon, kehitty\u00e4 ja onnistua, vaikka arvosana ei olisikaan t\u00e4ydellinen &lt;3<\/em><\/p>\n","protected":false},"excerpt":{"rendered":"<p>T\u00e4m\u00e4 sivu sis\u00e4lt\u00e4\u00e4 vinkkej\u00e4 tentteihin valmistautumiseen ja tenttien tekoon. TENTTIIN VALMISTAUTUMINEN&#8211; Tee muistiinpanoja lukiessasi tenttiin&#8211; Useimmiten jokaisen luvun\/esseen\/artikkelin viimeisiss\u00e4 kappaleissa on usein yhteenvetoasioita eli n\u00e4m\u00e4 kannattaa lukea&#8211; Lue muistiinpanot\/yhteenvedot aamulla ennen tentti\u00e4&#8211; Tee muistis\u00e4\u00e4nt\u00f6j\u00e4! Esimerkiksi hankalan termin muistamisesta voi keksi\u00e4 jonkun hauskan sanamuunnoksen tai lorun&#8211; Termej\u00e4 voi opiskella esimerkiksi quizlet-sivuston avulla tai tehd\u00e4 konkreettisia sanaselitys [&hellip;]<\/p>\n","protected":false},"author":1373,"featured_media":684,"parent":0,"menu_order":0,"comment_status":"closed","ping_status":"closed","template":"","meta":{"_kad_blocks_custom_css":"","_kad_blocks_head_custom_js":"","_kad_blocks_body_custom_js":"","_kad_blocks_footer_custom_js":"","footnotes":""},"class_list":["post-240","page","type-page","status-publish","has-post-thumbnail","hentry","post-preview"],"taxonomy_info":[],"featured_image_src_large":["https:\/\/tyyala.utu.fi\/mimesis\/wp-content\/uploads\/sites\/96\/2020\/09\/10-1024x457.png",676,302,true],"author_info":{"display_name":"lianme","author_link":"https:\/\/tyyala.utu.fi\/mimesis\/?author=1373"},"comment_info":0,"_links":{"self":[{"href":"https:\/\/tyyala.utu.fi\/mimesis\/index.php?rest_route=\/wp\/v2\/pages\/240","targetHints":{"allow":["GET"]}}],"collection":[{"href":"https:\/\/tyyala.utu.fi\/mimesis\/index.php?rest_route=\/wp\/v2\/pages"}],"about":[{"href":"https:\/\/tyyala.utu.fi\/mimesis\/index.php?rest_route=\/wp\/v2\/types\/page"}],"author":[{"embeddable":true,"href":"https:\/\/tyyala.utu.fi\/mimesis\/index.php?rest_route=\/wp\/v2\/users\/1373"}],"replies":[{"embeddable":true,"href":"https:\/\/tyyala.utu.fi\/mimesis\/index.php?rest_route=%2Fwp%2Fv2%2Fcomments&post=240"}],"version-history":[{"count":7,"href":"https:\/\/tyyala.utu.fi\/mimesis\/index.php?rest_route=\/wp\/v2\/pages\/240\/revisions"}],"predecessor-version":[{"id":1401,"href":"https:\/\/tyyala.utu.fi\/mimesis\/index.php?rest_route=\/wp\/v2\/pages\/240\/revisions\/1401"}],"wp:featuredmedia":[{"embeddable":true,"href":"https:\/\/tyyala.utu.fi\/mimesis\/index.php?rest_route=\/wp\/v2\/media\/684"}],"wp:attachment":[{"href":"https:\/\/tyyala.utu.fi\/mimesis\/index.php?rest_route=%2Fwp%2Fv2%2Fmedia&parent=240"}],"curies":[{"name":"wp","href":"https:\/\/api.w.org\/{rel}","templated":true}]}}