{"id":237,"date":"2020-09-16T09:22:27","date_gmt":"2020-09-16T09:22:27","guid":{"rendered":"https:\/\/tyyala.utu.fi\/mimesis\/?page_id=237"},"modified":"2025-02-21T15:45:21","modified_gmt":"2025-02-21T15:45:21","slug":"paasykoe","status":"publish","type":"page","link":"https:\/\/tyyala.utu.fi\/mimesis\/?page_id=237","title":{"rendered":"P\u00e4\u00e4sykoe"},"content":{"rendered":"\n<p><strong>Aiempien vuosien valintakokeita&nbsp;ei ole en\u00e4\u00e4 Turun yliopiston nettisivuilla saatavissa, koska yliopistojen valintakokeet uudistuvat 2025. Vuodesta 2025 alkaen yliopistoissa on k\u00e4yt\u00f6ss\u00e4 yhdeks\u00e4n kansallista valintakoetta, joilla voi hakea useille eri koulutusaloille ja eri yliopistoihin. Aiempien valintakokeiden sis\u00e4ll\u00f6t eiv\u00e4t siis en\u00e4\u00e4 vastaa uusia kokeita<\/strong>.<\/p>\n\n\n\n<p>Lis\u00e4\u00e4 tietoa p\u00e4\u00e4sykokeista yliopiston sivuilla: <a href=\"https:\/\/www.utu.fi\/fi\/opiskelijaksi\/hakeminen\/valintakokeet\">https:\/\/www.utu.fi\/fi\/opiskelijaksi\/hakeminen\/valintakokeet<\/a>.<\/p>\n\n\n\n<p><\/p>\n\n\n\n<p>Kirjallisuustieteiden tutkinto-ohjelmaan voi hakea, jos on suorittanut yo- tai ammatillisen tutkinnon. 51% hakijoista valitaan todistusvalinnalla, loput p\u00e4\u00e4sykokeen kautta.<\/p>\n\n\n\n<details class=\"wp-block-details is-layout-flow wp-block-details-is-layout-flow\"><summary>Tietoja aiemmista p\u00e4\u00e4sykokeista<\/summary>\n<p><\/p>\n\n\n\n<h2 class=\"wp-block-heading\">Kev\u00e4t 2022<\/h2>\n\n\n\n<p>Turun yliopiston kirjallisuustieteiden valintakoe j\u00e4rjestet\u00e4\u00e4n 27.5.2022. <\/p>\n\n\n\n<p>Kev\u00e4\u00e4n valintakokeista l\u00f6yd\u00e4t lis\u00e4tietoa <a rel=\"noreferrer noopener\" href=\"https:\/\/www.utu.fi\/fi\/opiskelijaksi\/hakeminen\/valintakokeet\" data-type=\"URL\" data-id=\"https:\/\/www.utu.fi\/fi\/opiskelijaksi\/hakeminen\/valintakokeet\" target=\"_blank\">Turun yliopiston nettisivuilta<\/a> ja <a rel=\"noreferrer noopener\" href=\"https:\/\/opintopolku.fi\/konfo\/fi\/hakukohde\/1.2.246.562.20.00000000000000003360\/valintaperuste\" target=\"_blank\">Opintopolusta<\/a>.<\/p>\n\n\n\n<h2 class=\"wp-block-heading\">Yleisi\u00e4 p\u00e4\u00e4sykoevinkkej\u00e4<\/h2>\n\n\n\n<p>Keskity lukiessasi isoihin linjoihin, valintakokeen esseekysymys tuskin painottuu nippelitietoon.<\/p>\n\n\n\n<p>Muista hy\u00f6dynt\u00e4\u00e4 vastauksessasi lukemaasi valintakoekirjallisuutta.<\/p>\n\n\n\n<p>Vastauksen pituus ei yksin ole ansio \u2013 tiivis ja selke\u00e4sti rajattu vastaus on parempi kuin joka suuntaan r\u00f6nsyilev\u00e4. Vastaa siihen, mit\u00e4 kysyt\u00e4\u00e4n!<\/p>\n\n\n\n<p>Panosta vastauksesi rakenteeseen ja tekstin sujuvuuteen, nekin ovat esseekysymyksess\u00e4 ansioita.<\/p>\n\n\n\n<p>Valintakokeessa ota rennosti ja keskity tekem\u00e4\u00e4n parhaasi.&nbsp;Yrit\u00e4 tulla kokeeseen lev\u00e4nneen\u00e4 ja sopivasti sy\u00f6neen\u00e4, niin jaksat paremmin.<\/p>\n\n\n\n<h2 class=\"wp-block-heading\">P\u00e4\u00e4sykoemateriaalit<\/h2>\n\n\n\n<p>Vuoden 2022 valintakokeen materiaalit:<\/p>\n\n\n\n<p>Valintakoekirjallisuus on ilmoitettu Opintopolussa 16.3.2022.<\/p>\n\n\n\n<p><strong>Valintakoekirjat:<\/strong><\/p>\n\n\n\n<p>1) Luku \u201dKieli\u201d osin (s. 133\u2013172) teoksessa&nbsp;<em>Heinonen, Yrj\u00f6 (toim.):<\/em>&nbsp;Taide, kokemus ja maailma. Risteyksi\u00e4 tieteidenv\u00e4liseen taiteiden tutkimukseen. Utukirjat, Turku 2014. Valintakoekirjan&nbsp;<a href=\"https:\/\/www.utupub.fi\/handle\/10024\/149157\" rel=\"noreferrer noopener\" target=\"_blank\">s\u00e4hk\u00f6inen versio<\/a>. Kirja on my\u00f6s ostettavissa Turun yliopiston verkkokaupasta: https:\/\/utushop.utu.fi\/<\/p>\n\n\n\n<p>2) Johdatus kirjallisuusanalyysiin -teoksesta (<em>toim<\/em>.&nbsp;<em>M\u00e4kikalli, Aino &amp; Steinby, Liisa<\/em>, Suomalaisen Kirjallisuuden Seura, Helsinki 2013) luetaan sivut 59-95 (eli Kertomakirjallisuutta k\u00e4sittelev\u00e4st\u00e4 osiosta II luvut 1. &#8221;Johdanto: Fiktiivist\u00e4 maailmaa koskeva tarina ja sen kertominen&#8221; ja 2. &#8221;Tarinan analyysi: henkil\u00f6t ja tapahtumat sek\u00e4 tapahtumien j\u00e4sentyminen tarinaksi&#8221; alalukuineen) ja sivut 191-235 (eli Lyriikkaa k\u00e4sittelev\u00e4st\u00e4 osiosta III luvut 2. &#8221;Runon rytmi&#8221; ja 3. &#8221;Lyriikan kuvallisuus&#8221; alalukuineen).<\/p>\n\n\n\n<p>Katso tarkemmat tiedot kokeeseen liittyen <a rel=\"noreferrer noopener\" href=\"https:\/\/opintopolku.fi\/konfo\/fi\/hakukohde\/1.2.246.562.20.00000000000000003360\/valintaperuste\" target=\"_blank\">Opintopolusta<\/a>.<\/p>\n\n\n\n<p>Etuk\u00e4teen luetun teorian lis\u00e4ksi koe k\u00e4sittelee koetilanteessa jaettavaa kaunokirjallisuutta. Useimmiten materiaalina on ollut novelleja tai katkelmia pidemmist\u00e4 teksteist\u00e4. <\/p>\n\n\n\n<p>Teoriaosuuden esseekysymykseen vastataan usein <em>Taide, kokemus ja maailma<\/em> -teoksen pohjalta. <em>Johdatus kirjallisuusanalyysiin <\/em>puolestaan auttaa kaunokirjallisuutta koskevassa kysymyksess\u00e4.<\/p>\n<\/details>\n","protected":false},"excerpt":{"rendered":"<p>Aiempien vuosien valintakokeita&nbsp;ei ole en\u00e4\u00e4 Turun yliopiston nettisivuilla saatavissa, koska yliopistojen valintakokeet uudistuvat 2025. Vuodesta 2025 alkaen yliopistoissa on k\u00e4yt\u00f6ss\u00e4 yhdeks\u00e4n kansallista valintakoetta, joilla voi hakea useille eri koulutusaloille ja eri yliopistoihin. Aiempien valintakokeiden sis\u00e4ll\u00f6t eiv\u00e4t siis en\u00e4\u00e4 vastaa uusia kokeita. Lis\u00e4\u00e4 tietoa p\u00e4\u00e4sykokeista yliopiston sivuilla: https:\/\/www.utu.fi\/fi\/opiskelijaksi\/hakeminen\/valintakokeet. Kirjallisuustieteiden tutkinto-ohjelmaan voi hakea, jos on suorittanut yo- [&hellip;]<\/p>\n","protected":false},"author":1373,"featured_media":666,"parent":0,"menu_order":0,"comment_status":"closed","ping_status":"closed","template":"","meta":{"_kad_blocks_custom_css":"","_kad_blocks_head_custom_js":"","_kad_blocks_body_custom_js":"","_kad_blocks_footer_custom_js":"","footnotes":""},"class_list":["post-237","page","type-page","status-publish","has-post-thumbnail","hentry","post-preview"],"taxonomy_info":[],"featured_image_src_large":["https:\/\/tyyala.utu.fi\/mimesis\/wp-content\/uploads\/sites\/96\/2020\/09\/4-1-1024x457.png",676,302,true],"author_info":{"display_name":"lianme","author_link":"https:\/\/tyyala.utu.fi\/mimesis\/?author=1373"},"comment_info":0,"_links":{"self":[{"href":"https:\/\/tyyala.utu.fi\/mimesis\/index.php?rest_route=\/wp\/v2\/pages\/237","targetHints":{"allow":["GET"]}}],"collection":[{"href":"https:\/\/tyyala.utu.fi\/mimesis\/index.php?rest_route=\/wp\/v2\/pages"}],"about":[{"href":"https:\/\/tyyala.utu.fi\/mimesis\/index.php?rest_route=\/wp\/v2\/types\/page"}],"author":[{"embeddable":true,"href":"https:\/\/tyyala.utu.fi\/mimesis\/index.php?rest_route=\/wp\/v2\/users\/1373"}],"replies":[{"embeddable":true,"href":"https:\/\/tyyala.utu.fi\/mimesis\/index.php?rest_route=%2Fwp%2Fv2%2Fcomments&post=237"}],"version-history":[{"count":18,"href":"https:\/\/tyyala.utu.fi\/mimesis\/index.php?rest_route=\/wp\/v2\/pages\/237\/revisions"}],"predecessor-version":[{"id":1499,"href":"https:\/\/tyyala.utu.fi\/mimesis\/index.php?rest_route=\/wp\/v2\/pages\/237\/revisions\/1499"}],"wp:featuredmedia":[{"embeddable":true,"href":"https:\/\/tyyala.utu.fi\/mimesis\/index.php?rest_route=\/wp\/v2\/media\/666"}],"wp:attachment":[{"href":"https:\/\/tyyala.utu.fi\/mimesis\/index.php?rest_route=%2Fwp%2Fv2%2Fmedia&parent=237"}],"curies":[{"name":"wp","href":"https:\/\/api.w.org\/{rel}","templated":true}]}}