{"id":21,"date":"2020-09-15T14:32:16","date_gmt":"2020-09-15T14:32:16","guid":{"rendered":"https:\/\/tyyala.utu.fi\/mimesis\/?page_id=21"},"modified":"2025-01-27T14:25:40","modified_gmt":"2025-01-27T14:25:40","slug":"etusivu","status":"publish","type":"page","link":"https:\/\/tyyala.utu.fi\/mimesis\/","title":{"rendered":"Etusivu"},"content":{"rendered":"\n<blockquote class=\"wp-block-quote is-layout-flow wp-block-quote-is-layout-flow\">\n<p>Mimesis (<em>\u03bc\u03af\u03bc\u03b7\u03c3\u03b9\u03c2<\/em>): Taiteessa, erityisesti kirjallisuudessa tapahtuva pyrkimys todellisuuden kuvaamiseen.<\/p>\n<cite><a href=\"https:\/\/tieteentermipankki.fi\/wiki\/Kirjallisuudentutkimus:mimesis\" target=\"_blank\" rel=\"noreferrer noopener\">tieteen termipankki<\/a><\/cite><\/blockquote>\n\n\n\n<p class=\"has-dark-gray-color has-text-color\">Tieteellisen merkityksens\u00e4 ohella Mimesis on kes\u00e4ll\u00e4 2020 perustettu yhdistys, jonka teht\u00e4v\u00e4n\u00e4 on huolehtia kirjallisuustieteiden opiskelijoiden edunvalvonnasta ja vapaa-ajan huveista, jotta opiskelu sujuisi ongelmitta, yksin\u00e4isyys ei vaivaisi ja juhlittavaa riitt\u00e4isi.<\/p>\n\n\n\n<p class=\"has-dark-gray-color has-text-color\">J\u00e4seneksi kannattaa liitty\u00e4 heti, sill\u00e4 Mimesis tarjoaa j\u00e4senilleen muun muassa lukuisia juhlahetki\u00e4, rentoutumista, ulkoilua, vohveleita ja tietysti tiivist\u00e4 yhteydenpitoa molempiin oppiaineisiin. Mik\u00e4li opetussuunnitelmien kiemurat eiv\u00e4t avaudu tai kurssien arviointi mietitytt\u00e4\u00e4, voi apua kysy\u00e4 Mimesiksen hallitukselta. <a href=\"https:\/\/tyyala.utu.fi\/mimesis\/hallitus\/\"><span class=\"has-inline-color has-accent-color\">Hallitukseen<\/span><\/a> saa yhteyden ilmestym\u00e4ll\u00e4 kokoukseen, nyk\u00e4isem\u00e4ll\u00e4 hihasta, somen kautta tai perinteisesti s\u00e4hk\u00f6postilla.&nbsp;Yhdistyksen tiedotuksen saat s\u00e4hk\u00f6postiisi liittym\u00e4ll\u00e4 <a rel=\"noreferrer noopener\" href=\"https:\/\/lists.utu.fi\/mailman\/listinfo\/mimesis\" target=\"_blank\"><span class=\"has-inline-color has-accent-color\">listalle<\/span><\/a>.<\/p>\n\n\n\n<figure class=\"wp-block-image size-large\"><img loading=\"lazy\" decoding=\"async\" width=\"1024\" height=\"431\" src=\"https:\/\/tyyala.utu.fi\/mimesis\/wp-content\/uploads\/sites\/96\/2020\/09\/mimesis-1024x431.png\" alt=\"\" class=\"wp-image-27\" srcset=\"https:\/\/tyyala.utu.fi\/mimesis\/wp-content\/uploads\/sites\/96\/2020\/09\/mimesis-1024x431.png 1024w, https:\/\/tyyala.utu.fi\/mimesis\/wp-content\/uploads\/sites\/96\/2020\/09\/mimesis-300x126.png 300w, https:\/\/tyyala.utu.fi\/mimesis\/wp-content\/uploads\/sites\/96\/2020\/09\/mimesis-768x324.png 768w, https:\/\/tyyala.utu.fi\/mimesis\/wp-content\/uploads\/sites\/96\/2020\/09\/mimesis-1536x647.png 1536w, https:\/\/tyyala.utu.fi\/mimesis\/wp-content\/uploads\/sites\/96\/2020\/09\/mimesis-1200x506.png 1200w, https:\/\/tyyala.utu.fi\/mimesis\/wp-content\/uploads\/sites\/96\/2020\/09\/mimesis.png 1920w\" sizes=\"auto, (max-width: 1024px) 100vw, 1024px\" \/><\/figure>\n\n\n\n<p><em>Yhdistyksen logon on suunnitellut Suvi Hirvonen.<\/em><\/p>\n\n\n\n<p><\/p>\n\n\n\n<p><\/p>\n\n\n\n<p>Mimesis is the student organization of Finnish Literature and Comparative Literature. <\/p>\n\n\n\n<figure class=\"wp-block-image size-large\"><img loading=\"lazy\" decoding=\"async\" width=\"1024\" height=\"768\" src=\"https:\/\/tyyala.utu.fi\/mimesis\/wp-content\/uploads\/sites\/96\/2025\/01\/jasenyys-1024x768.png\" alt=\"\" class=\"wp-image-1470\" srcset=\"https:\/\/tyyala.utu.fi\/mimesis\/wp-content\/uploads\/sites\/96\/2025\/01\/jasenyys-1024x768.png 1024w, https:\/\/tyyala.utu.fi\/mimesis\/wp-content\/uploads\/sites\/96\/2025\/01\/jasenyys-300x225.png 300w, https:\/\/tyyala.utu.fi\/mimesis\/wp-content\/uploads\/sites\/96\/2025\/01\/jasenyys-768x576.png 768w, https:\/\/tyyala.utu.fi\/mimesis\/wp-content\/uploads\/sites\/96\/2025\/01\/jasenyys-1536x1152.png 1536w, https:\/\/tyyala.utu.fi\/mimesis\/wp-content\/uploads\/sites\/96\/2025\/01\/jasenyys-2048x1536.png 2048w, https:\/\/tyyala.utu.fi\/mimesis\/wp-content\/uploads\/sites\/96\/2025\/01\/jasenyys-676x507.png 676w\" sizes=\"auto, (max-width: 1024px) 100vw, 1024px\" \/><\/figure>\n\n\n\n<p>Students can become our members through Kide.app and join our <a href=\"https:\/\/lists.utu.fi\/mailman\/listinfo\/mimesis\" data-type=\"link\" data-id=\"https:\/\/lists.utu.fi\/mailman\/listinfo\/mimesis\">mailing list <\/a>.<\/p>\n","protected":false},"excerpt":{"rendered":"<p>Mimesis (\u03bc\u03af\u03bc\u03b7\u03c3\u03b9\u03c2): Taiteessa, erityisesti kirjallisuudessa tapahtuva pyrkimys todellisuuden kuvaamiseen. tieteen termipankki Tieteellisen merkityksens\u00e4 ohella Mimesis on kes\u00e4ll\u00e4 2020 perustettu yhdistys, jonka teht\u00e4v\u00e4n\u00e4 on huolehtia kirjallisuustieteiden opiskelijoiden edunvalvonnasta ja vapaa-ajan huveista, jotta opiskelu sujuisi ongelmitta, yksin\u00e4isyys ei vaivaisi ja juhlittavaa riitt\u00e4isi. J\u00e4seneksi kannattaa liitty\u00e4 heti, sill\u00e4 Mimesis tarjoaa j\u00e4senilleen muun muassa lukuisia juhlahetki\u00e4, rentoutumista, ulkoilua, vohveleita [&hellip;]<\/p>\n","protected":false},"author":1373,"featured_media":0,"parent":0,"menu_order":1,"comment_status":"closed","ping_status":"closed","template":"","meta":{"_kad_blocks_custom_css":"","_kad_blocks_head_custom_js":"","_kad_blocks_body_custom_js":"","_kad_blocks_footer_custom_js":"","footnotes":""},"class_list":["post-21","page","type-page","status-publish","hentry","post-preview"],"taxonomy_info":[],"featured_image_src_large":false,"author_info":{"display_name":"lianme","author_link":"https:\/\/tyyala.utu.fi\/mimesis\/?author=1373"},"comment_info":0,"_links":{"self":[{"href":"https:\/\/tyyala.utu.fi\/mimesis\/index.php?rest_route=\/wp\/v2\/pages\/21","targetHints":{"allow":["GET"]}}],"collection":[{"href":"https:\/\/tyyala.utu.fi\/mimesis\/index.php?rest_route=\/wp\/v2\/pages"}],"about":[{"href":"https:\/\/tyyala.utu.fi\/mimesis\/index.php?rest_route=\/wp\/v2\/types\/page"}],"author":[{"embeddable":true,"href":"https:\/\/tyyala.utu.fi\/mimesis\/index.php?rest_route=\/wp\/v2\/users\/1373"}],"replies":[{"embeddable":true,"href":"https:\/\/tyyala.utu.fi\/mimesis\/index.php?rest_route=%2Fwp%2Fv2%2Fcomments&post=21"}],"version-history":[{"count":16,"href":"https:\/\/tyyala.utu.fi\/mimesis\/index.php?rest_route=\/wp\/v2\/pages\/21\/revisions"}],"predecessor-version":[{"id":1473,"href":"https:\/\/tyyala.utu.fi\/mimesis\/index.php?rest_route=\/wp\/v2\/pages\/21\/revisions\/1473"}],"wp:attachment":[{"href":"https:\/\/tyyala.utu.fi\/mimesis\/index.php?rest_route=%2Fwp%2Fv2%2Fmedia&parent=21"}],"curies":[{"name":"wp","href":"https:\/\/api.w.org\/{rel}","templated":true}]}}