{"id":1546,"date":"2025-11-04T14:09:53","date_gmt":"2025-11-04T14:09:53","guid":{"rendered":"https:\/\/tyyala.utu.fi\/mimesis\/?page_id=1546"},"modified":"2025-11-04T14:09:53","modified_gmt":"2025-11-04T14:09:53","slug":"opinnaytetyokonferenssi-syksy-2025","status":"publish","type":"page","link":"https:\/\/tyyala.utu.fi\/mimesis\/?page_id=1546","title":{"rendered":"Opinn\u00e4ytety\u00f6konferenssi, syksy 2025"},"content":{"rendered":"\n<p>Kotimaisen kirjallisuuden ja yleisen kirjallisuustieteen perinteinen opinn\u00e4ytety\u00f6konferenssi j\u00e4rjestet\u00e4\u00e4n maanantaina 24.11. klo 11.30\u201315.15 tilassa Pub4. Opiskelijat, henkil\u00f6kunta ja tutkijat niin kirjallisuustieteist\u00e4 kuin muistakin oppiaineista ovat tervetulleita kuulemaan ja keskustelemaan opinn\u00e4ytet\u00f6ist\u00e4 ja kotimaisen kirjallisuuden vuosikirja Sanelmaan kirjoitetuista artikkeleista.<\/p>\n\n\n\n<p>Alla p\u00e4iv\u00e4n aikataulu ja <a href=\"https:\/\/tyyala.utu.fi\/mimesis\/wp-content\/uploads\/sites\/96\/2025\/11\/Konferenssiohjelma_2025.pdf\">liitteen\u00e4 esitelm\u00e4n pit\u00e4jien abstraktit:<\/a><\/p>\n\n\n\n<p>11.30 Tervetuloa<br>11.45 Matilda Kirvel\u00e4: Rahaa, p\u00e4ihteit\u00e4 ja autoja vai ironiaa ja yhteiskuntakritiikki\u00e4? Suomirap-lyriikan ristiriitaiset puhujat (Sanelma, kotimainen kirjallisuus)<br>12.15 Augusta Sarmiala: Tove Janssonin Taikurin hatun M\u00f6rk\u00f6, Tiuhti ja Viuhti sukupuolen vastakertomuksena (kandidaatintutkielma, kotimainen kirjallisuus)<br>12.45 Heta Virkkunen: Kuukautiskuvaukset Stephen Kingin Carriessa (pro gradu, yleinen kirjallisuustiede)<\/p>\n\n\n\n<p>Tauko 13.15-13.45<\/p>\n\n\n\n<p>13.45 Ella Jauhiainen: Ursula Mursun ja Apila Pepitan Kuuilma-kirjasarja sateenkaarispefin\u00e4 lastenkirjallisuutena (kandidaatintutkielma, kotimainen kirjallisuus)<br>14.15 Asa Palo: L\u00e4hde t\u00e4st\u00e4 laulamaan. Autoetnografinen tutkielma luopumisesta ja uuden synnyst\u00e4 kirjoittamisen vaiheina (pro gradu, kotimainen kirjallisuus)<br>14.45 Jenni V\u00e4yrynen: Subjektius ja performatiivisuus Riyoko Ikedan The Rose of Versailles -mangassa (pro gradu, yleinen kirjallisuustiede)<br>15.15 Konferenssin p\u00e4\u00e4t\u00f6s<\/p>\n\n\n\n<p>N\u00e4hd\u00e4\u00e4n konferenssissa!<\/p>\n\n\n\n<p>Yst. Matilda Kirvel\u00e4<\/p>\n\n\n\n<hr class=\"wp-block-separator has-alpha-channel-opacity\" \/>\n","protected":false},"excerpt":{"rendered":"<p>Kotimaisen kirjallisuuden ja yleisen kirjallisuustieteen perinteinen opinn\u00e4ytety\u00f6konferenssi j\u00e4rjestet\u00e4\u00e4n maanantaina 24.11. klo 11.30\u201315.15 tilassa Pub4. Opiskelijat, henkil\u00f6kunta ja tutkijat niin kirjallisuustieteist\u00e4 kuin muistakin oppiaineista ovat tervetulleita kuulemaan ja keskustelemaan opinn\u00e4ytet\u00f6ist\u00e4 ja kotimaisen kirjallisuuden vuosikirja Sanelmaan kirjoitetuista artikkeleista. Alla p\u00e4iv\u00e4n aikataulu ja liitteen\u00e4 esitelm\u00e4n pit\u00e4jien abstraktit: 11.30 Tervetuloa11.45 Matilda Kirvel\u00e4: Rahaa, p\u00e4ihteit\u00e4 ja autoja vai ironiaa ja [&hellip;]<\/p>\n","protected":false},"author":3467,"featured_media":0,"parent":0,"menu_order":0,"comment_status":"closed","ping_status":"closed","template":"","meta":{"_kad_blocks_custom_css":"","_kad_blocks_head_custom_js":"","_kad_blocks_body_custom_js":"","_kad_blocks_footer_custom_js":"","footnotes":""},"class_list":["post-1546","page","type-page","status-publish","hentry","post-preview"],"taxonomy_info":[],"featured_image_src_large":false,"author_info":{"display_name":"elalis","author_link":"https:\/\/tyyala.utu.fi\/mimesis\/?author=3467"},"comment_info":0,"_links":{"self":[{"href":"https:\/\/tyyala.utu.fi\/mimesis\/index.php?rest_route=\/wp\/v2\/pages\/1546","targetHints":{"allow":["GET"]}}],"collection":[{"href":"https:\/\/tyyala.utu.fi\/mimesis\/index.php?rest_route=\/wp\/v2\/pages"}],"about":[{"href":"https:\/\/tyyala.utu.fi\/mimesis\/index.php?rest_route=\/wp\/v2\/types\/page"}],"author":[{"embeddable":true,"href":"https:\/\/tyyala.utu.fi\/mimesis\/index.php?rest_route=\/wp\/v2\/users\/3467"}],"replies":[{"embeddable":true,"href":"https:\/\/tyyala.utu.fi\/mimesis\/index.php?rest_route=%2Fwp%2Fv2%2Fcomments&post=1546"}],"version-history":[{"count":1,"href":"https:\/\/tyyala.utu.fi\/mimesis\/index.php?rest_route=\/wp\/v2\/pages\/1546\/revisions"}],"predecessor-version":[{"id":1548,"href":"https:\/\/tyyala.utu.fi\/mimesis\/index.php?rest_route=\/wp\/v2\/pages\/1546\/revisions\/1548"}],"wp:attachment":[{"href":"https:\/\/tyyala.utu.fi\/mimesis\/index.php?rest_route=%2Fwp%2Fv2%2Fmedia&parent=1546"}],"curies":[{"name":"wp","href":"https:\/\/api.w.org\/{rel}","templated":true}]}}