{"id":1503,"date":"2025-03-15T08:23:53","date_gmt":"2025-03-15T08:23:53","guid":{"rendered":"https:\/\/tyyala.utu.fi\/mimesis\/?page_id=1503"},"modified":"2025-11-04T14:06:46","modified_gmt":"2025-11-04T14:06:46","slug":"5-v-vuosijuhlat-2025","status":"publish","type":"page","link":"https:\/\/tyyala.utu.fi\/mimesis\/?page_id=1503","title":{"rendered":"Vuosijuhlat 2025"},"content":{"rendered":"\n<p>Hei,\u00a0olette l\u00e4mpim\u00e4sti tervetullut juhlistamaan 5-vuotiasta Mimesist\u00e4 kanssamme K\u00e5renille 22.11.2025 (os. H\u00e4meenkatu 22).<\/p>\n\n\n\n<p>Juhlapaikan ovet aukeavat juhlavieraille kello 17.30 ja iltajuhla alkaa kello 18.00. Saavuttehan paikalle viimeist\u00e4\u00e4n kello 17.55.\u00a0Illan teemana toimii Renessanssia ja R\u00f6yhel\u00f6it\u00e4. Virallinen pukukoodi on juhlava asu ja mahdolliset akateemiset kunniamerkit. Sopivia asuja ovat esimerkiksi pitk\u00e4t tai lyhyet juhlamekot, tummat puvut tai housupuvut. Voit my\u00f6s pukeutua teeman mukaisesti esimerkiksi pitsiin ja r\u00f6yhel\u00f6ihin. Pukukoodista ja teemasta ei kuitenkaan tarvitse stressata, sill\u00e4 juhlamme on pukukoodiltaan vapaamuotoinen.<\/p>\n\n\n\n<p>Lipputyyppej\u00e4 on kolmenlaisia:<\/p>\n\n\n\n<ul class=\"wp-block-list\">\n<li>J\u00e4senille lippu kustantaa 60 \u20ac.<\/li>\n\n\n\n<li>Ei-j\u00e4senille lippu kustantaa 70 \u20ac.<\/li>\n\n\n\n<li>Voit my\u00f6s halutessasi ostaa kannatuslipun, jonka hinta on 80 \u20ac.<\/li>\n<\/ul>\n\n\n\n<p>Ilmoittautuminen aukeaa maanantaina 20.10.2025 kello 10.00 ja linkin ilmoittautumiseen l\u00f6yd\u00e4t t\u00e4m\u00e4n viestin lopusta. Ilmoittautuminen on auki sunnuntaihin 9.11.2025 kello 23.59 asti. Ilmoittautuessasi vuosijuhlille sitoudut my\u00f6s maksamaan lippusi sek\u00e4 mahdollisen silliaamiaiselle osallistumisen hinnan. Maksuohjeet l\u00e4hetet\u00e4\u00e4n ilmoittautuneille my\u00f6hemmin s\u00e4hk\u00f6postilla.\u00a0<\/p>\n\n\n\n<p>Iltajuhlassa tarjoillaan seuraava menu:<\/p>\n\n\n\n<p>Alkupala: Sienibrushetta vaalealla leiv\u00e4ll\u00e4, salaattia ja sitrusvinegrette\u00e4\u00a0<br>P\u00e4\u00e4ruoka: Pankopaneroitua rapeaa tofua, chilikastiketta, paahdettuja juureksia ja perunaa\u00a0<br>J\u00e4lkiruoka: Sitrussalaattia vaniljavaahdolla\u00a0Kaikki ruoka on vegaanista.\u00a0\u00a0<\/p>\n\n\n\n<p>J\u00e4rjest\u00e4mme vuosijuhlien j\u00e4lkeisen\u00e4 p\u00e4iv\u00e4n\u00e4, sunnuntaina 23.11.2025, silliaamiaisen Taiteen talolla (Nunnankatu 4) rennon ajanvieton merkeiss\u00e4. Sillis kustantaa 5\u20ac, ja sen pukukoodina toimii haalarit tai viitta. Silliksest\u00e4 l\u00e4hetet\u00e4\u00e4n osallistujille lis\u00e4tietoa l\u00e4hemp\u00e4n\u00e4 tapahtumaa.<\/p>\n\n\n\n<p>Esteett\u00f6myydest\u00e4:<br>K\u00e5renin juhlatilat ovat saavutettavissa hissill\u00e4 sek\u00e4 ulkoa ett\u00e4 rakennuksen sis\u00e4lt\u00e4. Ensimm\u00e4isess\u00e4 kerroksessa on esteet\u00f6n wc, jossa on my\u00f6s hoitop\u00f6yt\u00e4.Taiteen talon tilat ja sis\u00e4piha eiv\u00e4t ole t\u00e4ysin esteett\u00f6mi\u00e4.\u00a0<\/p>\n\n\n\n<p>Linkki ilmoittautumiseen:\u00a0<a href=\"https:\/\/forms.gle\/qVMco7HHLC5S7cqJ7\" target=\"_blank\" rel=\"noreferrer noopener\">https:\/\/forms.gle\/qVMco7HHLC5S7cqJ7<\/a>\u00a0<\/p>\n\n\n\n<p>Mik\u00e4li teill\u00e4 her\u00e4\u00e4 mit\u00e4\u00e4n kysytt\u00e4v\u00e4\u00e4 vuosijuhliin tai sillikseen liittyen, ottakaa matalalla kynnyksell\u00e4 yhteytt\u00e4 allekirjoittaneeseen!\u00a0\u00a0<\/p>\n\n\n\n<p>Yst\u00e4v\u00e4llisin terveisinPauliina Tapola (<a href=\"mailto:paetap@utu.fi\" target=\"_blank\" rel=\"noreferrer noopener\">paetap@utu.fi<\/a>)ja koko Mimesiksen vuosijuhlatoimikunta<\/p>\n\n\n\n<hr class=\"wp-block-separator has-alpha-channel-opacity\" \/>\n","protected":false},"excerpt":{"rendered":"<p>Hei,\u00a0olette l\u00e4mpim\u00e4sti tervetullut juhlistamaan 5-vuotiasta Mimesist\u00e4 kanssamme K\u00e5renille 22.11.2025 (os. H\u00e4meenkatu 22). Juhlapaikan ovet aukeavat juhlavieraille kello 17.30 ja iltajuhla alkaa kello 18.00. Saavuttehan paikalle viimeist\u00e4\u00e4n kello 17.55.\u00a0Illan teemana toimii Renessanssia ja R\u00f6yhel\u00f6it\u00e4. Virallinen pukukoodi on juhlava asu ja mahdolliset akateemiset kunniamerkit. Sopivia asuja ovat esimerkiksi pitk\u00e4t tai lyhyet juhlamekot, tummat puvut tai housupuvut. Voit [&hellip;]<\/p>\n","protected":false},"author":3467,"featured_media":0,"parent":0,"menu_order":0,"comment_status":"closed","ping_status":"closed","template":"","meta":{"_kad_blocks_custom_css":"","_kad_blocks_head_custom_js":"","_kad_blocks_body_custom_js":"","_kad_blocks_footer_custom_js":"","footnotes":""},"class_list":["post-1503","page","type-page","status-publish","hentry","post-preview"],"taxonomy_info":[],"featured_image_src_large":false,"author_info":{"display_name":"elalis","author_link":"https:\/\/tyyala.utu.fi\/mimesis\/?author=3467"},"comment_info":0,"_links":{"self":[{"href":"https:\/\/tyyala.utu.fi\/mimesis\/index.php?rest_route=\/wp\/v2\/pages\/1503","targetHints":{"allow":["GET"]}}],"collection":[{"href":"https:\/\/tyyala.utu.fi\/mimesis\/index.php?rest_route=\/wp\/v2\/pages"}],"about":[{"href":"https:\/\/tyyala.utu.fi\/mimesis\/index.php?rest_route=\/wp\/v2\/types\/page"}],"author":[{"embeddable":true,"href":"https:\/\/tyyala.utu.fi\/mimesis\/index.php?rest_route=\/wp\/v2\/users\/3467"}],"replies":[{"embeddable":true,"href":"https:\/\/tyyala.utu.fi\/mimesis\/index.php?rest_route=%2Fwp%2Fv2%2Fcomments&post=1503"}],"version-history":[{"count":6,"href":"https:\/\/tyyala.utu.fi\/mimesis\/index.php?rest_route=\/wp\/v2\/pages\/1503\/revisions"}],"predecessor-version":[{"id":1545,"href":"https:\/\/tyyala.utu.fi\/mimesis\/index.php?rest_route=\/wp\/v2\/pages\/1503\/revisions\/1545"}],"wp:attachment":[{"href":"https:\/\/tyyala.utu.fi\/mimesis\/index.php?rest_route=%2Fwp%2Fv2%2Fmedia&parent=1503"}],"curies":[{"name":"wp","href":"https:\/\/api.w.org\/{rel}","templated":true}]}}