{"id":1402,"date":"2024-07-31T15:28:49","date_gmt":"2024-07-31T15:28:49","guid":{"rendered":"https:\/\/tyyala.utu.fi\/mimesis\/?page_id=1402"},"modified":"2025-07-25T10:45:31","modified_gmt":"2025-07-25T10:45:31","slug":"tuutorointi","status":"publish","type":"page","link":"https:\/\/tyyala.utu.fi\/mimesis\/?page_id=1402","title":{"rendered":"Tuutorointi"},"content":{"rendered":"\n<p>Tuutorit ovat yhteydess\u00e4 uusiin opiskelijoihin elokuussa.<\/p>\n\n\n\n<p>Tuutorointiin liittyviss\u00e4 kysymyksiss\u00e4 ota yhteytt\u00e4 Mimesiksen tuutorivastaavaan Pihla Vihervaaraan s\u00e4hk\u00f6postitse piriiv@utu.fi tai laita viesti\u00e4 vaikka Instagramin kautta @mimesis_ry<\/p>\n","protected":false},"excerpt":{"rendered":"<p>Tuutorit ovat yhteydess\u00e4 uusiin opiskelijoihin elokuussa. Tuutorointiin liittyviss\u00e4 kysymyksiss\u00e4 ota yhteytt\u00e4 Mimesiksen tuutorivastaavaan Pihla Vihervaaraan s\u00e4hk\u00f6postitse piriiv@utu.fi tai laita viesti\u00e4 vaikka Instagramin kautta @mimesis_ry<\/p>\n","protected":false},"author":3467,"featured_media":0,"parent":0,"menu_order":0,"comment_status":"closed","ping_status":"closed","template":"","meta":{"_kad_blocks_custom_css":"","_kad_blocks_head_custom_js":"","_kad_blocks_body_custom_js":"","_kad_blocks_footer_custom_js":"","footnotes":""},"class_list":["post-1402","page","type-page","status-publish","hentry","post-preview"],"taxonomy_info":[],"featured_image_src_large":false,"author_info":{"display_name":"elalis","author_link":"https:\/\/tyyala.utu.fi\/mimesis\/?author=3467"},"comment_info":0,"_links":{"self":[{"href":"https:\/\/tyyala.utu.fi\/mimesis\/index.php?rest_route=\/wp\/v2\/pages\/1402","targetHints":{"allow":["GET"]}}],"collection":[{"href":"https:\/\/tyyala.utu.fi\/mimesis\/index.php?rest_route=\/wp\/v2\/pages"}],"about":[{"href":"https:\/\/tyyala.utu.fi\/mimesis\/index.php?rest_route=\/wp\/v2\/types\/page"}],"author":[{"embeddable":true,"href":"https:\/\/tyyala.utu.fi\/mimesis\/index.php?rest_route=\/wp\/v2\/users\/3467"}],"replies":[{"embeddable":true,"href":"https:\/\/tyyala.utu.fi\/mimesis\/index.php?rest_route=%2Fwp%2Fv2%2Fcomments&post=1402"}],"version-history":[{"count":8,"href":"https:\/\/tyyala.utu.fi\/mimesis\/index.php?rest_route=\/wp\/v2\/pages\/1402\/revisions"}],"predecessor-version":[{"id":1531,"href":"https:\/\/tyyala.utu.fi\/mimesis\/index.php?rest_route=\/wp\/v2\/pages\/1402\/revisions\/1531"}],"wp:attachment":[{"href":"https:\/\/tyyala.utu.fi\/mimesis\/index.php?rest_route=%2Fwp%2Fv2%2Fmedia&parent=1402"}],"curies":[{"name":"wp","href":"https:\/\/api.w.org\/{rel}","templated":true}]}}