{"id":1203,"date":"2022-03-07T15:04:44","date_gmt":"2022-03-07T15:04:44","guid":{"rendered":"https:\/\/tyyala.utu.fi\/mimesis\/?page_id=1203"},"modified":"2025-11-04T14:04:08","modified_gmt":"2025-11-04T14:04:08","slug":"kutsu-yhdistyksen-saantomaaraiseen-syyskokoukseen-10-11-2022","status":"publish","type":"page","link":"https:\/\/tyyala.utu.fi\/mimesis\/?page_id=1203","title":{"rendered":"Tervetuloa Mimesis ry:n s\u00e4\u00e4nt\u00f6m\u00e4\u00e4r\u00e4iseen syyskokoukseen tiistaina 11.11.2025 kello 18.00 alkaen."},"content":{"rendered":"\n<p>Kokous j\u00e4rjestet\u00e4\u00e4n Turun yliopistolla, Ylioppilastalo A:n Turku-salissa. Turku-sali on samassa rakennuksessa ja kerroksessa Assarin ullakon kanssa. Lis\u00e4\u00e4mme tarkemmat saapumisohjeet Instagram-tarinaan ja WhatsApp-ryhm\u00e4\u00e4n viimeist\u00e4\u00e4n kokousp\u00e4iv\u00e4n\u00e4.<\/p>\n\n\n\n<p>Syyskokouksessa vahvistetaan toimintasuunnitelma ja talousarvio vuodelle 2026 ja valitaan vuodelle 2026 yhdistyksen hallitus, yhdistyksen julkaisun Utopian p\u00e4\u00e4toimitus ja muut mahdolliset toimihenkil\u00f6t. Lis\u00e4ksi kokouksessa vahvistetaan vuoden 2026 j\u00e4senmaksu.<\/p>\n\n\n\n<p>Viestin liitteen\u00e4 ovat:<br>&#8211;\u00a0\u00a0\u00a0\u00a0\u00a0\u00a0 Kokouksen <a href=\"https:\/\/tyyala.utu.fi\/mimesis\/wp-content\/uploads\/sites\/96\/2025\/11\/Syyskokous-2025-esityslista.pdf\">esityslista<\/a><br>&#8211;\u00a0\u00a0\u00a0\u00a0\u00a0\u00a0 Hallituksen esitys yhdistyksen vuoden 2026 <a href=\"https:\/\/tyyala.utu.fi\/mimesis\/wp-content\/uploads\/sites\/96\/2025\/11\/Toimintasuunnitelma-2026.pdf\">toimintasuunnitelmaksi<\/a><br>&#8211;\u00a0\u00a0\u00a0\u00a0\u00a0\u00a0 Hallituksen esitys yhdistyksen vuoden 2026 <a href=\"https:\/\/tyyala.utu.fi\/mimesis\/wp-content\/uploads\/sites\/96\/2025\/11\/Talousarvio-2026.pdf\">talousarvioksi<\/a><\/p>\n\n\n\n<p>Uuden hallituksen toimikausi alkaa tammikuussa 2026. Jos hallitustoiminta kiinnostaa, nyt on loistava tilaisuus l\u00e4hte\u00e4 mukaan! Hallitus valitaan vuosittain kokonaan uudelleen, eli uudet ja vanhat toimijat hakevat hallitukseen yhdess\u00e4, eik\u00e4 vanhoilla toimijoilla ole etusijaa aiemmin tekemiins\u00e4 pesteihin. Tarvittaessa hallituspaikoista j\u00e4rjestet\u00e4\u00e4n suljettu s\u00e4h\u00f6inen lippu\u00e4\u00e4nestys Webropol-lomakkeella. Huomaa my\u00f6s, ett\u00e4 j\u00e4senyytesi pit\u00e4\u00e4 olla voimassa, jotta voit hakea hallitukseen ja \u00e4\u00e4nest\u00e4\u00e4! J\u00e4senyyden voimassaolon voi tarkistaa ja uusia Kide.app-sovelluksessa.<\/p>\n\n\n\n<p>Jos et p\u00e4\u00e4se paikan p\u00e4\u00e4lle, mutta olet kiinnostunut hallitustoiminnasta, Utopian toimittamisesta tai muusta toimihenkil\u00f6toiminnasta, voit ottaa yhteytt\u00e4 puheenjohtaja&nbsp;Augusta&nbsp;Sarmialaan, aasarm@utu.fi ja kertoa kiinnostuksestasi. Hallituksessa on hauskaa ja aikaisempaa kokemusta tai osaamista j\u00e4rjest\u00f6toiminnasta ei todellakaan tarvitse olla!<\/p>\n\n\n\n<p>Syyskokouksessa valitaan hallituksen puheenjohtaja, varapuheenjohtaja, sihteeri, taloudenhoitaja, kotimaisen kirjallisuuden koulutuspoliittinen vastaava, yleisen kirjallisuustieteen koulutuspoliittinen vastaava sek\u00e4&nbsp; 2-6 muuta j\u00e4sent\u00e4 ja 0-3 varaj\u00e4sent\u00e4. Muita mahdollisia pestej\u00e4 ovat: tuutorvastaava, haalarivastaava, tiedottaja, tapahtumavastaava, kulttuurivastaava, yhteisty\u00f6vastaava, sosiaalipoliittinen vastaava, yhdenvertaisuusvastaava, liikuntavastaava, ekskursiovastaava, digivastaava, myyj\u00e4isvastaava, haalarivastaava, lukupiirivastaava, somevastaava, kansainv\u00e4lisyysvastaava ja ymp\u00e4rist\u00f6vastaava.<\/p>\n\n\n\n<p>Kokoukseen on mahdollista osallistua my\u00f6s et\u00e4n\u00e4. Linkin saa pyydett\u00e4ess\u00e4 varapuheenjohtaja Elina Saloselta, elalis@utu.fi. Ilmoitathan et\u00e4osallistumisesta ja pyyd\u00e4t linkki\u00e4 viimeist\u00e4\u00e4n kokousta edelt\u00e4v\u00e4n\u00e4 p\u00e4iv\u00e4n\u00e4 10.11.2025. Et\u00e4osallistumisohjeet l\u00f6ytyv\u00e4t t\u00e4m\u00e4n viestin lopusta.<\/p>\n\n\n\n<p>Kokouksessa on tarjolla pient\u00e4 (vegaanista) sy\u00f6t\u00e4v\u00e4\u00e4 ja juotavaa.<\/p>\n\n\n\n<p>Tervetuloa syyskokoukseen!<\/p>\n\n\n\n<p>Mimesis ry:n hallituksen puolesta<\/p>\n\n\n\n<p>Augusta&nbsp;Sarmiala,<br>Puheenjohtaja, Mimesis ry<\/p>\n\n\n\n<p>&#8212;<\/p>\n\n\n\n<p>Ohjeet et\u00e4osallistujille:<\/p>\n\n\n\n<p>Liity kokouksen Zoomiin mahdollisuuksien mukaan hyviss\u00e4 ajoin, Zoom-linkki avautuu 17.45.<br>Laita nimeksesi etu- ja sukunimi.<br>Kokouksen aluksi l\u00e4sn\u00e4olijat tarkistetaan, joten varaudu pyydett\u00e4ess\u00e4 avaamaan hetkeksi kamerasi.<br>Lataa Zoom omalle laitteellesi (toimii varmemmin).<br>Zoomin chattia k\u00e4ytet\u00e4\u00e4n vain kokoukseen liittyvien asioiden k\u00e4sittelyyn. Jotta chatin seuraaminen on mahdollista, \u00e4l\u00e4 kirjoita sinne mit\u00e4\u00e4n asiaankuulumatonta.<br>Kun et puhu, pid\u00e4 kamera ja mikrofoni pois p\u00e4\u00e4lt\u00e4, jos yhteys kuormittuu. Jos n\u00e4in ei tapahdu, voit pit\u00e4\u00e4 kameraa p\u00e4\u00e4ll\u00e4 koko ajan.<\/p>\n\n\n\n<p>Mik\u00e4li saavut kokoukseen my\u00f6h\u00e4ss\u00e4 tai poistut kesken kokouksen, kirjoita kokouksen chattiin saapumisaikasi seuraavan mallin mukaisesti: Etunimi Sukunimi saapui kokoukseen klo 18.36. Mik\u00e4li joudut poistumaan kokouksesta ajoissa, kirjaa sekin chattiin mallin mukaisesti: Etunimi Sukunimi poistui kokouksesta klo 19.08.<\/p>\n\n\n\n<hr class=\"wp-block-separator has-alpha-channel-opacity\" \/>\n","protected":false},"excerpt":{"rendered":"<p>Kokous j\u00e4rjestet\u00e4\u00e4n Turun yliopistolla, Ylioppilastalo A:n Turku-salissa. Turku-sali on samassa rakennuksessa ja kerroksessa Assarin ullakon kanssa. Lis\u00e4\u00e4mme tarkemmat saapumisohjeet Instagram-tarinaan ja WhatsApp-ryhm\u00e4\u00e4n viimeist\u00e4\u00e4n kokousp\u00e4iv\u00e4n\u00e4. Syyskokouksessa vahvistetaan toimintasuunnitelma ja talousarvio vuodelle 2026 ja valitaan vuodelle 2026 yhdistyksen hallitus, yhdistyksen julkaisun Utopian p\u00e4\u00e4toimitus ja muut mahdolliset toimihenkil\u00f6t. Lis\u00e4ksi kokouksessa vahvistetaan vuoden 2026 j\u00e4senmaksu. Viestin liitteen\u00e4 ovat:&#8211;\u00a0\u00a0\u00a0\u00a0\u00a0\u00a0 Kokouksen [&hellip;]<\/p>\n","protected":false},"author":2832,"featured_media":0,"parent":0,"menu_order":0,"comment_status":"closed","ping_status":"closed","template":"","meta":{"_kad_blocks_custom_css":"","_kad_blocks_head_custom_js":"","_kad_blocks_body_custom_js":"","_kad_blocks_footer_custom_js":"","footnotes":""},"class_list":["post-1203","page","type-page","status-publish","hentry","post-preview"],"taxonomy_info":[],"featured_image_src_large":false,"author_info":{"display_name":"mimesis","author_link":"https:\/\/tyyala.utu.fi\/mimesis\/?author=2832"},"comment_info":0,"_links":{"self":[{"href":"https:\/\/tyyala.utu.fi\/mimesis\/index.php?rest_route=\/wp\/v2\/pages\/1203","targetHints":{"allow":["GET"]}}],"collection":[{"href":"https:\/\/tyyala.utu.fi\/mimesis\/index.php?rest_route=\/wp\/v2\/pages"}],"about":[{"href":"https:\/\/tyyala.utu.fi\/mimesis\/index.php?rest_route=\/wp\/v2\/types\/page"}],"author":[{"embeddable":true,"href":"https:\/\/tyyala.utu.fi\/mimesis\/index.php?rest_route=\/wp\/v2\/users\/2832"}],"replies":[{"embeddable":true,"href":"https:\/\/tyyala.utu.fi\/mimesis\/index.php?rest_route=%2Fwp%2Fv2%2Fcomments&post=1203"}],"version-history":[{"count":18,"href":"https:\/\/tyyala.utu.fi\/mimesis\/index.php?rest_route=\/wp\/v2\/pages\/1203\/revisions"}],"predecessor-version":[{"id":1543,"href":"https:\/\/tyyala.utu.fi\/mimesis\/index.php?rest_route=\/wp\/v2\/pages\/1203\/revisions\/1543"}],"wp:attachment":[{"href":"https:\/\/tyyala.utu.fi\/mimesis\/index.php?rest_route=%2Fwp%2Fv2%2Fmedia&parent=1203"}],"curies":[{"name":"wp","href":"https:\/\/api.w.org\/{rel}","templated":true}]}}