{"id":930,"date":"2025-01-27T12:41:35","date_gmt":"2025-01-27T12:41:35","guid":{"rendered":"https:\/\/tyyala.utu.fi\/manana\/?page_id=930"},"modified":"2025-02-10T09:43:17","modified_gmt":"2025-02-10T09:43:17","slug":"sitz-que-es-esto","status":"publish","type":"page","link":"https:\/\/tyyala.utu.fi\/manana\/galleria\/sitz-que-es-esto\/","title":{"rendered":"\u00bfQU\u00c9 SON LAS SITZ?"},"content":{"rendered":"\n<p>Las Sitz (sitsit en fin\u00e9s) son un tradicional evento estudiantil en Finlandia organizado normalmente por las asociaciones estudiantiles donde l@s estudiantes se re\u00fanen para disfrutar de una cena acompa\u00f1ada de discursos y canciones. El evento sigue un conjunto de reglas y costumbres, como disposiciones espec\u00edficas de los asientos, (a veces c\u00f3digos de vestimenta tem\u00e1ticos) y un ambiente festivo y alegre. Es un evento social que combina formalidad con diversi\u00f3n, permitiendo a l@s estudiantes convivir y celebrar junt@s.<\/p>\n\n\n\n<figure class=\"wp-block-image size-full is-resized\"><img loading=\"lazy\" decoding=\"async\" width=\"490\" height=\"407\" src=\"https:\/\/tyyala.utu.fi\/manana\/wp-content\/uploads\/sites\/90\/2025\/01\/image.png\" alt=\"\" class=\"wp-image-931\" style=\"width:838px;height:auto\" srcset=\"https:\/\/tyyala.utu.fi\/manana\/wp-content\/uploads\/sites\/90\/2025\/01\/image.png 490w, https:\/\/tyyala.utu.fi\/manana\/wp-content\/uploads\/sites\/90\/2025\/01\/image-300x249.png 300w\" sizes=\"auto, (max-width: 490px) 100vw, 490px\" \/><\/figure>\n\n\n\n<p><br><\/p>\n","protected":false},"excerpt":{"rendered":"<p>Las Sitz (sitsit en fin\u00e9s) son un tradicional evento estudiantil en Finlandia organizado normalmente por las asociaciones estudiantiles donde l@s estudiantes se re\u00fanen para disfrutar de una cena acompa\u00f1ada de discursos y canciones. El evento sigue un conjunto de reglas y costumbres, como disposiciones espec\u00edficas de los asientos, (a veces c\u00f3digos de vestimenta tem\u00e1ticos) y [&hellip;]<\/p>\n","protected":false},"author":3460,"featured_media":0,"parent":114,"menu_order":0,"comment_status":"closed","ping_status":"closed","template":"","meta":{"footnotes":""},"class_list":["post-930","page","type-page","status-publish","hentry"],"_links":{"self":[{"href":"https:\/\/tyyala.utu.fi\/manana\/wp-json\/wp\/v2\/pages\/930","targetHints":{"allow":["GET"]}}],"collection":[{"href":"https:\/\/tyyala.utu.fi\/manana\/wp-json\/wp\/v2\/pages"}],"about":[{"href":"https:\/\/tyyala.utu.fi\/manana\/wp-json\/wp\/v2\/types\/page"}],"author":[{"embeddable":true,"href":"https:\/\/tyyala.utu.fi\/manana\/wp-json\/wp\/v2\/users\/3460"}],"replies":[{"embeddable":true,"href":"https:\/\/tyyala.utu.fi\/manana\/wp-json\/wp\/v2\/comments?post=930"}],"version-history":[{"count":4,"href":"https:\/\/tyyala.utu.fi\/manana\/wp-json\/wp\/v2\/pages\/930\/revisions"}],"predecessor-version":[{"id":1067,"href":"https:\/\/tyyala.utu.fi\/manana\/wp-json\/wp\/v2\/pages\/930\/revisions\/1067"}],"up":[{"embeddable":true,"href":"https:\/\/tyyala.utu.fi\/manana\/wp-json\/wp\/v2\/pages\/114"}],"wp:attachment":[{"href":"https:\/\/tyyala.utu.fi\/manana\/wp-json\/wp\/v2\/media?parent=930"}],"curies":[{"name":"wp","href":"https:\/\/api.w.org\/{rel}","templated":true}]}}