{"id":904,"date":"2025-01-27T12:20:02","date_gmt":"2025-01-27T12:20:02","guid":{"rendered":"https:\/\/tyyala.utu.fi\/manana\/?page_id=904"},"modified":"2025-02-10T09:49:23","modified_gmt":"2025-02-10T09:49:23","slug":"haalarimerkit-overall-patches","status":"publish","type":"page","link":"https:\/\/tyyala.utu.fi\/manana\/haalarimerkit-overall-patches\/","title":{"rendered":"HAALARIMERKIT \/ OVERALL PATCHES \/ PARCHES"},"content":{"rendered":"\n<p><strong>FIN<\/strong><\/p>\n\n\n\n<p>Olisitko kiinnostunut ostamaan Ma\u00f1anan haalarimerkin? <\/p>\n\n\n\n<p>Myymme merkkej\u00e4 aina pulliksien yhteydess\u00e4 ja joissakin tapahtumissa kuten avajaiskarnevaaleilla, sivuainemessuilla jne.<\/p>\n\n\n\n<p>Jos haluaisit ostaa merkin, mutta et p\u00e4\u00e4se pulliksiin tai muihin mahdollisiin tapahtumiin, ole meihin yhteydess\u00e4 s\u00e4hk\u00f6postitse, jotta voimme sopia sopivan ajan ja maksutavan. \ud83d\ude42\u00a0<\/p>\n\n\n\n<p><em>Ohessa p\u00e4ivitetty lista haalarimerkeist\u00e4mme ja hinnoista:<\/em><\/p>\n\n\n\n<p><strong>ENG<\/strong><\/p>\n\n\n\n<p>Would you be interested in buying a Ma\u00f1ana overall patch?<\/p>\n\n\n\n<p>We always sell our patches at the bake sales, and also some other events such as the opening carnival of TYY etc.<\/p>\n\n\n\n<p>If you would like to buy a patch but are unable to attend the bake sales or other potential events, please get in touch with us via email, and we can arrange a suitable time and payment method. \ud83d\ude42<\/p>\n\n\n\n<p><em>Below is the updated list of our overall patches and their prices:<\/em><\/p>\n\n\n\n<p><strong>ES<\/strong><\/p>\n\n\n\n<p>\u00bfTe interesar\u00eda comprar parches de Ma\u00f1ana?<\/p>\n\n\n\n<p><br>Los parches estar\u00e1n a la venta en eventos como en rutas de bares (pub crawls), carnaval de inauguraci\u00f3n etc.<\/p>\n\n\n\n<p>Si deseas comprar un parche pero no puedes asistir a los posibles eventos, puedes contactarnos por correo electr\u00f3nico para acordar un momento y un m\u00e9todo de pago adecuado. \ud83d\ude42<\/p>\n\n\n\n<p><em>A continuaci\u00f3n, la lista actualizada de nuestros parches y sus precios:<\/em><\/p>\n\n\n\n<figure class=\"wp-block-image size-full is-resized\"><img loading=\"lazy\" decoding=\"async\" width=\"476\" height=\"184\" src=\"https:\/\/tyyala.utu.fi\/manana\/wp-content\/uploads\/sites\/90\/2025\/01\/patches2.png\" alt=\"\" class=\"wp-image-906\" style=\"width:677px;height:auto\" srcset=\"https:\/\/tyyala.utu.fi\/manana\/wp-content\/uploads\/sites\/90\/2025\/01\/patches2.png 476w, https:\/\/tyyala.utu.fi\/manana\/wp-content\/uploads\/sites\/90\/2025\/01\/patches2-300x116.png 300w\" sizes=\"auto, (max-width: 476px) 100vw, 476px\" \/><\/figure>\n\n\n\n<figure class=\"wp-block-image size-full is-resized\"><img loading=\"lazy\" decoding=\"async\" width=\"387\" height=\"253\" src=\"https:\/\/tyyala.utu.fi\/manana\/wp-content\/uploads\/sites\/90\/2025\/01\/patches.png\" alt=\"\" class=\"wp-image-907\" style=\"width:676px;height:auto\" srcset=\"https:\/\/tyyala.utu.fi\/manana\/wp-content\/uploads\/sites\/90\/2025\/01\/patches.png 387w, https:\/\/tyyala.utu.fi\/manana\/wp-content\/uploads\/sites\/90\/2025\/01\/patches-300x196.png 300w\" sizes=\"auto, (max-width: 387px) 100vw, 387px\" \/><\/figure>\n\n\n\n<figure class=\"wp-block-image size-large\"><img loading=\"lazy\" decoding=\"async\" width=\"724\" height=\"1024\" src=\"https:\/\/tyyala.utu.fi\/manana\/wp-content\/uploads\/sites\/90\/2025\/01\/Manana-HinnastoInstagram-1-724x1024.png\" alt=\"\" class=\"wp-image-908\" srcset=\"https:\/\/tyyala.utu.fi\/manana\/wp-content\/uploads\/sites\/90\/2025\/01\/Manana-HinnastoInstagram-1-724x1024.png 724w, https:\/\/tyyala.utu.fi\/manana\/wp-content\/uploads\/sites\/90\/2025\/01\/Manana-HinnastoInstagram-1-212x300.png 212w, https:\/\/tyyala.utu.fi\/manana\/wp-content\/uploads\/sites\/90\/2025\/01\/Manana-HinnastoInstagram-1-768x1086.png 768w, https:\/\/tyyala.utu.fi\/manana\/wp-content\/uploads\/sites\/90\/2025\/01\/Manana-HinnastoInstagram-1-1086x1536.png 1086w, https:\/\/tyyala.utu.fi\/manana\/wp-content\/uploads\/sites\/90\/2025\/01\/Manana-HinnastoInstagram-1-1448x2048.png 1448w, https:\/\/tyyala.utu.fi\/manana\/wp-content\/uploads\/sites\/90\/2025\/01\/Manana-HinnastoInstagram-1-676x956.png 676w, https:\/\/tyyala.utu.fi\/manana\/wp-content\/uploads\/sites\/90\/2025\/01\/Manana-HinnastoInstagram-1.png 1587w\" sizes=\"auto, (max-width: 724px) 100vw, 724px\" \/><\/figure>\n","protected":false},"excerpt":{"rendered":"<p>FIN Olisitko kiinnostunut ostamaan Ma\u00f1anan haalarimerkin? Myymme merkkej\u00e4 aina pulliksien yhteydess\u00e4 ja joissakin tapahtumissa kuten avajaiskarnevaaleilla, sivuainemessuilla jne. Jos haluaisit ostaa merkin, mutta et p\u00e4\u00e4se pulliksiin tai muihin mahdollisiin tapahtumiin, ole meihin yhteydess\u00e4 s\u00e4hk\u00f6postitse, jotta voimme sopia sopivan ajan ja maksutavan. \ud83d\ude42\u00a0 Ohessa p\u00e4ivitetty lista haalarimerkeist\u00e4mme ja hinnoista: ENG Would you be interested in buying [&hellip;]<\/p>\n","protected":false},"author":3460,"featured_media":0,"parent":0,"menu_order":6,"comment_status":"closed","ping_status":"closed","template":"","meta":{"_kad_blocks_custom_css":"","_kad_blocks_head_custom_js":"","_kad_blocks_body_custom_js":"","_kad_blocks_footer_custom_js":"","footnotes":""},"class_list":["post-904","page","type-page","status-publish","hentry"],"taxonomy_info":[],"featured_image_src_large":false,"author_info":{"display_name":"famajy","author_link":"https:\/\/tyyala.utu.fi\/manana\/author\/emmapolkki\/"},"comment_info":0,"_links":{"self":[{"href":"https:\/\/tyyala.utu.fi\/manana\/wp-json\/wp\/v2\/pages\/904","targetHints":{"allow":["GET"]}}],"collection":[{"href":"https:\/\/tyyala.utu.fi\/manana\/wp-json\/wp\/v2\/pages"}],"about":[{"href":"https:\/\/tyyala.utu.fi\/manana\/wp-json\/wp\/v2\/types\/page"}],"author":[{"embeddable":true,"href":"https:\/\/tyyala.utu.fi\/manana\/wp-json\/wp\/v2\/users\/3460"}],"replies":[{"embeddable":true,"href":"https:\/\/tyyala.utu.fi\/manana\/wp-json\/wp\/v2\/comments?post=904"}],"version-history":[{"count":2,"href":"https:\/\/tyyala.utu.fi\/manana\/wp-json\/wp\/v2\/pages\/904\/revisions"}],"predecessor-version":[{"id":1069,"href":"https:\/\/tyyala.utu.fi\/manana\/wp-json\/wp\/v2\/pages\/904\/revisions\/1069"}],"wp:attachment":[{"href":"https:\/\/tyyala.utu.fi\/manana\/wp-json\/wp\/v2\/media?parent=904"}],"curies":[{"name":"wp","href":"https:\/\/api.w.org\/{rel}","templated":true}]}}