{"id":899,"date":"2025-01-27T11:55:44","date_gmt":"2025-01-27T11:55:44","guid":{"rendered":"https:\/\/tyyala.utu.fi\/manana\/?page_id=899"},"modified":"2025-02-10T09:37:52","modified_gmt":"2025-02-10T09:37:52","slug":"jasenyys-membership","status":"publish","type":"page","link":"https:\/\/tyyala.utu.fi\/manana\/manana-ry\/jasenyys-membership\/","title":{"rendered":"J\u00c4SENYYS \/ MEMBERSHIP \/ MEMBRES\u00cdA"},"content":{"rendered":"\n<p><strong>FIN<\/strong><\/p>\n\n\n\n<p><strong>KIINNOSTUITKO J\u00c4SENYYDEST\u00c4?<\/strong><\/p>\n\n\n\n<p>Yhden lukuvuoden j\u00e4senyys 5 \u20ac&nbsp;<\/p>\n\n\n\n<p>Kuuden lukuvuoden j\u00e4senyys 20 \u20ac&nbsp;<\/p>\n\n\n\n<p>J\u00e4senmaksu maksetaan tapahtumissa k\u00e4teisell\u00e4 tai maksukortilla, Ma\u00f1ana ry:n tilille FI85 4309 0010 4036 99 (Oma S\u00e4\u00e4st\u00f6pankki) tai MobilePaylla numeroon 46601.&nbsp;<\/p>\n\n\n\n<p>Viestiksi: \u201dj\u00e4senmaksu, oma t\u00e4ydellinen nimi, kotikunta, s\u00e4hk\u00f6postiosoite, TYYn j\u00e4sen kyll\u00e4\/ei\u201d.&nbsp;<\/p>\n\n\n\n<p>S\u00e4hk\u00f6postin pyyd\u00e4mme sen takia, ett\u00e4 voimme tarvittaessa ottaa yhteytt\u00e4 j\u00e4seniimme, muun muassa ker\u00e4t\u00e4ksemme vuosittaisen j\u00e4senmaksun. J\u00e4senrekisteris\u00e4\u00e4nn\u00f6t vaativat kotikunnan ja t\u00e4ydellisen nimen ilmoittamista.&nbsp;<\/p>\n\n\n\n<p>Maksamalla j\u00e4senmaksun liityt Ma\u00f1ana ry:n j\u00e4seneksi ja hyv\u00e4ksyt henkil\u00f6tietojesi s\u00e4ilytt\u00e4misen Ma\u00f1ana ry:n j\u00e4senrekisteriss\u00e4. Samalla hyv\u00e4ksyt my\u00f6s Ma\u00f1ana ry:n s\u00e4\u00e4nn\u00f6t ja arvot, jotka l\u00f6yd\u00e4t alta. J\u00e4senmaksun maksaneilla on oikeus yhdistyksen maksamiin rahallisiin avustuksiin, esim. syys- ja kev\u00e4tillallisilla tai muissa illanvietoissa sek\u00e4 mahdollisilla opintomatkoilla. Ollakseen oikeutettu tietyn tapahtuman sponssiin taikka muuhun j\u00e4senetuun on j\u00e4senmaksu suoritettava ennen kyseist\u00e4 tapahtumaa. Tiettyjen arvokkaampien avustusten saamiseksi voidaan lis\u00e4ksi edellytt\u00e4\u00e4, ett\u00e4 j\u00e4senmaksu on suoritettu jo ennen tapahtumaan ilmoittautumista. Lis\u00e4ksi j\u00e4senill\u00e4 on oikeus \u00e4\u00e4nest\u00e4\u00e4 yhdistyksen kokouksissa.&nbsp;<\/p>\n\n\n\n<p>Kun olet liittynyt j\u00e4seneksi nouda tapahtumista oma Ma\u00f1anan j\u00e4senkorttisi, jolla saat alennuksia mahtavilta yhteisty\u00f6kumppaneiltamme (Nieto&#8217;S Coffee, Studio Reynier G\u00f3mez ja Caf\u00e9 Ching\u00f3n).<\/p>\n\n\n\n<p>Liity s\u00e4hk\u00f6postilistallemme osoitteessa&nbsp;<a href=\"https:\/\/lists.utu.fi\/mailman\/listinfo\/manana\">https:\/\/lists.utu.fi\/mailman\/listinfo\/manana<\/a>&nbsp;<\/p>\n\n\n\n<p>Lue s\u00e4hk\u00f6postilistan&nbsp;<a href=\"https:\/\/tyyala.utu.fi\/manana\/wp-content\/uploads\/sites\/90\/2025\/01\/Rekisteriseloste-2024-2025.pdf\">rekisteriseloste<\/a>&nbsp;ennen listalle liittymist\u00e4.<\/p>\n\n\n\n<p>Muista vastata vahvistusviestiin! Tutustu my\u00f6s Ma\u00f1ana ry:n&nbsp;<a href=\"https:\/\/tyyala.utu.fi\/manana\/wp-content\/uploads\/sites\/90\/2024\/09\/MANANA-SAANNOT-PAIVITETTY-2024-2.pdf\">s\u00e4\u00e4nt\u00f6ihin<\/a>&nbsp;ja&nbsp;<a href=\"https:\/\/tyyala.utu.fi\/manana\/wp-content\/uploads\/sites\/90\/2022\/01\/Mananan-yhdistyksen-arvot.pdf\">arvoihin<\/a>.&nbsp;<\/p>\n\n\n\n<p>Tervetuloa mukaan!<\/p>\n\n\n\n<p><strong>ENG<\/strong><\/p>\n\n\n\n<p><strong>INTERESTED IN A MEMBERSHIP?<\/strong><\/p>\n\n\n\n<p>One academic year membership: 5 \u20ac<\/p>\n\n\n\n<p>Six academic years membership: 20 \u20ac<\/p>\n\n\n\n<p>Membership fees can be paid in cash or by card at events, to Ma\u00f1ana ry\u2019s bank account FI85 4309 0010 4036 99, or via MobilePay to the number 46601.&nbsp;<\/p>\n\n\n\n<p>In the message, please include: &#8221;membership fee, your full name, hometown, email address, TYY member yes\/no.&#8221;&nbsp;<\/p>\n\n\n\n<p>We ask for your email address so that we can contact our members when necessary, such as for collecting the annual membership fee. The membership register rules require that your hometown and full name are to be provided. By paying the membership fee, you join Ma\u00f1ana ry and agree to have your personal information stored in the Ma\u00f1ana ry member register. You also accept the rules and values of Ma\u00f1ana ry, which you can find below.<\/p>\n\n\n\n<p>Members who have paid the membership fee are eligible for financial assistance from the association, e.g., for autumn and spring dinners or other social events, as well as possible educational trips. To be eligible for a sponsorship or other member benefits for a specific event, the membership fee must be paid before the event. For certain more valuable benefits, it may also be required that the membership fee is paid before registering for the event. Members also have the right to vote at the association\u2019s meetings.<\/p>\n\n\n\n<p>When you have acquired the membership, make sure to get your membership card so you can have discounts from our amazing partners Nieto&#8217;S Coffee, Caf\u00e9 Ching\u00f3n or Studio Reynier G\u00f3mez!<\/p>\n\n\n\n<p>Join our email list at<a href=\"https:\/\/lists.utu.fi\/mailman\/listinfo\/manana\">&nbsp;https:\/\/lists.utu.fi\/mailman\/listinfo\/manana<br><\/a>Please read&nbsp;<a href=\"https:\/\/tyyala.utu.fi\/manana\/wp-content\/uploads\/sites\/90\/2025\/01\/Rekisteriseloste-2024-2025.pdf\">the privacy statement for the email list<\/a>&nbsp;before subscribing.<br>Remember to respond to the confirmation email!<\/p>\n\n\n\n<p>Also, check out the&nbsp;<a href=\"https:\/\/tyyala.utu.fi\/manana\/wp-content\/uploads\/sites\/90\/2024\/09\/MANANA-SAANNOT-PAIVITETTY-2024-2.pdf\">rules<\/a>&nbsp;and&nbsp;<a href=\"https:\/\/tyyala.utu.fi\/manana\/wp-content\/uploads\/sites\/90\/2022\/01\/Mananan-yhdistyksen-arvot.pdf\">values<\/a>&nbsp;of Ma\u00f1ana ry. (In Finnish)<\/p>\n\n\n\n<p>Welcome along!<\/p>\n\n\n\n<p><strong>ES<\/strong><\/p>\n\n\n\n<p>\u00a1<strong>HAZTE MIEMRBO<\/strong>!<\/p>\n\n\n\n<p>Membres\u00eda para un a\u00f1o acad\u00e9mico: 5 \u20ac<\/p>\n\n\n\n<p>Membres\u00eda para seis a\u00f1os acad\u00e9micos: 20 \u20ac<\/p>\n\n\n\n<p>La cuota de membres\u00eda se puede pagar en efectivo o con tarjeta en nuestros eventos, a la cuenta bancaria de Ma\u00f1ana ry FI85 4309 0010 4036 99, o mediante MobilePay al n\u00famero 46601. En el mensaje, por favor incluye: &#8221;cuota de membres\u00eda, tu nombre completo, ciudad, email, miembro de TYY s\u00ed\/no.&#8221;\u00a0<\/p>\n\n\n\n<p>Pedimos tu direcci\u00f3n de correo electr\u00f3nico para poder comunicarnos contigo cuando sea necesario, por ejemplo, para recordarte la renovaci\u00f3n de la membres\u00eda. Las normas del registro de miembros requieren que registremos tu ciudad y nombre completo. Al pagar la cuota de membres\u00eda, te unes a Ma\u00f1ana y aceptas que tu informaci\u00f3n personal se almacene en nuestro registro de miembros. Tambi\u00e9n aceptas las reglas y valores de Ma\u00f1ana, los cuales se encuentran a continuaci\u00f3n.<\/p>\n\n\n\n<p>Al pagar la cuota de membres\u00eda se obtiene el derecho a recibir ayudas financieras de la asociaci\u00f3n, por ejemplo, para las cenas de oto\u00f1o y primavera u otros eventos sociales, as\u00ed como posibles viajes. Para obtener estos beneficios, en algunos eventos ser\u00e1 necesario abonar la cuota de membres\u00eda antes de dicho evento. Con otros beneficios de mayor cuant\u00eda, tambi\u00e9n podr\u00eda ser necesario abonar la cuota de membres\u00eda antes de realizar la inscripci\u00f3n para el evento. L@s miembros tambi\u00e9n tienen derecho a votar en las reuniones de la asociaci\u00f3n.<\/p>\n\n\n\n<p>Cuando te has unido a Ma\u00f1ana,&nbsp;\u00a1recoge tu tarjeta de membres\u00eda para tener descuentos de nuestros socios de cooperaci\u00f3n Nieto&#8217;S Coffee, Caf\u00e9 Ching\u00f3n o Studio Reynier G\u00f3mez!<\/p>\n\n\n\n<p>\u00danete a nuestra lista de correo en<a href=\"https:\/\/lists.utu.fi\/mailman\/listinfo\/manana\">&nbsp;https:\/\/lists.utu.fi\/mailman\/listinfo\/manana<br><\/a>Lee<a href=\"https:\/\/tyyala.utu.fi\/manana\/wp-content\/uploads\/sites\/90\/2025\/01\/Rekisteriseloste-2024-2025.pdf\">&nbsp;la declaraci\u00f3n de privacidad de la lista de correo<\/a>&nbsp;antes de unirte.<br>\u00a1Recuerda responder al correo de confirmaci\u00f3n!<\/p>\n\n\n\n<p>Tambi\u00e9n, consulta&nbsp;<a href=\"https:\/\/tyyala.utu.fi\/manana\/wp-content\/uploads\/sites\/90\/2024\/09\/MANANA-SAANNOT-PAIVITETTY-2024-2.pdf\">las reglas<\/a>&nbsp;y&nbsp;<a href=\"https:\/\/tyyala.utu.fi\/manana\/wp-content\/uploads\/sites\/90\/2022\/01\/Mananan-yhdistyksen-arvot.pdf\">valores<\/a>&nbsp;de Ma\u00f1ana ry. (En fin\u00e9s)<\/p>\n\n\n\n<p>\u00a1Bienvenid@!<\/p>\n","protected":false},"excerpt":{"rendered":"<p>FIN KIINNOSTUITKO J\u00c4SENYYDEST\u00c4? Yhden lukuvuoden j\u00e4senyys 5 \u20ac&nbsp; Kuuden lukuvuoden j\u00e4senyys 20 \u20ac&nbsp; J\u00e4senmaksu maksetaan tapahtumissa k\u00e4teisell\u00e4 tai maksukortilla, Ma\u00f1ana ry:n tilille FI85 4309 0010 4036 99 (Oma S\u00e4\u00e4st\u00f6pankki) tai MobilePaylla numeroon 46601.&nbsp; Viestiksi: \u201dj\u00e4senmaksu, oma t\u00e4ydellinen nimi, kotikunta, s\u00e4hk\u00f6postiosoite, TYYn j\u00e4sen kyll\u00e4\/ei\u201d.&nbsp; S\u00e4hk\u00f6postin pyyd\u00e4mme sen takia, ett\u00e4 voimme tarvittaessa ottaa yhteytt\u00e4 j\u00e4seniimme, muun muassa [&hellip;]<\/p>\n","protected":false},"author":3460,"featured_media":0,"parent":612,"menu_order":0,"comment_status":"closed","ping_status":"closed","template":"","meta":{"_kad_blocks_custom_css":"","_kad_blocks_head_custom_js":"","_kad_blocks_body_custom_js":"","_kad_blocks_footer_custom_js":"","footnotes":""},"class_list":["post-899","page","type-page","status-publish","hentry"],"taxonomy_info":[],"featured_image_src_large":false,"author_info":{"display_name":"famajy","author_link":"https:\/\/tyyala.utu.fi\/manana\/author\/emmapolkki\/"},"comment_info":0,"_links":{"self":[{"href":"https:\/\/tyyala.utu.fi\/manana\/wp-json\/wp\/v2\/pages\/899","targetHints":{"allow":["GET"]}}],"collection":[{"href":"https:\/\/tyyala.utu.fi\/manana\/wp-json\/wp\/v2\/pages"}],"about":[{"href":"https:\/\/tyyala.utu.fi\/manana\/wp-json\/wp\/v2\/types\/page"}],"author":[{"embeddable":true,"href":"https:\/\/tyyala.utu.fi\/manana\/wp-json\/wp\/v2\/users\/3460"}],"replies":[{"embeddable":true,"href":"https:\/\/tyyala.utu.fi\/manana\/wp-json\/wp\/v2\/comments?post=899"}],"version-history":[{"count":6,"href":"https:\/\/tyyala.utu.fi\/manana\/wp-json\/wp\/v2\/pages\/899\/revisions"}],"predecessor-version":[{"id":1055,"href":"https:\/\/tyyala.utu.fi\/manana\/wp-json\/wp\/v2\/pages\/899\/revisions\/1055"}],"up":[{"embeddable":true,"href":"https:\/\/tyyala.utu.fi\/manana\/wp-json\/wp\/v2\/pages\/612"}],"wp:attachment":[{"href":"https:\/\/tyyala.utu.fi\/manana\/wp-json\/wp\/v2\/media?parent=899"}],"curies":[{"name":"wp","href":"https:\/\/api.w.org\/{rel}","templated":true}]}}