{"id":892,"date":"2025-01-27T11:46:09","date_gmt":"2025-01-27T11:46:09","guid":{"rendered":"https:\/\/tyyala.utu.fi\/manana\/?page_id=892"},"modified":"2025-08-15T07:49:03","modified_gmt":"2025-08-15T07:49:03","slug":"hairintayhdyshenkilo-yhteydenottolomake","status":"publish","type":"page","link":"https:\/\/tyyala.utu.fi\/manana\/manana-ry\/hairintayhdyshenkilo-yhteydenottolomake\/","title":{"rendered":"H\u00c4IRINT\u00c4YHDYSHENKIL\u00d6 JA YHTEYDENOTTOLOMAKE"},"content":{"rendered":"\n<p><strong>FIN<\/strong><\/p>\n\n\n\n<p><strong>H\u00c4IRINT\u00c4YHDYSHENKIL\u00d6 JA YHTEYDENOTTOLOMAKE<\/strong><\/p>\n\n\n\n<p><a href=\"https:\/\/docs.google.com\/forms\/d\/e\/1FAIpQLSclawNjQuXq8PcryJQ2f6rj64jxxpR-MQLK6aItn9NBV17yrg\/viewform\">T\u00e4ll\u00e4 lomakkeella<\/a>\u00a0voit ottaa yhteytt\u00e4 (halutessasi my\u00f6s anonyymisti) h\u00e4irint\u00e4yhdyshenkil\u00f6ihimme. Kaudella 25-26 h\u00e4irint\u00e4yhdyshenkil\u00f6in\u00e4 toimivat Anna Savolainen ja Konstantina Angelou.\u00a0<\/p>\n\n\n\n<p>Lomaketta voi k\u00e4ytt\u00e4\u00e4 avautumiseen ihan mist\u00e4 vain opiskeluihin ja opiskeluel\u00e4m\u00e4\u00e4n liittyv\u00e4st\u00e4. Kanavan kautta voi ilmoittaa vaikka jossain tapahtumassa olleesta ep\u00e4kohdasta, mik\u00e4 on j\u00e4\u00e4nyt hallitukselta huomaamatta.&nbsp;<\/p>\n\n\n\n<p><em>Huomaathan, ett\u00e4 vakavammassa tilanteessa meid\u00e4n voi olla hankala k\u00e4sitell\u00e4 tai ratkaista tilannettasi ilman henkil\u00f6tietoja<\/em>!<\/p>\n\n\n\n<p><strong>ENG<\/strong><\/p>\n\n\n\n<p><strong>HARASSMENT CONTACT PERSON\u2019S CONTACT FORM<\/strong><\/p>\n\n\n\n<p><a href=\"https:\/\/docs.google.com\/forms\/d\/e\/1FAIpQLSclawNjQuXq8PcryJQ2f6rj64jxxpR-MQLK6aItn9NBV17yrg\/viewform\">With this form<\/a>, you can contact our harassment contact persons (if you\u2019d like, also anonymously). For the 25-26 academic year, the chosen harassment contact persons are Anna Savolainen and Konstantina Angelou.<\/p>\n\n\n\n<p>The form can be used for sharing anything related to studies or student life. Through this channel, you can report an issue that happened at an event, for example, which the board may not have noticed.<\/p>\n\n\n\n<p><em>Please note that in more serious situations, it might be difficult for us to handle or resolve your situation without personal information<\/em>!<\/p>\n\n\n\n<p><strong>ES<\/strong><\/p>\n\n\n\n<p><strong>FORMULARIO DE CONTACTO PARA CASOS DE ACOSO<\/strong><\/p>\n\n\n\n<p><a href=\"https:\/\/docs.google.com\/forms\/d\/e\/1FAIpQLSclawNjQuXq8PcryJQ2f6rj64jxxpR-MQLK6aItn9NBV17yrg\/viewform\">Con este formulario<\/a>, puedes contactar (de manera an\u00f3nima, si lo prefieres) con Ma\u00f1ana en casos de acoso. Para el per\u00edodo acad\u00e9mico 25-26, las responsables de prevenci\u00f3n de acoso son Anna Savolainen y Konstantina Angelou.<\/p>\n\n\n\n<p>Este formulario se puede utilizar para hablar sobre cualquier tema relacionado con los estudios o la vida estudiantil. A trav\u00e9s de este canal, puedes informar sobre un problema que ocurri\u00f3 en un evento, por ejemplo, que no fue notado por la junta directiva.<\/p>\n\n\n\n<p><em>\u00a1Ten en cuenta que en situaciones m\u00e1s graves, puede resultarnos dif\u00edcil manejar o resolver la situaci\u00f3n sin informaci\u00f3n personal<\/em>!<\/p>\n","protected":false},"excerpt":{"rendered":"<p>FIN H\u00c4IRINT\u00c4YHDYSHENKIL\u00d6 JA YHTEYDENOTTOLOMAKE T\u00e4ll\u00e4 lomakkeella\u00a0voit ottaa yhteytt\u00e4 (halutessasi my\u00f6s anonyymisti) h\u00e4irint\u00e4yhdyshenkil\u00f6ihimme. Kaudella 25-26 h\u00e4irint\u00e4yhdyshenkil\u00f6in\u00e4 toimivat Anna Savolainen ja Konstantina Angelou.\u00a0 Lomaketta voi k\u00e4ytt\u00e4\u00e4 avautumiseen ihan mist\u00e4 vain opiskeluihin ja opiskeluel\u00e4m\u00e4\u00e4n liittyv\u00e4st\u00e4. Kanavan kautta voi ilmoittaa vaikka jossain tapahtumassa olleesta ep\u00e4kohdasta, mik\u00e4 on j\u00e4\u00e4nyt hallitukselta huomaamatta.&nbsp; Huomaathan, ett\u00e4 vakavammassa tilanteessa meid\u00e4n voi olla hankala k\u00e4sitell\u00e4 [&hellip;]<\/p>\n","protected":false},"author":3460,"featured_media":0,"parent":612,"menu_order":0,"comment_status":"closed","ping_status":"closed","template":"","meta":{"_kad_blocks_custom_css":"","_kad_blocks_head_custom_js":"","_kad_blocks_body_custom_js":"","_kad_blocks_footer_custom_js":"","footnotes":""},"class_list":["post-892","page","type-page","status-publish","hentry"],"taxonomy_info":[],"featured_image_src_large":false,"author_info":{"display_name":"famajy","author_link":"https:\/\/tyyala.utu.fi\/manana\/author\/emmapolkki\/"},"comment_info":0,"_links":{"self":[{"href":"https:\/\/tyyala.utu.fi\/manana\/wp-json\/wp\/v2\/pages\/892","targetHints":{"allow":["GET"]}}],"collection":[{"href":"https:\/\/tyyala.utu.fi\/manana\/wp-json\/wp\/v2\/pages"}],"about":[{"href":"https:\/\/tyyala.utu.fi\/manana\/wp-json\/wp\/v2\/types\/page"}],"author":[{"embeddable":true,"href":"https:\/\/tyyala.utu.fi\/manana\/wp-json\/wp\/v2\/users\/3460"}],"replies":[{"embeddable":true,"href":"https:\/\/tyyala.utu.fi\/manana\/wp-json\/wp\/v2\/comments?post=892"}],"version-history":[{"count":9,"href":"https:\/\/tyyala.utu.fi\/manana\/wp-json\/wp\/v2\/pages\/892\/revisions"}],"predecessor-version":[{"id":1075,"href":"https:\/\/tyyala.utu.fi\/manana\/wp-json\/wp\/v2\/pages\/892\/revisions\/1075"}],"up":[{"embeddable":true,"href":"https:\/\/tyyala.utu.fi\/manana\/wp-json\/wp\/v2\/pages\/612"}],"wp:attachment":[{"href":"https:\/\/tyyala.utu.fi\/manana\/wp-json\/wp\/v2\/media?parent=892"}],"curies":[{"name":"wp","href":"https:\/\/api.w.org\/{rel}","templated":true}]}}