{"id":8,"date":"2010-01-05T12:38:02","date_gmt":"2010-01-05T10:38:02","guid":{"rendered":"http:\/\/mananary.com\/?page_id=8"},"modified":"2025-02-10T09:38:30","modified_gmt":"2025-02-10T09:38:30","slug":"hallitus","status":"publish","type":"page","link":"https:\/\/tyyala.utu.fi\/manana\/hallitus\/","title":{"rendered":"HALLITUS"},"content":{"rendered":"\n<p><strong>FIN<\/strong><\/p>\n\n\n\n<p>Ma\u00f1ana ry:n hallitus valitaan joka kev\u00e4t j\u00e4rjestett\u00e4v\u00e4ss\u00e4 s\u00e4\u00e4nt\u00f6m\u00e4\u00e4r\u00e4isess\u00e4 kokouksessa, ja sen toimikausi kest\u00e4\u00e4 syksyn alusta kev\u00e4\u00e4n loppuun. Hallitus on p\u00e4\u00e4vastuussa ainej\u00e4rjest\u00f6n toiminnasta, mutta kaikki j\u00e4senet ovat tervetulleita kokouksiin, joita j\u00e4rjest\u00e4mme noin parin viikon v\u00e4lein.&nbsp;<\/p>\n\n\n\n<p>Kokouksissa suunnittelemme yhdistyksen toimintaa, kuten tapahtumia ja yhteisty\u00f6t\u00e4 oppiaineen kanssa. Otamme mielell\u00e4mme vastaan uusia ideoita, joten tervetuloa mukaan!\u00a0<\/p>\n\n\n\n<p>Kokouskutsut saapuvat aina hyviss\u00e4 ajoin ennen kokousta Ma\u00f1anan s\u00e4hk\u00f6postilistalle. Kokouksissamme p\u00e4\u00e4asiallisesti kielen\u00e4 toimii suomi.<\/p>\n\n\n\n<p>Tervetuloa my\u00f6s Ma\u00f1anan <strong>Facebook<\/strong>-ryhm\u00e4\u00e4n!&nbsp;<strong>@Ma\u00f1ana<\/strong><\/p>\n\n\n\n<p>Ota meid\u00e4n <strong>Instagram<\/strong>-tili my\u00f6s seurantaan!&nbsp;<strong>@manana_ry<\/strong><\/p>\n\n\n\n<p>Kysymyksi\u00e4 ja palautetta hallitukselle voi laittaa osoitteeseen: <a href=\"mailto:mananahallitus@lists.utu.fi\">mananahallitus@lists.utu.fi<\/a><\/p>\n\n\n\n<p>Postiosoitteemme: Ma\u00f1ana ry, Arcanum, Arcanuminkuja 1, 20500 Turku<\/p>\n\n\n\n<p><strong>ENG<\/strong><\/p>\n\n\n\n<p><strong>THE BOARD<br><\/strong>The board of Ma\u00f1ana ry is elected at the annual general meeting held every spring, and its term lasts from the beginning of the autumn semester until the end of the spring semester.&nbsp;<\/p>\n\n\n\n<p>The board is primarily responsible for the activities of the said association, but all members are welcome to attend the meetings, which are held approximately every two weeks.&nbsp;<\/p>\n\n\n\n<p>In these meetings, we plan the association&#8217;s activities, such as events and collaboration with the department.<\/p>\n\n\n\n<p>We are always open to new ideas, so feel free to join us! Meeting invitations are always sent in advance to Ma\u00f1ana&#8217;s email list.&nbsp;<\/p>\n\n\n\n<p>You are also welcome to join Ma\u00f1ana\u2019s <strong>Facebook<\/strong> group! <strong>@Ma\u00f1ana<\/strong><\/p>\n\n\n\n<p>And make sure to follow our <strong>Instagram<\/strong> account for news and events! <strong>@manana_ry<\/strong><\/p>\n\n\n\n<p>Questions and feedback for the board can be sent to: <a href=\"mailto:mananahallitus@lists.utu.fi\">mananahallitus@lists.utu.fi<\/a><\/p>\n\n\n\n<p>Our address is: Ma\u00f1ana ry, Arcanum, Arcanuminkuja 1, 20500 Turku<\/p>\n\n\n\n<p><strong>ES<\/strong><\/p>\n\n\n\n<p><strong>LA JUNTA DIRECTIVA<br><\/strong>La Junta de Ma\u00f1ana ry se elige en la reuni\u00f3n anual organizada cada primavera, y su mandato dura desde el inicio del semestre de oto\u00f1o hasta el final del semestre de primavera. La Junta es la principal responsable de las actividades de la asociaci\u00f3n estudiantil, pero tod@s l@s miembros son bienvenid@s a asistir a las reuniones que se organizan aproximadamente cada dos semanas. En dichas reuniones, se planifican las actividades de la asociaci\u00f3n, como eventos y colaboraciones con el Departamento.<\/p>\n\n\n\n<p>\u00a1La Junta Directiva est\u00e1 siempre abierta a nuevas ideas, as\u00ed que no dudes en unirte!\u00a0<\/p>\n\n\n\n<p>Las invitaciones a las reuniones siempre se env\u00edan con antelaci\u00f3n a la lista de correo de Ma\u00f1ana.&nbsp;<\/p>\n\n\n\n<p>\u00a1Eres bienvenid@ a unirte al grupo de <strong>Facebook<\/strong> de Ma\u00f1ana! <strong>@Ma\u00f1ana<\/strong><\/p>\n\n\n\n<p>Adem\u00e1s no te olvides de seguirnos en <strong>Instagram<\/strong>! <strong>@manana_ry<\/strong><\/p>\n\n\n\n<p>Cualquier pregunta o comentario para la junta se puede enviar a: <a href=\"mailto:mananahallitus@lists.utu.fi\">mananahallitus@lists.utu.fi<\/a><\/p>\n\n\n\n<p>Nuestra direcci\u00f3n: Ma\u00f1ana ry, Arcanum, Arcanuminkuja 1, 20500 Turku<\/p>\n\n\n\n<div class=\"wp-block-group is-vertical is-layout-flex wp-container-core-group-is-layout-8cf370e7 wp-block-group-is-layout-flex\"><\/div>\n","protected":false},"excerpt":{"rendered":"<p>FIN Ma\u00f1ana ry:n hallitus valitaan joka kev\u00e4t j\u00e4rjestett\u00e4v\u00e4ss\u00e4 s\u00e4\u00e4nt\u00f6m\u00e4\u00e4r\u00e4isess\u00e4 kokouksessa, ja sen toimikausi kest\u00e4\u00e4 syksyn alusta kev\u00e4\u00e4n loppuun. Hallitus on p\u00e4\u00e4vastuussa ainej\u00e4rjest\u00f6n toiminnasta, mutta kaikki j\u00e4senet ovat tervetulleita kokouksiin, joita j\u00e4rjest\u00e4mme noin parin viikon v\u00e4lein.&nbsp; Kokouksissa suunnittelemme yhdistyksen toimintaa, kuten tapahtumia ja yhteisty\u00f6t\u00e4 oppiaineen kanssa. Otamme mielell\u00e4mme vastaan uusia ideoita, joten tervetuloa mukaan!\u00a0 Kokouskutsut saapuvat [&hellip;]<\/p>\n","protected":false},"author":3108,"featured_media":0,"parent":0,"menu_order":2,"comment_status":"closed","ping_status":"closed","template":"","meta":{"footnotes":""},"class_list":["post-8","page","type-page","status-publish","hentry"],"_links":{"self":[{"href":"https:\/\/tyyala.utu.fi\/manana\/wp-json\/wp\/v2\/pages\/8","targetHints":{"allow":["GET"]}}],"collection":[{"href":"https:\/\/tyyala.utu.fi\/manana\/wp-json\/wp\/v2\/pages"}],"about":[{"href":"https:\/\/tyyala.utu.fi\/manana\/wp-json\/wp\/v2\/types\/page"}],"author":[{"embeddable":true,"href":"https:\/\/tyyala.utu.fi\/manana\/wp-json\/wp\/v2\/users\/3108"}],"replies":[{"embeddable":true,"href":"https:\/\/tyyala.utu.fi\/manana\/wp-json\/wp\/v2\/comments?post=8"}],"version-history":[{"count":49,"href":"https:\/\/tyyala.utu.fi\/manana\/wp-json\/wp\/v2\/pages\/8\/revisions"}],"predecessor-version":[{"id":1057,"href":"https:\/\/tyyala.utu.fi\/manana\/wp-json\/wp\/v2\/pages\/8\/revisions\/1057"}],"wp:attachment":[{"href":"https:\/\/tyyala.utu.fi\/manana\/wp-json\/wp\/v2\/media?parent=8"}],"curies":[{"name":"wp","href":"https:\/\/api.w.org\/{rel}","templated":true}]}}